{"id":1650,"date":"2025-08-10T16:34:36","date_gmt":"2025-08-10T16:34:36","guid":{"rendered":"https:\/\/plushtoyfactoryhere.com\/acerca-de-plushtoy-factory\/"},"modified":"2025-08-21T21:59:28","modified_gmt":"2025-08-21T21:59:28","slug":"acerca-de-plushtoy-factory","status":"publish","type":"page","link":"https:\/\/plushtoyfactoryhere.com\/es\/acerca-de-plushtoy-factory\/","title":{"rendered":"Acerca de Plushtoy Factory"},"content":{"rendered":"\n<h1 class=\"wp-block-heading\"><strong>Acerca de Plushtoy Factory-Su socio de confianza internacional en la fabricaci\u00f3n de juguetes de felpa personalizados<\/strong><\/h1>\n\n<div class=\"wp-block-media-text has-media-on-the-right is-stacked-on-mobile\"><div class=\"wp-block-media-text__content\">\n<h2 class=\"wp-block-heading\"><strong>\u00bfQui\u00e9n es Plushtoy Factory?<\/strong><\/h2>\n\n\n\n<p>Como uno de los principales fabricantes de peluches personalizados, le ayudamos a dise\u00f1ar no s\u00f3lo un juguete de peluche, sino un producto que captar\u00e1 la atenci\u00f3n de su p\u00fablico y ayudar\u00e1 a su marca a ganar exposici\u00f3n. Nuestros peluches personalizados destacan como art\u00edculos promocionales eficaces y duraderos para empresas de todo el mundo. <\/p>\n\n\n\n<p>Desde nuestros humildes comienzos en servicios OEM\/ODM, hemos crecido hasta convertirnos en un fabricante de juguetes personalizados de confianza para una amplia variedad de empresas internacionales, incluidas muchas famosas como IKEA, licenciatarias de Disney en s\u00f3lo 20 a\u00f1os.<\/p>\n\n\n\n<p>Nuestro historial estelar de entregas con \u00e9xito en la venta al por mayor de peluches personalizados nos ha brindado la oportunidad de colaborar a largo plazo con estos l\u00edderes del sector. Todos nuestros clientes conf\u00edan en nosotros para todo, desde peluches personalizados al por mayor para la venta al por menor hasta productos promocionales personalizados que ayudan a su marca a crecer y prosperar. <\/p>\n\n\n\n<p>Situados en el centro de la base de producci\u00f3n de juguetes de peluche de China, servimos a nuestros clientes de Estados Unidos y Europa y del resto del mundo con muy alta calidad, precios competitivos, entrega fiable y excelente servicio.<\/p>\n<\/div><figure class=\"wp-block-media-text__media\"><img loading=\"lazy\" decoding=\"async\" width=\"665\" height=\"796\" src=\"https:\/\/plushtoyfactoryhere.com\/wp-content\/uploads\/2025\/08\/7.jpg\" alt=\"\" class=\"wp-image-915 size-full\" srcset=\"https:\/\/plushtoyfactoryhere.com\/wp-content\/uploads\/2025\/08\/7.jpg 665w, https:\/\/plushtoyfactoryhere.com\/wp-content\/uploads\/2025\/08\/7-251x300.jpg 251w\" sizes=\"auto, (max-width: 665px) 100vw, 665px\" \/><\/figure><\/div>\n\n<div class=\"wp-block-stackable-columns stk-block-columns stk-block stk-de584c6\" data-block-id=\"de584c6\"><div class=\"stk-row stk-inner-blocks stk-block-content stk-content-align stk-de584c6-column\">\n<div class=\"wp-block-stackable-column stk-block-column stk-column stk-block stk-0667034\" data-v=\"4\" data-block-id=\"0667034\"><style>@media screen and (min-width:690px){.stk-0667034 {flex:var(--stk-flex-grow, 1) 1 calc(41.19999999999999% - var(--stk-column-gap, 0px) * 1 \/ 2 ) !important;}}<\/style><div class=\"stk-column-wrapper stk-block-column__content stk-container stk-0667034-container stk--no-background stk--no-padding\"><div class=\"stk-block-content stk-inner-blocks stk-0667034-inner-blocks\">\n<div class=\"wp-block-contact-form-7-contact-form-selector\">[contact-form-7 id=\u00bbe33270e\u00bb title=\u00bbFormulario de contacto 1&#8243;]<\/div>\n<\/div><\/div><\/div>\n\n\n\n<div class=\"wp-block-stackable-column stk-block-column stk-column stk-block stk-a1384bc\" data-v=\"4\" data-block-id=\"a1384bc\"><style>@media screen and (min-width:690px){.stk-a1384bc {flex:var(--stk-flex-grow, 1) 1 calc(58.8% - var(--stk-column-gap, 0px) * 1 \/ 2 ) !important;}}<\/style><div class=\"stk-column-wrapper stk-block-column__content stk-container stk-a1384bc-container stk--no-background stk--no-padding\"><div class=\"stk-block-content stk-inner-blocks stk-a1384bc-inner-blocks\">\n<div class=\"wp-block-cover\"><span aria-hidden=\"true\" class=\"wp-block-cover__background has-palette-color-1-background-color has-background-dim-100 has-background-dim\"><\/span><div class=\"wp-block-cover__inner-container is-layout-constrained wp-block-cover-is-layout-constrained\">\n<h2><strong>\u00bfPor qu\u00e9 Plushtoy Factory?<\/strong><\/h2>\n<ul>\n<li>89% Reconocimiento de marca<\/li>\n<li>M\u00e1s de 20 a\u00f1os de experiencia<\/li>\n<li>1M+ Peluches Enviados<\/li>\n<li>Ahorro de costes superior al 30<\/li>\n<li>Entrega en 30-45 d\u00edas<\/li>\n<li>Entregamos el 100% de su pedido<\/li>\n<\/ul>\n<h2><strong>Creemos juntos algo especial<\/strong><\/h2>\n<p>En Plushtoy Factory, entendemos que su marca merece nada menos que lo mejor. Ya sea que est\u00e9 comenzando su primera producci\u00f3n de juguetes de felpa o buscando un proveedor confiable para respaldar su f\u00e1brica establecida, \u00a1somos el socio que necesita! <\/p>\n<ul>\n<li>Obtenga <strong>un presupuesto<\/strong>: P\u00f3ngase en contacto con nosotros hoy mismo y obtenga una maqueta 3D gratuita en s\u00f3lo 48 horas.<\/li>\n<li><strong>Haga su pedido con confianza<\/strong>: Obtendr\u00e1 un prototipo en 10 d\u00edas con nuestro servicio de muestreo expr\u00e9s.<\/li>\n<li><strong>Alcance mundial<\/strong>: Atendemos las necesidades de clientes de m\u00e1s de 30 pa\u00edses, con peluches fabricados a medida que se adaptan a sus requisitos.<\/li>\n<\/ul>\n<p>Lleve su marca al siguiente nivel con peluches hechos a medida que cuentan su historia sin decir ni una palabra.<\/p>\n<\/div><\/div>\n<\/div><\/div><\/div>\n<\/div><\/div>\n\n<p><\/p>\n","protected":false},"excerpt":{"rendered":"<p>Acerca de Plushtoy Factory-Su socio de confianza internacional en la fabricaci\u00f3n de juguetes de felpa personalizados \u00bfQui\u00e9n es Plushtoy Factory? Como uno de los principales fabricantes de peluches personalizados, le ayudamos a dise\u00f1ar no s\u00f3lo un juguete de peluche, sino un producto que captar\u00e1 la atenci\u00f3n de su p\u00fablico y ayudar\u00e1 a su marca a [&hellip;]<\/p>\n","protected":false},"author":1,"featured_media":0,"parent":0,"menu_order":0,"comment_status":"closed","ping_status":"closed","template":"","meta":{"footnotes":""},"class_list":["post-1650","page","type-page","status-publish","hentry"],"blocksy_meta":[],"yoast_head":"<!-- This site is optimized with the Yoast SEO plugin v27.4 - https:\/\/yoast.com\/product\/yoast-seo-wordpress\/ -->\n<title>Acerca de Plushtoy Factory - Plush Toy Manufacturer|Customized plush toys<\/title>\n<meta name=\"robots\" content=\"index, follow, max-snippet:-1, max-image-preview:large, max-video-preview:-1\" \/>\n<link rel=\"canonical\" href=\"https:\/\/plushtoyfactoryhere.com\/es\/acerca-de-plushtoy-factory\/\" \/>\n<meta property=\"og:locale\" content=\"es_ES\" \/>\n<meta property=\"og:type\" content=\"article\" \/>\n<meta property=\"og:title\" content=\"Acerca de Plushtoy Factory - Plush Toy Manufacturer|Customized plush toys\" \/>\n<meta property=\"og:description\" content=\"Acerca de Plushtoy Factory-Su socio de confianza internacional en la fabricaci\u00f3n de juguetes de felpa personalizados \u00bfQui\u00e9n es Plushtoy Factory? Como uno de los principales fabricantes de peluches personalizados, le ayudamos a dise\u00f1ar no s\u00f3lo un juguete de peluche, sino un producto que captar\u00e1 la atenci\u00f3n de su p\u00fablico y ayudar\u00e1 a su marca a [&hellip;]\" \/>\n<meta property=\"og:url\" content=\"https:\/\/plushtoyfactoryhere.com\/es\/acerca-de-plushtoy-factory\/\" \/>\n<meta property=\"og:site_name\" content=\"Plush Toy Manufacturer|Customized plush toys\" \/>\n<meta property=\"article:publisher\" content=\"https:\/\/www.facebook.com\/plushtoyfactoryhere\" \/>\n<meta property=\"article:modified_time\" content=\"2025-08-21T21:59:28+00:00\" \/>\n<meta property=\"og:image\" content=\"https:\/\/plushtoyfactoryhere.com\/wp-content\/uploads\/2025\/08\/7.jpg\" \/>\n\t<meta property=\"og:image:width\" content=\"665\" \/>\n\t<meta property=\"og:image:height\" content=\"796\" \/>\n\t<meta property=\"og:image:type\" content=\"image\/jpeg\" \/>\n<meta name=\"twitter:card\" content=\"summary_large_image\" \/>\n<meta name=\"twitter:label1\" content=\"Tiempo de lectura\" \/>\n\t<meta name=\"twitter:data1\" content=\"2 minutos\" \/>\n<script type=\"application\/ld+json\" class=\"yoast-schema-graph\">{\"@context\":\"https:\\\/\\\/schema.org\",\"@graph\":[{\"@type\":\"WebPage\",\"@id\":\"https:\\\/\\\/plushtoyfactoryhere.com\\\/es\\\/acerca-de-plushtoy-factory\\\/\",\"url\":\"https:\\\/\\\/plushtoyfactoryhere.com\\\/es\\\/acerca-de-plushtoy-factory\\\/\",\"name\":\"Acerca de Plushtoy Factory - Plush Toy Manufacturer|Customized plush toys\",\"isPartOf\":{\"@id\":\"https:\\\/\\\/plushtoyfactoryhere.com\\\/es\\\/#website\"},\"primaryImageOfPage\":{\"@id\":\"https:\\\/\\\/plushtoyfactoryhere.com\\\/es\\\/acerca-de-plushtoy-factory\\\/#primaryimage\"},\"image\":{\"@id\":\"https:\\\/\\\/plushtoyfactoryhere.com\\\/es\\\/acerca-de-plushtoy-factory\\\/#primaryimage\"},\"thumbnailUrl\":\"https:\\\/\\\/plushtoyfactoryhere.com\\\/wp-content\\\/uploads\\\/2025\\\/08\\\/7.jpg\",\"datePublished\":\"2025-08-10T16:34:36+00:00\",\"dateModified\":\"2025-08-21T21:59:28+00:00\",\"breadcrumb\":{\"@id\":\"https:\\\/\\\/plushtoyfactoryhere.com\\\/es\\\/acerca-de-plushtoy-factory\\\/#breadcrumb\"},\"inLanguage\":\"es\",\"potentialAction\":[{\"@type\":\"ReadAction\",\"target\":[\"https:\\\/\\\/plushtoyfactoryhere.com\\\/es\\\/acerca-de-plushtoy-factory\\\/\"]}]},{\"@type\":\"ImageObject\",\"inLanguage\":\"es\",\"@id\":\"https:\\\/\\\/plushtoyfactoryhere.com\\\/es\\\/acerca-de-plushtoy-factory\\\/#primaryimage\",\"url\":\"https:\\\/\\\/plushtoyfactoryhere.com\\\/wp-content\\\/uploads\\\/2025\\\/08\\\/7.jpg\",\"contentUrl\":\"https:\\\/\\\/plushtoyfactoryhere.com\\\/wp-content\\\/uploads\\\/2025\\\/08\\\/7.jpg\"},{\"@type\":\"BreadcrumbList\",\"@id\":\"https:\\\/\\\/plushtoyfactoryhere.com\\\/es\\\/acerca-de-plushtoy-factory\\\/#breadcrumb\",\"itemListElement\":[{\"@type\":\"ListItem\",\"position\":1,\"name\":\"Home\",\"item\":\"https:\\\/\\\/plushtoyfactoryhere.com\\\/es\\\/\"},{\"@type\":\"ListItem\",\"position\":2,\"name\":\"Acerca de Plushtoy Factory\"}]},{\"@type\":\"WebSite\",\"@id\":\"https:\\\/\\\/plushtoyfactoryhere.com\\\/es\\\/#website\",\"url\":\"https:\\\/\\\/plushtoyfactoryhere.com\\\/es\\\/\",\"name\":\"FlushtoyFactory\",\"description\":\"As one of the top custom stuffed manufacturers, we help you design not only a stuffed toy but a product that will capture your audience\u2019s attention and help your brand gain exposure. Our personalized stuffed animals &amp; plush toys stand out as long term and effective promotional items for businesses worldwide.\",\"publisher\":{\"@id\":\"https:\\\/\\\/plushtoyfactoryhere.com\\\/es\\\/#organization\"},\"potentialAction\":[{\"@type\":\"SearchAction\",\"target\":{\"@type\":\"EntryPoint\",\"urlTemplate\":\"https:\\\/\\\/plushtoyfactoryhere.com\\\/es\\\/?s={search_term_string}\"},\"query-input\":{\"@type\":\"PropertyValueSpecification\",\"valueRequired\":true,\"valueName\":\"search_term_string\"}}],\"inLanguage\":\"es\"},{\"@type\":\"Organization\",\"@id\":\"https:\\\/\\\/plushtoyfactoryhere.com\\\/es\\\/#organization\",\"name\":\"Beijing PuYue YiPin Trading Co., Ltd.\",\"alternateName\":\"PuYue YiPin\",\"url\":\"https:\\\/\\\/plushtoyfactoryhere.com\\\/es\\\/\",\"logo\":{\"@type\":\"ImageObject\",\"inLanguage\":\"es\",\"@id\":\"https:\\\/\\\/plushtoyfactoryhere.com\\\/es\\\/#\\\/schema\\\/logo\\\/image\\\/\",\"url\":\"https:\\\/\\\/plushtoyfactoryhere.com\\\/wp-content\\\/uploads\\\/2025\\\/08\\\/logo1.png\",\"contentUrl\":\"https:\\\/\\\/plushtoyfactoryhere.com\\\/wp-content\\\/uploads\\\/2025\\\/08\\\/logo1.png\",\"width\":200,\"height\":200,\"caption\":\"Beijing PuYue YiPin Trading Co., Ltd.\"},\"image\":{\"@id\":\"https:\\\/\\\/plushtoyfactoryhere.com\\\/es\\\/#\\\/schema\\\/logo\\\/image\\\/\"},\"sameAs\":[\"https:\\\/\\\/www.facebook.com\\\/plushtoyfactoryhere\",\"https:\\\/\\\/www.linkedin.com\\\/in\\\/plush-toys-and-leather-case-bag\\\/\"]}]}<\/script>\n<!-- \/ Yoast SEO plugin. -->","yoast_head_json":{"title":"Acerca de Plushtoy Factory - Plush Toy Manufacturer|Customized plush toys","robots":{"index":"index","follow":"follow","max-snippet":"max-snippet:-1","max-image-preview":"max-image-preview:large","max-video-preview":"max-video-preview:-1"},"canonical":"https:\/\/plushtoyfactoryhere.com\/es\/acerca-de-plushtoy-factory\/","og_locale":"es_ES","og_type":"article","og_title":"Acerca de Plushtoy Factory - Plush Toy Manufacturer|Customized plush toys","og_description":"Acerca de Plushtoy Factory-Su socio de confianza internacional en la fabricaci\u00f3n de juguetes de felpa personalizados \u00bfQui\u00e9n es Plushtoy Factory? Como uno de los principales fabricantes de peluches personalizados, le ayudamos a dise\u00f1ar no s\u00f3lo un juguete de peluche, sino un producto que captar\u00e1 la atenci\u00f3n de su p\u00fablico y ayudar\u00e1 a su marca a [&hellip;]","og_url":"https:\/\/plushtoyfactoryhere.com\/es\/acerca-de-plushtoy-factory\/","og_site_name":"Plush Toy Manufacturer|Customized plush toys","article_publisher":"https:\/\/www.facebook.com\/plushtoyfactoryhere","article_modified_time":"2025-08-21T21:59:28+00:00","og_image":[{"width":665,"height":796,"url":"https:\/\/plushtoyfactoryhere.com\/wp-content\/uploads\/2025\/08\/7.jpg","type":"image\/jpeg"}],"twitter_card":"summary_large_image","twitter_misc":{"Tiempo de lectura":"2 minutos"},"schema":{"@context":"https:\/\/schema.org","@graph":[{"@type":"WebPage","@id":"https:\/\/plushtoyfactoryhere.com\/es\/acerca-de-plushtoy-factory\/","url":"https:\/\/plushtoyfactoryhere.com\/es\/acerca-de-plushtoy-factory\/","name":"Acerca de Plushtoy Factory - Plush Toy Manufacturer|Customized plush toys","isPartOf":{"@id":"https:\/\/plushtoyfactoryhere.com\/es\/#website"},"primaryImageOfPage":{"@id":"https:\/\/plushtoyfactoryhere.com\/es\/acerca-de-plushtoy-factory\/#primaryimage"},"image":{"@id":"https:\/\/plushtoyfactoryhere.com\/es\/acerca-de-plushtoy-factory\/#primaryimage"},"thumbnailUrl":"https:\/\/plushtoyfactoryhere.com\/wp-content\/uploads\/2025\/08\/7.jpg","datePublished":"2025-08-10T16:34:36+00:00","dateModified":"2025-08-21T21:59:28+00:00","breadcrumb":{"@id":"https:\/\/plushtoyfactoryhere.com\/es\/acerca-de-plushtoy-factory\/#breadcrumb"},"inLanguage":"es","potentialAction":[{"@type":"ReadAction","target":["https:\/\/plushtoyfactoryhere.com\/es\/acerca-de-plushtoy-factory\/"]}]},{"@type":"ImageObject","inLanguage":"es","@id":"https:\/\/plushtoyfactoryhere.com\/es\/acerca-de-plushtoy-factory\/#primaryimage","url":"https:\/\/plushtoyfactoryhere.com\/wp-content\/uploads\/2025\/08\/7.jpg","contentUrl":"https:\/\/plushtoyfactoryhere.com\/wp-content\/uploads\/2025\/08\/7.jpg"},{"@type":"BreadcrumbList","@id":"https:\/\/plushtoyfactoryhere.com\/es\/acerca-de-plushtoy-factory\/#breadcrumb","itemListElement":[{"@type":"ListItem","position":1,"name":"Home","item":"https:\/\/plushtoyfactoryhere.com\/es\/"},{"@type":"ListItem","position":2,"name":"Acerca de Plushtoy Factory"}]},{"@type":"WebSite","@id":"https:\/\/plushtoyfactoryhere.com\/es\/#website","url":"https:\/\/plushtoyfactoryhere.com\/es\/","name":"FlushtoyFactory","description":"As one of the top custom stuffed manufacturers, we help you design not only a stuffed toy but a product that will capture your audience\u2019s attention and help your brand gain exposure. Our personalized stuffed animals &amp; plush toys stand out as long term and effective promotional items for businesses worldwide.","publisher":{"@id":"https:\/\/plushtoyfactoryhere.com\/es\/#organization"},"potentialAction":[{"@type":"SearchAction","target":{"@type":"EntryPoint","urlTemplate":"https:\/\/plushtoyfactoryhere.com\/es\/?s={search_term_string}"},"query-input":{"@type":"PropertyValueSpecification","valueRequired":true,"valueName":"search_term_string"}}],"inLanguage":"es"},{"@type":"Organization","@id":"https:\/\/plushtoyfactoryhere.com\/es\/#organization","name":"Beijing PuYue YiPin Trading Co., Ltd.","alternateName":"PuYue YiPin","url":"https:\/\/plushtoyfactoryhere.com\/es\/","logo":{"@type":"ImageObject","inLanguage":"es","@id":"https:\/\/plushtoyfactoryhere.com\/es\/#\/schema\/logo\/image\/","url":"https:\/\/plushtoyfactoryhere.com\/wp-content\/uploads\/2025\/08\/logo1.png","contentUrl":"https:\/\/plushtoyfactoryhere.com\/wp-content\/uploads\/2025\/08\/logo1.png","width":200,"height":200,"caption":"Beijing PuYue YiPin Trading Co., Ltd."},"image":{"@id":"https:\/\/plushtoyfactoryhere.com\/es\/#\/schema\/logo\/image\/"},"sameAs":["https:\/\/www.facebook.com\/plushtoyfactoryhere","https:\/\/www.linkedin.com\/in\/plush-toys-and-leather-case-bag\/"]}]}},"_links":{"self":[{"href":"https:\/\/plushtoyfactoryhere.com\/es\/wp-json\/wp\/v2\/pages\/1650","targetHints":{"allow":["GET"]}}],"collection":[{"href":"https:\/\/plushtoyfactoryhere.com\/es\/wp-json\/wp\/v2\/pages"}],"about":[{"href":"https:\/\/plushtoyfactoryhere.com\/es\/wp-json\/wp\/v2\/types\/page"}],"author":[{"embeddable":true,"href":"https:\/\/plushtoyfactoryhere.com\/es\/wp-json\/wp\/v2\/users\/1"}],"replies":[{"embeddable":true,"href":"https:\/\/plushtoyfactoryhere.com\/es\/wp-json\/wp\/v2\/comments?post=1650"}],"version-history":[{"count":1,"href":"https:\/\/plushtoyfactoryhere.com\/es\/wp-json\/wp\/v2\/pages\/1650\/revisions"}],"predecessor-version":[{"id":1651,"href":"https:\/\/plushtoyfactoryhere.com\/es\/wp-json\/wp\/v2\/pages\/1650\/revisions\/1651"}],"wp:attachment":[{"href":"https:\/\/plushtoyfactoryhere.com\/es\/wp-json\/wp\/v2\/media?parent=1650"}],"curies":[{"name":"wp","href":"https:\/\/api.w.org\/{rel}","templated":true}]}}