{"id":1646,"date":"2025-08-13T15:04:21","date_gmt":"2025-08-13T15:04:21","guid":{"rendered":"https:\/\/plushtoyfactoryhere.com\/ejemplos\/"},"modified":"2025-08-21T20:06:52","modified_gmt":"2025-08-21T20:06:52","slug":"ejemplos","status":"publish","type":"page","link":"https:\/\/plushtoyfactoryhere.com\/es\/ejemplos\/","title":{"rendered":"EJEMPLOS"},"content":{"rendered":"\n<h1 class=\"wp-block-heading\"><strong>Ejemplos reales y capacidades personalizadas en Plushtoy Factory<\/strong><\/h1>\n\n<p>En Plushtoy Factory no s\u00f3lo fabricamos peluches, tambi\u00e9n creamos posibilidades. Como fabricante de peluches personalizados de confianza y f\u00e1brica de peluches certificada, damos vida a las ideas de marcas, creadores y empresas de todo el mundo. <\/p>\n\n<figure class=\"wp-block-image aligncenter size-large is-resized\"><img loading=\"lazy\" decoding=\"async\" width=\"1024\" height=\"416\" src=\"https:\/\/plushtoyfactoryhere.com\/wp-content\/uploads\/2025\/08\/32-1024x416.jpg\" alt=\"\" class=\"wp-image-959\" style=\"width:1278px;height:auto\" srcset=\"https:\/\/plushtoyfactoryhere.com\/wp-content\/uploads\/2025\/08\/32-1024x416.jpg 1024w, https:\/\/plushtoyfactoryhere.com\/wp-content\/uploads\/2025\/08\/32-300x122.jpg 300w, https:\/\/plushtoyfactoryhere.com\/wp-content\/uploads\/2025\/08\/32-768x312.jpg 768w, https:\/\/plushtoyfactoryhere.com\/wp-content\/uploads\/2025\/08\/32-1536x624.jpg 1536w, https:\/\/plushtoyfactoryhere.com\/wp-content\/uploads\/2025\/08\/32.jpg 1700w\" sizes=\"auto, (max-width: 1024px) 100vw, 1024px\" \/><\/figure>\n\n<h2 class=\"wp-block-heading\"><strong>Lo que podemos hacer por usted<\/strong><\/h2>\n\n<h5 class=\"wp-block-heading\"><strong><em>Juguetes de peluche personalizados y vers\u00e1tiles, para todas las necesidades<\/em><\/strong><\/h5>\n\n<p>Nuestro equipo est\u00e1 especializado en la personalizaci\u00f3n integral de peluches. Ya sea para crear peluches personalizados o para colocar peluches a medida al por mayor, ofrecemos una variedad inigualable: <\/p>\n\n<figure class=\"wp-block-table\"><table class=\"has-fixed-layout\"><tbody><tr><td class=\"has-text-align-center\" data-align=\"center\"><strong>Tipo felpa<\/strong><\/td><td class=\"has-text-align-center\" data-align=\"center\"><strong>Destacados<\/strong><\/td><\/tr><tr><td class=\"has-text-align-center\" data-align=\"center\"><strong><span style=\"color: var(--theme-palette-color-1, #ffcd05);\" class=\"stk-highlight\">Peluche personalizado de oso \/ gato \/ perro<\/span><\/strong><\/td><td class=\"has-text-align-center\" data-align=\"center\"><span style=\"color: #0693e3;\" class=\"stk-highlight\">Cl\u00e1sicos suaves con encanto personalizado<\/span><\/td><\/tr><tr><td class=\"has-text-align-center\" data-align=\"center\"><strong><span style=\"color: var(--theme-palette-color-1, #ffcd05);\" class=\"stk-highlight\">Mascotas personalizadas y peluches de anime<\/span><\/strong><\/td><td class=\"has-text-align-center\" data-align=\"center\"><span style=\"color: #0693e3;\" class=\"stk-highlight\">Personajes de marca, iconos de juegos y mucho m\u00e1s<\/span><\/td><\/tr><tr><td class=\"has-text-align-center\" data-align=\"center\"><strong><span style=\"color: var(--theme-palette-color-1, #ffcd05);\" class=\"stk-highlight\">Peluche personalizado Sonic \/ Mario \/ Hello Kitty<\/span><\/strong><\/td><td class=\"has-text-align-center\" data-align=\"center\"><span style=\"color: #0693e3;\" class=\"stk-highlight\">Parecidos a los originales con licencia<\/span><\/td><\/tr><tr><td class=\"has-text-align-center\" data-align=\"center\"><strong><span style=\"color: var(--theme-palette-color-1, #ffcd05);\" class=\"stk-highlight\">Mochilas y mantas de felpa personalizadas<\/span><\/strong><\/td><td class=\"has-text-align-center\" data-align=\"center\"><span style=\"color: #0693e3;\" class=\"stk-highlight\">Funcional, mimoso y pr\u00e1ctico<\/span><\/td><\/tr><tr><td class=\"has-text-align-center\" data-align=\"center\"><strong><span style=\"color: var(--theme-palette-color-1, #ffcd05);\" class=\"stk-highlight\">Peluches personalizados para mascotas<\/span><\/strong><\/td><td class=\"has-text-align-center\" data-align=\"center\"><span style=\"color: #0693e3;\" class=\"stk-highlight\">R\u00e9plicas realistas de animales queridos<\/span><\/td><\/tr><tr><td class=\"has-text-align-center\" data-align=\"center\"><strong><span style=\"color: var(--theme-palette-color-1, #ffcd05);\" class=\"stk-highlight\">Llaveros \/ almohadas de felpa personalizados<\/span><\/strong><\/td><td class=\"has-text-align-center\" data-align=\"center\"><span style=\"color: #0693e3;\" class=\"stk-highlight\">Ideal para regalos y art\u00edculos de merchandising<\/span><\/td><\/tr><\/tbody><\/table><\/figure>\n\n<p>Somos un fabricante mundial de juguetes personalizados que atiende a importadores de peluches de EE.UU., la UE, Jap\u00f3n y Corea. Cada proyecto est\u00e1 respaldado por un riguroso control de calidad de los juguetes de peluche y se elabora teniendo en cuenta las normas de los animales de peluche ecol\u00f3gicos. <\/p>\n\n<p>Desde el prototipo hasta la producci\u00f3n, simplificamos cada paso. Nuestros ejemplos de peluches personalizados hablan m\u00e1s que las palabras, y s\u00ed, tambi\u00e9n nos encargamos de los accesorios, bordados y pruebas de los peluches. <\/p>\n\n<h2 class=\"wp-block-heading\"><strong>Por qu\u00e9 los importadores de todo el mundo eligen nuestra f\u00e1brica de juguetes de felpa<\/strong><\/h2>\n\n<h5 class=\"wp-block-heading\"><strong><em>Experimente la diferencia con nosotros<\/em><\/strong><\/h5>\n\n<p>Los clientes eligen Plushtoy Factory porque somos m\u00e1s que un proveedor mayorista de animales de peluche personalizados: somos un socio de fabricaci\u00f3n creativo. Como juguetes de felpa OEM de primer nivel y proveedor de felpa ODM, ofrecemos: <\/p>\n\n<ul class=\"wp-block-list\">\n<li><strong>Peluches con MOQ reducido<\/strong>: a partir de 500 unidades<\/li>\n\n\n\n<li><strong>Entrega r\u00e1pida<\/strong>: prototipos en 7-10 d\u00edas y producci\u00f3n completa en s\u00f3lo 30-45 d\u00edas<\/li>\n\n\n\n<li><strong>Peluches a granel personalizados<\/strong>: fabricados exactamente a la medida de su marca<\/li>\n\n\n\n<li><strong>Cumplimiento de pruebas internacionales<\/strong>: certificado Intertek, SGS, TUV<\/li>\n\n\n\n<li><strong>Producci\u00f3n respetuosa con el medio ambiente<\/strong> &#8211; Peluches seguros para los ni\u00f1os, siempre<\/li>\n<\/ul>\n\n<p>Desde servicios de creaci\u00f3n de peluches interactivos hasta peluches con etiquetas de logotipo, nuestra f\u00e1brica est\u00e1 dise\u00f1ada para ofrecer flexibilidad, rapidez y seguridad. Cada pedido pasa por un estricto proceso de producci\u00f3n de peluches, que garantiza una calidad duradera y unos mimos que cuentan. <\/p>\n\n<h5 class=\"wp-block-heading has-text-align-center\"><strong>Experiencias de clientes que hablan por s\u00ed solas<\/strong><\/h5>\n\n<div class=\"wp-block-stackable-carousel stk-block-carousel stk--is-slide stk--arrows-justify-space-between stk--arrows-align-center stk-block stk-870b65d\" data-slides-to-show=\"\" data-block-id=\"870b65d\"><div class=\"stk-block-carousel__content-wrapper\"><div class=\"stk-row stk-inner-blocks stk-block-content stk-block-carousel__slider-wrapper stk-content-align stk-870b65d-column\"><div class=\"stk-block-carousel__slider\" role=\"list\" data-autoplay=\"4000\" data-label-slide-of=\"Slide %%d of %%d\">\n<div class=\"wp-block-stackable-column stk-block-column stk-column stk-block stk-b53346c\" data-v=\"4\" data-block-id=\"b53346c\"><div class=\"stk-column-wrapper stk-block-column__content stk-container stk-b53346c-container stk--no-background stk--no-padding\"><div class=\"stk-block-content stk-inner-blocks stk-b53346c-inner-blocks\">\n<p><em>\u00abEl prototipo qued\u00f3 perfecto a la primera. Nuestro peluche de Sonic result\u00f3 incluso mejor de lo esperado. R\u00e1pidos, amables y en su punto\u00bb.<\/em><em><br\/><\/em> <strong>&#8211; Jennifer R., EE.UU.<\/strong><strong><\/strong><\/p>\n<\/div><\/div><\/div>\n\n\n\n<div class=\"wp-block-stackable-column stk-block-column stk-column stk-block stk-d630cf3\" data-v=\"4\" data-block-id=\"d630cf3\"><div class=\"stk-column-wrapper stk-block-column__content stk-container stk-d630cf3-container stk--no-background stk--no-padding\"><div class=\"stk-block-content stk-inner-blocks stk-d630cf3-inner-blocks\">\n<p><em>\u00abHemos pedido m\u00e1s de 100.000 unidades en 3 a\u00f1os. Esta f\u00e1brica de peluches nunca decepciona. Fiable y receptiva\u00bb.<\/em><em><br\/><\/em> <strong>&#8211; Kenji T., Jap\u00f3n<\/strong><strong><\/strong><\/p>\n<\/div><\/div><\/div>\n\n\n\n<div class=\"wp-block-stackable-column stk-block-column stk-column stk-block stk-15a75d0\" data-v=\"4\" data-block-id=\"15a75d0\"><div class=\"stk-column-wrapper stk-block-column__content stk-container stk-15a75d0-container stk--no-background stk--no-padding\"><div class=\"stk-block-content stk-inner-blocks stk-15a75d0-inner-blocks\">\n<p><em>\u00abConvirtieron a nuestra mascota en el peluche m\u00e1s mono del mundo. \u00bfCalidad, rapidez y servicio? 10\/10.\u00bb<\/em><em><br\/><\/em> <strong>&#8211; Elena M., Espa\u00f1a<\/strong><\/p>\n<\/div><\/div><\/div>\n<\/div><div class=\"stk-block-carousel__buttons\"><button class=\"stk-block-carousel__button stk-block-carousel__button__prev\" aria-label=\"Previous slide\"><svg aria-hidden=\"true\" focusable=\"false\" data-prefix=\"fas\" data-icon=\"chevron-left\" class=\"svg-inline--fa fa-chevron-left\" xmlns=\"http:\/\/www.w3.org\/2000\/svg\" viewBox=\"0 0 320 512\" width=\"32\" height=\"32\"><path d=\"M34.52 239.03L228.87 44.69c9.37-9.37 24.57-9.37 33.94 0l22.67 22.67c9.36 9.36 9.37 24.52.04 33.9L131.49 256l154.02 154.75c9.34 9.38 9.32 24.54-.04 33.9l-22.67 22.67c-9.37 9.37-24.57 9.37-33.94 0L34.52 272.97c-9.37-9.37-9.37-24.57 0-33.94z\"><\/path><\/svg><\/button><button class=\"stk-block-carousel__button stk-block-carousel__button__next\" aria-label=\"Next slide\"><svg aria-hidden=\"true\" focusable=\"false\" data-prefix=\"fas\" data-icon=\"chevron-right\" class=\"svg-inline--fa fa-chevron-right\" xmlns=\"http:\/\/www.w3.org\/2000\/svg\" viewBox=\"0 0 320 512\" width=\"32\" height=\"32\"><path d=\"M285.476 272.971L91.132 467.314c-9.373 9.373-24.569 9.373-33.941 0l-22.667-22.667c-9.357-9.357-9.375-24.522-.04-33.901L188.505 256 34.484 101.255c-9.335-9.379-9.317-24.544.04-33.901l22.667-22.667c9.373-9.373 24.569-9.373 33.941 0L285.475 239.03c9.373 9.372 9.373 24.568.001 33.941z\"><\/path><\/svg><\/button><\/div><\/div><div class=\"stk-block-carousel__dots\" role=\"list\" data-label=\"Slide %%d\"><\/div><\/div><\/div>\n\n<h2 class=\"wp-block-heading\"><strong>Respuestas a las preguntas m\u00e1s frecuentes<\/strong><\/h2>\n\n<h5 class=\"wp-block-heading\">1. <strong>\u00bfQu\u00e9 son los peluches?<\/strong><\/h5>\n\n<p>Un peluche es un juguete blando y relleno de felpa. Suele tener forma de animal, personaje o criatura imaginativa. Sin embargo, tambi\u00e9n se puede personalizar en forma de almohada, llavero o incluso un par de zapatos.  <\/p>\n\n<h5 class=\"wp-block-heading\">2. <strong>\u00bfD\u00f3nde vender peluches?<\/strong><\/h5>\n\n<p>Puede venderlos en mercados de comercio electr\u00f3nico, en ferias comerciales o utilizarlos como art\u00edculos promocionales de su marca.<\/p>\n\n<h5 class=\"wp-block-heading\">3. <strong>\u00bfDe qu\u00e9 est\u00e1n hechos los peluches?<\/strong><\/h5>\n\n<p>Los peluches pueden estar hechos de distintos tejidos, como minky, velboa o vell\u00f3n, y rellenos de un suave relleno de algod\u00f3n PP. La elecci\u00f3n del tejido depende totalmente de usted: elija el que prefiera. <\/p>\n\n<h5 class=\"wp-block-heading\">4. <strong>\u00bfC\u00f3mo guardar los peluches?<\/strong><\/h5>\n\n<p>Se recomienda guardarlos en un recipiente transpirable o en una bolsa de algod\u00f3n. No los coloques bajo la luz directa del sol ni en lugares con mucha humedad o polvo. <\/p>\n\n<h5 class=\"wp-block-heading\">5. <strong>\u00bfC\u00f3mo encontrar determinados peluches?<\/strong><\/h5>\n\n<p>Puede enviarnos una referencia o una imagen, y nuestro equipo de creadores de peluches personalizados podr\u00e1 reproducirla para usted.<\/p>\n\n<div class=\"wp-block-stackable-columns stk-block-columns stk-block stk-5eeb2e1\" data-block-id=\"5eeb2e1\"><div class=\"stk-row stk-inner-blocks stk-block-content stk-content-align stk-5eeb2e1-column\">\n<div class=\"wp-block-stackable-column stk-block-column stk-column stk-block stk-a85b0b4\" data-v=\"4\" data-block-id=\"a85b0b4\"><div class=\"stk-column-wrapper stk-block-column__content stk-container stk-a85b0b4-container stk--no-background stk--no-padding\"><div class=\"stk-block-content stk-inner-blocks stk-a85b0b4-inner-blocks\">\n<h4 class=\"wp-block-heading has-text-align-center\"><strong>Su peluche personalizado empieza aqu\u00ed<\/strong><\/h4>\n\n\n\n<p>\u00bfTienes en mente un personaje, una criatura o un concepto?<\/p>\n\n\n\n<p>Somos un fabricante de peluches personalizados en los EE.UU. y m\u00e1s all\u00e1 que lo hacen posible.<\/p>\n\n\n\n<ul class=\"wp-block-list\">\n<li><strong>Servicio completo<\/strong><\/li>\n\n\n\n<li><strong>Seguridad certificada<\/strong><\/li>\n\n\n\n<li><strong>Siempre receptivo<\/strong><\/li>\n<\/ul>\n\n\n\n<p>Perm\u00edtanos tomar sus ideas y crear un peluche \u00fanico que seguro que todos adorar\u00e1n y recordar\u00e1n.<\/p>\n\n\n\n<p class=\"has-text-align-center\"><strong>P\u00f3ngase en contacto con nosotros para solicitar un presupuesto gratuito<\/strong><\/p>\n<\/div><\/div><\/div>\n\n\n\n<div class=\"wp-block-stackable-column stk-block-column stk-column stk-block stk-fab754e\" data-v=\"4\" data-block-id=\"fab754e\"><div class=\"stk-column-wrapper stk-block-column__content stk-container stk-fab754e-container stk--no-background stk--no-padding\"><div class=\"stk-block-content stk-inner-blocks stk-fab754e-inner-blocks\">\n<div class=\"wp-block-contact-form-7-contact-form-selector\">[contact-form-7 id=\u00bbe33270e\u00bb title=\u00bbFormulario de contacto 1&#8243;]<\/div>\n<\/div><\/div><\/div>\n<\/div><\/div>\n\n<p><\/p>\n","protected":false},"excerpt":{"rendered":"<p>Ejemplos reales y capacidades personalizadas en Plushtoy Factory En Plushtoy Factory no s\u00f3lo fabricamos peluches, tambi\u00e9n creamos posibilidades. Como fabricante de peluches personalizados de confianza y f\u00e1brica de peluches certificada, damos vida a las ideas de marcas, creadores y empresas de todo el mundo. Lo que podemos hacer por usted Juguetes de peluche personalizados y [&hellip;]<\/p>\n","protected":false},"author":1,"featured_media":0,"parent":0,"menu_order":0,"comment_status":"closed","ping_status":"closed","template":"","meta":{"footnotes":""},"class_list":["post-1646","page","type-page","status-publish","hentry"],"blocksy_meta":[],"yoast_head":"<!-- This site is optimized with the Yoast SEO plugin v27.4 - https:\/\/yoast.com\/product\/yoast-seo-wordpress\/ -->\n<title>EJEMPLOS - Plush Toy Manufacturer|Customized plush toys<\/title>\n<meta name=\"robots\" content=\"index, follow, max-snippet:-1, max-image-preview:large, max-video-preview:-1\" \/>\n<link rel=\"canonical\" href=\"https:\/\/plushtoyfactoryhere.com\/es\/ejemplos\/\" \/>\n<meta property=\"og:locale\" content=\"es_ES\" \/>\n<meta property=\"og:type\" content=\"article\" \/>\n<meta property=\"og:title\" content=\"EJEMPLOS - Plush Toy Manufacturer|Customized plush toys\" \/>\n<meta property=\"og:description\" content=\"Ejemplos reales y capacidades personalizadas en Plushtoy Factory En Plushtoy Factory no s\u00f3lo fabricamos peluches, tambi\u00e9n creamos posibilidades. Como fabricante de peluches personalizados de confianza y f\u00e1brica de peluches certificada, damos vida a las ideas de marcas, creadores y empresas de todo el mundo. Lo que podemos hacer por usted Juguetes de peluche personalizados y [&hellip;]\" \/>\n<meta property=\"og:url\" content=\"https:\/\/plushtoyfactoryhere.com\/es\/ejemplos\/\" \/>\n<meta property=\"og:site_name\" content=\"Plush Toy Manufacturer|Customized plush toys\" \/>\n<meta property=\"article:publisher\" content=\"https:\/\/www.facebook.com\/plushtoyfactoryhere\" \/>\n<meta property=\"article:modified_time\" content=\"2025-08-21T20:06:52+00:00\" \/>\n<meta property=\"og:image\" content=\"https:\/\/plushtoyfactoryhere.com\/wp-content\/uploads\/2025\/08\/32.jpg\" \/>\n\t<meta property=\"og:image:width\" content=\"1700\" \/>\n\t<meta property=\"og:image:height\" content=\"691\" \/>\n\t<meta property=\"og:image:type\" content=\"image\/jpeg\" \/>\n<meta name=\"twitter:card\" content=\"summary_large_image\" \/>\n<meta name=\"twitter:label1\" content=\"Tiempo de lectura\" \/>\n\t<meta name=\"twitter:data1\" content=\"4 minutos\" \/>\n<script type=\"application\/ld+json\" class=\"yoast-schema-graph\">{\"@context\":\"https:\\\/\\\/schema.org\",\"@graph\":[{\"@type\":\"WebPage\",\"@id\":\"https:\\\/\\\/plushtoyfactoryhere.com\\\/es\\\/ejemplos\\\/\",\"url\":\"https:\\\/\\\/plushtoyfactoryhere.com\\\/es\\\/ejemplos\\\/\",\"name\":\"EJEMPLOS - Plush Toy Manufacturer|Customized plush toys\",\"isPartOf\":{\"@id\":\"https:\\\/\\\/plushtoyfactoryhere.com\\\/es\\\/#website\"},\"primaryImageOfPage\":{\"@id\":\"https:\\\/\\\/plushtoyfactoryhere.com\\\/es\\\/ejemplos\\\/#primaryimage\"},\"image\":{\"@id\":\"https:\\\/\\\/plushtoyfactoryhere.com\\\/es\\\/ejemplos\\\/#primaryimage\"},\"thumbnailUrl\":\"https:\\\/\\\/plushtoyfactoryhere.com\\\/wp-content\\\/uploads\\\/2025\\\/08\\\/32-1024x416.jpg\",\"datePublished\":\"2025-08-13T15:04:21+00:00\",\"dateModified\":\"2025-08-21T20:06:52+00:00\",\"breadcrumb\":{\"@id\":\"https:\\\/\\\/plushtoyfactoryhere.com\\\/es\\\/ejemplos\\\/#breadcrumb\"},\"inLanguage\":\"es\",\"potentialAction\":[{\"@type\":\"ReadAction\",\"target\":[\"https:\\\/\\\/plushtoyfactoryhere.com\\\/es\\\/ejemplos\\\/\"]}]},{\"@type\":\"ImageObject\",\"inLanguage\":\"es\",\"@id\":\"https:\\\/\\\/plushtoyfactoryhere.com\\\/es\\\/ejemplos\\\/#primaryimage\",\"url\":\"https:\\\/\\\/plushtoyfactoryhere.com\\\/wp-content\\\/uploads\\\/2025\\\/08\\\/32-1024x416.jpg\",\"contentUrl\":\"https:\\\/\\\/plushtoyfactoryhere.com\\\/wp-content\\\/uploads\\\/2025\\\/08\\\/32-1024x416.jpg\"},{\"@type\":\"BreadcrumbList\",\"@id\":\"https:\\\/\\\/plushtoyfactoryhere.com\\\/es\\\/ejemplos\\\/#breadcrumb\",\"itemListElement\":[{\"@type\":\"ListItem\",\"position\":1,\"name\":\"Home\",\"item\":\"https:\\\/\\\/plushtoyfactoryhere.com\\\/es\\\/\"},{\"@type\":\"ListItem\",\"position\":2,\"name\":\"EJEMPLOS\"}]},{\"@type\":\"WebSite\",\"@id\":\"https:\\\/\\\/plushtoyfactoryhere.com\\\/es\\\/#website\",\"url\":\"https:\\\/\\\/plushtoyfactoryhere.com\\\/es\\\/\",\"name\":\"FlushtoyFactory\",\"description\":\"As one of the top custom stuffed manufacturers, we help you design not only a stuffed toy but a product that will capture your audience\u2019s attention and help your brand gain exposure. Our personalized stuffed animals &amp; plush toys stand out as long term and effective promotional items for businesses worldwide.\",\"publisher\":{\"@id\":\"https:\\\/\\\/plushtoyfactoryhere.com\\\/es\\\/#organization\"},\"potentialAction\":[{\"@type\":\"SearchAction\",\"target\":{\"@type\":\"EntryPoint\",\"urlTemplate\":\"https:\\\/\\\/plushtoyfactoryhere.com\\\/es\\\/?s={search_term_string}\"},\"query-input\":{\"@type\":\"PropertyValueSpecification\",\"valueRequired\":true,\"valueName\":\"search_term_string\"}}],\"inLanguage\":\"es\"},{\"@type\":\"Organization\",\"@id\":\"https:\\\/\\\/plushtoyfactoryhere.com\\\/es\\\/#organization\",\"name\":\"Beijing PuYue YiPin Trading Co., Ltd.\",\"alternateName\":\"PuYue YiPin\",\"url\":\"https:\\\/\\\/plushtoyfactoryhere.com\\\/es\\\/\",\"logo\":{\"@type\":\"ImageObject\",\"inLanguage\":\"es\",\"@id\":\"https:\\\/\\\/plushtoyfactoryhere.com\\\/es\\\/#\\\/schema\\\/logo\\\/image\\\/\",\"url\":\"https:\\\/\\\/plushtoyfactoryhere.com\\\/wp-content\\\/uploads\\\/2025\\\/08\\\/logo1.png\",\"contentUrl\":\"https:\\\/\\\/plushtoyfactoryhere.com\\\/wp-content\\\/uploads\\\/2025\\\/08\\\/logo1.png\",\"width\":200,\"height\":200,\"caption\":\"Beijing PuYue YiPin Trading Co., Ltd.\"},\"image\":{\"@id\":\"https:\\\/\\\/plushtoyfactoryhere.com\\\/es\\\/#\\\/schema\\\/logo\\\/image\\\/\"},\"sameAs\":[\"https:\\\/\\\/www.facebook.com\\\/plushtoyfactoryhere\",\"https:\\\/\\\/www.linkedin.com\\\/in\\\/plush-toys-and-leather-case-bag\\\/\"]}]}<\/script>\n<!-- \/ Yoast SEO plugin. -->","yoast_head_json":{"title":"EJEMPLOS - Plush Toy Manufacturer|Customized plush toys","robots":{"index":"index","follow":"follow","max-snippet":"max-snippet:-1","max-image-preview":"max-image-preview:large","max-video-preview":"max-video-preview:-1"},"canonical":"https:\/\/plushtoyfactoryhere.com\/es\/ejemplos\/","og_locale":"es_ES","og_type":"article","og_title":"EJEMPLOS - Plush Toy Manufacturer|Customized plush toys","og_description":"Ejemplos reales y capacidades personalizadas en Plushtoy Factory En Plushtoy Factory no s\u00f3lo fabricamos peluches, tambi\u00e9n creamos posibilidades. Como fabricante de peluches personalizados de confianza y f\u00e1brica de peluches certificada, damos vida a las ideas de marcas, creadores y empresas de todo el mundo. Lo que podemos hacer por usted Juguetes de peluche personalizados y [&hellip;]","og_url":"https:\/\/plushtoyfactoryhere.com\/es\/ejemplos\/","og_site_name":"Plush Toy Manufacturer|Customized plush toys","article_publisher":"https:\/\/www.facebook.com\/plushtoyfactoryhere","article_modified_time":"2025-08-21T20:06:52+00:00","og_image":[{"width":1700,"height":691,"url":"https:\/\/plushtoyfactoryhere.com\/wp-content\/uploads\/2025\/08\/32.jpg","type":"image\/jpeg"}],"twitter_card":"summary_large_image","twitter_misc":{"Tiempo de lectura":"4 minutos"},"schema":{"@context":"https:\/\/schema.org","@graph":[{"@type":"WebPage","@id":"https:\/\/plushtoyfactoryhere.com\/es\/ejemplos\/","url":"https:\/\/plushtoyfactoryhere.com\/es\/ejemplos\/","name":"EJEMPLOS - Plush Toy Manufacturer|Customized plush toys","isPartOf":{"@id":"https:\/\/plushtoyfactoryhere.com\/es\/#website"},"primaryImageOfPage":{"@id":"https:\/\/plushtoyfactoryhere.com\/es\/ejemplos\/#primaryimage"},"image":{"@id":"https:\/\/plushtoyfactoryhere.com\/es\/ejemplos\/#primaryimage"},"thumbnailUrl":"https:\/\/plushtoyfactoryhere.com\/wp-content\/uploads\/2025\/08\/32-1024x416.jpg","datePublished":"2025-08-13T15:04:21+00:00","dateModified":"2025-08-21T20:06:52+00:00","breadcrumb":{"@id":"https:\/\/plushtoyfactoryhere.com\/es\/ejemplos\/#breadcrumb"},"inLanguage":"es","potentialAction":[{"@type":"ReadAction","target":["https:\/\/plushtoyfactoryhere.com\/es\/ejemplos\/"]}]},{"@type":"ImageObject","inLanguage":"es","@id":"https:\/\/plushtoyfactoryhere.com\/es\/ejemplos\/#primaryimage","url":"https:\/\/plushtoyfactoryhere.com\/wp-content\/uploads\/2025\/08\/32-1024x416.jpg","contentUrl":"https:\/\/plushtoyfactoryhere.com\/wp-content\/uploads\/2025\/08\/32-1024x416.jpg"},{"@type":"BreadcrumbList","@id":"https:\/\/plushtoyfactoryhere.com\/es\/ejemplos\/#breadcrumb","itemListElement":[{"@type":"ListItem","position":1,"name":"Home","item":"https:\/\/plushtoyfactoryhere.com\/es\/"},{"@type":"ListItem","position":2,"name":"EJEMPLOS"}]},{"@type":"WebSite","@id":"https:\/\/plushtoyfactoryhere.com\/es\/#website","url":"https:\/\/plushtoyfactoryhere.com\/es\/","name":"FlushtoyFactory","description":"As one of the top custom stuffed manufacturers, we help you design not only a stuffed toy but a product that will capture your audience\u2019s attention and help your brand gain exposure. Our personalized stuffed animals &amp; plush toys stand out as long term and effective promotional items for businesses worldwide.","publisher":{"@id":"https:\/\/plushtoyfactoryhere.com\/es\/#organization"},"potentialAction":[{"@type":"SearchAction","target":{"@type":"EntryPoint","urlTemplate":"https:\/\/plushtoyfactoryhere.com\/es\/?s={search_term_string}"},"query-input":{"@type":"PropertyValueSpecification","valueRequired":true,"valueName":"search_term_string"}}],"inLanguage":"es"},{"@type":"Organization","@id":"https:\/\/plushtoyfactoryhere.com\/es\/#organization","name":"Beijing PuYue YiPin Trading Co., Ltd.","alternateName":"PuYue YiPin","url":"https:\/\/plushtoyfactoryhere.com\/es\/","logo":{"@type":"ImageObject","inLanguage":"es","@id":"https:\/\/plushtoyfactoryhere.com\/es\/#\/schema\/logo\/image\/","url":"https:\/\/plushtoyfactoryhere.com\/wp-content\/uploads\/2025\/08\/logo1.png","contentUrl":"https:\/\/plushtoyfactoryhere.com\/wp-content\/uploads\/2025\/08\/logo1.png","width":200,"height":200,"caption":"Beijing PuYue YiPin Trading Co., Ltd."},"image":{"@id":"https:\/\/plushtoyfactoryhere.com\/es\/#\/schema\/logo\/image\/"},"sameAs":["https:\/\/www.facebook.com\/plushtoyfactoryhere","https:\/\/www.linkedin.com\/in\/plush-toys-and-leather-case-bag\/"]}]}},"_links":{"self":[{"href":"https:\/\/plushtoyfactoryhere.com\/es\/wp-json\/wp\/v2\/pages\/1646","targetHints":{"allow":["GET"]}}],"collection":[{"href":"https:\/\/plushtoyfactoryhere.com\/es\/wp-json\/wp\/v2\/pages"}],"about":[{"href":"https:\/\/plushtoyfactoryhere.com\/es\/wp-json\/wp\/v2\/types\/page"}],"author":[{"embeddable":true,"href":"https:\/\/plushtoyfactoryhere.com\/es\/wp-json\/wp\/v2\/users\/1"}],"replies":[{"embeddable":true,"href":"https:\/\/plushtoyfactoryhere.com\/es\/wp-json\/wp\/v2\/comments?post=1646"}],"version-history":[{"count":1,"href":"https:\/\/plushtoyfactoryhere.com\/es\/wp-json\/wp\/v2\/pages\/1646\/revisions"}],"predecessor-version":[{"id":1647,"href":"https:\/\/plushtoyfactoryhere.com\/es\/wp-json\/wp\/v2\/pages\/1646\/revisions\/1647"}],"wp:attachment":[{"href":"https:\/\/plushtoyfactoryhere.com\/es\/wp-json\/wp\/v2\/media?parent=1646"}],"curies":[{"name":"wp","href":"https:\/\/api.w.org\/{rel}","templated":true}]}}