{"id":1644,"date":"2025-08-12T16:39:56","date_gmt":"2025-08-12T16:39:56","guid":{"rendered":"https:\/\/plushtoyfactoryhere.com\/accesorios-comunes\/"},"modified":"2025-08-21T20:06:52","modified_gmt":"2025-08-21T20:06:52","slug":"accesorios-comunes","status":"publish","type":"page","link":"https:\/\/plushtoyfactoryhere.com\/es\/accesorios-comunes\/","title":{"rendered":"Accesorios comunes"},"content":{"rendered":"\n<h1 class=\"wp-block-heading\"><strong>Accesorios para sus peluches personalizados<\/strong><\/h1>\n\n<p>Plushtoy Factory se compromete a ofrecer excepcionales juguetes de felpa personalizados que superen las expectativas. Como fabricante l\u00edder de juguetes de felpa personalizados, ofrecemos una amplia gama de caracter\u00edsticas de felpa personalizados de alta calidad que ayudan a sus juguetes hacen una impresi\u00f3n duradera <\/p>\n\n<p>Desde la elaboraci\u00f3n de peluches personalizados hasta la producci\u00f3n de peluches a medida al por mayor, nuestros materiales de felpa ecol\u00f3gicos y accesorios seguros y certificados cumplen siempre las normas internacionales de seguridad de los juguetes.<\/p>\n\n<h5 class=\"wp-block-heading\"><strong>Nuestros mejores accesorios para crear peluches \u00fanicos<\/strong><\/h5>\n\n<ul class=\"wp-block-list\">\n<li><strong>Nariz de animal:<\/strong> Un toque cl\u00e1sico para a\u00f1adir car\u00e1cter y personalidad.<\/li>\n\n\n\n<li><strong>BB Squeaker:<\/strong> Para peluches interactivos y sonoros.<\/li>\n\n\n\n<li><strong>Pajarita y hebilla decorativa:<\/strong> Eleva el estilo de tu juguete con estos encantadores accesorios.<\/li>\n\n\n\n<li><strong>Engage Glasses &amp; Hair:<\/strong> Perfecto para dise\u00f1os personalizados, a\u00f1adiendo personalidad y estilo.<\/li>\n\n\n\n<li><strong>Etiquetas colgantes y cosidas:<\/strong> A\u00f1ade tu marca o informaci\u00f3n del producto para personalizar tu peluche.<\/li>\n\n\n\n<li><strong>Inserto de cascabel y sonajero:<\/strong> ideal para la interacci\u00f3n sensorial, especialmente para los ni\u00f1os m\u00e1s peque\u00f1os.<\/li>\n\n\n\n<li><strong>Ojos de pl\u00e1stico y ojos de mu\u00f1eco de peluche:<\/strong> elige entre una gran variedad de dise\u00f1os de ojos para expresarte.<\/li>\n\n\n\n<li><strong>Caja de m\u00fasica pregrabada:<\/strong> Cause una gran impresi\u00f3n con melod\u00edas pregrabadas.<\/li>\n<\/ul>\n\n<figure class=\"wp-block-image aligncenter size-large\"><img loading=\"lazy\" decoding=\"async\" width=\"1024\" height=\"205\" src=\"https:\/\/plushtoyfactoryhere.com\/wp-content\/uploads\/2025\/08\/fujian-1024x205.jpg\" alt=\"\" class=\"wp-image-952\" srcset=\"https:\/\/plushtoyfactoryhere.com\/wp-content\/uploads\/2025\/08\/fujian-1024x205.jpg 1024w, https:\/\/plushtoyfactoryhere.com\/wp-content\/uploads\/2025\/08\/fujian-300x60.jpg 300w, https:\/\/plushtoyfactoryhere.com\/wp-content\/uploads\/2025\/08\/fujian-768x154.jpg 768w, https:\/\/plushtoyfactoryhere.com\/wp-content\/uploads\/2025\/08\/fujian.jpg 1200w\" sizes=\"auto, (max-width: 1024px) 100vw, 1024px\" \/><\/figure>\n\n<h5 class=\"wp-block-heading\"><strong>El valor de elegir nuestros accesorios de peluche<\/strong><\/h5>\n\n<ul class=\"wp-block-list\">\n<li><strong>La seguridad es lo primero:<\/strong> Todos nuestros accesorios cumplen estrictas normas de seguridad, lo que garantiza que cada peluche es seguro y respetuoso con el medio ambiente.<\/li>\n\n\n\n<li><strong>Opciones personalizables:<\/strong> No le limitamos a una lista fija. Una vez validados sus dise\u00f1os, le proporcionamos los accesorios adecuados. <\/li>\n\n\n\n<li><strong>Garant\u00eda de calidad:<\/strong> Todos los accesorios (desde las bolitas de pl\u00e1stico hasta los insertos vibradores) est\u00e1n fabricados con materiales resistentes y respetuosos con el medio ambiente. Adem\u00e1s, nuestros accesorios usados cumplen todas las normas internacionales de seguridad de los juguetes. <\/li>\n<\/ul>\n\n<h6 class=\"wp-block-heading\">Nuestro compromiso con los juguetes de felpa de calidad es evidente tanto en los productos que creamos como en los accesorios de felpa de lujo que ofrecemos. Nuestro objetivo es establecer relaciones comerciales a largo plazo con nuestros clientes mediante presupuestos rentables basados en la calidad y la satisfacci\u00f3n a largo plazo. Independientemente de si usted es un importador de peluches estadounidense, europeo, japon\u00e9s o coreano, nuestro equipo se asegura de que sus peluches superen sus expectativas.  <\/h6>\n\n<div class=\"wp-block-stackable-columns stk-block-columns stk-block stk-3400b37\" data-block-id=\"3400b37\"><div class=\"stk-row stk-inner-blocks stk-block-content stk-content-align stk-3400b37-column\">\n<div class=\"wp-block-stackable-column stk-block-column stk-column stk-block stk-727d0ac\" data-v=\"4\" data-block-id=\"727d0ac\"><style>@media screen and (min-width:690px){.stk-727d0ac {flex:var(--stk-flex-grow, 1) 1 33.3% !important;}}<\/style><div class=\"stk-column-wrapper stk-block-column__content stk-container stk-727d0ac-container stk--no-background stk--no-padding\"><div class=\"stk-block-content stk-inner-blocks stk-727d0ac-inner-blocks\">\n<h6 class=\"wp-block-heading\"><strong><em>D\u00e9 el primer paso para crear su peluche personalizado perfecto. P\u00f3ngase en contacto con nosotros para obtener m\u00e1s informaci\u00f3n sobre nuestros accesorios. <\/em><\/strong><\/h6>\n<\/div><\/div><\/div>\n\n\n\n<div class=\"wp-block-stackable-column stk-block-column stk-column stk-block stk-7eb7c38\" data-v=\"4\" data-block-id=\"7eb7c38\"><style>@media screen and (min-width:690px){.stk-7eb7c38 {flex:var(--stk-flex-grow, 1) 1 66.7% !important;}}<\/style><div class=\"stk-column-wrapper stk-block-column__content stk-container stk-7eb7c38-container stk--no-background stk--no-padding\"><div class=\"stk-block-content stk-inner-blocks stk-7eb7c38-inner-blocks\">\n<div class=\"wp-block-contact-form-7-contact-form-selector\">[contact-form-7 id=\u00bbe33270e\u00bb title=\u00bbFormulario de contacto 1&#8243;]<\/div>\n<\/div><\/div><\/div>\n<\/div><\/div>\n\n<p><\/p>\n","protected":false},"excerpt":{"rendered":"<p>Accesorios para sus peluches personalizados Plushtoy Factory se compromete a ofrecer excepcionales juguetes de felpa personalizados que superen las expectativas. Como fabricante l\u00edder de juguetes de felpa personalizados, ofrecemos una amplia gama de caracter\u00edsticas de felpa personalizados de alta calidad que ayudan a sus juguetes hacen una impresi\u00f3n duradera Desde la elaboraci\u00f3n de peluches personalizados [&hellip;]<\/p>\n","protected":false},"author":1,"featured_media":0,"parent":0,"menu_order":0,"comment_status":"closed","ping_status":"closed","template":"","meta":{"footnotes":""},"class_list":["post-1644","page","type-page","status-publish","hentry"],"blocksy_meta":[],"yoast_head":"<!-- This site is optimized with the Yoast SEO plugin v27.4 - https:\/\/yoast.com\/product\/yoast-seo-wordpress\/ -->\n<title>Accesorios comunes - Plush Toy Manufacturer|Customized plush toys<\/title>\n<meta name=\"robots\" content=\"index, follow, max-snippet:-1, max-image-preview:large, max-video-preview:-1\" \/>\n<link rel=\"canonical\" href=\"https:\/\/plushtoyfactoryhere.com\/es\/accesorios-comunes\/\" \/>\n<meta property=\"og:locale\" content=\"es_ES\" \/>\n<meta property=\"og:type\" content=\"article\" \/>\n<meta property=\"og:title\" content=\"Accesorios comunes - Plush Toy Manufacturer|Customized plush toys\" \/>\n<meta property=\"og:description\" content=\"Accesorios para sus peluches personalizados Plushtoy Factory se compromete a ofrecer excepcionales juguetes de felpa personalizados que superen las expectativas. Como fabricante l\u00edder de juguetes de felpa personalizados, ofrecemos una amplia gama de caracter\u00edsticas de felpa personalizados de alta calidad que ayudan a sus juguetes hacen una impresi\u00f3n duradera Desde la elaboraci\u00f3n de peluches personalizados [&hellip;]\" \/>\n<meta property=\"og:url\" content=\"https:\/\/plushtoyfactoryhere.com\/es\/accesorios-comunes\/\" \/>\n<meta property=\"og:site_name\" content=\"Plush Toy Manufacturer|Customized plush toys\" \/>\n<meta property=\"article:publisher\" content=\"https:\/\/www.facebook.com\/plushtoyfactoryhere\" \/>\n<meta property=\"article:modified_time\" content=\"2025-08-21T20:06:52+00:00\" \/>\n<meta property=\"og:image\" content=\"https:\/\/plushtoyfactoryhere.com\/wp-content\/uploads\/2025\/08\/fujian.jpg\" \/>\n\t<meta property=\"og:image:width\" content=\"1200\" \/>\n\t<meta property=\"og:image:height\" content=\"240\" \/>\n\t<meta property=\"og:image:type\" content=\"image\/jpeg\" \/>\n<meta name=\"twitter:card\" content=\"summary_large_image\" \/>\n<meta name=\"twitter:label1\" content=\"Tiempo de lectura\" \/>\n\t<meta name=\"twitter:data1\" content=\"2 minutos\" \/>\n<script type=\"application\/ld+json\" class=\"yoast-schema-graph\">{\"@context\":\"https:\\\/\\\/schema.org\",\"@graph\":[{\"@type\":\"WebPage\",\"@id\":\"https:\\\/\\\/plushtoyfactoryhere.com\\\/es\\\/accesorios-comunes\\\/\",\"url\":\"https:\\\/\\\/plushtoyfactoryhere.com\\\/es\\\/accesorios-comunes\\\/\",\"name\":\"Accesorios comunes - Plush Toy Manufacturer|Customized plush toys\",\"isPartOf\":{\"@id\":\"https:\\\/\\\/plushtoyfactoryhere.com\\\/es\\\/#website\"},\"primaryImageOfPage\":{\"@id\":\"https:\\\/\\\/plushtoyfactoryhere.com\\\/es\\\/accesorios-comunes\\\/#primaryimage\"},\"image\":{\"@id\":\"https:\\\/\\\/plushtoyfactoryhere.com\\\/es\\\/accesorios-comunes\\\/#primaryimage\"},\"thumbnailUrl\":\"https:\\\/\\\/plushtoyfactoryhere.com\\\/wp-content\\\/uploads\\\/2025\\\/08\\\/fujian-1024x205.jpg\",\"datePublished\":\"2025-08-12T16:39:56+00:00\",\"dateModified\":\"2025-08-21T20:06:52+00:00\",\"breadcrumb\":{\"@id\":\"https:\\\/\\\/plushtoyfactoryhere.com\\\/es\\\/accesorios-comunes\\\/#breadcrumb\"},\"inLanguage\":\"es\",\"potentialAction\":[{\"@type\":\"ReadAction\",\"target\":[\"https:\\\/\\\/plushtoyfactoryhere.com\\\/es\\\/accesorios-comunes\\\/\"]}]},{\"@type\":\"ImageObject\",\"inLanguage\":\"es\",\"@id\":\"https:\\\/\\\/plushtoyfactoryhere.com\\\/es\\\/accesorios-comunes\\\/#primaryimage\",\"url\":\"https:\\\/\\\/plushtoyfactoryhere.com\\\/wp-content\\\/uploads\\\/2025\\\/08\\\/fujian-1024x205.jpg\",\"contentUrl\":\"https:\\\/\\\/plushtoyfactoryhere.com\\\/wp-content\\\/uploads\\\/2025\\\/08\\\/fujian-1024x205.jpg\"},{\"@type\":\"BreadcrumbList\",\"@id\":\"https:\\\/\\\/plushtoyfactoryhere.com\\\/es\\\/accesorios-comunes\\\/#breadcrumb\",\"itemListElement\":[{\"@type\":\"ListItem\",\"position\":1,\"name\":\"Home\",\"item\":\"https:\\\/\\\/plushtoyfactoryhere.com\\\/es\\\/\"},{\"@type\":\"ListItem\",\"position\":2,\"name\":\"Accesorios comunes\"}]},{\"@type\":\"WebSite\",\"@id\":\"https:\\\/\\\/plushtoyfactoryhere.com\\\/es\\\/#website\",\"url\":\"https:\\\/\\\/plushtoyfactoryhere.com\\\/es\\\/\",\"name\":\"FlushtoyFactory\",\"description\":\"As one of the top custom stuffed manufacturers, we help you design not only a stuffed toy but a product that will capture your audience\u2019s attention and help your brand gain exposure. Our personalized stuffed animals &amp; plush toys stand out as long term and effective promotional items for businesses worldwide.\",\"publisher\":{\"@id\":\"https:\\\/\\\/plushtoyfactoryhere.com\\\/es\\\/#organization\"},\"potentialAction\":[{\"@type\":\"SearchAction\",\"target\":{\"@type\":\"EntryPoint\",\"urlTemplate\":\"https:\\\/\\\/plushtoyfactoryhere.com\\\/es\\\/?s={search_term_string}\"},\"query-input\":{\"@type\":\"PropertyValueSpecification\",\"valueRequired\":true,\"valueName\":\"search_term_string\"}}],\"inLanguage\":\"es\"},{\"@type\":\"Organization\",\"@id\":\"https:\\\/\\\/plushtoyfactoryhere.com\\\/es\\\/#organization\",\"name\":\"Beijing PuYue YiPin Trading Co., Ltd.\",\"alternateName\":\"PuYue YiPin\",\"url\":\"https:\\\/\\\/plushtoyfactoryhere.com\\\/es\\\/\",\"logo\":{\"@type\":\"ImageObject\",\"inLanguage\":\"es\",\"@id\":\"https:\\\/\\\/plushtoyfactoryhere.com\\\/es\\\/#\\\/schema\\\/logo\\\/image\\\/\",\"url\":\"https:\\\/\\\/plushtoyfactoryhere.com\\\/wp-content\\\/uploads\\\/2025\\\/08\\\/logo1.png\",\"contentUrl\":\"https:\\\/\\\/plushtoyfactoryhere.com\\\/wp-content\\\/uploads\\\/2025\\\/08\\\/logo1.png\",\"width\":200,\"height\":200,\"caption\":\"Beijing PuYue YiPin Trading Co., Ltd.\"},\"image\":{\"@id\":\"https:\\\/\\\/plushtoyfactoryhere.com\\\/es\\\/#\\\/schema\\\/logo\\\/image\\\/\"},\"sameAs\":[\"https:\\\/\\\/www.facebook.com\\\/plushtoyfactoryhere\",\"https:\\\/\\\/www.linkedin.com\\\/in\\\/plush-toys-and-leather-case-bag\\\/\"]}]}<\/script>\n<!-- \/ Yoast SEO plugin. -->","yoast_head_json":{"title":"Accesorios comunes - Plush Toy Manufacturer|Customized plush toys","robots":{"index":"index","follow":"follow","max-snippet":"max-snippet:-1","max-image-preview":"max-image-preview:large","max-video-preview":"max-video-preview:-1"},"canonical":"https:\/\/plushtoyfactoryhere.com\/es\/accesorios-comunes\/","og_locale":"es_ES","og_type":"article","og_title":"Accesorios comunes - Plush Toy Manufacturer|Customized plush toys","og_description":"Accesorios para sus peluches personalizados Plushtoy Factory se compromete a ofrecer excepcionales juguetes de felpa personalizados que superen las expectativas. Como fabricante l\u00edder de juguetes de felpa personalizados, ofrecemos una amplia gama de caracter\u00edsticas de felpa personalizados de alta calidad que ayudan a sus juguetes hacen una impresi\u00f3n duradera Desde la elaboraci\u00f3n de peluches personalizados [&hellip;]","og_url":"https:\/\/plushtoyfactoryhere.com\/es\/accesorios-comunes\/","og_site_name":"Plush Toy Manufacturer|Customized plush toys","article_publisher":"https:\/\/www.facebook.com\/plushtoyfactoryhere","article_modified_time":"2025-08-21T20:06:52+00:00","og_image":[{"width":1200,"height":240,"url":"https:\/\/plushtoyfactoryhere.com\/wp-content\/uploads\/2025\/08\/fujian.jpg","type":"image\/jpeg"}],"twitter_card":"summary_large_image","twitter_misc":{"Tiempo de lectura":"2 minutos"},"schema":{"@context":"https:\/\/schema.org","@graph":[{"@type":"WebPage","@id":"https:\/\/plushtoyfactoryhere.com\/es\/accesorios-comunes\/","url":"https:\/\/plushtoyfactoryhere.com\/es\/accesorios-comunes\/","name":"Accesorios comunes - Plush Toy Manufacturer|Customized plush toys","isPartOf":{"@id":"https:\/\/plushtoyfactoryhere.com\/es\/#website"},"primaryImageOfPage":{"@id":"https:\/\/plushtoyfactoryhere.com\/es\/accesorios-comunes\/#primaryimage"},"image":{"@id":"https:\/\/plushtoyfactoryhere.com\/es\/accesorios-comunes\/#primaryimage"},"thumbnailUrl":"https:\/\/plushtoyfactoryhere.com\/wp-content\/uploads\/2025\/08\/fujian-1024x205.jpg","datePublished":"2025-08-12T16:39:56+00:00","dateModified":"2025-08-21T20:06:52+00:00","breadcrumb":{"@id":"https:\/\/plushtoyfactoryhere.com\/es\/accesorios-comunes\/#breadcrumb"},"inLanguage":"es","potentialAction":[{"@type":"ReadAction","target":["https:\/\/plushtoyfactoryhere.com\/es\/accesorios-comunes\/"]}]},{"@type":"ImageObject","inLanguage":"es","@id":"https:\/\/plushtoyfactoryhere.com\/es\/accesorios-comunes\/#primaryimage","url":"https:\/\/plushtoyfactoryhere.com\/wp-content\/uploads\/2025\/08\/fujian-1024x205.jpg","contentUrl":"https:\/\/plushtoyfactoryhere.com\/wp-content\/uploads\/2025\/08\/fujian-1024x205.jpg"},{"@type":"BreadcrumbList","@id":"https:\/\/plushtoyfactoryhere.com\/es\/accesorios-comunes\/#breadcrumb","itemListElement":[{"@type":"ListItem","position":1,"name":"Home","item":"https:\/\/plushtoyfactoryhere.com\/es\/"},{"@type":"ListItem","position":2,"name":"Accesorios comunes"}]},{"@type":"WebSite","@id":"https:\/\/plushtoyfactoryhere.com\/es\/#website","url":"https:\/\/plushtoyfactoryhere.com\/es\/","name":"FlushtoyFactory","description":"As one of the top custom stuffed manufacturers, we help you design not only a stuffed toy but a product that will capture your audience\u2019s attention and help your brand gain exposure. Our personalized stuffed animals &amp; plush toys stand out as long term and effective promotional items for businesses worldwide.","publisher":{"@id":"https:\/\/plushtoyfactoryhere.com\/es\/#organization"},"potentialAction":[{"@type":"SearchAction","target":{"@type":"EntryPoint","urlTemplate":"https:\/\/plushtoyfactoryhere.com\/es\/?s={search_term_string}"},"query-input":{"@type":"PropertyValueSpecification","valueRequired":true,"valueName":"search_term_string"}}],"inLanguage":"es"},{"@type":"Organization","@id":"https:\/\/plushtoyfactoryhere.com\/es\/#organization","name":"Beijing PuYue YiPin Trading Co., Ltd.","alternateName":"PuYue YiPin","url":"https:\/\/plushtoyfactoryhere.com\/es\/","logo":{"@type":"ImageObject","inLanguage":"es","@id":"https:\/\/plushtoyfactoryhere.com\/es\/#\/schema\/logo\/image\/","url":"https:\/\/plushtoyfactoryhere.com\/wp-content\/uploads\/2025\/08\/logo1.png","contentUrl":"https:\/\/plushtoyfactoryhere.com\/wp-content\/uploads\/2025\/08\/logo1.png","width":200,"height":200,"caption":"Beijing PuYue YiPin Trading Co., Ltd."},"image":{"@id":"https:\/\/plushtoyfactoryhere.com\/es\/#\/schema\/logo\/image\/"},"sameAs":["https:\/\/www.facebook.com\/plushtoyfactoryhere","https:\/\/www.linkedin.com\/in\/plush-toys-and-leather-case-bag\/"]}]}},"_links":{"self":[{"href":"https:\/\/plushtoyfactoryhere.com\/es\/wp-json\/wp\/v2\/pages\/1644","targetHints":{"allow":["GET"]}}],"collection":[{"href":"https:\/\/plushtoyfactoryhere.com\/es\/wp-json\/wp\/v2\/pages"}],"about":[{"href":"https:\/\/plushtoyfactoryhere.com\/es\/wp-json\/wp\/v2\/types\/page"}],"author":[{"embeddable":true,"href":"https:\/\/plushtoyfactoryhere.com\/es\/wp-json\/wp\/v2\/users\/1"}],"replies":[{"embeddable":true,"href":"https:\/\/plushtoyfactoryhere.com\/es\/wp-json\/wp\/v2\/comments?post=1644"}],"version-history":[{"count":1,"href":"https:\/\/plushtoyfactoryhere.com\/es\/wp-json\/wp\/v2\/pages\/1644\/revisions"}],"predecessor-version":[{"id":1645,"href":"https:\/\/plushtoyfactoryhere.com\/es\/wp-json\/wp\/v2\/pages\/1644\/revisions\/1645"}],"wp:attachment":[{"href":"https:\/\/plushtoyfactoryhere.com\/es\/wp-json\/wp\/v2\/media?parent=1644"}],"curies":[{"name":"wp","href":"https:\/\/api.w.org\/{rel}","templated":true}]}}