{"id":1641,"date":"2025-08-12T15:51:36","date_gmt":"2025-08-12T15:51:36","guid":{"rendered":"https:\/\/plushtoyfactoryhere.com\/proceso-de-produccion_pagina\/"},"modified":"2025-08-21T20:06:52","modified_gmt":"2025-08-21T20:06:52","slug":"proceso-de-produccion_pagina","status":"publish","type":"page","link":"https:\/\/plushtoyfactoryhere.com\/es\/proceso-de-produccion_pagina\/","title":{"rendered":"Proceso de producci\u00f3n_P\u00e1gina"},"content":{"rendered":"\n<h1 class=\"wp-block-heading\"><strong>Proceso de producci\u00f3n de peluches personalizados: Elaborado con precisi\u00f3n y cuidado<\/strong><\/h1>\n\n<p>El equipo de Plushtoy Factory est\u00e1 decidido a servirle s\u00f3lo con juguetes de felpa personalizados de primera calidad que satisfagan sus expectativas. Nos centramos no solo en crear juguetes de peluche bonitos y atractivos, sino tambi\u00e9n en cumplir los est\u00e1ndares del sector. <\/p>\n\n<p>Todos nuestros juguetes de peluche al por mayor se fabrican para durar utilizando s\u00f3lo el dise\u00f1o y los materiales de la mejor calidad. Prestamos especial atenci\u00f3n al control de calidad desde el principio hasta el final de la producci\u00f3n para que su peluche personalizado le llegue a tiempo y sin defectos. <\/p>\n\n<h2 class=\"wp-block-heading\"><strong>Nuestro viaje por la producci\u00f3n de peluches: De la imaginaci\u00f3n a la realidad<\/strong><\/h2>\n\n<h3 class=\"wp-block-heading\"><strong><span style=\"color: var(--theme-palette-color-1, #ffcd05);\" class=\"stk-highlight\">1. Consulta inicial y presupuesto<\/span><\/strong><\/h3>\n\n<p>Cuando recibamos sus conceptos de dise\u00f1o, calcularemos el coste de los materiales, la mano de obra y los gastos de env\u00edo. A continuaci\u00f3n, le haremos un presupuesto inmediato (con un desglose completo) y le ofreceremos total transparencia desde el primer d\u00eda. <\/p>\n\n<h3 class=\"wp-block-heading\"><strong><span style=\"color: var(--theme-palette-color-1, #ffcd05);\" class=\"stk-highlight\">2. Dise\u00f1o y aprobaci\u00f3n de muestras<\/span><\/strong><\/h3>\n\n<p>Antes de lanzarnos a la producci\u00f3n en serie, elaboramos un prototipo de su peluche a medida. Esta muestra se crea de acuerdo con sus especificaciones, desde la elecci\u00f3n del tejido hasta las caracter\u00edsticas del dise\u00f1o, como el bordado. Tras su aprobaci\u00f3n, procedemos a la producci\u00f3n.  <\/p>\n\n<h3 class=\"wp-block-heading\"><strong><span style=\"color: var(--theme-palette-color-1, #ffcd05);\" class=\"stk-highlight\">3. Inspecci\u00f3n de materiales y corte de tejidos<\/span><\/strong><\/h3>\n\n<p>Una vez confirmado el pedido, nuestro equipo de control de calidad inspecciona todos los materiales entrantes para garantizar la calidad. A continuaci\u00f3n, los materiales se cortan finamente con la \u00faltima tecnolog\u00eda de corte por l\u00e1ser. El resultado son piezas de felpa tan exactas que podr\u00eda utilizarlas como patr\u00f3n.  <\/p>\n\n<h3 class=\"wp-block-heading\"><strong><span style=\"color: var(--theme-palette-color-1, #ffcd05);\" class=\"stk-highlight\">4. Bordado, impresi\u00f3n y costura<\/span><\/strong><\/h3>\n\n<p>La fase de bordado e impresi\u00f3n da vida a su dise\u00f1o. No importa si ha pedido un peluche de vaca o un peluche de panda, trabajamos duro en cada dise\u00f1o para que pueda cumplir sus expectativas. Durante el proceso de cosido, tambi\u00e9n realizamos frecuentes comprobaciones de control de calidad para garantizar la m\u00e1xima calidad.  <\/p>\n\n<h3 class=\"wp-block-heading\"><strong><span style=\"color: var(--theme-palette-color-1, #ffcd05);\" class=\"stk-highlight\">5. Relleno y conformaci\u00f3n<\/span><\/strong><\/h3>\n\n<p>En esta etapa, prestamos especial atenci\u00f3n a mantener un equilibrio perfecto entre suavidad y durabilidad del peluche. El relleno se pesa con la m\u00e1xima precisi\u00f3n para conseguir una consistencia perfecta. Y no solo eso, nos aseguramos de que su peluche mantenga su forma, con acabados cosidos, cortados y cepillados a mano para conseguir la perfecci\u00f3n.  <\/p>\n\n<h3 class=\"wp-block-heading\"><strong><span style=\"color: var(--theme-palette-color-1, #ffcd05);\" class=\"stk-highlight\">6. Inspecci\u00f3n final y control de calidad<\/span><\/strong><\/h3>\n\n<p>Antes de empaquetar sus peluches personalizados se realiza una inspecci\u00f3n completa. Esto incluye una comprobaci\u00f3n exhaustiva de cualquier defecto, seguida de detecci\u00f3n de metales y detecci\u00f3n de agujas para garantizar la seguridad. Nos adherimos a la inspecci\u00f3n est\u00e1ndar de muestreo AQL 2,5 para cumplir la normativa de seguridad mundial.  <\/p>\n\n<h3 class=\"wp-block-heading\"><strong><span style=\"color: var(--theme-palette-color-1, #ffcd05);\" class=\"stk-highlight\">7. Embalaje y env\u00edo<\/span><\/strong><\/h3>\n\n<p>Una vez que sus peluches han pasado la inspecci\u00f3n, comenzamos el proceso de embalaje. Disponemos de opciones de embalaje personalizadas para reflejar la identidad de su marca. Ofrecemos un servicio fiable de l\u00edneas a\u00e9reas y mar\u00edtimas para env\u00edos a todo el mundo, lo que garantiza que sus peluches personalizados al por mayor lleguen seguros y a tiempo.  <\/p>\n\n<p><strong>Nuestro proceso de fabricaci\u00f3n de peluches personalizados garantiza que cada peluche se elabore con cuidado y total atenci\u00f3n.<\/strong><\/p>\n\n<p><strong>Deje que Plushtoy Factory sea su proveedor de peluches personalizados de confianza para convertir sus ideas en peluches personalizados para promociones, mascotas corporativas y conceptos de venta al por menor.<\/strong><\/p>\n\n<p><\/p>\n","protected":false},"excerpt":{"rendered":"<p>Proceso de producci\u00f3n de peluches personalizados: Elaborado con precisi\u00f3n y cuidado El equipo de Plushtoy Factory est\u00e1 decidido a servirle s\u00f3lo con juguetes de felpa personalizados de primera calidad que satisfagan sus expectativas. Nos centramos no solo en crear juguetes de peluche bonitos y atractivos, sino tambi\u00e9n en cumplir los est\u00e1ndares del sector. Todos nuestros [&hellip;]<\/p>\n","protected":false},"author":1,"featured_media":0,"parent":0,"menu_order":0,"comment_status":"closed","ping_status":"closed","template":"","meta":{"footnotes":""},"class_list":["post-1641","page","type-page","status-publish","hentry"],"blocksy_meta":[],"yoast_head":"<!-- This site is optimized with the Yoast SEO plugin v27.4 - https:\/\/yoast.com\/product\/yoast-seo-wordpress\/ -->\n<title>Proceso de producci\u00f3n_P\u00e1gina - Plush Toy Manufacturer|Customized plush toys<\/title>\n<meta name=\"robots\" content=\"index, follow, max-snippet:-1, max-image-preview:large, max-video-preview:-1\" \/>\n<link rel=\"canonical\" href=\"https:\/\/plushtoyfactoryhere.com\/es\/proceso-de-produccion_pagina\/\" \/>\n<meta property=\"og:locale\" content=\"es_ES\" \/>\n<meta property=\"og:type\" content=\"article\" \/>\n<meta property=\"og:title\" content=\"Proceso de producci\u00f3n_P\u00e1gina - Plush Toy Manufacturer|Customized plush toys\" \/>\n<meta property=\"og:description\" content=\"Proceso de producci\u00f3n de peluches personalizados: Elaborado con precisi\u00f3n y cuidado El equipo de Plushtoy Factory est\u00e1 decidido a servirle s\u00f3lo con juguetes de felpa personalizados de primera calidad que satisfagan sus expectativas. Nos centramos no solo en crear juguetes de peluche bonitos y atractivos, sino tambi\u00e9n en cumplir los est\u00e1ndares del sector. Todos nuestros [&hellip;]\" \/>\n<meta property=\"og:url\" content=\"https:\/\/plushtoyfactoryhere.com\/es\/proceso-de-produccion_pagina\/\" \/>\n<meta property=\"og:site_name\" content=\"Plush Toy Manufacturer|Customized plush toys\" \/>\n<meta property=\"article:publisher\" content=\"https:\/\/www.facebook.com\/plushtoyfactoryhere\" \/>\n<meta property=\"article:modified_time\" content=\"2025-08-21T20:06:52+00:00\" \/>\n<meta name=\"twitter:card\" content=\"summary_large_image\" \/>\n<meta name=\"twitter:label1\" content=\"Tiempo de lectura\" \/>\n\t<meta name=\"twitter:data1\" content=\"3 minutos\" \/>\n<script type=\"application\/ld+json\" class=\"yoast-schema-graph\">{\"@context\":\"https:\\\/\\\/schema.org\",\"@graph\":[{\"@type\":\"WebPage\",\"@id\":\"https:\\\/\\\/plushtoyfactoryhere.com\\\/es\\\/proceso-de-produccion_pagina\\\/\",\"url\":\"https:\\\/\\\/plushtoyfactoryhere.com\\\/es\\\/proceso-de-produccion_pagina\\\/\",\"name\":\"Proceso de producci\u00f3n_P\u00e1gina - Plush Toy Manufacturer|Customized plush toys\",\"isPartOf\":{\"@id\":\"https:\\\/\\\/plushtoyfactoryhere.com\\\/es\\\/#website\"},\"datePublished\":\"2025-08-12T15:51:36+00:00\",\"dateModified\":\"2025-08-21T20:06:52+00:00\",\"breadcrumb\":{\"@id\":\"https:\\\/\\\/plushtoyfactoryhere.com\\\/es\\\/proceso-de-produccion_pagina\\\/#breadcrumb\"},\"inLanguage\":\"es\",\"potentialAction\":[{\"@type\":\"ReadAction\",\"target\":[\"https:\\\/\\\/plushtoyfactoryhere.com\\\/es\\\/proceso-de-produccion_pagina\\\/\"]}]},{\"@type\":\"BreadcrumbList\",\"@id\":\"https:\\\/\\\/plushtoyfactoryhere.com\\\/es\\\/proceso-de-produccion_pagina\\\/#breadcrumb\",\"itemListElement\":[{\"@type\":\"ListItem\",\"position\":1,\"name\":\"Home\",\"item\":\"https:\\\/\\\/plushtoyfactoryhere.com\\\/es\\\/\"},{\"@type\":\"ListItem\",\"position\":2,\"name\":\"Proceso de producci\u00f3n_P\u00e1gina\"}]},{\"@type\":\"WebSite\",\"@id\":\"https:\\\/\\\/plushtoyfactoryhere.com\\\/es\\\/#website\",\"url\":\"https:\\\/\\\/plushtoyfactoryhere.com\\\/es\\\/\",\"name\":\"FlushtoyFactory\",\"description\":\"As one of the top custom stuffed manufacturers, we help you design not only a stuffed toy but a product that will capture your audience\u2019s attention and help your brand gain exposure. Our personalized stuffed animals &amp; plush toys stand out as long term and effective promotional items for businesses worldwide.\",\"publisher\":{\"@id\":\"https:\\\/\\\/plushtoyfactoryhere.com\\\/es\\\/#organization\"},\"potentialAction\":[{\"@type\":\"SearchAction\",\"target\":{\"@type\":\"EntryPoint\",\"urlTemplate\":\"https:\\\/\\\/plushtoyfactoryhere.com\\\/es\\\/?s={search_term_string}\"},\"query-input\":{\"@type\":\"PropertyValueSpecification\",\"valueRequired\":true,\"valueName\":\"search_term_string\"}}],\"inLanguage\":\"es\"},{\"@type\":\"Organization\",\"@id\":\"https:\\\/\\\/plushtoyfactoryhere.com\\\/es\\\/#organization\",\"name\":\"Beijing PuYue YiPin Trading Co., Ltd.\",\"alternateName\":\"PuYue YiPin\",\"url\":\"https:\\\/\\\/plushtoyfactoryhere.com\\\/es\\\/\",\"logo\":{\"@type\":\"ImageObject\",\"inLanguage\":\"es\",\"@id\":\"https:\\\/\\\/plushtoyfactoryhere.com\\\/es\\\/#\\\/schema\\\/logo\\\/image\\\/\",\"url\":\"https:\\\/\\\/plushtoyfactoryhere.com\\\/wp-content\\\/uploads\\\/2025\\\/08\\\/logo1.png\",\"contentUrl\":\"https:\\\/\\\/plushtoyfactoryhere.com\\\/wp-content\\\/uploads\\\/2025\\\/08\\\/logo1.png\",\"width\":200,\"height\":200,\"caption\":\"Beijing PuYue YiPin Trading Co., Ltd.\"},\"image\":{\"@id\":\"https:\\\/\\\/plushtoyfactoryhere.com\\\/es\\\/#\\\/schema\\\/logo\\\/image\\\/\"},\"sameAs\":[\"https:\\\/\\\/www.facebook.com\\\/plushtoyfactoryhere\",\"https:\\\/\\\/www.linkedin.com\\\/in\\\/plush-toys-and-leather-case-bag\\\/\"]}]}<\/script>\n<!-- \/ Yoast SEO plugin. -->","yoast_head_json":{"title":"Proceso de producci\u00f3n_P\u00e1gina - Plush Toy Manufacturer|Customized plush toys","robots":{"index":"index","follow":"follow","max-snippet":"max-snippet:-1","max-image-preview":"max-image-preview:large","max-video-preview":"max-video-preview:-1"},"canonical":"https:\/\/plushtoyfactoryhere.com\/es\/proceso-de-produccion_pagina\/","og_locale":"es_ES","og_type":"article","og_title":"Proceso de producci\u00f3n_P\u00e1gina - Plush Toy Manufacturer|Customized plush toys","og_description":"Proceso de producci\u00f3n de peluches personalizados: Elaborado con precisi\u00f3n y cuidado El equipo de Plushtoy Factory est\u00e1 decidido a servirle s\u00f3lo con juguetes de felpa personalizados de primera calidad que satisfagan sus expectativas. Nos centramos no solo en crear juguetes de peluche bonitos y atractivos, sino tambi\u00e9n en cumplir los est\u00e1ndares del sector. Todos nuestros [&hellip;]","og_url":"https:\/\/plushtoyfactoryhere.com\/es\/proceso-de-produccion_pagina\/","og_site_name":"Plush Toy Manufacturer|Customized plush toys","article_publisher":"https:\/\/www.facebook.com\/plushtoyfactoryhere","article_modified_time":"2025-08-21T20:06:52+00:00","twitter_card":"summary_large_image","twitter_misc":{"Tiempo de lectura":"3 minutos"},"schema":{"@context":"https:\/\/schema.org","@graph":[{"@type":"WebPage","@id":"https:\/\/plushtoyfactoryhere.com\/es\/proceso-de-produccion_pagina\/","url":"https:\/\/plushtoyfactoryhere.com\/es\/proceso-de-produccion_pagina\/","name":"Proceso de producci\u00f3n_P\u00e1gina - Plush Toy Manufacturer|Customized plush toys","isPartOf":{"@id":"https:\/\/plushtoyfactoryhere.com\/es\/#website"},"datePublished":"2025-08-12T15:51:36+00:00","dateModified":"2025-08-21T20:06:52+00:00","breadcrumb":{"@id":"https:\/\/plushtoyfactoryhere.com\/es\/proceso-de-produccion_pagina\/#breadcrumb"},"inLanguage":"es","potentialAction":[{"@type":"ReadAction","target":["https:\/\/plushtoyfactoryhere.com\/es\/proceso-de-produccion_pagina\/"]}]},{"@type":"BreadcrumbList","@id":"https:\/\/plushtoyfactoryhere.com\/es\/proceso-de-produccion_pagina\/#breadcrumb","itemListElement":[{"@type":"ListItem","position":1,"name":"Home","item":"https:\/\/plushtoyfactoryhere.com\/es\/"},{"@type":"ListItem","position":2,"name":"Proceso de producci\u00f3n_P\u00e1gina"}]},{"@type":"WebSite","@id":"https:\/\/plushtoyfactoryhere.com\/es\/#website","url":"https:\/\/plushtoyfactoryhere.com\/es\/","name":"FlushtoyFactory","description":"As one of the top custom stuffed manufacturers, we help you design not only a stuffed toy but a product that will capture your audience\u2019s attention and help your brand gain exposure. Our personalized stuffed animals &amp; plush toys stand out as long term and effective promotional items for businesses worldwide.","publisher":{"@id":"https:\/\/plushtoyfactoryhere.com\/es\/#organization"},"potentialAction":[{"@type":"SearchAction","target":{"@type":"EntryPoint","urlTemplate":"https:\/\/plushtoyfactoryhere.com\/es\/?s={search_term_string}"},"query-input":{"@type":"PropertyValueSpecification","valueRequired":true,"valueName":"search_term_string"}}],"inLanguage":"es"},{"@type":"Organization","@id":"https:\/\/plushtoyfactoryhere.com\/es\/#organization","name":"Beijing PuYue YiPin Trading Co., Ltd.","alternateName":"PuYue YiPin","url":"https:\/\/plushtoyfactoryhere.com\/es\/","logo":{"@type":"ImageObject","inLanguage":"es","@id":"https:\/\/plushtoyfactoryhere.com\/es\/#\/schema\/logo\/image\/","url":"https:\/\/plushtoyfactoryhere.com\/wp-content\/uploads\/2025\/08\/logo1.png","contentUrl":"https:\/\/plushtoyfactoryhere.com\/wp-content\/uploads\/2025\/08\/logo1.png","width":200,"height":200,"caption":"Beijing PuYue YiPin Trading Co., Ltd."},"image":{"@id":"https:\/\/plushtoyfactoryhere.com\/es\/#\/schema\/logo\/image\/"},"sameAs":["https:\/\/www.facebook.com\/plushtoyfactoryhere","https:\/\/www.linkedin.com\/in\/plush-toys-and-leather-case-bag\/"]}]}},"_links":{"self":[{"href":"https:\/\/plushtoyfactoryhere.com\/es\/wp-json\/wp\/v2\/pages\/1641","targetHints":{"allow":["GET"]}}],"collection":[{"href":"https:\/\/plushtoyfactoryhere.com\/es\/wp-json\/wp\/v2\/pages"}],"about":[{"href":"https:\/\/plushtoyfactoryhere.com\/es\/wp-json\/wp\/v2\/types\/page"}],"author":[{"embeddable":true,"href":"https:\/\/plushtoyfactoryhere.com\/es\/wp-json\/wp\/v2\/users\/1"}],"replies":[{"embeddable":true,"href":"https:\/\/plushtoyfactoryhere.com\/es\/wp-json\/wp\/v2\/comments?post=1641"}],"version-history":[{"count":1,"href":"https:\/\/plushtoyfactoryhere.com\/es\/wp-json\/wp\/v2\/pages\/1641\/revisions"}],"predecessor-version":[{"id":1643,"href":"https:\/\/plushtoyfactoryhere.com\/es\/wp-json\/wp\/v2\/pages\/1641\/revisions\/1643"}],"wp:attachment":[{"href":"https:\/\/plushtoyfactoryhere.com\/es\/wp-json\/wp\/v2\/media?parent=1641"}],"curies":[{"name":"wp","href":"https:\/\/api.w.org\/{rel}","templated":true}]}}