{"id":1639,"date":"2025-08-18T13:25:13","date_gmt":"2025-08-18T13:25:13","guid":{"rendered":"https:\/\/plushtoyfactoryhere.com\/peluches-de-animales-personalizados\/"},"modified":"2025-08-21T20:06:50","modified_gmt":"2025-08-21T20:06:50","slug":"peluches-de-animales-personalizados","status":"publish","type":"page","link":"https:\/\/plushtoyfactoryhere.com\/es\/ejemplos\/peluches-de-animales-personalizados\/","title":{"rendered":"Peluches de animales personalizados"},"content":{"rendered":"\n<h1 class=\"wp-block-heading\"><strong>Fabricante chino de juguetes de peluche al por mayor<\/strong><\/h1>\n\n<p>Plushtoy Factory se dedica a crear animales de peluche personalizados de alta calidad que se adaptan perfectamente a su visi\u00f3n. Nuestro objetivo es crear llaveros y peluches personalizados que realcen su marca y causen una impresi\u00f3n duradera. <\/p>\n\n<p>No se preocupe m\u00e1s si necesita llaveros de peluche al por mayor o juguetes de peluche personalizados con logotipos. Plushtoy Factory es tu soluci\u00f3n todo en uno en peluches. <\/p>\n\n<h2 class=\"wp-block-heading\"><strong>Informaci\u00f3n b\u00e1sica para encargar peluches y animales de peluche personalizados<\/strong><\/h2>\n\n<figure class=\"wp-block-table\"><table class=\"has-fixed-layout\"><tbody><tr><td><strong>Categor\u00eda<\/strong><\/td><td><strong>Detalles<\/strong><\/td><\/tr><tr><td><strong>Tama\u00f1os<\/strong><\/td><td>Disponibles de 4 a 20 pulgadas. Los tama\u00f1os m\u00e1s populares son 8&#8243;, 10&#8243; y 12&#8243;, ideales para juguetes, obsequios y regalos promocionales. <\/td><\/tr><tr><td><strong>Pedido m\u00ednimo<\/strong><\/td><td>500 unidades por modelo. Descuentos disponibles a partir de 1000 unidades para compras al por mayor, lo que facilita el escalado de pedidos. <\/td><\/tr><tr><td><strong>Capacidad de producci\u00f3n<\/strong><\/td><td>Hasta 250.000 piezas al mes. Capaz de gestionar eficazmente tanto pedidos \u00fanicos como recurrentes a granel. <\/td><\/tr><tr><td><strong>Plazo de entrega<\/strong><\/td><td>La producci\u00f3n comienza tras la aprobaci\u00f3n de la muestra. Los pedidos se completan en un plazo de 18-25 d\u00edas laborables, lo que garantiza la entrega puntual de los llaveros de felpa personalizados. <\/td><\/tr><tr><td><strong>Requisitos de cotizaci\u00f3n<\/strong><\/td><td>Estilo, talla, tejido, cantidad del pedido<\/td><\/tr><tr><td><strong>Tipo de servicio<\/strong><\/td><td>S\u00f3lo pedidos al por mayor<\/td><\/tr><\/tbody><\/table><\/figure>\n\n<figure class=\"wp-block-image aligncenter size-full is-resized\"><img loading=\"lazy\" decoding=\"async\" width=\"775\" height=\"591\" src=\"https:\/\/plushtoyfactoryhere.com\/wp-content\/uploads\/2025\/08\/65.jpg\" alt=\"\" class=\"wp-image-988\" style=\"width:1133px;height:auto\" srcset=\"https:\/\/plushtoyfactoryhere.com\/wp-content\/uploads\/2025\/08\/65.jpg 775w, https:\/\/plushtoyfactoryhere.com\/wp-content\/uploads\/2025\/08\/65-300x229.jpg 300w, https:\/\/plushtoyfactoryhere.com\/wp-content\/uploads\/2025\/08\/65-768x586.jpg 768w\" sizes=\"auto, (max-width: 775px) 100vw, 775px\" \/><\/figure>\n\n<div class=\"wp-block-cover\" style=\"min-height:299px;aspect-ratio:unset;\"><span aria-hidden=\"true\" class=\"wp-block-cover__background has-palette-color-1-background-color has-background-dim-100 has-background-dim\"><\/span><div class=\"wp-block-cover__inner-container is-layout-constrained wp-block-cover-is-layout-constrained\">\n<h2 class=\"wp-block-heading\"><strong>Somos la mejor opci\u00f3n en animales de peluche y juguetes de felpa<\/strong><\/h2>\n\n\n\n<ul class=\"wp-block-list\">\n<li><strong>Control de calidad<\/strong>: Nuestro equipo de control de calidad comprobar\u00e1 cada pieza antes de enviarla. Cada peluche se prueba para garantizar que son tan duraderos y seguros como hermosos. Desde fabricantes de personajes de peluche hasta llaveros de mascotas de peluche, la calidad es nuestra prioridad.  <\/li>\n\n\n\n<li><strong>Cumplimiento de las normas de seguridad<\/strong>: Todos nuestros peluches personalizados se someten a pruebas de seguridad para juguetes de felpa para cumplir con la CE, la FDA y otras normas de seguridad internacionales. Puede realizar su pedido con confianza sabiendo que nuestros productos son 100% seguros para la importaci\u00f3n. <\/li>\n\n\n\n<li><strong>Dise\u00f1os personalizados<\/strong> de <strong>felpa<\/strong>: Personaliza tus llaveros de felpa con bordados o un llavero de felpa personalizado con un logotipo. A nuestro equipo le apasiona dar vida a tu inspiraci\u00f3n con piezas \u00fanicas y de alta calidad. <\/li>\n<\/ul>\n<\/div><\/div>\n\n<div class=\"wp-block-cover\"><span aria-hidden=\"true\" class=\"wp-block-cover__background has-palette-color-5-background-color has-background-dim-100 has-background-dim\"><\/span><div class=\"wp-block-cover__inner-container is-layout-constrained wp-block-cover-is-layout-constrained\">\n<p class=\"has-text-align-center has-large-font-size\"><\/p>\n\n\n\n<h2 class=\"wp-block-heading\"><strong><span style=\"color: var(--theme-palette-color-4, #0a0500);\" class=\"stk-highlight\">Nuestra forma de dise\u00f1ar peluches personalizados<\/span><\/strong><\/h2>\n\n\n\n<p><span style=\"color: var(--theme-palette-color-4, #0a0500);\" class=\"stk-highlight\">Nuestro proceso de producci\u00f3n est\u00e1 racionalizado para garantizar la precisi\u00f3n y la satisfacci\u00f3n del cliente:<\/span><\/p>\n\n\n\n<ul class=\"wp-block-list\">\n<li><span style=\"color: var(--theme-palette-color-4, #0a0500);\" class=\"stk-highlight\">1<strong>.Dise\u00f1o y muestreo<\/strong>: Tras recibir su pedido, creamos una muestra en PP para su aprobaci\u00f3n. Tan pronto como se aprueba vamos a la producci\u00f3n utilizando sus comentarios <\/span><\/li>\n\n\n\n<li><span style=\"color: var(--theme-palette-color-4, #0a0500);\" class=\"stk-highlight\">2<strong>.Proceso de producci\u00f3n<\/strong>: Durante la producci\u00f3n, llevamos a cabo inspecciones durante el proceso para garantizar que cada art\u00edculo cumple nuestros elevados est\u00e1ndares.<\/span><\/li>\n\n\n\n<li><span style=\"color: var(--theme-palette-color-4, #0a0500);\" class=\"stk-highlight\">3<strong>.Embalaje y env\u00edo<\/strong>: Por \u00faltimo su pedido pasar\u00e1 por la inspecci\u00f3n final y ser\u00e1 empaquetado para su env\u00edo. Nuestro equipo de la log\u00edstica se asegura de que los productos est\u00e9n entregados el tiempo con calidad excelente y servicio de entrega con EXW, t\u00e9rminos del env\u00edo del FOB convenientes a usted. <\/span><\/li>\n<\/ul>\n<\/div><\/div>\n\n<h2 class=\"wp-block-heading\"><strong>Opiniones reales de nuestros clientes satisfechos<\/strong><\/h2>\n\n<p>Las empresas eligen Plushtoy Factory como destino para encontrar los mejores peluches y juguetes de felpa para realzar su marca. Escuche a aquellos que han experimentado. <\/p>\n\n<div class=\"wp-block-stackable-carousel stk-block-carousel stk--is-slide stk--arrows-justify-space-between stk--arrows-align-center stk-block stk-1d01fa6\" data-slides-to-show=\"\" data-block-id=\"1d01fa6\"><div class=\"stk-block-carousel__content-wrapper\"><div class=\"stk-row stk-inner-blocks stk-block-content stk-block-carousel__slider-wrapper stk-content-align stk-1d01fa6-column\"><div class=\"stk-block-carousel__slider\" role=\"list\" data-autoplay=\"4000\" data-label-slide-of=\"Slide %%d of %%d\">\n<div class=\"wp-block-stackable-column stk-block-column stk-column stk-block stk-86047ae\" data-v=\"4\" data-block-id=\"86047ae\"><div class=\"stk-column-wrapper stk-block-column__content stk-container stk-86047ae-container stk--no-background stk--no-padding\"><div class=\"stk-block-content stk-inner-blocks stk-86047ae-inner-blocks\">\n<p><em>\u00abRealmente impresionados con su trabajo, nuestros ositos de peluche estaban finamente cosidos y utilizaron tela de alta calidad, a mis clientes les encantan. muchas gracias por su duro trabajo\u00bb. <\/em><strong><em>(Emily Grace Johnson, EE.UU.) Objetivo local<\/em><\/strong><\/p>\n<\/div><\/div><\/div>\n\n\n\n<div class=\"wp-block-stackable-column stk-block-column stk-column stk-block stk-d75a604\" data-v=\"4\" data-block-id=\"d75a604\"><div class=\"stk-column-wrapper stk-block-column__content stk-container stk-d75a604-container stk--no-background stk--no-padding\"><div class=\"stk-block-content stk-inner-blocks stk-d75a604-inner-blocks\">\n<p><em>\u00abEl prototipo qued\u00f3 perfecto a la primera. Nuestro peluche de Sonic result\u00f3 incluso mejor de lo esperado. R\u00e1pidos, amables y en su punto\u00bb.<\/em><em><br\/><\/em> <strong>&#8211; Jennifer R., EE.UU.<\/strong><strong><\/strong><\/p>\n<\/div><\/div><\/div>\n\n\n\n<div class=\"wp-block-stackable-column stk-block-column stk-column stk-block stk-5545640\" data-v=\"4\" data-block-id=\"5545640\"><div class=\"stk-column-wrapper stk-block-column__content stk-container stk-5545640-container stk--no-background stk--no-padding\"><div class=\"stk-block-content stk-inner-blocks stk-5545640-inner-blocks\">\n<p><em>\u00abHemos pedido m\u00e1s de 100.000 unidades en 3 a\u00f1os. Esta f\u00e1brica de peluches nunca decepciona. Fiable y receptiva\u00bb.<\/em><em><br\/><\/em> <strong>&#8211; Kenji T., Jap\u00f3n<\/strong><strong><\/strong><\/p>\n<\/div><\/div><\/div>\n<\/div><div class=\"stk-block-carousel__buttons\"><button class=\"stk-block-carousel__button stk-block-carousel__button__prev\" aria-label=\"Previous slide\"><svg aria-hidden=\"true\" focusable=\"false\" data-prefix=\"fas\" data-icon=\"chevron-left\" class=\"svg-inline--fa fa-chevron-left\" xmlns=\"http:\/\/www.w3.org\/2000\/svg\" viewBox=\"0 0 320 512\" width=\"32\" height=\"32\"><path d=\"M34.52 239.03L228.87 44.69c9.37-9.37 24.57-9.37 33.94 0l22.67 22.67c9.36 9.36 9.37 24.52.04 33.9L131.49 256l154.02 154.75c9.34 9.38 9.32 24.54-.04 33.9l-22.67 22.67c-9.37 9.37-24.57 9.37-33.94 0L34.52 272.97c-9.37-9.37-9.37-24.57 0-33.94z\"><\/path><\/svg><\/button><button class=\"stk-block-carousel__button stk-block-carousel__button__next\" aria-label=\"Next slide\"><svg aria-hidden=\"true\" focusable=\"false\" data-prefix=\"fas\" data-icon=\"chevron-right\" class=\"svg-inline--fa fa-chevron-right\" xmlns=\"http:\/\/www.w3.org\/2000\/svg\" viewBox=\"0 0 320 512\" width=\"32\" height=\"32\"><path d=\"M285.476 272.971L91.132 467.314c-9.373 9.373-24.569 9.373-33.941 0l-22.667-22.667c-9.357-9.357-9.375-24.522-.04-33.901L188.505 256 34.484 101.255c-9.335-9.379-9.317-24.544.04-33.901l22.667-22.667c9.373-9.373 24.569-9.373 33.941 0L285.475 239.03c9.373 9.372 9.373 24.568.001 33.941z\"><\/path><\/svg><\/button><\/div><\/div><div class=\"stk-block-carousel__dots\" role=\"list\" data-label=\"Slide %%d\"><\/div><\/div><\/div>\n\n<h2 class=\"wp-block-heading\"><strong>\u00bfTiene preguntas? Tenemos respuestas <\/strong><\/h2>\n\n<h5 class=\"wp-block-heading\">1<strong>.\u00bfCu\u00e1l es la cantidad m\u00ednima de pedido de llaveros de felpa personalizados?<\/strong><\/h5>\n\n<p>Tenemos un MOQ (cantidad m\u00ednima de pedido) bajo de 500 piezas por estilo para darle flexibilidad a la hora de realizar sus pedidos al por mayor.<\/p>\n\n<h5 class=\"wp-block-heading\">2<strong>.\u00bfCu\u00e1nto tiempo se tarda en producir llaveros de felpa a granel?<\/strong><\/h5>\n\n<p>La producci\u00f3n de muestras tarda unos 15 d\u00edas, y la de grandes cantidades, entre 30 y 45 d\u00edas, dependiendo de la cantidad del pedido.<\/p>\n\n<h5 class=\"wp-block-heading\">3<strong>.\u00bfPuedo obtener una muestra antes de hacer un pedido al por mayor?<\/strong><\/h5>\n\n<p>S\u00ed, podemos ofrecer un prototipo al cliente antes de la producci\u00f3n en serie.<\/p>\n\n<h5 class=\"wp-block-heading\">4<strong>.\u00bfQu\u00e9 certificaciones de seguridad tienen sus llaveros de peluche?<\/strong><\/h5>\n\n<p>Todos nuestros peluches cumplen las normas internacionales de seguridad, como las certificaciones EN71, CE y CPSIA.<\/p>\n\n<h5 class=\"wp-block-heading\">5<strong>.\u00bfOfrecen llaveros de peluche personalizados con logotipos o dise\u00f1os?<\/strong><\/h5>\n\n<p>S\u00ed, hacemos llaveros de peluches personalizados con logotipo, bordado y serigraf\u00eda para satisfacer sus requisitos de marca.<\/p>\n\n<p><strong>Comienza hoy mismo tu proyecto de peluche personalizado con Plushtoy Factory.<\/strong>  Ya sea para la venta al por menor, promociones o regalos de empresa exclusivos, contamos con la experiencia y la capacidad de producci\u00f3n necesarias para satisfacer sus necesidades.<\/p>\n\n<p><\/p>\n","protected":false},"excerpt":{"rendered":"<p>Fabricante chino de juguetes de peluche al por mayor Plushtoy Factory se dedica a crear animales de peluche personalizados de alta calidad que se adaptan perfectamente a su visi\u00f3n. Nuestro objetivo es crear llaveros y peluches personalizados que realcen su marca y causen una impresi\u00f3n duradera. No se preocupe m\u00e1s si necesita llaveros de peluche [&hellip;]<\/p>\n","protected":false},"author":1,"featured_media":0,"parent":1646,"menu_order":0,"comment_status":"closed","ping_status":"closed","template":"","meta":{"footnotes":""},"class_list":["post-1639","page","type-page","status-publish","hentry"],"blocksy_meta":[],"yoast_head":"<!-- This site is optimized with the Yoast SEO plugin v26.6 - https:\/\/yoast.com\/wordpress\/plugins\/seo\/ -->\n<title>Peluches de animales personalizados - Plush Toy Manufacturer|Customized plush toys<\/title>\n<meta name=\"robots\" content=\"index, follow, max-snippet:-1, max-image-preview:large, max-video-preview:-1\" \/>\n<link rel=\"canonical\" href=\"https:\/\/plushtoyfactoryhere.com\/es\/ejemplos\/peluches-de-animales-personalizados\/\" \/>\n<meta property=\"og:locale\" content=\"es_ES\" \/>\n<meta property=\"og:type\" content=\"article\" \/>\n<meta property=\"og:title\" content=\"Peluches de animales personalizados - Plush Toy Manufacturer|Customized plush toys\" \/>\n<meta property=\"og:description\" content=\"Fabricante chino de juguetes de peluche al por mayor Plushtoy Factory se dedica a crear animales de peluche personalizados de alta calidad que se adaptan perfectamente a su visi\u00f3n. Nuestro objetivo es crear llaveros y peluches personalizados que realcen su marca y causen una impresi\u00f3n duradera. No se preocupe m\u00e1s si necesita llaveros de peluche [&hellip;]\" \/>\n<meta property=\"og:url\" content=\"https:\/\/plushtoyfactoryhere.com\/es\/ejemplos\/peluches-de-animales-personalizados\/\" \/>\n<meta property=\"og:site_name\" content=\"Plush Toy Manufacturer|Customized plush toys\" \/>\n<meta property=\"article:publisher\" content=\"https:\/\/www.facebook.com\/plushtoyfactoryhere\" \/>\n<meta property=\"article:modified_time\" content=\"2025-08-21T20:06:50+00:00\" \/>\n<meta property=\"og:image\" content=\"https:\/\/plushtoyfactoryhere.com\/wp-content\/uploads\/2025\/08\/65.jpg\" \/>\n\t<meta property=\"og:image:width\" content=\"775\" \/>\n\t<meta property=\"og:image:height\" content=\"591\" \/>\n\t<meta property=\"og:image:type\" content=\"image\/jpeg\" \/>\n<meta name=\"twitter:card\" content=\"summary_large_image\" \/>\n<meta name=\"twitter:label1\" content=\"Tiempo de lectura\" \/>\n\t<meta name=\"twitter:data1\" content=\"4 minutos\" \/>\n<script type=\"application\/ld+json\" class=\"yoast-schema-graph\">{\"@context\":\"https:\/\/schema.org\",\"@graph\":[{\"@type\":\"WebPage\",\"@id\":\"https:\/\/plushtoyfactoryhere.com\/es\/ejemplos\/peluches-de-animales-personalizados\/\",\"url\":\"https:\/\/plushtoyfactoryhere.com\/es\/ejemplos\/peluches-de-animales-personalizados\/\",\"name\":\"Peluches de animales personalizados - Plush Toy Manufacturer|Customized plush toys\",\"isPartOf\":{\"@id\":\"https:\/\/plushtoyfactoryhere.com\/es\/#website\"},\"primaryImageOfPage\":{\"@id\":\"https:\/\/plushtoyfactoryhere.com\/es\/ejemplos\/peluches-de-animales-personalizados\/#primaryimage\"},\"image\":{\"@id\":\"https:\/\/plushtoyfactoryhere.com\/es\/ejemplos\/peluches-de-animales-personalizados\/#primaryimage\"},\"thumbnailUrl\":\"https:\/\/plushtoyfactoryhere.com\/wp-content\/uploads\/2025\/08\/65.jpg\",\"datePublished\":\"2025-08-18T13:25:13+00:00\",\"dateModified\":\"2025-08-21T20:06:50+00:00\",\"breadcrumb\":{\"@id\":\"https:\/\/plushtoyfactoryhere.com\/es\/ejemplos\/peluches-de-animales-personalizados\/#breadcrumb\"},\"inLanguage\":\"es\",\"potentialAction\":[{\"@type\":\"ReadAction\",\"target\":[\"https:\/\/plushtoyfactoryhere.com\/es\/ejemplos\/peluches-de-animales-personalizados\/\"]}]},{\"@type\":\"ImageObject\",\"inLanguage\":\"es\",\"@id\":\"https:\/\/plushtoyfactoryhere.com\/es\/ejemplos\/peluches-de-animales-personalizados\/#primaryimage\",\"url\":\"https:\/\/plushtoyfactoryhere.com\/wp-content\/uploads\/2025\/08\/65.jpg\",\"contentUrl\":\"https:\/\/plushtoyfactoryhere.com\/wp-content\/uploads\/2025\/08\/65.jpg\"},{\"@type\":\"BreadcrumbList\",\"@id\":\"https:\/\/plushtoyfactoryhere.com\/es\/ejemplos\/peluches-de-animales-personalizados\/#breadcrumb\",\"itemListElement\":[{\"@type\":\"ListItem\",\"position\":1,\"name\":\"Home\",\"item\":\"https:\/\/plushtoyfactoryhere.com\/es\/\"},{\"@type\":\"ListItem\",\"position\":2,\"name\":\"Peluches de animales personalizados\"}]},{\"@type\":\"WebSite\",\"@id\":\"https:\/\/plushtoyfactoryhere.com\/es\/#website\",\"url\":\"https:\/\/plushtoyfactoryhere.com\/es\/\",\"name\":\"FlushtoyFactory\",\"description\":\"As one of the top custom stuffed manufacturers, we help you design not only a stuffed toy but a product that will capture your audience\u2019s attention and help your brand gain exposure. Our personalized stuffed animals &amp; plush toys stand out as long term and effective promotional items for businesses worldwide.\",\"publisher\":{\"@id\":\"https:\/\/plushtoyfactoryhere.com\/es\/#organization\"},\"potentialAction\":[{\"@type\":\"SearchAction\",\"target\":{\"@type\":\"EntryPoint\",\"urlTemplate\":\"https:\/\/plushtoyfactoryhere.com\/es\/?s={search_term_string}\"},\"query-input\":{\"@type\":\"PropertyValueSpecification\",\"valueRequired\":true,\"valueName\":\"search_term_string\"}}],\"inLanguage\":\"es\"},{\"@type\":\"Organization\",\"@id\":\"https:\/\/plushtoyfactoryhere.com\/es\/#organization\",\"name\":\"Beijing PuYue YiPin Trading Co., Ltd.\",\"alternateName\":\"PuYue YiPin\",\"url\":\"https:\/\/plushtoyfactoryhere.com\/es\/\",\"logo\":{\"@type\":\"ImageObject\",\"inLanguage\":\"es\",\"@id\":\"https:\/\/plushtoyfactoryhere.com\/es\/#\/schema\/logo\/image\/\",\"url\":\"https:\/\/plushtoyfactoryhere.com\/wp-content\/uploads\/2025\/08\/logo1.png\",\"contentUrl\":\"https:\/\/plushtoyfactoryhere.com\/wp-content\/uploads\/2025\/08\/logo1.png\",\"width\":200,\"height\":200,\"caption\":\"Beijing PuYue YiPin Trading Co., Ltd.\"},\"image\":{\"@id\":\"https:\/\/plushtoyfactoryhere.com\/es\/#\/schema\/logo\/image\/\"},\"sameAs\":[\"https:\/\/www.facebook.com\/plushtoyfactoryhere\",\"https:\/\/www.linkedin.com\/in\/plush-toys-and-leather-case-bag\/\"]}]}<\/script>\n<!-- \/ Yoast SEO plugin. -->","yoast_head_json":{"title":"Peluches de animales personalizados - Plush Toy Manufacturer|Customized plush toys","robots":{"index":"index","follow":"follow","max-snippet":"max-snippet:-1","max-image-preview":"max-image-preview:large","max-video-preview":"max-video-preview:-1"},"canonical":"https:\/\/plushtoyfactoryhere.com\/es\/ejemplos\/peluches-de-animales-personalizados\/","og_locale":"es_ES","og_type":"article","og_title":"Peluches de animales personalizados - Plush Toy Manufacturer|Customized plush toys","og_description":"Fabricante chino de juguetes de peluche al por mayor Plushtoy Factory se dedica a crear animales de peluche personalizados de alta calidad que se adaptan perfectamente a su visi\u00f3n. Nuestro objetivo es crear llaveros y peluches personalizados que realcen su marca y causen una impresi\u00f3n duradera. No se preocupe m\u00e1s si necesita llaveros de peluche [&hellip;]","og_url":"https:\/\/plushtoyfactoryhere.com\/es\/ejemplos\/peluches-de-animales-personalizados\/","og_site_name":"Plush Toy Manufacturer|Customized plush toys","article_publisher":"https:\/\/www.facebook.com\/plushtoyfactoryhere","article_modified_time":"2025-08-21T20:06:50+00:00","og_image":[{"width":775,"height":591,"url":"https:\/\/plushtoyfactoryhere.com\/wp-content\/uploads\/2025\/08\/65.jpg","type":"image\/jpeg"}],"twitter_card":"summary_large_image","twitter_misc":{"Tiempo de lectura":"4 minutos"},"schema":{"@context":"https:\/\/schema.org","@graph":[{"@type":"WebPage","@id":"https:\/\/plushtoyfactoryhere.com\/es\/ejemplos\/peluches-de-animales-personalizados\/","url":"https:\/\/plushtoyfactoryhere.com\/es\/ejemplos\/peluches-de-animales-personalizados\/","name":"Peluches de animales personalizados - Plush Toy Manufacturer|Customized plush toys","isPartOf":{"@id":"https:\/\/plushtoyfactoryhere.com\/es\/#website"},"primaryImageOfPage":{"@id":"https:\/\/plushtoyfactoryhere.com\/es\/ejemplos\/peluches-de-animales-personalizados\/#primaryimage"},"image":{"@id":"https:\/\/plushtoyfactoryhere.com\/es\/ejemplos\/peluches-de-animales-personalizados\/#primaryimage"},"thumbnailUrl":"https:\/\/plushtoyfactoryhere.com\/wp-content\/uploads\/2025\/08\/65.jpg","datePublished":"2025-08-18T13:25:13+00:00","dateModified":"2025-08-21T20:06:50+00:00","breadcrumb":{"@id":"https:\/\/plushtoyfactoryhere.com\/es\/ejemplos\/peluches-de-animales-personalizados\/#breadcrumb"},"inLanguage":"es","potentialAction":[{"@type":"ReadAction","target":["https:\/\/plushtoyfactoryhere.com\/es\/ejemplos\/peluches-de-animales-personalizados\/"]}]},{"@type":"ImageObject","inLanguage":"es","@id":"https:\/\/plushtoyfactoryhere.com\/es\/ejemplos\/peluches-de-animales-personalizados\/#primaryimage","url":"https:\/\/plushtoyfactoryhere.com\/wp-content\/uploads\/2025\/08\/65.jpg","contentUrl":"https:\/\/plushtoyfactoryhere.com\/wp-content\/uploads\/2025\/08\/65.jpg"},{"@type":"BreadcrumbList","@id":"https:\/\/plushtoyfactoryhere.com\/es\/ejemplos\/peluches-de-animales-personalizados\/#breadcrumb","itemListElement":[{"@type":"ListItem","position":1,"name":"Home","item":"https:\/\/plushtoyfactoryhere.com\/es\/"},{"@type":"ListItem","position":2,"name":"Peluches de animales personalizados"}]},{"@type":"WebSite","@id":"https:\/\/plushtoyfactoryhere.com\/es\/#website","url":"https:\/\/plushtoyfactoryhere.com\/es\/","name":"FlushtoyFactory","description":"As one of the top custom stuffed manufacturers, we help you design not only a stuffed toy but a product that will capture your audience\u2019s attention and help your brand gain exposure. Our personalized stuffed animals &amp; plush toys stand out as long term and effective promotional items for businesses worldwide.","publisher":{"@id":"https:\/\/plushtoyfactoryhere.com\/es\/#organization"},"potentialAction":[{"@type":"SearchAction","target":{"@type":"EntryPoint","urlTemplate":"https:\/\/plushtoyfactoryhere.com\/es\/?s={search_term_string}"},"query-input":{"@type":"PropertyValueSpecification","valueRequired":true,"valueName":"search_term_string"}}],"inLanguage":"es"},{"@type":"Organization","@id":"https:\/\/plushtoyfactoryhere.com\/es\/#organization","name":"Beijing PuYue YiPin Trading Co., Ltd.","alternateName":"PuYue YiPin","url":"https:\/\/plushtoyfactoryhere.com\/es\/","logo":{"@type":"ImageObject","inLanguage":"es","@id":"https:\/\/plushtoyfactoryhere.com\/es\/#\/schema\/logo\/image\/","url":"https:\/\/plushtoyfactoryhere.com\/wp-content\/uploads\/2025\/08\/logo1.png","contentUrl":"https:\/\/plushtoyfactoryhere.com\/wp-content\/uploads\/2025\/08\/logo1.png","width":200,"height":200,"caption":"Beijing PuYue YiPin Trading Co., Ltd."},"image":{"@id":"https:\/\/plushtoyfactoryhere.com\/es\/#\/schema\/logo\/image\/"},"sameAs":["https:\/\/www.facebook.com\/plushtoyfactoryhere","https:\/\/www.linkedin.com\/in\/plush-toys-and-leather-case-bag\/"]}]}},"_links":{"self":[{"href":"https:\/\/plushtoyfactoryhere.com\/es\/wp-json\/wp\/v2\/pages\/1639","targetHints":{"allow":["GET"]}}],"collection":[{"href":"https:\/\/plushtoyfactoryhere.com\/es\/wp-json\/wp\/v2\/pages"}],"about":[{"href":"https:\/\/plushtoyfactoryhere.com\/es\/wp-json\/wp\/v2\/types\/page"}],"author":[{"embeddable":true,"href":"https:\/\/plushtoyfactoryhere.com\/es\/wp-json\/wp\/v2\/users\/1"}],"replies":[{"embeddable":true,"href":"https:\/\/plushtoyfactoryhere.com\/es\/wp-json\/wp\/v2\/comments?post=1639"}],"version-history":[{"count":1,"href":"https:\/\/plushtoyfactoryhere.com\/es\/wp-json\/wp\/v2\/pages\/1639\/revisions"}],"predecessor-version":[{"id":1642,"href":"https:\/\/plushtoyfactoryhere.com\/es\/wp-json\/wp\/v2\/pages\/1639\/revisions\/1642"}],"up":[{"embeddable":true,"href":"https:\/\/plushtoyfactoryhere.com\/es\/wp-json\/wp\/v2\/pages\/1646"}],"wp:attachment":[{"href":"https:\/\/plushtoyfactoryhere.com\/es\/wp-json\/wp\/v2\/media?parent=1639"}],"curies":[{"name":"wp","href":"https:\/\/api.w.org\/{rel}","templated":true}]}}