{"id":1637,"date":"2025-08-11T17:31:16","date_gmt":"2025-08-11T17:31:16","guid":{"rendered":"https:\/\/plushtoyfactoryhere.com\/control-de-calidad\/"},"modified":"2025-08-21T20:06:52","modified_gmt":"2025-08-21T20:06:52","slug":"control-de-calidad","status":"publish","type":"page","link":"https:\/\/plushtoyfactoryhere.com\/es\/control-de-calidad\/","title":{"rendered":"Control de calidad"},"content":{"rendered":"\n<h1 class=\"wp-block-heading\"><strong>Precisi\u00f3n en cada puntada: El control de calidad de nuestros peluches<\/strong><\/h1>\n\n<p><strong>La calidad es nuestra m\u00e1xima prioridad en el equipo de Plushtoy Factory. Todos nuestros peluches personalizados est\u00e1n fabricados con calidad y prestando especial atenci\u00f3n a los detalles. Nuestra determinaci\u00f3n no nos permite transigir en ning\u00fan punto. As\u00ed es como mantenemos nuestros est\u00e1ndares:   <\/strong><\/p>\n\n<figure class=\"wp-block-image aligncenter size-large\"><img loading=\"lazy\" decoding=\"async\" width=\"1024\" height=\"161\" src=\"https:\/\/plushtoyfactoryhere.com\/wp-content\/uploads\/2025\/08\/9-1024x161.jpg\" alt=\"\" class=\"wp-image-934\" srcset=\"https:\/\/plushtoyfactoryhere.com\/wp-content\/uploads\/2025\/08\/9-1024x161.jpg 1024w, https:\/\/plushtoyfactoryhere.com\/wp-content\/uploads\/2025\/08\/9-300x47.jpg 300w, https:\/\/plushtoyfactoryhere.com\/wp-content\/uploads\/2025\/08\/9-768x121.jpg 768w, https:\/\/plushtoyfactoryhere.com\/wp-content\/uploads\/2025\/08\/9.jpg 1061w\" sizes=\"auto, (max-width: 1024px) 100vw, 1024px\" \/><\/figure>\n\n<h2 class=\"wp-block-heading\"><strong>Verificamos siempre la perfecci\u00f3n de los materiales<\/strong><\/h2>\n\n<p>Nuestro control de calidad empieza antes de la producci\u00f3n. Verificamos que los colores y la densidad del tejido coincidan con las muestras aprobadas. Las pruebas de solidez del color garantizan que el tejido no se desti\u00f1a ni desti\u00f1a con el uso. Tambi\u00e9n nos aseguramos de que no haya olores desagradables, garantizando que cada peluche personalizado sea seguro y est\u00e9 listo para la producci\u00f3n.   <\/p>\n\n<div class=\"wp-block-cover\" style=\"min-height:210px;aspect-ratio:unset;\"><span aria-hidden=\"true\" class=\"wp-block-cover__background has-palette-color-1-background-color has-background-dim-100 has-background-dim\"><\/span><div class=\"wp-block-cover__inner-container is-layout-constrained wp-block-cover-is-layout-constrained\">\n<h3 class=\"wp-block-heading\"><strong>Fase 1: Realizamos controles de producci\u00f3n<\/strong><\/h3>\n\n\n\n<p>Una vez iniciada la producci\u00f3n, nuestro equipo realiza inspecciones completas y de muestreo. En esta fase, evaluamos la calidad del bordado y la impresi\u00f3n de su dise\u00f1o. Prestamos atenci\u00f3n a la calidad de la piel del juguete animal sin relleno y al peso del relleno, para asegurarnos de que todos ser\u00e1n iguales. El equipo de ventas confirma la informaci\u00f3n de la etiqueta y el cart\u00f3n para asegurarse de que todo va por buen camino.   <\/p>\n<\/div><\/div>\n\n<div class=\"wp-block-cover\" style=\"min-height:203px;aspect-ratio:unset;\"><span aria-hidden=\"true\" class=\"wp-block-cover__background has-palette-color-5-background-color has-background-dim-100 has-background-dim\"><\/span><div class=\"wp-block-cover__inner-container is-layout-constrained wp-block-cover-is-layout-constrained\">\n<h3 class=\"wp-block-heading\"><strong><span style=\"color: var(--theme-palette-color-4, #0a0500);\" class=\"stk-highlight\">Fase 2: A continuaci\u00f3n, realizamos inspecciones detalladas<\/span><\/strong><\/h3>\n\n\n\n<p><span style=\"color: var(--theme-palette-color-4, #0a0500);\" class=\"stk-highlight\">En esta fase, nuestro equipo empieza a coser a mano, peinar el pelo y limpiarlo. Tambi\u00e9n realizamos pruebas de estiramiento para garantizar la durabilidad de los juguetes. Tomamos muestras de la producci\u00f3n en masa para que un tercero realice pruebas de seguridad. Adem\u00e1s, llevamos a cabo una detecci\u00f3n de metales esencial para eliminar cualquier riesgo para la seguridad antes de embalar los juguetes.   <\/span><\/p>\n<\/div><\/div>\n\n<div class=\"wp-block-cover\" style=\"min-height:206px;aspect-ratio:unset;\"><span aria-hidden=\"true\" class=\"wp-block-cover__background has-palette-color-1-background-color has-background-dim-100 has-background-dim\"><\/span><div class=\"wp-block-cover__inner-container is-layout-constrained wp-block-cover-is-layout-constrained\">\n<h3 class=\"wp-block-heading\"><strong>Etapa 3: A continuaci\u00f3n, realizamos las inspecciones AQL finales<\/strong><\/h3>\n\n\n\n<p>Antes de embalar, nuestro responsable de control de calidad organiza la inspecci\u00f3n final est\u00e1ndar AQL 2,5. Si alg\u00fan juguete no pasa la inspecci\u00f3n, se devuelve para que se repase y se vuelva a inspeccionar. S\u00f3lo cuando pasa la inspecci\u00f3n, pasamos al embalaje final. A continuaci\u00f3n, realizamos una prueba de ca\u00edda de cart\u00f3n para garantizar la durabilidad durante el env\u00edo, y todas las bolsas de OPP llevan orificios de ventilaci\u00f3n y palabras de advertencia.   <\/p>\n<\/div><\/div>\n\n<h5 class=\"wp-block-heading\">Nos tomamos muy en serio cada paso de nuestro proceso de control de calidad. Al centrarnos en los detalles m\u00e1s peque\u00f1os, desde la detecci\u00f3n de agujas hasta los est\u00e1ndares de proveedores de peluches personalizados fiables, nos aseguramos de que cada fabricante de peluches personalizados ofrezca lo mejor. <\/h5>\n\n<div class=\"wp-block-stackable-columns stk-block-columns stk-block stk-b5e39c8\" data-block-id=\"b5e39c8\"><div class=\"stk-row stk-inner-blocks stk-block-content stk-content-align stk-b5e39c8-column\">\n<div class=\"wp-block-stackable-column stk-block-column stk-column stk-block stk-eac7344\" data-v=\"4\" data-block-id=\"eac7344\"><div class=\"stk-column-wrapper stk-block-column__content stk-container stk-eac7344-container stk--no-background stk--no-padding\"><div class=\"stk-block-content stk-inner-blocks stk-eac7344-inner-blocks\">\n<div class=\"wp-block-cover\"><span aria-hidden=\"true\" class=\"wp-block-cover__background has-palette-color-5-background-color has-background-dim-100 has-background-dim\"><\/span><div class=\"wp-block-cover__inner-container is-layout-constrained wp-block-cover-is-layout-constrained\">\n<h2 class=\"wp-block-heading\"><strong><em><span style=\"color: var(--theme-palette-color-4, #0a0500);\" class=\"stk-highlight\">\u00bfNecesita ayuda? Estamos a un solo clic <\/span><\/em><\/strong><\/h2>\n\n\n\n<p><span style=\"color: var(--theme-palette-color-4, #0a0500);\" class=\"stk-highlight\">Nuestro equipo de atenci\u00f3n al cliente est\u00e1 siempre a su disposici\u00f3n para responder a todas sus preguntas en un plazo de 24 horas. Adem\u00e1s, estamos comprometidos con el dise\u00f1o de la privacidad y ofrecemos acuerdos de confidencialidad (NDA) para su tranquilidad. <\/span><\/p>\n<\/div><\/div>\n<\/div><\/div><\/div>\n\n\n\n<div class=\"wp-block-stackable-column stk-block-column stk-column stk-block stk-d9d350a\" data-v=\"4\" data-block-id=\"d9d350a\"><div class=\"stk-column-wrapper stk-block-column__content stk-container stk-d9d350a-container stk--no-background stk--no-padding\"><div class=\"stk-block-content stk-inner-blocks stk-d9d350a-inner-blocks\">\n<div class=\"wp-block-contact-form-7-contact-form-selector\">[contact-form-7 id=\u00bbe33270e\u00bb title=\u00bbFormulario de contacto 1&#8243;]<\/div>\n<\/div><\/div><\/div>\n<\/div><\/div>\n\n<p><\/p>\n","protected":false},"excerpt":{"rendered":"<p>Precisi\u00f3n en cada puntada: El control de calidad de nuestros peluches La calidad es nuestra m\u00e1xima prioridad en el equipo de Plushtoy Factory. Todos nuestros peluches personalizados est\u00e1n fabricados con calidad y prestando especial atenci\u00f3n a los detalles. Nuestra determinaci\u00f3n no nos permite transigir en ning\u00fan punto. As\u00ed es como mantenemos nuestros est\u00e1ndares: Verificamos siempre [&hellip;]<\/p>\n","protected":false},"author":1,"featured_media":0,"parent":0,"menu_order":0,"comment_status":"closed","ping_status":"closed","template":"","meta":{"footnotes":""},"class_list":["post-1637","page","type-page","status-publish","hentry"],"blocksy_meta":[],"yoast_head":"<!-- This site is optimized with the Yoast SEO plugin v27.4 - https:\/\/yoast.com\/product\/yoast-seo-wordpress\/ -->\n<title>Control de calidad - Plush Toy Manufacturer|Customized plush toys<\/title>\n<meta name=\"robots\" content=\"index, follow, max-snippet:-1, max-image-preview:large, max-video-preview:-1\" \/>\n<link rel=\"canonical\" href=\"https:\/\/plushtoyfactoryhere.com\/es\/control-de-calidad\/\" \/>\n<meta property=\"og:locale\" content=\"es_ES\" \/>\n<meta property=\"og:type\" content=\"article\" \/>\n<meta property=\"og:title\" content=\"Control de calidad - Plush Toy Manufacturer|Customized plush toys\" \/>\n<meta property=\"og:description\" content=\"Precisi\u00f3n en cada puntada: El control de calidad de nuestros peluches La calidad es nuestra m\u00e1xima prioridad en el equipo de Plushtoy Factory. Todos nuestros peluches personalizados est\u00e1n fabricados con calidad y prestando especial atenci\u00f3n a los detalles. Nuestra determinaci\u00f3n no nos permite transigir en ning\u00fan punto. As\u00ed es como mantenemos nuestros est\u00e1ndares: Verificamos siempre [&hellip;]\" \/>\n<meta property=\"og:url\" content=\"https:\/\/plushtoyfactoryhere.com\/es\/control-de-calidad\/\" \/>\n<meta property=\"og:site_name\" content=\"Plush Toy Manufacturer|Customized plush toys\" \/>\n<meta property=\"article:publisher\" content=\"https:\/\/www.facebook.com\/plushtoyfactoryhere\" \/>\n<meta property=\"article:modified_time\" content=\"2025-08-21T20:06:52+00:00\" \/>\n<meta property=\"og:image\" content=\"https:\/\/plushtoyfactoryhere.com\/wp-content\/uploads\/2025\/08\/9.jpg\" \/>\n\t<meta property=\"og:image:width\" content=\"1061\" \/>\n\t<meta property=\"og:image:height\" content=\"167\" \/>\n\t<meta property=\"og:image:type\" content=\"image\/jpeg\" \/>\n<meta name=\"twitter:card\" content=\"summary_large_image\" \/>\n<meta name=\"twitter:label1\" content=\"Tiempo de lectura\" \/>\n\t<meta name=\"twitter:data1\" content=\"2 minutos\" \/>\n<script type=\"application\/ld+json\" class=\"yoast-schema-graph\">{\"@context\":\"https:\\\/\\\/schema.org\",\"@graph\":[{\"@type\":\"WebPage\",\"@id\":\"https:\\\/\\\/plushtoyfactoryhere.com\\\/es\\\/control-de-calidad\\\/\",\"url\":\"https:\\\/\\\/plushtoyfactoryhere.com\\\/es\\\/control-de-calidad\\\/\",\"name\":\"Control de calidad - Plush Toy Manufacturer|Customized plush toys\",\"isPartOf\":{\"@id\":\"https:\\\/\\\/plushtoyfactoryhere.com\\\/es\\\/#website\"},\"primaryImageOfPage\":{\"@id\":\"https:\\\/\\\/plushtoyfactoryhere.com\\\/es\\\/control-de-calidad\\\/#primaryimage\"},\"image\":{\"@id\":\"https:\\\/\\\/plushtoyfactoryhere.com\\\/es\\\/control-de-calidad\\\/#primaryimage\"},\"thumbnailUrl\":\"https:\\\/\\\/plushtoyfactoryhere.com\\\/wp-content\\\/uploads\\\/2025\\\/08\\\/9-1024x161.jpg\",\"datePublished\":\"2025-08-11T17:31:16+00:00\",\"dateModified\":\"2025-08-21T20:06:52+00:00\",\"breadcrumb\":{\"@id\":\"https:\\\/\\\/plushtoyfactoryhere.com\\\/es\\\/control-de-calidad\\\/#breadcrumb\"},\"inLanguage\":\"es\",\"potentialAction\":[{\"@type\":\"ReadAction\",\"target\":[\"https:\\\/\\\/plushtoyfactoryhere.com\\\/es\\\/control-de-calidad\\\/\"]}]},{\"@type\":\"ImageObject\",\"inLanguage\":\"es\",\"@id\":\"https:\\\/\\\/plushtoyfactoryhere.com\\\/es\\\/control-de-calidad\\\/#primaryimage\",\"url\":\"https:\\\/\\\/plushtoyfactoryhere.com\\\/wp-content\\\/uploads\\\/2025\\\/08\\\/9-1024x161.jpg\",\"contentUrl\":\"https:\\\/\\\/plushtoyfactoryhere.com\\\/wp-content\\\/uploads\\\/2025\\\/08\\\/9-1024x161.jpg\"},{\"@type\":\"BreadcrumbList\",\"@id\":\"https:\\\/\\\/plushtoyfactoryhere.com\\\/es\\\/control-de-calidad\\\/#breadcrumb\",\"itemListElement\":[{\"@type\":\"ListItem\",\"position\":1,\"name\":\"Home\",\"item\":\"https:\\\/\\\/plushtoyfactoryhere.com\\\/es\\\/\"},{\"@type\":\"ListItem\",\"position\":2,\"name\":\"Control de calidad\"}]},{\"@type\":\"WebSite\",\"@id\":\"https:\\\/\\\/plushtoyfactoryhere.com\\\/es\\\/#website\",\"url\":\"https:\\\/\\\/plushtoyfactoryhere.com\\\/es\\\/\",\"name\":\"FlushtoyFactory\",\"description\":\"As one of the top custom stuffed manufacturers, we help you design not only a stuffed toy but a product that will capture your audience\u2019s attention and help your brand gain exposure. Our personalized stuffed animals &amp; plush toys stand out as long term and effective promotional items for businesses worldwide.\",\"publisher\":{\"@id\":\"https:\\\/\\\/plushtoyfactoryhere.com\\\/es\\\/#organization\"},\"potentialAction\":[{\"@type\":\"SearchAction\",\"target\":{\"@type\":\"EntryPoint\",\"urlTemplate\":\"https:\\\/\\\/plushtoyfactoryhere.com\\\/es\\\/?s={search_term_string}\"},\"query-input\":{\"@type\":\"PropertyValueSpecification\",\"valueRequired\":true,\"valueName\":\"search_term_string\"}}],\"inLanguage\":\"es\"},{\"@type\":\"Organization\",\"@id\":\"https:\\\/\\\/plushtoyfactoryhere.com\\\/es\\\/#organization\",\"name\":\"Beijing PuYue YiPin Trading Co., Ltd.\",\"alternateName\":\"PuYue YiPin\",\"url\":\"https:\\\/\\\/plushtoyfactoryhere.com\\\/es\\\/\",\"logo\":{\"@type\":\"ImageObject\",\"inLanguage\":\"es\",\"@id\":\"https:\\\/\\\/plushtoyfactoryhere.com\\\/es\\\/#\\\/schema\\\/logo\\\/image\\\/\",\"url\":\"https:\\\/\\\/plushtoyfactoryhere.com\\\/wp-content\\\/uploads\\\/2025\\\/08\\\/logo1.png\",\"contentUrl\":\"https:\\\/\\\/plushtoyfactoryhere.com\\\/wp-content\\\/uploads\\\/2025\\\/08\\\/logo1.png\",\"width\":200,\"height\":200,\"caption\":\"Beijing PuYue YiPin Trading Co., Ltd.\"},\"image\":{\"@id\":\"https:\\\/\\\/plushtoyfactoryhere.com\\\/es\\\/#\\\/schema\\\/logo\\\/image\\\/\"},\"sameAs\":[\"https:\\\/\\\/www.facebook.com\\\/plushtoyfactoryhere\",\"https:\\\/\\\/www.linkedin.com\\\/in\\\/plush-toys-and-leather-case-bag\\\/\"]}]}<\/script>\n<!-- \/ Yoast SEO plugin. -->","yoast_head_json":{"title":"Control de calidad - Plush Toy Manufacturer|Customized plush toys","robots":{"index":"index","follow":"follow","max-snippet":"max-snippet:-1","max-image-preview":"max-image-preview:large","max-video-preview":"max-video-preview:-1"},"canonical":"https:\/\/plushtoyfactoryhere.com\/es\/control-de-calidad\/","og_locale":"es_ES","og_type":"article","og_title":"Control de calidad - Plush Toy Manufacturer|Customized plush toys","og_description":"Precisi\u00f3n en cada puntada: El control de calidad de nuestros peluches La calidad es nuestra m\u00e1xima prioridad en el equipo de Plushtoy Factory. Todos nuestros peluches personalizados est\u00e1n fabricados con calidad y prestando especial atenci\u00f3n a los detalles. Nuestra determinaci\u00f3n no nos permite transigir en ning\u00fan punto. As\u00ed es como mantenemos nuestros est\u00e1ndares: Verificamos siempre [&hellip;]","og_url":"https:\/\/plushtoyfactoryhere.com\/es\/control-de-calidad\/","og_site_name":"Plush Toy Manufacturer|Customized plush toys","article_publisher":"https:\/\/www.facebook.com\/plushtoyfactoryhere","article_modified_time":"2025-08-21T20:06:52+00:00","og_image":[{"width":1061,"height":167,"url":"https:\/\/plushtoyfactoryhere.com\/wp-content\/uploads\/2025\/08\/9.jpg","type":"image\/jpeg"}],"twitter_card":"summary_large_image","twitter_misc":{"Tiempo de lectura":"2 minutos"},"schema":{"@context":"https:\/\/schema.org","@graph":[{"@type":"WebPage","@id":"https:\/\/plushtoyfactoryhere.com\/es\/control-de-calidad\/","url":"https:\/\/plushtoyfactoryhere.com\/es\/control-de-calidad\/","name":"Control de calidad - Plush Toy Manufacturer|Customized plush toys","isPartOf":{"@id":"https:\/\/plushtoyfactoryhere.com\/es\/#website"},"primaryImageOfPage":{"@id":"https:\/\/plushtoyfactoryhere.com\/es\/control-de-calidad\/#primaryimage"},"image":{"@id":"https:\/\/plushtoyfactoryhere.com\/es\/control-de-calidad\/#primaryimage"},"thumbnailUrl":"https:\/\/plushtoyfactoryhere.com\/wp-content\/uploads\/2025\/08\/9-1024x161.jpg","datePublished":"2025-08-11T17:31:16+00:00","dateModified":"2025-08-21T20:06:52+00:00","breadcrumb":{"@id":"https:\/\/plushtoyfactoryhere.com\/es\/control-de-calidad\/#breadcrumb"},"inLanguage":"es","potentialAction":[{"@type":"ReadAction","target":["https:\/\/plushtoyfactoryhere.com\/es\/control-de-calidad\/"]}]},{"@type":"ImageObject","inLanguage":"es","@id":"https:\/\/plushtoyfactoryhere.com\/es\/control-de-calidad\/#primaryimage","url":"https:\/\/plushtoyfactoryhere.com\/wp-content\/uploads\/2025\/08\/9-1024x161.jpg","contentUrl":"https:\/\/plushtoyfactoryhere.com\/wp-content\/uploads\/2025\/08\/9-1024x161.jpg"},{"@type":"BreadcrumbList","@id":"https:\/\/plushtoyfactoryhere.com\/es\/control-de-calidad\/#breadcrumb","itemListElement":[{"@type":"ListItem","position":1,"name":"Home","item":"https:\/\/plushtoyfactoryhere.com\/es\/"},{"@type":"ListItem","position":2,"name":"Control de calidad"}]},{"@type":"WebSite","@id":"https:\/\/plushtoyfactoryhere.com\/es\/#website","url":"https:\/\/plushtoyfactoryhere.com\/es\/","name":"FlushtoyFactory","description":"As one of the top custom stuffed manufacturers, we help you design not only a stuffed toy but a product that will capture your audience\u2019s attention and help your brand gain exposure. Our personalized stuffed animals &amp; plush toys stand out as long term and effective promotional items for businesses worldwide.","publisher":{"@id":"https:\/\/plushtoyfactoryhere.com\/es\/#organization"},"potentialAction":[{"@type":"SearchAction","target":{"@type":"EntryPoint","urlTemplate":"https:\/\/plushtoyfactoryhere.com\/es\/?s={search_term_string}"},"query-input":{"@type":"PropertyValueSpecification","valueRequired":true,"valueName":"search_term_string"}}],"inLanguage":"es"},{"@type":"Organization","@id":"https:\/\/plushtoyfactoryhere.com\/es\/#organization","name":"Beijing PuYue YiPin Trading Co., Ltd.","alternateName":"PuYue YiPin","url":"https:\/\/plushtoyfactoryhere.com\/es\/","logo":{"@type":"ImageObject","inLanguage":"es","@id":"https:\/\/plushtoyfactoryhere.com\/es\/#\/schema\/logo\/image\/","url":"https:\/\/plushtoyfactoryhere.com\/wp-content\/uploads\/2025\/08\/logo1.png","contentUrl":"https:\/\/plushtoyfactoryhere.com\/wp-content\/uploads\/2025\/08\/logo1.png","width":200,"height":200,"caption":"Beijing PuYue YiPin Trading Co., Ltd."},"image":{"@id":"https:\/\/plushtoyfactoryhere.com\/es\/#\/schema\/logo\/image\/"},"sameAs":["https:\/\/www.facebook.com\/plushtoyfactoryhere","https:\/\/www.linkedin.com\/in\/plush-toys-and-leather-case-bag\/"]}]}},"_links":{"self":[{"href":"https:\/\/plushtoyfactoryhere.com\/es\/wp-json\/wp\/v2\/pages\/1637","targetHints":{"allow":["GET"]}}],"collection":[{"href":"https:\/\/plushtoyfactoryhere.com\/es\/wp-json\/wp\/v2\/pages"}],"about":[{"href":"https:\/\/plushtoyfactoryhere.com\/es\/wp-json\/wp\/v2\/types\/page"}],"author":[{"embeddable":true,"href":"https:\/\/plushtoyfactoryhere.com\/es\/wp-json\/wp\/v2\/users\/1"}],"replies":[{"embeddable":true,"href":"https:\/\/plushtoyfactoryhere.com\/es\/wp-json\/wp\/v2\/comments?post=1637"}],"version-history":[{"count":1,"href":"https:\/\/plushtoyfactoryhere.com\/es\/wp-json\/wp\/v2\/pages\/1637\/revisions"}],"predecessor-version":[{"id":1640,"href":"https:\/\/plushtoyfactoryhere.com\/es\/wp-json\/wp\/v2\/pages\/1637\/revisions\/1640"}],"wp:attachment":[{"href":"https:\/\/plushtoyfactoryhere.com\/es\/wp-json\/wp\/v2\/media?parent=1637"}],"curies":[{"name":"wp","href":"https:\/\/api.w.org\/{rel}","templated":true}]}}