{"id":1635,"date":"2025-08-17T14:29:18","date_gmt":"2025-08-17T14:29:18","guid":{"rendered":"https:\/\/plushtoyfactoryhere.com\/peluche-mascota-personalizado\/"},"modified":"2025-08-21T20:06:50","modified_gmt":"2025-08-21T20:06:50","slug":"peluche-mascota-personalizado","status":"publish","type":"page","link":"https:\/\/plushtoyfactoryhere.com\/es\/ejemplos\/peluche-mascota-personalizado\/","title":{"rendered":"Peluche mascota personalizado"},"content":{"rendered":"\n<h1 class=\"wp-block-heading\"><strong>Fabricante de juguetes de peluche de alta calidad y proveedor mayorista internacional<\/strong><\/h1>\n\n<p>La fabricaci\u00f3n de mascotas de peluche personalizadas es una de nuestras \u00e1reas de especializaci\u00f3n. Estas mascotas de peluche fabricadas por expertos son perfectos art\u00edculos promocionales, s\u00edmbolos corporativos o accesorios \u00fanicos para eventos. Si necesita una mascota de peluche personalizada o llaveros para regalos, creamos opciones personalizadas que se adapten a sus objetivos.  <\/p>\n\n<h2 class=\"wp-block-heading\"><strong>Servicios b\u00e1sicos<\/strong><\/h2>\n\n<figure class=\"wp-block-table\"><table class=\"has-fixed-layout\"><tbody><tr><td><strong>Aspecto del servicio<\/strong><\/td><td><strong>Detalles<\/strong><\/td><\/tr><tr><td><strong>Tama\u00f1os<\/strong><\/td><td>4-60 pulgadas (10cm-150cm)<\/td><\/tr><tr><td><strong>MOQ<\/strong><\/td><td>Pedidos a partir de 500 unidades<\/td><\/tr><tr><td><strong>Tiempo de producci\u00f3n<\/strong><\/td><td>30-45 d\u00edas (dependiendo de la cantidad pedida)<\/td><\/tr><tr><td><strong>Capacidad anual<\/strong><\/td><td>250000 unidades\/mes<\/td><\/tr><tr><td><strong>Tipo de servicio<\/strong><\/td><td>Personalizaci\u00f3n de f\u00e1brica y venta al por mayor<\/td><\/tr><tr><td><strong>Requisitos de cotizaci\u00f3n<\/strong><\/td><td>Estilo, talla, tejido, cantidad del pedido<\/td><\/tr><\/tbody><\/table><\/figure>\n\n<figure class=\"wp-block-image aligncenter size-full is-resized\"><img loading=\"lazy\" decoding=\"async\" width=\"796\" height=\"805\" src=\"https:\/\/plushtoyfactoryhere.com\/wp-content\/uploads\/2025\/08\/52.jpeg\" alt=\"\" class=\"wp-image-974\" style=\"width:942px;height:auto\" srcset=\"https:\/\/plushtoyfactoryhere.com\/wp-content\/uploads\/2025\/08\/52.jpeg 796w, https:\/\/plushtoyfactoryhere.com\/wp-content\/uploads\/2025\/08\/52-297x300.jpeg 297w, https:\/\/plushtoyfactoryhere.com\/wp-content\/uploads\/2025\/08\/52-768x777.jpeg 768w\" sizes=\"auto, (max-width: 796px) 100vw, 796px\" \/><\/figure>\n\n<div class=\"wp-block-cover\" style=\"min-height:304px;aspect-ratio:unset;\"><span aria-hidden=\"true\" class=\"wp-block-cover__background has-palette-color-1-background-color has-background-dim-100 has-background-dim\"><\/span><div class=\"wp-block-cover__inner-container is-layout-constrained wp-block-cover-is-layout-constrained\">\n<h2 class=\"wp-block-heading\"><strong>Nuestra gama de peluches de mascotas personalizados<\/strong><\/h2>\n\n\n\n<ul class=\"wp-block-list\">\n<li><strong>Tama\u00f1os<\/strong>: Disponibles de 4 a 20 pulgadas<\/li>\n\n\n\n<li><strong>Opciones de personalizaci\u00f3n<\/strong>: A\u00f1ade los logotipos de tu marca, bordados o personaliza la ropa (camisetas o gorras). Un peluche personalizado con un logotipo sirve como refuerzo de marca. <\/li>\n\n\n\n<li><strong>Variedad de tejidos<\/strong>: Puedes elegir entre tejidos de felpa, hipoalerg\u00e9nicos o ecol\u00f3gicos para tu mascota. Tambi\u00e9n nos aseguramos de que tu peluche sea tan resistente como suave. <\/li>\n\n\n\n<li><strong>Accesorios<\/strong>: Accesoriza tu mascota con llaveros de peluche para mascotas, <strong>peluches con ropa<\/strong> y mucho m\u00e1s para que tus peluches sean \u00fanicos.<\/li>\n<\/ul>\n<\/div><\/div>\n\n<div class=\"wp-block-cover\" style=\"min-height:243px;aspect-ratio:unset;\"><span aria-hidden=\"true\" class=\"wp-block-cover__background has-palette-color-5-background-color has-background-dim-100 has-background-dim\"><\/span><div class=\"wp-block-cover__inner-container is-layout-constrained wp-block-cover-is-layout-constrained\">\n<h2 class=\"wp-block-heading\"><strong><span style=\"color: var(--theme-palette-color-4, #0a0500);\" class=\"stk-highlight\">Conf\u00ede en Plushtoy Factory para sus mascotas de peluche personalizadas<\/span><\/strong><\/h2>\n\n\n\n<ul class=\"wp-block-list\">\n<li><span style=\"color: var(--theme-palette-color-4, #0a0500);\" class=\"stk-highlight\"><strong>Fabricaci\u00f3n de gran volumen<\/strong>: Podemos producir hasta <strong>250.000 mascotas de felpa al mes<\/strong>, por lo que podemos satisfacer grandes demandas de pedidos.<\/span><\/li>\n\n\n\n<li><span style=\"color: var(--theme-palette-color-4, #0a0500);\" class=\"stk-highlight\"><strong>Servicios OEM y ODM<\/strong>: Tanto si necesita una mascota de felpa personalizada con bordado como peluches personalizados, nuestros servicios de OEM para juguetes de felpa y de ODM para proveedores de felpa le garantizan que obtendr\u00e1 exactamente lo que necesita.<\/span><\/li>\n\n\n\n<li><span style=\"color: var(--theme-palette-color-4, #0a0500);\" class=\"stk-highlight\"><strong>Precios competitivos<\/strong>: Proporcionamos un valor excelente sin comprometer la calidad. Estamos comprometidos a ofrecer precios asequibles para los pedidos de juguetes de felpa a granel. <\/span><\/li>\n<\/ul>\n<\/div><\/div>\n\n<div class=\"wp-block-cover\" style=\"min-height:298px;aspect-ratio:unset;\"><span aria-hidden=\"true\" class=\"wp-block-cover__background has-palette-color-1-background-color has-background-dim-100 has-background-dim\"><\/span><div class=\"wp-block-cover__inner-container is-layout-constrained wp-block-cover-is-layout-constrained\">\n<h2 class=\"wp-block-heading\"><strong>Proceso de fabricaci\u00f3n de mascotas de peluche<\/strong><\/h2>\n\n\n\n<ul class=\"wp-block-list\">\n<li>1<strong>.Dise\u00f1o y prototipo<\/strong>: Comparta su idea. Dise\u00f1aremos un prototipo de mascota de felpa con su aprobaci\u00f3n. No se preocupe si desea alg\u00fan cambio. Ofrecemos dos revisiones para entregar un peluche perfecto.   <\/li>\n\n\n\n<li>2<strong>.Tejido y relleno<\/strong>: Utilizamos tejido y relleno de alta calidad para garantizar la mejor suavidad, durabilidad y seguridad. Cada mascota de peluche est\u00e1 fabricada para resistir el paso del tiempo. <\/li>\n\n\n\n<li>3<strong>.Fabricaci\u00f3n y control de calidad<\/strong>: Nuestro equipo profesional de producci\u00f3n y control de calidad se encarga de la producci\u00f3n de peluches y del control de calidad. Probamos todos nuestros juguetes con los m\u00e1s altos est\u00e1ndares de seguridad para asegurar que todos los peluches personalizados cumplen con los est\u00e1ndares internacionales de felpa. <\/li>\n<\/ul>\n<\/div><\/div>\n\n<div class=\"wp-block-cover\" style=\"min-height:297px;aspect-ratio:unset;\"><span aria-hidden=\"true\" class=\"wp-block-cover__background has-palette-color-5-background-color has-background-dim-100 has-background-dim\"><\/span><div class=\"wp-block-cover__inner-container is-layout-constrained wp-block-cover-is-layout-constrained\">\n<h2 class=\"wp-block-heading\"><strong><span style=\"color: var(--theme-palette-color-4, #0a0500);\" class=\"stk-highlight\">Su fuente de mascotas personalizadas seguras y de alta calidad<\/span><\/strong><\/h2>\n\n\n\n<p><span style=\"color: var(--theme-palette-color-4, #0a0500);\" class=\"stk-highlight\">Nos sentimos honrados de ser una f\u00e1brica de mascotas de felpa de confianza para todos nuestros clientes globales. Somos famosos por servir como una f\u00e1brica de mascotas de felpa a granel que los clientes de todo el mundo pueden confiar. Desde mascotas de peluche hasta muestras de juguetes de peluche personalizados, proporcionamos juguetes que cumplen los requisitos de seguridad, incluidas las pruebas de seguridad de terceros.  <\/span><\/p>\n\n\n\n<p><span style=\"color: var(--theme-palette-color-4, #0a0500);\" class=\"stk-highlight\">Nuestros peluches no s\u00f3lo son bonitos y adorables. Est\u00e1n hechos para durar. Tenemos una variedad de opciones de env\u00edo disponibles para entregar sus juguetes de peluche personalizados a pa\u00edses como Alemania, Estados Unidos, Reino Unido, Jap\u00f3n, Australia y muchos m\u00e1s.  <\/span><\/p>\n<\/div><\/div>\n\n<div class=\"wp-block-cover\" style=\"min-height:185px;aspect-ratio:unset;\"><span aria-hidden=\"true\" class=\"wp-block-cover__background has-palette-color-1-background-color has-background-dim-100 has-background-dim\"><\/span><div class=\"wp-block-cover__inner-container is-layout-constrained wp-block-cover-is-layout-constrained\">\n<h2 class=\"wp-block-heading\"><strong>Entrega r\u00e1pida y precios personalizados de peluches<\/strong><\/h2>\n\n\n\n<p>Nuestra r\u00e1pida producci\u00f3n garantiza que su pedido tardar\u00e1 s\u00f3lo entre 18 y 25 d\u00edas laborables. Nuestros precios son transparentes e incluyen todo (sin cargos ocultos). Trabajamos dentro de su presupuesto de peluches para ofrecerle el m\u00e1ximo valor.  <\/p>\n<\/div><\/div>\n\n<h2 class=\"wp-block-heading\"><strong>La opini\u00f3n de m\u00e1s de un mill\u00f3n de clientes satisfechos<\/strong><\/h2>\n\n<p>Las empresas eligen Plushtoy Factory como su destino para encontrar los mejores peluches y juguetes de felpa para mejorar su marca. Con nuestra experiencia en la fabricaci\u00f3n de juguetes de peluche, hemos demostrado ser los socios m\u00e1s confiables y profesionales para las empresas de todo el mundo. Escuche a aquellos que lo han experimentado.  <\/p>\n\n<div class=\"wp-block-stackable-carousel stk-block-carousel stk--is-slide stk--arrows-justify-space-between stk--arrows-align-center stk-block stk-c4b3b99\" data-slides-to-show=\"\" data-block-id=\"c4b3b99\"><div class=\"stk-block-carousel__content-wrapper\"><div class=\"stk-row stk-inner-blocks stk-block-content stk-block-carousel__slider-wrapper stk-content-align stk-c4b3b99-column\"><div class=\"stk-block-carousel__slider\" role=\"list\" data-autoplay=\"4000\" data-label-slide-of=\"Slide %%d of %%d\">\n<div class=\"wp-block-stackable-column stk-block-column stk-column stk-block stk-bf8977e\" data-v=\"4\" data-block-id=\"bf8977e\"><div class=\"stk-column-wrapper stk-block-column__content stk-container stk-bf8977e-container stk--no-background stk--no-padding\"><div class=\"stk-block-content stk-inner-blocks stk-bf8977e-inner-blocks\">\n<p><em>\u00abHa sido un placer colaborar con la f\u00e1brica Plushtoy. Llevamos tres a\u00f1os trabajando con ellos y siempre hemos recibido nuestros peluches a tiempo. Nuestro gestor de proyectos nos manten\u00eda al corriente de los plazos y la ubicaci\u00f3n de nuestros peluches para que nuestro equipo estuviera informado. Utilizamos nuestros mu\u00f1ecos como obsequio promocional y a los clientes siempre les encantan\u00bb.<\/em><strong><em> (Anika, Alemania) SnuggleSoft Creations<\/em><\/strong><\/p>\n<\/div><\/div><\/div>\n\n\n\n<div class=\"wp-block-stackable-column stk-block-column stk-column stk-block stk-dc232a4\" data-v=\"4\" data-block-id=\"dc232a4\"><div class=\"stk-column-wrapper stk-block-column__content stk-container stk-dc232a4-container stk--no-background stk--no-padding\"><div class=\"stk-block-content stk-inner-blocks stk-dc232a4-inner-blocks\">\n<p><em>\u00abNuestros peluches personalizados son siempre un gran \u00e9xito en las ferias comerciales. plush toy factory cre\u00f3 y entreg\u00f3 art\u00edculos promocionales que se ajustaban a nuestra estrategia de marketing de una forma divertida y \u00fanica\u00bb <\/em><strong><em>(James Alexander Smith, EE. UU.) Hugzy<\/em><\/strong><\/p>\n<\/div><\/div><\/div>\n\n\n\n<div class=\"wp-block-stackable-column stk-block-column stk-column stk-block stk-3d86c52\" data-v=\"4\" data-block-id=\"3d86c52\"><div class=\"stk-column-wrapper stk-block-column__content stk-container stk-3d86c52-container stk--no-background stk--no-padding\"><div class=\"stk-block-content stk-inner-blocks stk-3d86c52-inner-blocks\">\n<p><em>\u00abMe impresion\u00f3 la atenci\u00f3n que prestaron a los plazos y la rapidez con la que se crearon los presupuestos y prototipos. Estaba claro que la entrega a tiempo era una prioridad. Esto fue muy apreciado\u00bb. <\/em><strong><em>(Hiroshi Takahashi, Jap\u00f3n)<\/em><\/strong><\/p>\n<\/div><\/div><\/div>\n<\/div><div class=\"stk-block-carousel__buttons\"><button class=\"stk-block-carousel__button stk-block-carousel__button__prev\" aria-label=\"Previous slide\"><svg aria-hidden=\"true\" focusable=\"false\" data-prefix=\"fas\" data-icon=\"chevron-left\" class=\"svg-inline--fa fa-chevron-left\" xmlns=\"http:\/\/www.w3.org\/2000\/svg\" viewBox=\"0 0 320 512\" width=\"32\" height=\"32\"><path d=\"M34.52 239.03L228.87 44.69c9.37-9.37 24.57-9.37 33.94 0l22.67 22.67c9.36 9.36 9.37 24.52.04 33.9L131.49 256l154.02 154.75c9.34 9.38 9.32 24.54-.04 33.9l-22.67 22.67c-9.37 9.37-24.57 9.37-33.94 0L34.52 272.97c-9.37-9.37-9.37-24.57 0-33.94z\"><\/path><\/svg><\/button><button class=\"stk-block-carousel__button stk-block-carousel__button__next\" aria-label=\"Next slide\"><svg aria-hidden=\"true\" focusable=\"false\" data-prefix=\"fas\" data-icon=\"chevron-right\" class=\"svg-inline--fa fa-chevron-right\" xmlns=\"http:\/\/www.w3.org\/2000\/svg\" viewBox=\"0 0 320 512\" width=\"32\" height=\"32\"><path d=\"M285.476 272.971L91.132 467.314c-9.373 9.373-24.569 9.373-33.941 0l-22.667-22.667c-9.357-9.357-9.375-24.522-.04-33.901L188.505 256 34.484 101.255c-9.335-9.379-9.317-24.544.04-33.901l22.667-22.667c9.373-9.373 24.569-9.373 33.941 0L285.475 239.03c9.373 9.372 9.373 24.568.001 33.941z\"><\/path><\/svg><\/button><\/div><\/div><div class=\"stk-block-carousel__dots\" role=\"list\" data-label=\"Slide %%d\"><\/div><\/div><\/div>\n\n<div class=\"wp-block-cover\"><span aria-hidden=\"true\" class=\"wp-block-cover__background has-palette-color-1-background-color has-background-dim-100 has-background-dim\"><\/span><div class=\"wp-block-cover__inner-container is-layout-constrained wp-block-cover-is-layout-constrained\">\n<h2 class=\"wp-block-heading\"><strong>Respuestas a sus preguntas sobre mascotas de peluche personalizadas<\/strong><\/h2>\n\n\n\n<h5 class=\"wp-block-heading\">1<strong>.\u00bfQu\u00e9 ventajas tienen las mascotas de peluche personalizadas para mi marca?<\/strong><\/h5>\n\n\n\n<p>Las mascotas de peluche personalizadas le permiten dar a conocer su marca y atraer a los clientes a un nivel emocional. Diferencia tu marketing con productos promocionales \u00fanicos y de alta calidad. <\/p>\n\n\n\n<h5 class=\"wp-block-heading\">2<strong>.\u00bfCu\u00e1nto se tarda en crear una mascota de peluche personalizada, desde el dise\u00f1o hasta la entrega?<\/strong><\/h5>\n\n\n\n<p>Normalmente se entregan entre 18 y 25 d\u00edas laborables despu\u00e9s de que apruebe su dise\u00f1o, dependiendo de la complejidad del pedido y de la cantidad.<\/p>\n\n\n\n<h5 class=\"wp-block-heading\">3<strong>. \u00bfQu\u00e9 opciones de personalizaci\u00f3n hay para las mascotas de peluche?<\/strong><\/h5>\n\n\n\n<p>Nuestro servicio de personalizaci\u00f3n incluye opciones de tama\u00f1o (de 4 a 20 pulgadas), colores de tela, ropa, logotipos y accesorios (sombreros, gafas, etc.). Adem\u00e1s, podemos a\u00f1adir m\u00f3dulos de voz o llaveros para que el mu\u00f1eco quede exactamente como lo imaginas. <\/p>\n<\/div><\/div>\n","protected":false},"excerpt":{"rendered":"<p>Fabricante de juguetes de peluche de alta calidad y proveedor mayorista internacional La fabricaci\u00f3n de mascotas de peluche personalizadas es una de nuestras \u00e1reas de especializaci\u00f3n. Estas mascotas de peluche fabricadas por expertos son perfectos art\u00edculos promocionales, s\u00edmbolos corporativos o accesorios \u00fanicos para eventos. Si necesita una mascota de peluche personalizada o llaveros para regalos, [&hellip;]<\/p>\n","protected":false},"author":1,"featured_media":0,"parent":1646,"menu_order":0,"comment_status":"closed","ping_status":"closed","template":"","meta":{"footnotes":""},"class_list":["post-1635","page","type-page","status-publish","hentry"],"blocksy_meta":[],"yoast_head":"<!-- This site is optimized with the Yoast SEO plugin v26.6 - https:\/\/yoast.com\/wordpress\/plugins\/seo\/ -->\n<title>Peluche mascota personalizado - Plush Toy Manufacturer|Customized plush toys<\/title>\n<meta name=\"robots\" content=\"index, follow, max-snippet:-1, max-image-preview:large, max-video-preview:-1\" \/>\n<link rel=\"canonical\" href=\"https:\/\/plushtoyfactoryhere.com\/es\/ejemplos\/peluche-mascota-personalizado\/\" \/>\n<meta property=\"og:locale\" content=\"es_ES\" \/>\n<meta property=\"og:type\" content=\"article\" \/>\n<meta property=\"og:title\" content=\"Peluche mascota personalizado - Plush Toy Manufacturer|Customized plush toys\" \/>\n<meta property=\"og:description\" content=\"Fabricante de juguetes de peluche de alta calidad y proveedor mayorista internacional La fabricaci\u00f3n de mascotas de peluche personalizadas es una de nuestras \u00e1reas de especializaci\u00f3n. Estas mascotas de peluche fabricadas por expertos son perfectos art\u00edculos promocionales, s\u00edmbolos corporativos o accesorios \u00fanicos para eventos. Si necesita una mascota de peluche personalizada o llaveros para regalos, [&hellip;]\" \/>\n<meta property=\"og:url\" content=\"https:\/\/plushtoyfactoryhere.com\/es\/ejemplos\/peluche-mascota-personalizado\/\" \/>\n<meta property=\"og:site_name\" content=\"Plush Toy Manufacturer|Customized plush toys\" \/>\n<meta property=\"article:publisher\" content=\"https:\/\/www.facebook.com\/plushtoyfactoryhere\" \/>\n<meta property=\"article:modified_time\" content=\"2025-08-21T20:06:50+00:00\" \/>\n<meta property=\"og:image\" content=\"https:\/\/plushtoyfactoryhere.com\/wp-content\/uploads\/2025\/08\/52.jpeg\" \/>\n\t<meta property=\"og:image:width\" content=\"796\" \/>\n\t<meta property=\"og:image:height\" content=\"805\" \/>\n\t<meta property=\"og:image:type\" content=\"image\/jpeg\" \/>\n<meta name=\"twitter:card\" content=\"summary_large_image\" \/>\n<meta name=\"twitter:label1\" content=\"Tiempo de lectura\" \/>\n\t<meta name=\"twitter:data1\" content=\"5 minutos\" \/>\n<script type=\"application\/ld+json\" class=\"yoast-schema-graph\">{\"@context\":\"https:\/\/schema.org\",\"@graph\":[{\"@type\":\"WebPage\",\"@id\":\"https:\/\/plushtoyfactoryhere.com\/es\/ejemplos\/peluche-mascota-personalizado\/\",\"url\":\"https:\/\/plushtoyfactoryhere.com\/es\/ejemplos\/peluche-mascota-personalizado\/\",\"name\":\"Peluche mascota personalizado - Plush Toy Manufacturer|Customized plush toys\",\"isPartOf\":{\"@id\":\"https:\/\/plushtoyfactoryhere.com\/es\/#website\"},\"primaryImageOfPage\":{\"@id\":\"https:\/\/plushtoyfactoryhere.com\/es\/ejemplos\/peluche-mascota-personalizado\/#primaryimage\"},\"image\":{\"@id\":\"https:\/\/plushtoyfactoryhere.com\/es\/ejemplos\/peluche-mascota-personalizado\/#primaryimage\"},\"thumbnailUrl\":\"https:\/\/plushtoyfactoryhere.com\/wp-content\/uploads\/2025\/08\/52.jpeg\",\"datePublished\":\"2025-08-17T14:29:18+00:00\",\"dateModified\":\"2025-08-21T20:06:50+00:00\",\"breadcrumb\":{\"@id\":\"https:\/\/plushtoyfactoryhere.com\/es\/ejemplos\/peluche-mascota-personalizado\/#breadcrumb\"},\"inLanguage\":\"es\",\"potentialAction\":[{\"@type\":\"ReadAction\",\"target\":[\"https:\/\/plushtoyfactoryhere.com\/es\/ejemplos\/peluche-mascota-personalizado\/\"]}]},{\"@type\":\"ImageObject\",\"inLanguage\":\"es\",\"@id\":\"https:\/\/plushtoyfactoryhere.com\/es\/ejemplos\/peluche-mascota-personalizado\/#primaryimage\",\"url\":\"https:\/\/plushtoyfactoryhere.com\/wp-content\/uploads\/2025\/08\/52.jpeg\",\"contentUrl\":\"https:\/\/plushtoyfactoryhere.com\/wp-content\/uploads\/2025\/08\/52.jpeg\"},{\"@type\":\"BreadcrumbList\",\"@id\":\"https:\/\/plushtoyfactoryhere.com\/es\/ejemplos\/peluche-mascota-personalizado\/#breadcrumb\",\"itemListElement\":[{\"@type\":\"ListItem\",\"position\":1,\"name\":\"Home\",\"item\":\"https:\/\/plushtoyfactoryhere.com\/es\/\"},{\"@type\":\"ListItem\",\"position\":2,\"name\":\"Peluche mascota personalizado\"}]},{\"@type\":\"WebSite\",\"@id\":\"https:\/\/plushtoyfactoryhere.com\/es\/#website\",\"url\":\"https:\/\/plushtoyfactoryhere.com\/es\/\",\"name\":\"FlushtoyFactory\",\"description\":\"As one of the top custom stuffed manufacturers, we help you design not only a stuffed toy but a product that will capture your audience\u2019s attention and help your brand gain exposure. Our personalized stuffed animals &amp; plush toys stand out as long term and effective promotional items for businesses worldwide.\",\"publisher\":{\"@id\":\"https:\/\/plushtoyfactoryhere.com\/es\/#organization\"},\"potentialAction\":[{\"@type\":\"SearchAction\",\"target\":{\"@type\":\"EntryPoint\",\"urlTemplate\":\"https:\/\/plushtoyfactoryhere.com\/es\/?s={search_term_string}\"},\"query-input\":{\"@type\":\"PropertyValueSpecification\",\"valueRequired\":true,\"valueName\":\"search_term_string\"}}],\"inLanguage\":\"es\"},{\"@type\":\"Organization\",\"@id\":\"https:\/\/plushtoyfactoryhere.com\/es\/#organization\",\"name\":\"Beijing PuYue YiPin Trading Co., Ltd.\",\"alternateName\":\"PuYue YiPin\",\"url\":\"https:\/\/plushtoyfactoryhere.com\/es\/\",\"logo\":{\"@type\":\"ImageObject\",\"inLanguage\":\"es\",\"@id\":\"https:\/\/plushtoyfactoryhere.com\/es\/#\/schema\/logo\/image\/\",\"url\":\"https:\/\/plushtoyfactoryhere.com\/wp-content\/uploads\/2025\/08\/logo1.png\",\"contentUrl\":\"https:\/\/plushtoyfactoryhere.com\/wp-content\/uploads\/2025\/08\/logo1.png\",\"width\":200,\"height\":200,\"caption\":\"Beijing PuYue YiPin Trading Co., Ltd.\"},\"image\":{\"@id\":\"https:\/\/plushtoyfactoryhere.com\/es\/#\/schema\/logo\/image\/\"},\"sameAs\":[\"https:\/\/www.facebook.com\/plushtoyfactoryhere\",\"https:\/\/www.linkedin.com\/in\/plush-toys-and-leather-case-bag\/\"]}]}<\/script>\n<!-- \/ Yoast SEO plugin. -->","yoast_head_json":{"title":"Peluche mascota personalizado - Plush Toy Manufacturer|Customized plush toys","robots":{"index":"index","follow":"follow","max-snippet":"max-snippet:-1","max-image-preview":"max-image-preview:large","max-video-preview":"max-video-preview:-1"},"canonical":"https:\/\/plushtoyfactoryhere.com\/es\/ejemplos\/peluche-mascota-personalizado\/","og_locale":"es_ES","og_type":"article","og_title":"Peluche mascota personalizado - Plush Toy Manufacturer|Customized plush toys","og_description":"Fabricante de juguetes de peluche de alta calidad y proveedor mayorista internacional La fabricaci\u00f3n de mascotas de peluche personalizadas es una de nuestras \u00e1reas de especializaci\u00f3n. Estas mascotas de peluche fabricadas por expertos son perfectos art\u00edculos promocionales, s\u00edmbolos corporativos o accesorios \u00fanicos para eventos. Si necesita una mascota de peluche personalizada o llaveros para regalos, [&hellip;]","og_url":"https:\/\/plushtoyfactoryhere.com\/es\/ejemplos\/peluche-mascota-personalizado\/","og_site_name":"Plush Toy Manufacturer|Customized plush toys","article_publisher":"https:\/\/www.facebook.com\/plushtoyfactoryhere","article_modified_time":"2025-08-21T20:06:50+00:00","og_image":[{"width":796,"height":805,"url":"https:\/\/plushtoyfactoryhere.com\/wp-content\/uploads\/2025\/08\/52.jpeg","type":"image\/jpeg"}],"twitter_card":"summary_large_image","twitter_misc":{"Tiempo de lectura":"5 minutos"},"schema":{"@context":"https:\/\/schema.org","@graph":[{"@type":"WebPage","@id":"https:\/\/plushtoyfactoryhere.com\/es\/ejemplos\/peluche-mascota-personalizado\/","url":"https:\/\/plushtoyfactoryhere.com\/es\/ejemplos\/peluche-mascota-personalizado\/","name":"Peluche mascota personalizado - Plush Toy Manufacturer|Customized plush toys","isPartOf":{"@id":"https:\/\/plushtoyfactoryhere.com\/es\/#website"},"primaryImageOfPage":{"@id":"https:\/\/plushtoyfactoryhere.com\/es\/ejemplos\/peluche-mascota-personalizado\/#primaryimage"},"image":{"@id":"https:\/\/plushtoyfactoryhere.com\/es\/ejemplos\/peluche-mascota-personalizado\/#primaryimage"},"thumbnailUrl":"https:\/\/plushtoyfactoryhere.com\/wp-content\/uploads\/2025\/08\/52.jpeg","datePublished":"2025-08-17T14:29:18+00:00","dateModified":"2025-08-21T20:06:50+00:00","breadcrumb":{"@id":"https:\/\/plushtoyfactoryhere.com\/es\/ejemplos\/peluche-mascota-personalizado\/#breadcrumb"},"inLanguage":"es","potentialAction":[{"@type":"ReadAction","target":["https:\/\/plushtoyfactoryhere.com\/es\/ejemplos\/peluche-mascota-personalizado\/"]}]},{"@type":"ImageObject","inLanguage":"es","@id":"https:\/\/plushtoyfactoryhere.com\/es\/ejemplos\/peluche-mascota-personalizado\/#primaryimage","url":"https:\/\/plushtoyfactoryhere.com\/wp-content\/uploads\/2025\/08\/52.jpeg","contentUrl":"https:\/\/plushtoyfactoryhere.com\/wp-content\/uploads\/2025\/08\/52.jpeg"},{"@type":"BreadcrumbList","@id":"https:\/\/plushtoyfactoryhere.com\/es\/ejemplos\/peluche-mascota-personalizado\/#breadcrumb","itemListElement":[{"@type":"ListItem","position":1,"name":"Home","item":"https:\/\/plushtoyfactoryhere.com\/es\/"},{"@type":"ListItem","position":2,"name":"Peluche mascota personalizado"}]},{"@type":"WebSite","@id":"https:\/\/plushtoyfactoryhere.com\/es\/#website","url":"https:\/\/plushtoyfactoryhere.com\/es\/","name":"FlushtoyFactory","description":"As one of the top custom stuffed manufacturers, we help you design not only a stuffed toy but a product that will capture your audience\u2019s attention and help your brand gain exposure. Our personalized stuffed animals &amp; plush toys stand out as long term and effective promotional items for businesses worldwide.","publisher":{"@id":"https:\/\/plushtoyfactoryhere.com\/es\/#organization"},"potentialAction":[{"@type":"SearchAction","target":{"@type":"EntryPoint","urlTemplate":"https:\/\/plushtoyfactoryhere.com\/es\/?s={search_term_string}"},"query-input":{"@type":"PropertyValueSpecification","valueRequired":true,"valueName":"search_term_string"}}],"inLanguage":"es"},{"@type":"Organization","@id":"https:\/\/plushtoyfactoryhere.com\/es\/#organization","name":"Beijing PuYue YiPin Trading Co., Ltd.","alternateName":"PuYue YiPin","url":"https:\/\/plushtoyfactoryhere.com\/es\/","logo":{"@type":"ImageObject","inLanguage":"es","@id":"https:\/\/plushtoyfactoryhere.com\/es\/#\/schema\/logo\/image\/","url":"https:\/\/plushtoyfactoryhere.com\/wp-content\/uploads\/2025\/08\/logo1.png","contentUrl":"https:\/\/plushtoyfactoryhere.com\/wp-content\/uploads\/2025\/08\/logo1.png","width":200,"height":200,"caption":"Beijing PuYue YiPin Trading Co., Ltd."},"image":{"@id":"https:\/\/plushtoyfactoryhere.com\/es\/#\/schema\/logo\/image\/"},"sameAs":["https:\/\/www.facebook.com\/plushtoyfactoryhere","https:\/\/www.linkedin.com\/in\/plush-toys-and-leather-case-bag\/"]}]}},"_links":{"self":[{"href":"https:\/\/plushtoyfactoryhere.com\/es\/wp-json\/wp\/v2\/pages\/1635","targetHints":{"allow":["GET"]}}],"collection":[{"href":"https:\/\/plushtoyfactoryhere.com\/es\/wp-json\/wp\/v2\/pages"}],"about":[{"href":"https:\/\/plushtoyfactoryhere.com\/es\/wp-json\/wp\/v2\/types\/page"}],"author":[{"embeddable":true,"href":"https:\/\/plushtoyfactoryhere.com\/es\/wp-json\/wp\/v2\/users\/1"}],"replies":[{"embeddable":true,"href":"https:\/\/plushtoyfactoryhere.com\/es\/wp-json\/wp\/v2\/comments?post=1635"}],"version-history":[{"count":1,"href":"https:\/\/plushtoyfactoryhere.com\/es\/wp-json\/wp\/v2\/pages\/1635\/revisions"}],"predecessor-version":[{"id":1638,"href":"https:\/\/plushtoyfactoryhere.com\/es\/wp-json\/wp\/v2\/pages\/1635\/revisions\/1638"}],"up":[{"embeddable":true,"href":"https:\/\/plushtoyfactoryhere.com\/es\/wp-json\/wp\/v2\/pages\/1646"}],"wp:attachment":[{"href":"https:\/\/plushtoyfactoryhere.com\/es\/wp-json\/wp\/v2\/media?parent=1635"}],"curies":[{"name":"wp","href":"https:\/\/api.w.org\/{rel}","templated":true}]}}