{"id":1634,"date":"2025-08-11T14:22:48","date_gmt":"2025-08-11T14:22:48","guid":{"rendered":"https:\/\/plushtoyfactoryhere.com\/pagina-del-proceso-de-pedido\/"},"modified":"2025-08-21T20:06:52","modified_gmt":"2025-08-21T20:06:52","slug":"pagina-del-proceso-de-pedido","status":"publish","type":"page","link":"https:\/\/plushtoyfactoryhere.com\/es\/pagina-del-proceso-de-pedido\/","title":{"rendered":"P\u00e1gina del proceso de pedido"},"content":{"rendered":"\n<h1 class=\"wp-block-heading\"><strong>Gu\u00eda para encargar peluches personalizados<\/strong><\/h1>\n\n<p>El equipo de Plushtoy Factory cree en hacer que el proceso de pedido de juguetes de felpa personalizados al por mayor sea lo m\u00e1s sencillo y directo posible. Como l\u00edder del sector con m\u00e1s de dos d\u00e9cadas de experiencia, le acompa\u00f1amos en cada fase, desde el concepto hasta la entrega. As\u00ed es como funciona:  <\/p>\n\n<div class=\"wp-block-cover\" style=\"min-height:240px;aspect-ratio:unset;\"><span aria-hidden=\"true\" class=\"wp-block-cover__background has-palette-color-5-background-color has-background-dim-100 has-background-dim\"><\/span><div class=\"wp-block-cover__inner-container is-layout-constrained wp-block-cover-is-layout-constrained\">\n<h2 class=\"wp-block-heading\"><strong><span style=\"color: var(--theme-palette-color-4, #0a0500);\" class=\"stk-highlight\">Paso 1: Empecemos el viaje de los peluches<\/span><\/strong><\/h2>\n\n\n\n<p><span style=\"color: var(--theme-palette-color-4, #0a0500);\" class=\"stk-highlight\">El viaje empieza con usted. P\u00f3ngase en contacto con nosotros y cu\u00e9ntenos sus ideas para su peluche personalizado. H\u00e1ganos saber los peluches personalizados que est\u00e1 imaginando, ya sea un peluche de vaca, un peluche de unicornio o un peluche de panda. Si hay alg\u00fan tama\u00f1o, cantidad o caracter\u00edstica especial que est\u00e9 buscando (como un bordado personalizado o un m\u00f3dulo de voz), h\u00e1ganoslo saber. Recibir\u00e1 un presupuesto detallado en el plazo de un d\u00eda laborable. Nuestros precios incluyen el dise\u00f1o, los materiales, la producci\u00f3n y los gastos de env\u00edo.     <\/span><\/p>\n<\/div><\/div>\n\n<div class=\"wp-block-cover\" style=\"min-height:219px;aspect-ratio:unset;\"><span aria-hidden=\"true\" class=\"wp-block-cover__background has-palette-color-1-background-color has-background-dim-100 has-background-dim\"><\/span><div class=\"wp-block-cover__inner-container is-layout-constrained wp-block-cover-is-layout-constrained\">\n<h2 class=\"wp-block-heading\"><strong>Paso 2: Convertir su idea en un prototipo<\/strong><\/h2>\n\n\n\n<p>Si est\u00e1 satisfecho con el presupuesto, empezaremos a trabajar en su primera muestra. Los expertos artesanos de Peluches a medida crear\u00e1n un prototipo seg\u00fan sus criterios, normalmente, en un plazo de 7 a 10 d\u00edas laborables. Le enviaremos im\u00e1genes claras y detalladas para que las apruebe y le proporcionaremos 1-2 revisiones para asegurarnos de que le encanta. Despu\u00e9s de que confirme la muestra, pondremos en marcha la producci\u00f3n en masa y le enviaremos la muestra mediante env\u00edo a\u00e9reo urgente, que tardar\u00e1 3-4 d\u00edas.   <\/p>\n<\/div><\/div>\n\n<div class=\"wp-block-cover\" style=\"min-height:216px;aspect-ratio:unset;\"><span aria-hidden=\"true\" class=\"wp-block-cover__background has-palette-color-5-background-color has-background-dim-100 has-background-dim\"><\/span><div class=\"wp-block-cover__inner-container is-layout-constrained wp-block-cover-is-layout-constrained\">\n<h2 class=\"wp-block-heading\"><strong><span style=\"color: var(--theme-palette-color-4, #0a0500);\" class=\"stk-highlight\">Paso 3: Creaci\u00f3n de peluches personalizados<\/span><\/strong><\/h2>\n\n\n\n<p><span style=\"color: var(--theme-palette-color-4, #0a0500);\" class=\"stk-highlight\">Una vez aprobada la muestra final, empezamos a producir peluches personalizados. Empezaremos comprando tela, cortando y cosiendo. Nuestro equipo de expertos realiza pruebas de calidad en todos los juguetes de peluche para garantizar que cumplen los est\u00e1ndares m\u00e1s altos posibles. Tambi\u00e9n le mantendremos informado con actualizaciones de fotos y v\u00eddeos a lo largo de nuestro proceso de producci\u00f3n.   <\/span><\/p>\n<\/div><\/div>\n\n<div class=\"wp-block-cover\" style=\"min-height:219px;aspect-ratio:unset;\"><span aria-hidden=\"true\" class=\"wp-block-cover__background has-palette-color-1-background-color has-background-dim-100 has-background-dim\"><\/span><div class=\"wp-block-cover__inner-container is-layout-constrained wp-block-cover-is-layout-constrained\">\n<h2 class=\"wp-block-heading\"><strong>Paso 4: Listo para el env\u00edo &#8211; Embalaje y entrega<\/strong><\/h2>\n\n\n\n<p>Una vez finalizada la producci\u00f3n, sus juguetes de peluche personalizados a granel se empaquetar\u00e1n y comprobar\u00e1n de acuerdo con las normas AQL2.5. Una vez superados los controles de calidad y contenido, nuestro socio log\u00edstico le llevar\u00e1 el paquete a su direcci\u00f3n de entrega. Hay dos opciones de env\u00edo disponibles: mar\u00edtimo y a\u00e9reo. El plazo de entrega oscila entre 10 y 12 d\u00edas por v\u00eda a\u00e9rea y entre 35 y 40 d\u00edas por v\u00eda mar\u00edtima, dependiendo de su ubicaci\u00f3n.   <\/p>\n<\/div><\/div>\n\n<div class=\"wp-block-cover\" style=\"min-height:182px;aspect-ratio:unset;\"><span aria-hidden=\"true\" class=\"wp-block-cover__background has-palette-color-5-background-color has-background-dim-100 has-background-dim\"><\/span><div class=\"wp-block-cover__inner-container is-layout-constrained wp-block-cover-is-layout-constrained\">\n<h2 class=\"wp-block-heading\"><strong><span style=\"color: var(--theme-palette-color-4, #0a0500);\" class=\"stk-highlight\">Paso 5: \u00daltimos retoques &#8211; Env\u00edo y pago<\/span><\/strong><\/h2>\n\n\n\n<p><span style=\"color: var(--theme-palette-color-4, #0a0500);\" class=\"stk-highlight\">Una vez finalizada la producci\u00f3n de su peluche, liquidaremos el pago. Si no tiene un agente de env\u00edos en China, podemos hacerlo todo por usted, incluido el despacho de aduanas. Le enviaremos y haremos un seguimiento de su pedido de peluche personalizado al por mayor hasta que se lo entreguemos.  <\/span><\/p>\n<\/div><\/div>\n\n<figure class=\"wp-block-image aligncenter size-large\"><img loading=\"lazy\" decoding=\"async\" width=\"1024\" height=\"271\" src=\"https:\/\/plushtoyfactoryhere.com\/wp-content\/uploads\/2025\/08\/8-1-1024x271.jpg\" alt=\"\" class=\"wp-image-929\" srcset=\"https:\/\/plushtoyfactoryhere.com\/wp-content\/uploads\/2025\/08\/8-1-1024x271.jpg 1024w, https:\/\/plushtoyfactoryhere.com\/wp-content\/uploads\/2025\/08\/8-1-300x79.jpg 300w, https:\/\/plushtoyfactoryhere.com\/wp-content\/uploads\/2025\/08\/8-1-768x203.jpg 768w, https:\/\/plushtoyfactoryhere.com\/wp-content\/uploads\/2025\/08\/8-1.jpg 1159w\" sizes=\"auto, (max-width: 1024px) 100vw, 1024px\" \/><\/figure>\n\n<div class=\"wp-block-stackable-columns stk-block-columns stk-block stk-28c2ed0\" data-block-id=\"28c2ed0\"><div class=\"stk-row stk-inner-blocks stk-block-content stk-content-align stk-28c2ed0-column\">\n<div class=\"wp-block-stackable-column stk-block-column stk-column stk-block stk-9d820c4\" data-v=\"4\" data-block-id=\"9d820c4\"><style>@media screen and (min-width:690px){.stk-9d820c4 {flex:var(--stk-flex-grow, 1) 1 calc(50% - var(--stk-column-gap, 0px) * 1 \/ 2 ) !important;}}<\/style><div class=\"stk-column-wrapper stk-block-column__content stk-container stk-9d820c4-container stk--no-background stk--no-padding\"><div class=\"stk-block-content stk-inner-blocks stk-9d820c4-inner-blocks\">\n<h2 class=\"wp-block-heading\"><strong><em>\u00bfNecesita ayuda? Estamos a un solo clic <\/em><\/strong><\/h2>\n\n\n\n<p><strong>Nuestro equipo de atenci\u00f3n al cliente est\u00e1 siempre a su disposici\u00f3n para responder a todas sus preguntas en un plazo de 24 horas. Adem\u00e1s, estamos comprometidos con el dise\u00f1o de la privacidad y ofrecemos acuerdos de confidencialidad (NDA) para su tranquilidad. <\/strong><\/p>\n<\/div><\/div><\/div>\n\n\n\n<div class=\"wp-block-stackable-column stk-block-column stk-column stk-block stk-fe97423\" data-v=\"4\" data-block-id=\"fe97423\"><style>@media screen and (min-width:690px){.stk-fe97423 {flex:var(--stk-flex-grow, 1) 1 calc(50% - var(--stk-column-gap, 0px) * 1 \/ 2 ) !important;}}<\/style><div class=\"stk-column-wrapper stk-block-column__content stk-container stk-fe97423-container stk--no-background stk--no-padding\"><div class=\"stk-block-content stk-inner-blocks stk-fe97423-inner-blocks\">\n<div class=\"wp-block-contact-form-7-contact-form-selector\">[contact-form-7 id=\u00bbe33270e\u00bb title=\u00bbFormulario de contacto 1&#8243;]<\/div>\n<\/div><\/div><\/div>\n<\/div><\/div>\n\n<p><\/p>\n","protected":false},"excerpt":{"rendered":"<p>Gu\u00eda para encargar peluches personalizados El equipo de Plushtoy Factory cree en hacer que el proceso de pedido de juguetes de felpa personalizados al por mayor sea lo m\u00e1s sencillo y directo posible. Como l\u00edder del sector con m\u00e1s de dos d\u00e9cadas de experiencia, le acompa\u00f1amos en cada fase, desde el concepto hasta la entrega. [&hellip;]<\/p>\n","protected":false},"author":1,"featured_media":0,"parent":0,"menu_order":0,"comment_status":"closed","ping_status":"closed","template":"","meta":{"footnotes":""},"class_list":["post-1634","page","type-page","status-publish","hentry"],"blocksy_meta":[],"yoast_head":"<!-- This site is optimized with the Yoast SEO plugin v27.4 - https:\/\/yoast.com\/product\/yoast-seo-wordpress\/ -->\n<title>P\u00e1gina del proceso de pedido - Plush Toy Manufacturer|Customized plush toys<\/title>\n<meta name=\"robots\" content=\"index, follow, max-snippet:-1, max-image-preview:large, max-video-preview:-1\" \/>\n<link rel=\"canonical\" href=\"https:\/\/plushtoyfactoryhere.com\/es\/pagina-del-proceso-de-pedido\/\" \/>\n<meta property=\"og:locale\" content=\"es_ES\" \/>\n<meta property=\"og:type\" content=\"article\" \/>\n<meta property=\"og:title\" content=\"P\u00e1gina del proceso de pedido - Plush Toy Manufacturer|Customized plush toys\" \/>\n<meta property=\"og:description\" content=\"Gu\u00eda para encargar peluches personalizados El equipo de Plushtoy Factory cree en hacer que el proceso de pedido de juguetes de felpa personalizados al por mayor sea lo m\u00e1s sencillo y directo posible. Como l\u00edder del sector con m\u00e1s de dos d\u00e9cadas de experiencia, le acompa\u00f1amos en cada fase, desde el concepto hasta la entrega. [&hellip;]\" \/>\n<meta property=\"og:url\" content=\"https:\/\/plushtoyfactoryhere.com\/es\/pagina-del-proceso-de-pedido\/\" \/>\n<meta property=\"og:site_name\" content=\"Plush Toy Manufacturer|Customized plush toys\" \/>\n<meta property=\"article:publisher\" content=\"https:\/\/www.facebook.com\/plushtoyfactoryhere\" \/>\n<meta property=\"article:modified_time\" content=\"2025-08-21T20:06:52+00:00\" \/>\n<meta property=\"og:image\" content=\"https:\/\/plushtoyfactoryhere.com\/wp-content\/uploads\/2025\/08\/8-1.jpg\" \/>\n\t<meta property=\"og:image:width\" content=\"1159\" \/>\n\t<meta property=\"og:image:height\" content=\"307\" \/>\n\t<meta property=\"og:image:type\" content=\"image\/jpeg\" \/>\n<meta name=\"twitter:card\" content=\"summary_large_image\" \/>\n<meta name=\"twitter:label1\" content=\"Tiempo de lectura\" \/>\n\t<meta name=\"twitter:data1\" content=\"3 minutos\" \/>\n<script type=\"application\/ld+json\" class=\"yoast-schema-graph\">{\"@context\":\"https:\\\/\\\/schema.org\",\"@graph\":[{\"@type\":\"WebPage\",\"@id\":\"https:\\\/\\\/plushtoyfactoryhere.com\\\/es\\\/pagina-del-proceso-de-pedido\\\/\",\"url\":\"https:\\\/\\\/plushtoyfactoryhere.com\\\/es\\\/pagina-del-proceso-de-pedido\\\/\",\"name\":\"P\u00e1gina del proceso de pedido - Plush Toy Manufacturer|Customized plush toys\",\"isPartOf\":{\"@id\":\"https:\\\/\\\/plushtoyfactoryhere.com\\\/es\\\/#website\"},\"primaryImageOfPage\":{\"@id\":\"https:\\\/\\\/plushtoyfactoryhere.com\\\/es\\\/pagina-del-proceso-de-pedido\\\/#primaryimage\"},\"image\":{\"@id\":\"https:\\\/\\\/plushtoyfactoryhere.com\\\/es\\\/pagina-del-proceso-de-pedido\\\/#primaryimage\"},\"thumbnailUrl\":\"https:\\\/\\\/plushtoyfactoryhere.com\\\/wp-content\\\/uploads\\\/2025\\\/08\\\/8-1-1024x271.jpg\",\"datePublished\":\"2025-08-11T14:22:48+00:00\",\"dateModified\":\"2025-08-21T20:06:52+00:00\",\"breadcrumb\":{\"@id\":\"https:\\\/\\\/plushtoyfactoryhere.com\\\/es\\\/pagina-del-proceso-de-pedido\\\/#breadcrumb\"},\"inLanguage\":\"es\",\"potentialAction\":[{\"@type\":\"ReadAction\",\"target\":[\"https:\\\/\\\/plushtoyfactoryhere.com\\\/es\\\/pagina-del-proceso-de-pedido\\\/\"]}]},{\"@type\":\"ImageObject\",\"inLanguage\":\"es\",\"@id\":\"https:\\\/\\\/plushtoyfactoryhere.com\\\/es\\\/pagina-del-proceso-de-pedido\\\/#primaryimage\",\"url\":\"https:\\\/\\\/plushtoyfactoryhere.com\\\/wp-content\\\/uploads\\\/2025\\\/08\\\/8-1-1024x271.jpg\",\"contentUrl\":\"https:\\\/\\\/plushtoyfactoryhere.com\\\/wp-content\\\/uploads\\\/2025\\\/08\\\/8-1-1024x271.jpg\"},{\"@type\":\"BreadcrumbList\",\"@id\":\"https:\\\/\\\/plushtoyfactoryhere.com\\\/es\\\/pagina-del-proceso-de-pedido\\\/#breadcrumb\",\"itemListElement\":[{\"@type\":\"ListItem\",\"position\":1,\"name\":\"Home\",\"item\":\"https:\\\/\\\/plushtoyfactoryhere.com\\\/es\\\/\"},{\"@type\":\"ListItem\",\"position\":2,\"name\":\"P\u00e1gina del proceso de pedido\"}]},{\"@type\":\"WebSite\",\"@id\":\"https:\\\/\\\/plushtoyfactoryhere.com\\\/es\\\/#website\",\"url\":\"https:\\\/\\\/plushtoyfactoryhere.com\\\/es\\\/\",\"name\":\"FlushtoyFactory\",\"description\":\"As one of the top custom stuffed manufacturers, we help you design not only a stuffed toy but a product that will capture your audience\u2019s attention and help your brand gain exposure. Our personalized stuffed animals &amp; plush toys stand out as long term and effective promotional items for businesses worldwide.\",\"publisher\":{\"@id\":\"https:\\\/\\\/plushtoyfactoryhere.com\\\/es\\\/#organization\"},\"potentialAction\":[{\"@type\":\"SearchAction\",\"target\":{\"@type\":\"EntryPoint\",\"urlTemplate\":\"https:\\\/\\\/plushtoyfactoryhere.com\\\/es\\\/?s={search_term_string}\"},\"query-input\":{\"@type\":\"PropertyValueSpecification\",\"valueRequired\":true,\"valueName\":\"search_term_string\"}}],\"inLanguage\":\"es\"},{\"@type\":\"Organization\",\"@id\":\"https:\\\/\\\/plushtoyfactoryhere.com\\\/es\\\/#organization\",\"name\":\"Beijing PuYue YiPin Trading Co., Ltd.\",\"alternateName\":\"PuYue YiPin\",\"url\":\"https:\\\/\\\/plushtoyfactoryhere.com\\\/es\\\/\",\"logo\":{\"@type\":\"ImageObject\",\"inLanguage\":\"es\",\"@id\":\"https:\\\/\\\/plushtoyfactoryhere.com\\\/es\\\/#\\\/schema\\\/logo\\\/image\\\/\",\"url\":\"https:\\\/\\\/plushtoyfactoryhere.com\\\/wp-content\\\/uploads\\\/2025\\\/08\\\/logo1.png\",\"contentUrl\":\"https:\\\/\\\/plushtoyfactoryhere.com\\\/wp-content\\\/uploads\\\/2025\\\/08\\\/logo1.png\",\"width\":200,\"height\":200,\"caption\":\"Beijing PuYue YiPin Trading Co., Ltd.\"},\"image\":{\"@id\":\"https:\\\/\\\/plushtoyfactoryhere.com\\\/es\\\/#\\\/schema\\\/logo\\\/image\\\/\"},\"sameAs\":[\"https:\\\/\\\/www.facebook.com\\\/plushtoyfactoryhere\",\"https:\\\/\\\/www.linkedin.com\\\/in\\\/plush-toys-and-leather-case-bag\\\/\"]}]}<\/script>\n<!-- \/ Yoast SEO plugin. -->","yoast_head_json":{"title":"P\u00e1gina del proceso de pedido - Plush Toy Manufacturer|Customized plush toys","robots":{"index":"index","follow":"follow","max-snippet":"max-snippet:-1","max-image-preview":"max-image-preview:large","max-video-preview":"max-video-preview:-1"},"canonical":"https:\/\/plushtoyfactoryhere.com\/es\/pagina-del-proceso-de-pedido\/","og_locale":"es_ES","og_type":"article","og_title":"P\u00e1gina del proceso de pedido - Plush Toy Manufacturer|Customized plush toys","og_description":"Gu\u00eda para encargar peluches personalizados El equipo de Plushtoy Factory cree en hacer que el proceso de pedido de juguetes de felpa personalizados al por mayor sea lo m\u00e1s sencillo y directo posible. Como l\u00edder del sector con m\u00e1s de dos d\u00e9cadas de experiencia, le acompa\u00f1amos en cada fase, desde el concepto hasta la entrega. [&hellip;]","og_url":"https:\/\/plushtoyfactoryhere.com\/es\/pagina-del-proceso-de-pedido\/","og_site_name":"Plush Toy Manufacturer|Customized plush toys","article_publisher":"https:\/\/www.facebook.com\/plushtoyfactoryhere","article_modified_time":"2025-08-21T20:06:52+00:00","og_image":[{"width":1159,"height":307,"url":"https:\/\/plushtoyfactoryhere.com\/wp-content\/uploads\/2025\/08\/8-1.jpg","type":"image\/jpeg"}],"twitter_card":"summary_large_image","twitter_misc":{"Tiempo de lectura":"3 minutos"},"schema":{"@context":"https:\/\/schema.org","@graph":[{"@type":"WebPage","@id":"https:\/\/plushtoyfactoryhere.com\/es\/pagina-del-proceso-de-pedido\/","url":"https:\/\/plushtoyfactoryhere.com\/es\/pagina-del-proceso-de-pedido\/","name":"P\u00e1gina del proceso de pedido - Plush Toy Manufacturer|Customized plush toys","isPartOf":{"@id":"https:\/\/plushtoyfactoryhere.com\/es\/#website"},"primaryImageOfPage":{"@id":"https:\/\/plushtoyfactoryhere.com\/es\/pagina-del-proceso-de-pedido\/#primaryimage"},"image":{"@id":"https:\/\/plushtoyfactoryhere.com\/es\/pagina-del-proceso-de-pedido\/#primaryimage"},"thumbnailUrl":"https:\/\/plushtoyfactoryhere.com\/wp-content\/uploads\/2025\/08\/8-1-1024x271.jpg","datePublished":"2025-08-11T14:22:48+00:00","dateModified":"2025-08-21T20:06:52+00:00","breadcrumb":{"@id":"https:\/\/plushtoyfactoryhere.com\/es\/pagina-del-proceso-de-pedido\/#breadcrumb"},"inLanguage":"es","potentialAction":[{"@type":"ReadAction","target":["https:\/\/plushtoyfactoryhere.com\/es\/pagina-del-proceso-de-pedido\/"]}]},{"@type":"ImageObject","inLanguage":"es","@id":"https:\/\/plushtoyfactoryhere.com\/es\/pagina-del-proceso-de-pedido\/#primaryimage","url":"https:\/\/plushtoyfactoryhere.com\/wp-content\/uploads\/2025\/08\/8-1-1024x271.jpg","contentUrl":"https:\/\/plushtoyfactoryhere.com\/wp-content\/uploads\/2025\/08\/8-1-1024x271.jpg"},{"@type":"BreadcrumbList","@id":"https:\/\/plushtoyfactoryhere.com\/es\/pagina-del-proceso-de-pedido\/#breadcrumb","itemListElement":[{"@type":"ListItem","position":1,"name":"Home","item":"https:\/\/plushtoyfactoryhere.com\/es\/"},{"@type":"ListItem","position":2,"name":"P\u00e1gina del proceso de pedido"}]},{"@type":"WebSite","@id":"https:\/\/plushtoyfactoryhere.com\/es\/#website","url":"https:\/\/plushtoyfactoryhere.com\/es\/","name":"FlushtoyFactory","description":"As one of the top custom stuffed manufacturers, we help you design not only a stuffed toy but a product that will capture your audience\u2019s attention and help your brand gain exposure. Our personalized stuffed animals &amp; plush toys stand out as long term and effective promotional items for businesses worldwide.","publisher":{"@id":"https:\/\/plushtoyfactoryhere.com\/es\/#organization"},"potentialAction":[{"@type":"SearchAction","target":{"@type":"EntryPoint","urlTemplate":"https:\/\/plushtoyfactoryhere.com\/es\/?s={search_term_string}"},"query-input":{"@type":"PropertyValueSpecification","valueRequired":true,"valueName":"search_term_string"}}],"inLanguage":"es"},{"@type":"Organization","@id":"https:\/\/plushtoyfactoryhere.com\/es\/#organization","name":"Beijing PuYue YiPin Trading Co., Ltd.","alternateName":"PuYue YiPin","url":"https:\/\/plushtoyfactoryhere.com\/es\/","logo":{"@type":"ImageObject","inLanguage":"es","@id":"https:\/\/plushtoyfactoryhere.com\/es\/#\/schema\/logo\/image\/","url":"https:\/\/plushtoyfactoryhere.com\/wp-content\/uploads\/2025\/08\/logo1.png","contentUrl":"https:\/\/plushtoyfactoryhere.com\/wp-content\/uploads\/2025\/08\/logo1.png","width":200,"height":200,"caption":"Beijing PuYue YiPin Trading Co., Ltd."},"image":{"@id":"https:\/\/plushtoyfactoryhere.com\/es\/#\/schema\/logo\/image\/"},"sameAs":["https:\/\/www.facebook.com\/plushtoyfactoryhere","https:\/\/www.linkedin.com\/in\/plush-toys-and-leather-case-bag\/"]}]}},"_links":{"self":[{"href":"https:\/\/plushtoyfactoryhere.com\/es\/wp-json\/wp\/v2\/pages\/1634","targetHints":{"allow":["GET"]}}],"collection":[{"href":"https:\/\/plushtoyfactoryhere.com\/es\/wp-json\/wp\/v2\/pages"}],"about":[{"href":"https:\/\/plushtoyfactoryhere.com\/es\/wp-json\/wp\/v2\/types\/page"}],"author":[{"embeddable":true,"href":"https:\/\/plushtoyfactoryhere.com\/es\/wp-json\/wp\/v2\/users\/1"}],"replies":[{"embeddable":true,"href":"https:\/\/plushtoyfactoryhere.com\/es\/wp-json\/wp\/v2\/comments?post=1634"}],"version-history":[{"count":1,"href":"https:\/\/plushtoyfactoryhere.com\/es\/wp-json\/wp\/v2\/pages\/1634\/revisions"}],"predecessor-version":[{"id":1636,"href":"https:\/\/plushtoyfactoryhere.com\/es\/wp-json\/wp\/v2\/pages\/1634\/revisions\/1636"}],"wp:attachment":[{"href":"https:\/\/plushtoyfactoryhere.com\/es\/wp-json\/wp\/v2\/media?parent=1634"}],"curies":[{"name":"wp","href":"https:\/\/api.w.org\/{rel}","templated":true}]}}