{"id":1627,"date":"2025-08-19T17:44:56","date_gmt":"2025-08-19T17:44:56","guid":{"rendered":"https:\/\/plushtoyfactoryhere.com\/peluche-anime-personalizado\/"},"modified":"2025-08-21T20:06:42","modified_gmt":"2025-08-21T20:06:42","slug":"peluche-anime-personalizado","status":"publish","type":"page","link":"https:\/\/plushtoyfactoryhere.com\/es\/ejemplos\/peluche-anime-personalizado\/","title":{"rendered":"Peluche anime personalizado"},"content":{"rendered":"\n<h1 class=\"wp-block-heading\"><strong>Peluches de anime al por mayor para mercados internacionales<\/strong><\/h1>\n\n<p>Con Plushtoy Factory, crear mu\u00f1ecos de peluche de anime personalizados de alta calidad nunca ha sido tan f\u00e1cil para las empresas de todo el mundo. Creamos una amplia gama de productos, desde peluches de personajes de anime hasta mochilas de peluche de anime e incluso llaveros de peluche de anime, todos ellos dise\u00f1ados para reflejar a la perfecci\u00f3n su marca y cautivar a su p\u00fablico. Nuestros peluches de anime capturan la verdadera esencia de sus personajes favoritos. Ya sea para promociones, ventas al por menor o regalos de empresa, somos su fabricante de peluches B2B de confianza.   <\/p>\n\n<h2 class=\"wp-block-heading\"><strong>Servicios b\u00e1sicos<\/strong><\/h2>\n\n<figure class=\"wp-block-table\"><table class=\"has-fixed-layout\"><tbody><tr><td><strong>Aspecto del servicio<\/strong><\/td><td><strong>Detalles<\/strong><\/td><\/tr><tr><td><strong>Tama\u00f1os<\/strong><\/td><td>4-60 pulgadas (10cm-150cm)<\/td><\/tr><tr><td><strong>MOQ<\/strong><\/td><td>Pedidos a partir de 500 unidades<\/td><\/tr><tr><td><strong>Tiempo de producci\u00f3n<\/strong><\/td><td>30-45 d\u00edas (dependiendo de la cantidad pedida)<\/td><\/tr><tr><td><strong>Capacidad anual<\/strong><\/td><td>250000 unidades\/mes<\/td><\/tr><tr><td><strong>Tipo de servicio<\/strong><\/td><td>Venta al por mayor<\/td><\/tr><tr><td><strong>Requisitos de cotizaci\u00f3n<\/strong><\/td><td>Estilo, talla, tejido, cantidad del pedido<\/td><\/tr><\/tbody><\/table><\/figure>\n\n<figure class=\"wp-block-image aligncenter size-full is-resized\"><img loading=\"lazy\" decoding=\"async\" width=\"799\" height=\"462\" src=\"https:\/\/plushtoyfactoryhere.com\/wp-content\/uploads\/2025\/08\/86.jpg\" alt=\"\" class=\"wp-image-1028\" style=\"width:889px;height:auto\" srcset=\"https:\/\/plushtoyfactoryhere.com\/wp-content\/uploads\/2025\/08\/86.jpg 799w, https:\/\/plushtoyfactoryhere.com\/wp-content\/uploads\/2025\/08\/86-300x173.jpg 300w, https:\/\/plushtoyfactoryhere.com\/wp-content\/uploads\/2025\/08\/86-768x444.jpg 768w\" sizes=\"auto, (max-width: 799px) 100vw, 799px\" \/><\/figure>\n\n<h2 class=\"wp-block-heading\"><strong>Experimente la excelencia con nuestro fabricante de peluches de anime en China<\/strong><\/h2>\n\n<div class=\"wp-block-cover\" style=\"min-height:247px;aspect-ratio:unset;\"><span aria-hidden=\"true\" class=\"wp-block-cover__background has-palette-color-1-background-color has-background-dim-100 has-background-dim\"><\/span><div class=\"wp-block-cover__inner-container is-layout-constrained wp-block-cover-is-layout-constrained\">\n<h4 class=\"wp-block-heading\"><strong>Gama de productos vers\u00e1til<\/strong><\/h4>\n\n\n\n<p>Ofrecemos una amplia gama de peluches de anime de distintas formas y tama\u00f1os. Ya sean cojines de peluche, mu\u00f1ecos de personajes o mochilas de peluche, los personalizamos en funci\u00f3n de sus necesidades. Puede contar con nosotros para:  <\/p>\n\n\n\n<ul class=\"wp-block-list\">\n<li><strong>Peluches personalizados<\/strong>: Perfecto para mu\u00f1ecos de peluche de personajes de anime o peluches de anime para la venta.<\/li>\n\n\n\n<li><strong>Mochilas y llaveros de peluche de anime<\/strong>: Accesorios \u00fanicos y coleccionables para fans.<\/li>\n<\/ul>\n<\/div><\/div>\n\n<div class=\"wp-block-cover\" style=\"min-height:245px;aspect-ratio:unset;\"><span aria-hidden=\"true\" class=\"wp-block-cover__background has-palette-color-5-background-color has-background-dim-100 has-background-dim\"><\/span><div class=\"wp-block-cover__inner-container is-layout-constrained wp-block-cover-is-layout-constrained\">\n<h4 class=\"wp-block-heading\"><strong><span style=\"color: var(--theme-palette-color-4, #0a0500);\" class=\"stk-highlight\">Opciones de tama\u00f1o flexibles<\/span><\/strong><\/h4>\n\n\n\n<p><span style=\"color: var(--theme-palette-color-4, #0a0500);\" class=\"stk-highlight\">Nuestros mu\u00f1ecos de peluche de anime vienen en una variedad de tama\u00f1os, incluyendo:<\/span><\/p>\n\n\n\n<ul class=\"wp-block-list\">\n<li><span style=\"color: var(--theme-palette-color-4, #0a0500);\" class=\"stk-highlight\"><strong>Peque\u00f1o<\/strong>: 4 pulgadas &#8211; 10 pulgadas (ideal para coleccionables y llaveros.)<\/span><\/li>\n\n\n\n<li><span style=\"color: var(--theme-palette-color-4, #0a0500);\" class=\"stk-highlight\"><strong>Mediana<\/strong>: 12 pulgadas &#8211; 16 pulgadas (ideal para regalos promocionales y venta al por menor.)<\/span><\/li>\n\n\n\n<li><span style=\"color: var(--theme-palette-color-4, #0a0500);\" class=\"stk-highlight\"><strong>Grandes<\/strong>: 18 pulgadas &#8211; 20 pulgadas (perfecto para mascotas de peluche o productos destacados.)<\/span><\/li>\n<\/ul>\n<\/div><\/div>\n\n<div class=\"wp-block-cover\" style=\"min-height:249px;aspect-ratio:unset;\"><span aria-hidden=\"true\" class=\"wp-block-cover__background has-palette-color-1-background-color has-background-dim-100 has-background-dim\"><\/span><div class=\"wp-block-cover__inner-container is-layout-constrained wp-block-cover-is-layout-constrained\">\n<h4 class=\"wp-block-heading\"><strong>Servicios globales de personalizaci\u00f3n<\/strong><\/h4>\n\n\n\n<p>Ofrecemos servicios OEM para empresas de todo el mundo. Desde EE.UU., Reino Unido, Alemania, Australia hasta Jap\u00f3n, nuestros peluches de anime y todos los dem\u00e1s peluches personalizados se dise\u00f1an y fabrican para adaptarse a sus necesidades exclusivas. <\/p>\n\n\n\n<ul class=\"wp-block-list\">\n<li><strong>Entrega r\u00e1pida<\/strong>: Con una capacidad de producci\u00f3n de 250000 unidades al mes, garantizamos una entrega puntual.<\/li>\n\n\n\n<li><strong>Precios competitivos<\/strong>: Ofrecemos los mejores precios para pedidos de felpa personalizada al por mayor sin comprometer la calidad.<\/li>\n<\/ul>\n<\/div><\/div>\n\n<h2 class=\"wp-block-heading\"><strong>Gu\u00eda de fabricaci\u00f3n de peluches de Nuestra Aventura Animal<\/strong><\/h2>\n\n<h5 class=\"wp-block-heading\">1<strong>.Consulta y dise\u00f1o<\/strong><\/h5>\n\n<p>Empezamos por comprender su visi\u00f3n. Nuestro equipo de dise\u00f1o colabora estrechamente con usted para plasmar sus ideas y darles vida en un prototipo 3D detallado. Una vez aprobado, pasamos a la siguiente fase.  <\/p>\n\n<h5 class=\"wp-block-heading\">2<strong>.Producci\u00f3n y personalizaci\u00f3n<\/strong><\/h5>\n\n<p>Nuestro proceso de fabricaci\u00f3n de peluches se realiza con precisi\u00f3n, utilizando tejidos de alta calidad. Tanto si se trata de bordados como de serigraf\u00edas, nos aseguramos de que sus peluches de anime est\u00e9n personalizados con precisi\u00f3n. La atenci\u00f3n al detalle garantiza que tu peluche sea un fiel reflejo de tu marca o tus personajes.  <\/p>\n\n<h5 class=\"wp-block-heading\">3<strong>.Control de calidad y env\u00edo<\/strong><\/h5>\n\n<p>Todos los peluches personalizados se someten a estrictos controles de calidad, incluidas inspecciones de terceros. Una vez aprobados, garantizamos un env\u00edo seguro y puntual al lugar que desee. Tanto si necesita un env\u00edo a\u00e9reo como mar\u00edtimo, le ofrecemos opciones de entrega flexibles.  <\/p>\n\n<div class=\"wp-block-cover\" style=\"min-height:240px;aspect-ratio:unset;\"><span aria-hidden=\"true\" class=\"wp-block-cover__background has-palette-color-1-background-color has-background-dim-100 has-background-dim\"><\/span><div class=\"wp-block-cover__inner-container is-layout-constrained wp-block-cover-is-layout-constrained\">\n<h2 class=\"wp-block-heading\"><strong>Su Proveedor Mayorista de Peluches de Anime de Confianza para el \u00c9xito<\/strong><\/h2>\n\n\n\n<ul class=\"wp-block-list\">\n<li><strong>Experiencia<\/strong>: Con m\u00e1s de 20 a\u00f1os de experiencia en la fabricaci\u00f3n de mu\u00f1ecos de peluche personalizados, garantizamos una calidad de primera.<\/li>\n\n\n\n<li><strong>Dise\u00f1os personalizados<\/strong>: Damos vida a tus personajes de anime con nuestros dise\u00f1os de felpa personalizados.<\/li>\n\n\n\n<li><strong>Seguridad y conformidad<\/strong>: Todos los productos cumplen las normas internacionales de seguridad, lo que garantiza que son <strong>seguros para todas las edades<\/strong>.<\/li>\n\n\n\n<li><strong>Enfoque B2B<\/strong>: Nuestros servicios est\u00e1n dise\u00f1ados para pedidos al por mayor y clientes corporativos, con un bajo MOQ de 500 piezas por dise\u00f1o.<\/li>\n<\/ul>\n<\/div><\/div>\n\n<h2 class=\"wp-block-heading\"><strong>Experiencias de clientes que hablan por s\u00ed solas<\/strong><\/h2>\n\n<div class=\"wp-block-stackable-carousel stk-block-carousel stk--is-slide stk--arrows-justify-space-between stk--arrows-align-center stk-block stk-88e08e5\" data-slides-to-show=\"\" data-block-id=\"88e08e5\"><div class=\"stk-block-carousel__content-wrapper\"><div class=\"stk-row stk-inner-blocks stk-block-content stk-block-carousel__slider-wrapper stk-content-align stk-88e08e5-column\"><div class=\"stk-block-carousel__slider\" role=\"list\" data-autoplay=\"4000\" data-label-slide-of=\"Slide %%d of %%d\">\n<div class=\"wp-block-stackable-column stk-block-column stk-column stk-block stk-8f5dd43\" data-v=\"4\" data-block-id=\"8f5dd43\"><div class=\"stk-column-wrapper stk-block-column__content stk-container stk-8f5dd43-container stk--no-background stk--no-padding\"><div class=\"stk-block-content stk-inner-blocks stk-8f5dd43-inner-blocks\">\n<p><em>\u00abEl prototipo qued\u00f3 perfecto a la primera. Nuestro peluche de Sonic result\u00f3 incluso mejor de lo esperado. R\u00e1pidos, amables y en su punto\u00bb.<\/em><em><br\/><\/em> <strong>&#8211; Jennifer R., EE.UU.<\/strong><strong><\/strong><\/p>\n<\/div><\/div><\/div>\n\n\n\n<div class=\"wp-block-stackable-column stk-block-column stk-column stk-block stk-bdb0bcc\" data-v=\"4\" data-block-id=\"bdb0bcc\"><div class=\"stk-column-wrapper stk-block-column__content stk-container stk-bdb0bcc-container stk--no-background stk--no-padding\"><div class=\"stk-block-content stk-inner-blocks stk-bdb0bcc-inner-blocks\">\n<p><em>\u00abHemos pedido m\u00e1s de 100.000 unidades en 3 a\u00f1os. Esta f\u00e1brica de peluches nunca decepciona. Fiable y receptiva\u00bb.<\/em><em><br\/><\/em> <strong>&#8211; Kenji T., Jap\u00f3n<\/strong><strong><\/strong><\/p>\n<\/div><\/div><\/div>\n\n\n\n<div class=\"wp-block-stackable-column stk-block-column stk-column stk-block stk-9ef624b\" data-v=\"4\" data-block-id=\"9ef624b\"><div class=\"stk-column-wrapper stk-block-column__content stk-container stk-9ef624b-container stk--no-background stk--no-padding\"><div class=\"stk-block-content stk-inner-blocks stk-9ef624b-inner-blocks\">\n<p><em>\u00abConvirtieron a nuestra mascota en el peluche m\u00e1s mono del mundo. \u00bfCalidad, rapidez y servicio? 10\/10.\u00bb<\/em><em><br\/><\/em> <strong>&#8211; Elena M., Espa\u00f1a<\/strong><\/p>\n<\/div><\/div><\/div>\n<\/div><div class=\"stk-block-carousel__buttons\"><button class=\"stk-block-carousel__button stk-block-carousel__button__prev\" aria-label=\"Previous slide\"><svg aria-hidden=\"true\" focusable=\"false\" data-prefix=\"fas\" data-icon=\"chevron-left\" class=\"svg-inline--fa fa-chevron-left\" xmlns=\"http:\/\/www.w3.org\/2000\/svg\" viewBox=\"0 0 320 512\" width=\"32\" height=\"32\"><path d=\"M34.52 239.03L228.87 44.69c9.37-9.37 24.57-9.37 33.94 0l22.67 22.67c9.36 9.36 9.37 24.52.04 33.9L131.49 256l154.02 154.75c9.34 9.38 9.32 24.54-.04 33.9l-22.67 22.67c-9.37 9.37-24.57 9.37-33.94 0L34.52 272.97c-9.37-9.37-9.37-24.57 0-33.94z\"><\/path><\/svg><\/button><button class=\"stk-block-carousel__button stk-block-carousel__button__next\" aria-label=\"Next slide\"><svg aria-hidden=\"true\" focusable=\"false\" data-prefix=\"fas\" data-icon=\"chevron-right\" class=\"svg-inline--fa fa-chevron-right\" xmlns=\"http:\/\/www.w3.org\/2000\/svg\" viewBox=\"0 0 320 512\" width=\"32\" height=\"32\"><path d=\"M285.476 272.971L91.132 467.314c-9.373 9.373-24.569 9.373-33.941 0l-22.667-22.667c-9.357-9.357-9.375-24.522-.04-33.901L188.505 256 34.484 101.255c-9.335-9.379-9.317-24.544.04-33.901l22.667-22.667c9.373-9.373 24.569-9.373 33.941 0L285.475 239.03c9.373 9.372 9.373 24.568.001 33.941z\"><\/path><\/svg><\/button><\/div><\/div><div class=\"stk-block-carousel__dots\" role=\"list\" data-label=\"Slide %%d\"><\/div><\/div><\/div>\n\n<h2 class=\"wp-block-heading\"><strong>Preguntas que pueda tener<\/strong><\/h2>\n\n<h5 class=\"wp-block-heading\"><strong>1. \u00bfPor qu\u00e9 son tan famosos los peluches hechos en China?<\/strong><\/h5>\n\n<p>La mayor\u00eda de las marcas de juguetes del mundo optan por producir y ensamblar en China porque la fabricaci\u00f3n de juguetes en China ofrece muchas ventajas \u00fanicas, como plazos de producci\u00f3n r\u00e1pidos, requisitos de pedido m\u00ednimo reducidos y precios m\u00e1s asequibles.<\/p>\n\n<h5 class=\"wp-block-heading\"><strong>2. \u00bfEs seguro comprar peluches fabricados en China?<\/strong><\/h5>\n\n<p>Como fabricante de larga tradici\u00f3n en este sector, damos prioridad a la salud de las generaciones futuras. Todos nuestros peluches se fabrican con materiales certificados y seguros y se someten a pruebas independientes en un laboratorio acreditado. Nuestros productos no contienen sustancias qu\u00edmicas y cumplen todos los requisitos para la importaci\u00f3n.  <\/p>\n\n<h5 class=\"wp-block-heading\"><strong>3. \u00bfQu\u00e9 normas de seguridad deben cumplir los peluches en EE.UU.?<\/strong><\/h5>\n\n<p>Para cumplir las normas estadounidenses sobre peluches, los juguetes deben cumplir dos normativas de seguridad: la ASTM F963 (pruebas de propiedades f\u00edsicas y mec\u00e1nicas, inflamabilidad y l\u00edmites de metales pesados y sustancias qu\u00edmicas) y la CPSIA (pruebas para productos destinados a ni\u00f1os menores de 12 a\u00f1os).<\/p>\n\n<h5 class=\"wp-block-heading\"><strong>4. \u00bfCu\u00e1nto costar\u00e1 producir mi dise\u00f1o personalizado?<\/strong><\/h5>\n\n<p>El coste var\u00eda en funci\u00f3n de la complejidad del dise\u00f1o, las necesidades de personalizaci\u00f3n para el bordado o la impresi\u00f3n, los materiales utilizados y el volumen de su pedido. Le enviaremos un presupuesto detallado tras estudiar su idea. <\/p>\n\n<h5 class=\"wp-block-heading\"><strong>5. \u00bfD\u00f3nde se fabrican sus juguetes?<\/strong><\/h5>\n\n<p>Nuestros peluches se fabrican en el centro del cintur\u00f3n de fabricaci\u00f3n de peluches de China. Por lo tanto, aprovechamos las redes locales para facilitar nuestro abastecimiento, mejorar los precios y un mejor control de calidad.   <\/p>\n\n<hr class=\"wp-block-separator has-alpha-channel-opacity\"\/>\n\n<p><strong>Comienza hoy mismo tu proyecto de mu\u00f1eco de peluche anime personalizado con Plushtoy Factory.<\/strong>  Ya sea para la venta al por menor, promociones o regalos de empresa exclusivos, contamos con la experiencia y la capacidad de producci\u00f3n necesarias para satisfacer sus necesidades.<\/p>\n\n<p><\/p>\n","protected":false},"excerpt":{"rendered":"<p>Peluches de anime al por mayor para mercados internacionales Con Plushtoy Factory, crear mu\u00f1ecos de peluche de anime personalizados de alta calidad nunca ha sido tan f\u00e1cil para las empresas de todo el mundo. Creamos una amplia gama de productos, desde peluches de personajes de anime hasta mochilas de peluche de anime e incluso llaveros [&hellip;]<\/p>\n","protected":false},"author":1,"featured_media":0,"parent":1646,"menu_order":0,"comment_status":"closed","ping_status":"closed","template":"","meta":{"footnotes":""},"class_list":["post-1627","page","type-page","status-publish","hentry"],"blocksy_meta":[],"yoast_head":"<!-- This site is optimized with the Yoast SEO plugin v26.6 - https:\/\/yoast.com\/wordpress\/plugins\/seo\/ -->\n<title>Peluche anime personalizado - Plush Toy Manufacturer|Customized plush toys<\/title>\n<meta name=\"robots\" content=\"index, follow, max-snippet:-1, max-image-preview:large, max-video-preview:-1\" \/>\n<link rel=\"canonical\" href=\"https:\/\/plushtoyfactoryhere.com\/es\/ejemplos\/peluche-anime-personalizado\/\" \/>\n<meta property=\"og:locale\" content=\"es_ES\" \/>\n<meta property=\"og:type\" content=\"article\" \/>\n<meta property=\"og:title\" content=\"Peluche anime personalizado - Plush Toy Manufacturer|Customized plush toys\" \/>\n<meta property=\"og:description\" content=\"Peluches de anime al por mayor para mercados internacionales Con Plushtoy Factory, crear mu\u00f1ecos de peluche de anime personalizados de alta calidad nunca ha sido tan f\u00e1cil para las empresas de todo el mundo. Creamos una amplia gama de productos, desde peluches de personajes de anime hasta mochilas de peluche de anime e incluso llaveros [&hellip;]\" \/>\n<meta property=\"og:url\" content=\"https:\/\/plushtoyfactoryhere.com\/es\/ejemplos\/peluche-anime-personalizado\/\" \/>\n<meta property=\"og:site_name\" content=\"Plush Toy Manufacturer|Customized plush toys\" \/>\n<meta property=\"article:publisher\" content=\"https:\/\/www.facebook.com\/plushtoyfactoryhere\" \/>\n<meta property=\"article:modified_time\" content=\"2025-08-21T20:06:42+00:00\" \/>\n<meta property=\"og:image\" content=\"https:\/\/plushtoyfactoryhere.com\/wp-content\/uploads\/2025\/08\/86.jpg\" \/>\n\t<meta property=\"og:image:width\" content=\"799\" \/>\n\t<meta property=\"og:image:height\" content=\"462\" \/>\n\t<meta property=\"og:image:type\" content=\"image\/jpeg\" \/>\n<meta name=\"twitter:card\" content=\"summary_large_image\" \/>\n<meta name=\"twitter:label1\" content=\"Tiempo de lectura\" \/>\n\t<meta name=\"twitter:data1\" content=\"5 minutos\" \/>\n<script type=\"application\/ld+json\" class=\"yoast-schema-graph\">{\"@context\":\"https:\/\/schema.org\",\"@graph\":[{\"@type\":\"WebPage\",\"@id\":\"https:\/\/plushtoyfactoryhere.com\/es\/ejemplos\/peluche-anime-personalizado\/\",\"url\":\"https:\/\/plushtoyfactoryhere.com\/es\/ejemplos\/peluche-anime-personalizado\/\",\"name\":\"Peluche anime personalizado - Plush Toy Manufacturer|Customized plush toys\",\"isPartOf\":{\"@id\":\"https:\/\/plushtoyfactoryhere.com\/es\/#website\"},\"primaryImageOfPage\":{\"@id\":\"https:\/\/plushtoyfactoryhere.com\/es\/ejemplos\/peluche-anime-personalizado\/#primaryimage\"},\"image\":{\"@id\":\"https:\/\/plushtoyfactoryhere.com\/es\/ejemplos\/peluche-anime-personalizado\/#primaryimage\"},\"thumbnailUrl\":\"https:\/\/plushtoyfactoryhere.com\/wp-content\/uploads\/2025\/08\/86.jpg\",\"datePublished\":\"2025-08-19T17:44:56+00:00\",\"dateModified\":\"2025-08-21T20:06:42+00:00\",\"breadcrumb\":{\"@id\":\"https:\/\/plushtoyfactoryhere.com\/es\/ejemplos\/peluche-anime-personalizado\/#breadcrumb\"},\"inLanguage\":\"es\",\"potentialAction\":[{\"@type\":\"ReadAction\",\"target\":[\"https:\/\/plushtoyfactoryhere.com\/es\/ejemplos\/peluche-anime-personalizado\/\"]}]},{\"@type\":\"ImageObject\",\"inLanguage\":\"es\",\"@id\":\"https:\/\/plushtoyfactoryhere.com\/es\/ejemplos\/peluche-anime-personalizado\/#primaryimage\",\"url\":\"https:\/\/plushtoyfactoryhere.com\/wp-content\/uploads\/2025\/08\/86.jpg\",\"contentUrl\":\"https:\/\/plushtoyfactoryhere.com\/wp-content\/uploads\/2025\/08\/86.jpg\"},{\"@type\":\"BreadcrumbList\",\"@id\":\"https:\/\/plushtoyfactoryhere.com\/es\/ejemplos\/peluche-anime-personalizado\/#breadcrumb\",\"itemListElement\":[{\"@type\":\"ListItem\",\"position\":1,\"name\":\"Home\",\"item\":\"https:\/\/plushtoyfactoryhere.com\/es\/\"},{\"@type\":\"ListItem\",\"position\":2,\"name\":\"Peluche anime personalizado\"}]},{\"@type\":\"WebSite\",\"@id\":\"https:\/\/plushtoyfactoryhere.com\/es\/#website\",\"url\":\"https:\/\/plushtoyfactoryhere.com\/es\/\",\"name\":\"FlushtoyFactory\",\"description\":\"As one of the top custom stuffed manufacturers, we help you design not only a stuffed toy but a product that will capture your audience\u2019s attention and help your brand gain exposure. Our personalized stuffed animals &amp; plush toys stand out as long term and effective promotional items for businesses worldwide.\",\"publisher\":{\"@id\":\"https:\/\/plushtoyfactoryhere.com\/es\/#organization\"},\"potentialAction\":[{\"@type\":\"SearchAction\",\"target\":{\"@type\":\"EntryPoint\",\"urlTemplate\":\"https:\/\/plushtoyfactoryhere.com\/es\/?s={search_term_string}\"},\"query-input\":{\"@type\":\"PropertyValueSpecification\",\"valueRequired\":true,\"valueName\":\"search_term_string\"}}],\"inLanguage\":\"es\"},{\"@type\":\"Organization\",\"@id\":\"https:\/\/plushtoyfactoryhere.com\/es\/#organization\",\"name\":\"Beijing PuYue YiPin Trading Co., Ltd.\",\"alternateName\":\"PuYue YiPin\",\"url\":\"https:\/\/plushtoyfactoryhere.com\/es\/\",\"logo\":{\"@type\":\"ImageObject\",\"inLanguage\":\"es\",\"@id\":\"https:\/\/plushtoyfactoryhere.com\/es\/#\/schema\/logo\/image\/\",\"url\":\"https:\/\/plushtoyfactoryhere.com\/wp-content\/uploads\/2025\/08\/logo1.png\",\"contentUrl\":\"https:\/\/plushtoyfactoryhere.com\/wp-content\/uploads\/2025\/08\/logo1.png\",\"width\":200,\"height\":200,\"caption\":\"Beijing PuYue YiPin Trading Co., Ltd.\"},\"image\":{\"@id\":\"https:\/\/plushtoyfactoryhere.com\/es\/#\/schema\/logo\/image\/\"},\"sameAs\":[\"https:\/\/www.facebook.com\/plushtoyfactoryhere\",\"https:\/\/www.linkedin.com\/in\/plush-toys-and-leather-case-bag\/\"]}]}<\/script>\n<!-- \/ Yoast SEO plugin. -->","yoast_head_json":{"title":"Peluche anime personalizado - Plush Toy Manufacturer|Customized plush toys","robots":{"index":"index","follow":"follow","max-snippet":"max-snippet:-1","max-image-preview":"max-image-preview:large","max-video-preview":"max-video-preview:-1"},"canonical":"https:\/\/plushtoyfactoryhere.com\/es\/ejemplos\/peluche-anime-personalizado\/","og_locale":"es_ES","og_type":"article","og_title":"Peluche anime personalizado - Plush Toy Manufacturer|Customized plush toys","og_description":"Peluches de anime al por mayor para mercados internacionales Con Plushtoy Factory, crear mu\u00f1ecos de peluche de anime personalizados de alta calidad nunca ha sido tan f\u00e1cil para las empresas de todo el mundo. Creamos una amplia gama de productos, desde peluches de personajes de anime hasta mochilas de peluche de anime e incluso llaveros [&hellip;]","og_url":"https:\/\/plushtoyfactoryhere.com\/es\/ejemplos\/peluche-anime-personalizado\/","og_site_name":"Plush Toy Manufacturer|Customized plush toys","article_publisher":"https:\/\/www.facebook.com\/plushtoyfactoryhere","article_modified_time":"2025-08-21T20:06:42+00:00","og_image":[{"width":799,"height":462,"url":"https:\/\/plushtoyfactoryhere.com\/wp-content\/uploads\/2025\/08\/86.jpg","type":"image\/jpeg"}],"twitter_card":"summary_large_image","twitter_misc":{"Tiempo de lectura":"5 minutos"},"schema":{"@context":"https:\/\/schema.org","@graph":[{"@type":"WebPage","@id":"https:\/\/plushtoyfactoryhere.com\/es\/ejemplos\/peluche-anime-personalizado\/","url":"https:\/\/plushtoyfactoryhere.com\/es\/ejemplos\/peluche-anime-personalizado\/","name":"Peluche anime personalizado - Plush Toy Manufacturer|Customized plush toys","isPartOf":{"@id":"https:\/\/plushtoyfactoryhere.com\/es\/#website"},"primaryImageOfPage":{"@id":"https:\/\/plushtoyfactoryhere.com\/es\/ejemplos\/peluche-anime-personalizado\/#primaryimage"},"image":{"@id":"https:\/\/plushtoyfactoryhere.com\/es\/ejemplos\/peluche-anime-personalizado\/#primaryimage"},"thumbnailUrl":"https:\/\/plushtoyfactoryhere.com\/wp-content\/uploads\/2025\/08\/86.jpg","datePublished":"2025-08-19T17:44:56+00:00","dateModified":"2025-08-21T20:06:42+00:00","breadcrumb":{"@id":"https:\/\/plushtoyfactoryhere.com\/es\/ejemplos\/peluche-anime-personalizado\/#breadcrumb"},"inLanguage":"es","potentialAction":[{"@type":"ReadAction","target":["https:\/\/plushtoyfactoryhere.com\/es\/ejemplos\/peluche-anime-personalizado\/"]}]},{"@type":"ImageObject","inLanguage":"es","@id":"https:\/\/plushtoyfactoryhere.com\/es\/ejemplos\/peluche-anime-personalizado\/#primaryimage","url":"https:\/\/plushtoyfactoryhere.com\/wp-content\/uploads\/2025\/08\/86.jpg","contentUrl":"https:\/\/plushtoyfactoryhere.com\/wp-content\/uploads\/2025\/08\/86.jpg"},{"@type":"BreadcrumbList","@id":"https:\/\/plushtoyfactoryhere.com\/es\/ejemplos\/peluche-anime-personalizado\/#breadcrumb","itemListElement":[{"@type":"ListItem","position":1,"name":"Home","item":"https:\/\/plushtoyfactoryhere.com\/es\/"},{"@type":"ListItem","position":2,"name":"Peluche anime personalizado"}]},{"@type":"WebSite","@id":"https:\/\/plushtoyfactoryhere.com\/es\/#website","url":"https:\/\/plushtoyfactoryhere.com\/es\/","name":"FlushtoyFactory","description":"As one of the top custom stuffed manufacturers, we help you design not only a stuffed toy but a product that will capture your audience\u2019s attention and help your brand gain exposure. Our personalized stuffed animals &amp; plush toys stand out as long term and effective promotional items for businesses worldwide.","publisher":{"@id":"https:\/\/plushtoyfactoryhere.com\/es\/#organization"},"potentialAction":[{"@type":"SearchAction","target":{"@type":"EntryPoint","urlTemplate":"https:\/\/plushtoyfactoryhere.com\/es\/?s={search_term_string}"},"query-input":{"@type":"PropertyValueSpecification","valueRequired":true,"valueName":"search_term_string"}}],"inLanguage":"es"},{"@type":"Organization","@id":"https:\/\/plushtoyfactoryhere.com\/es\/#organization","name":"Beijing PuYue YiPin Trading Co., Ltd.","alternateName":"PuYue YiPin","url":"https:\/\/plushtoyfactoryhere.com\/es\/","logo":{"@type":"ImageObject","inLanguage":"es","@id":"https:\/\/plushtoyfactoryhere.com\/es\/#\/schema\/logo\/image\/","url":"https:\/\/plushtoyfactoryhere.com\/wp-content\/uploads\/2025\/08\/logo1.png","contentUrl":"https:\/\/plushtoyfactoryhere.com\/wp-content\/uploads\/2025\/08\/logo1.png","width":200,"height":200,"caption":"Beijing PuYue YiPin Trading Co., Ltd."},"image":{"@id":"https:\/\/plushtoyfactoryhere.com\/es\/#\/schema\/logo\/image\/"},"sameAs":["https:\/\/www.facebook.com\/plushtoyfactoryhere","https:\/\/www.linkedin.com\/in\/plush-toys-and-leather-case-bag\/"]}]}},"_links":{"self":[{"href":"https:\/\/plushtoyfactoryhere.com\/es\/wp-json\/wp\/v2\/pages\/1627","targetHints":{"allow":["GET"]}}],"collection":[{"href":"https:\/\/plushtoyfactoryhere.com\/es\/wp-json\/wp\/v2\/pages"}],"about":[{"href":"https:\/\/plushtoyfactoryhere.com\/es\/wp-json\/wp\/v2\/types\/page"}],"author":[{"embeddable":true,"href":"https:\/\/plushtoyfactoryhere.com\/es\/wp-json\/wp\/v2\/users\/1"}],"replies":[{"embeddable":true,"href":"https:\/\/plushtoyfactoryhere.com\/es\/wp-json\/wp\/v2\/comments?post=1627"}],"version-history":[{"count":1,"href":"https:\/\/plushtoyfactoryhere.com\/es\/wp-json\/wp\/v2\/pages\/1627\/revisions"}],"predecessor-version":[{"id":1629,"href":"https:\/\/plushtoyfactoryhere.com\/es\/wp-json\/wp\/v2\/pages\/1627\/revisions\/1629"}],"up":[{"embeddable":true,"href":"https:\/\/plushtoyfactoryhere.com\/es\/wp-json\/wp\/v2\/pages\/1646"}],"wp:attachment":[{"href":"https:\/\/plushtoyfactoryhere.com\/es\/wp-json\/wp\/v2\/media?parent=1627"}],"curies":[{"name":"wp","href":"https:\/\/api.w.org\/{rel}","templated":true}]}}