{"id":1626,"date":"2025-08-20T18:04:53","date_gmt":"2025-08-20T18:04:53","guid":{"rendered":"https:\/\/plushtoyfactoryhere.com\/consejos-de-peluche\/"},"modified":"2025-08-21T20:06:42","modified_gmt":"2025-08-21T20:06:42","slug":"consejos-de-peluche","status":"publish","type":"page","link":"https:\/\/plushtoyfactoryhere.com\/es\/consejos-de-peluche\/","title":{"rendered":"CONSEJOS DE PELUCHE"},"content":{"rendered":"\n<h1 class=\"wp-block-heading\"><strong>Su gu\u00eda esencial de juguetes de peluche: Lo que hay que saber<\/strong><\/h1>\n\n<p>PlushToy Factory sabe que la calidad es importante para las empresas cuando se trata de juguetes de peluche. Por eso prestamos especial atenci\u00f3n a nuestros materiales y procesos de producci\u00f3n. Todos los clientes aprecian nuestras opciones de tejidos de felpa ecol\u00f3gicos y nuestro firme compromiso con el cumplimiento de las normativas internacionales de seguridad de los juguetes infantiles.  <\/p>\n\n<p>Y no s\u00f3lo eso: nuestro uso de materiales de embalaje biodegradables es una prueba clara de nuestra dedicaci\u00f3n a la producci\u00f3n sostenible de peluches.<\/p>\n\n<p>Con 20 a\u00f1os de experiencia como fabricantes de juguetes de peluche con certificados EN71, CE, CPSIA y trabajando con clientes internacionales de diversas culturas, hemos adquirido un profundo conocimiento del marketing empresarial en casi todos los pa\u00edses.<\/p>\n\n<p>Entendemos las preferencias culturales de cada pa\u00eds, los gustos de su p\u00fablico objetivo y la visi\u00f3n de cada marca. Somos expertos en crear peluches personalizados que encajen a la perfecci\u00f3n con todo ello. Cada cliente es especial para nosotros, y estamos orgullosos de ofrecer servicios de personalizaci\u00f3n completos.  <\/p>\n\n<p>Estas son algunas caracter\u00edsticas especiales que creemos que debe conocer sobre nuestra fabricaci\u00f3n de peluches personalizados.<\/p>\n\n<div class=\"wp-block-media-text is-stacked-on-mobile\"><figure class=\"wp-block-media-text__media\"><img loading=\"lazy\" decoding=\"async\" width=\"676\" height=\"494\" src=\"https:\/\/plushtoyfactoryhere.com\/wp-content\/uploads\/2025\/08\/93.jpg\" alt=\"\" class=\"wp-image-1051 size-full\" srcset=\"https:\/\/plushtoyfactoryhere.com\/wp-content\/uploads\/2025\/08\/93.jpg 676w, https:\/\/plushtoyfactoryhere.com\/wp-content\/uploads\/2025\/08\/93-300x219.jpg 300w\" sizes=\"auto, (max-width: 676px) 100vw, 676px\" \/><\/figure><div class=\"wp-block-media-text__content\">\n<h4 class=\"wp-block-heading\"><strong>Seguridad y cumplimiento de la normativa<\/strong><\/h4>\n\n\n\n<p>Como fabricante l\u00edder de peluches personalizados en todo el mundo, elaboramos animales de peluche y juguetes de felpa que cumplen las normativas internacionales de seguridad para juguetes de felpa, como las normas ASTM F963 y EN71. Nuestros clientes pueden estar seguros de que todos los peluches se someten a estrictas pruebas de seguridad para garantizar que cumplen las normas m\u00e1s exigentes del sector. <\/p>\n\n\n\n<ul class=\"wp-block-list\">\n<li><strong>Materiales ecol\u00f3gicos<\/strong>: Todos los peluches est\u00e1n fabricados con tejidos sostenibles y reciclados, como <strong>el poli\u00e9ster reciclado<\/strong>.<\/li>\n\n\n\n<li><strong>Cumple las normas de seguridad<\/strong>: Nuestros juguetes se someten a pruebas y superan las normas de seguridad de juguetes infantiles.<\/li>\n\n\n\n<li><strong>Cero sustancias qu\u00edmicas nocivas<\/strong>: No se utilizan sustancias nocivas en el proceso de fabricaci\u00f3n.<\/li>\n<\/ul>\n<\/div><\/div>\n\n<div class=\"wp-block-media-text has-media-on-the-right is-stacked-on-mobile\" style=\"grid-template-columns:auto 45%\"><div class=\"wp-block-media-text__content\">\n<h4 class=\"wp-block-heading\"><strong>Amplia selecci\u00f3n de tejidos de felpa personalizados<\/strong><\/h4>\n\n\n\n<p>Para los peluches personalizados hay una gran variedad de telas disponibles. Si no tiene en mente una tela espec\u00edfica, le recogeremos muestras de tela. Muchos peluches, como los osos de peluche, se fabrican con Minky, terciopelo PV, imitaci\u00f3n de piel de conejo o lana de cordero artificial.  <\/p>\n\n\n\n<p>Cada material difiere en textura, longitud del pelo y tacto. Nuestros expertos en dise\u00f1o le ayudar\u00e1n a elegir el mejor tejido para su proyecto en funci\u00f3n de factores como la adecuaci\u00f3n a la edad y su presupuesto. <\/p>\n\n\n\n<ul class=\"wp-block-list\">\n<li><strong>Selecci\u00f3n de materiales<\/strong>: Elija el tejido perfecto, desde la tela Minky hasta el terciopelo PV.<\/li>\n\n\n\n<li><strong>Suavidad y textura<\/strong>: Hecho a medida para una experiencia t\u00e1ctil adecuada para todas las edades.<\/li>\n\n\n\n<li><strong>Dise\u00f1os de peluches personalizados<\/strong>: Desde simples peluches hasta mascotas de peluche personalizadas, nos encargamos de todo.<\/li>\n<\/ul>\n<\/div><figure class=\"wp-block-media-text__media\"><img loading=\"lazy\" decoding=\"async\" width=\"741\" height=\"462\" src=\"https:\/\/plushtoyfactoryhere.com\/wp-content\/uploads\/2025\/08\/95.jpg\" alt=\"\" class=\"wp-image-1052 size-full\" srcset=\"https:\/\/plushtoyfactoryhere.com\/wp-content\/uploads\/2025\/08\/95.jpg 741w, https:\/\/plushtoyfactoryhere.com\/wp-content\/uploads\/2025\/08\/95-300x187.jpg 300w\" sizes=\"auto, (max-width: 741px) 100vw, 741px\" \/><\/figure><\/div>\n\n<div class=\"wp-block-media-text is-stacked-on-mobile\"><figure class=\"wp-block-media-text__media\"><img loading=\"lazy\" decoding=\"async\" width=\"783\" height=\"651\" src=\"https:\/\/plushtoyfactoryhere.com\/wp-content\/uploads\/2025\/08\/94.jpg\" alt=\"\" class=\"wp-image-1053 size-full\" srcset=\"https:\/\/plushtoyfactoryhere.com\/wp-content\/uploads\/2025\/08\/94.jpg 783w, https:\/\/plushtoyfactoryhere.com\/wp-content\/uploads\/2025\/08\/94-300x249.jpg 300w, https:\/\/plushtoyfactoryhere.com\/wp-content\/uploads\/2025\/08\/94-768x639.jpg 768w\" sizes=\"auto, (max-width: 783px) 100vw, 783px\" \/><\/figure><div class=\"wp-block-media-text__content\">\n<h4 class=\"wp-block-heading\"><strong>Personalizaci\u00f3n a medida para cada prop\u00f3sito<\/strong><\/h4>\n\n\n\n<p>Si desea transformar su disfraz de mascota o personajes de dibujos animados IP en juguetes de peluche o replicar productos existentes a partir de sus muestras o bocetos, podemos ayudarle. Como experto proveedor mayorista de peluches personalizados, nuestros tama\u00f1os van de 4\u2033 a 20\u2033 para sus necesidades personalizadas. Todos nuestros peluches est\u00e1n fabricados con tejidos de poli\u00e9ster reciclados y sostenibles, y cumplen o superan las normas de seguridad de los juguetes infantiles. Por favor, comparta sus ilustraciones y cantidades de la orden con nosotros para una cotizaci\u00f3n.   <\/p>\n\n\n\n<ul class=\"wp-block-list\">\n<li><strong>Servicios completos de personalizaci\u00f3n<\/strong>: Logotipos, bordados y dise\u00f1os personalizados.<\/li>\n\n\n\n<li><strong>Dise\u00f1os de mascotas y personajes<\/strong>: Da vida a la mascota o personaje de dibujos animados de tu marca.<\/li>\n\n\n\n<li><strong>Opciones de tama\u00f1o<\/strong>: Desde peque\u00f1os coleccionables hasta art\u00edculos promocionales de mayor tama\u00f1o<\/li>\n<\/ul>\n<\/div><\/div>\n\n<div class=\"wp-block-cover\" style=\"min-height:474px;aspect-ratio:unset;\"><span aria-hidden=\"true\" class=\"wp-block-cover__background has-palette-color-1-background-color has-background-dim-100 has-background-dim\"><\/span><div class=\"wp-block-cover__inner-container is-layout-constrained wp-block-cover-is-layout-constrained\">\n<h2 class=\"wp-block-heading\"><strong>Nuestro compromiso con el control de calidad y la artesan\u00eda<\/strong><\/h2>\n\n\n\n<p>Nuestro compromiso con la excelencia se refleja en nuestro meticuloso proceso de producci\u00f3n. Nuestro equipo especializado supervisa cada paso de la fabricaci\u00f3n de nuestros peluches para garantizar una elaboraci\u00f3n impecable en cada etapa. Cada lote se somete a varias inspecciones antes de ser empaquetado, como cepillado del pelo, limpieza, detecci\u00f3n de agujas, moldeado y pruebas de tracci\u00f3n. Tras estas comprobaciones, se realiza la inspecci\u00f3n final AQL 2,5 antes del env\u00edo.   <\/p>\n\n\n\n<ul class=\"wp-block-list\">\n<li><strong>Inspecci\u00f3n AQL 2,5<\/strong>: Garantizar que todos los peluches cumplen las normas de calidad.<\/li>\n\n\n\n<li><strong>Pruebas rigurosas<\/strong>: Incluidas la limpieza, el moldeado y la inspecci\u00f3n final.<\/li>\n\n\n\n<li><strong>Garant\u00eda de calidad<\/strong>: Cada peluche pasa por un control de calidad antes del env\u00edo.<\/li>\n<\/ul>\n\n\n\n<h4 class=\"wp-block-heading\"><strong>Alcance mundial y entrega r\u00e1pida<\/strong><\/h4>\n\n\n\n<p>Servimos a clientes de todo el mundo, entendemos las necesidades de los compradores globales y ofrecemos servicios de producci\u00f3n de felpa a granel con opciones de env\u00edo global. Tanto si se encuentra en EE. UU., Reino Unido, Alemania o Australia, realizamos entregas puntuales con un seguimiento transparente y un servicio fiable. <\/p>\n<\/div><\/div>\n\n<h2 class=\"wp-block-heading\"><strong>Opiniones de m\u00e1s de 1 mill\u00f3n de clientes satisfechos<\/strong><\/h2>\n\n<p>Con a\u00f1os de experiencia en la fabricaci\u00f3n de juguetes de felpa, nos hemos ganado una reputaci\u00f3n como fabricante de juguetes personalizados de confianza para empresas de todo el mundo. Vea lo que dicen nuestros clientes. <\/p>\n\n<div class=\"wp-block-stackable-carousel stk-block-carousel stk--is-slide stk--arrows-justify-space-between stk--arrows-align-center stk-block stk-4ac94ee\" data-slides-to-show=\"\" data-block-id=\"4ac94ee\"><div class=\"stk-block-carousel__content-wrapper\"><div class=\"stk-row stk-inner-blocks stk-block-content stk-block-carousel__slider-wrapper stk-content-align stk-4ac94ee-column\"><div class=\"stk-block-carousel__slider\" role=\"list\" data-autoplay=\"4000\" data-label-slide-of=\"Slide %%d of %%d\">\n<div class=\"wp-block-stackable-column stk-block-column stk-column stk-block stk-49b6bb2\" data-v=\"4\" data-block-id=\"49b6bb2\"><div class=\"stk-column-wrapper stk-block-column__content stk-container stk-49b6bb2-container stk--no-background stk--no-padding\"><div class=\"stk-block-content stk-inner-blocks stk-49b6bb2-inner-blocks\">\n<p><em>\u00abHa sido un placer colaborar con la f\u00e1brica Plushtoy. Llevamos tres a\u00f1os trabajando con ellos y siempre hemos recibido nuestros peluches a tiempo. Nuestro gestor de proyectos nos manten\u00eda al corriente de los plazos y la ubicaci\u00f3n de nuestros peluches para que nuestro equipo estuviera informado. Utilizamos nuestros mu\u00f1ecos como obsequio promocional y a los clientes siempre les encantan\u00bb.<\/em><strong><em> (Anika, Alemania) SnuggleSoft Creations<\/em><\/strong><\/p>\n<\/div><\/div><\/div>\n\n\n\n<div class=\"wp-block-stackable-column stk-block-column stk-column stk-block stk-679c0a9\" data-v=\"4\" data-block-id=\"679c0a9\"><div class=\"stk-column-wrapper stk-block-column__content stk-container stk-679c0a9-container stk--no-background stk--no-padding\"><div class=\"stk-block-content stk-inner-blocks stk-679c0a9-inner-blocks\">\n<p><em>\u00abNuestros peluches personalizados son siempre un gran \u00e9xito en las ferias comerciales. plush toy factory cre\u00f3 y entreg\u00f3 art\u00edculos promocionales que se ajustaban a nuestra estrategia de marketing de una forma divertida y \u00fanica\u00bb <\/em><strong><em>(James Alexander Smith, EE. UU.) Hugzy<\/em><\/strong><\/p>\n<\/div><\/div><\/div>\n\n\n\n<div class=\"wp-block-stackable-column stk-block-column stk-column stk-block stk-fbdf1f2\" data-v=\"4\" data-block-id=\"fbdf1f2\"><div class=\"stk-column-wrapper stk-block-column__content stk-container stk-fbdf1f2-container stk--no-background stk--no-padding\"><div class=\"stk-block-content stk-inner-blocks stk-fbdf1f2-inner-blocks\">\n<p><em>\u00abMe impresion\u00f3 la atenci\u00f3n que prestaron a los plazos y la rapidez con la que se crearon los presupuestos y prototipos. Estaba claro que la entrega a tiempo era una prioridad. Esto fue muy apreciado\u00bb. <\/em><strong><em>(Hiroshi Takahashi, Jap\u00f3n)<\/em><\/strong><\/p>\n<\/div><\/div><\/div>\n<\/div><div class=\"stk-block-carousel__buttons\"><button class=\"stk-block-carousel__button stk-block-carousel__button__prev\" aria-label=\"Previous slide\"><svg aria-hidden=\"true\" focusable=\"false\" data-prefix=\"fas\" data-icon=\"chevron-left\" class=\"svg-inline--fa fa-chevron-left\" xmlns=\"http:\/\/www.w3.org\/2000\/svg\" viewBox=\"0 0 320 512\" width=\"32\" height=\"32\"><path d=\"M34.52 239.03L228.87 44.69c9.37-9.37 24.57-9.37 33.94 0l22.67 22.67c9.36 9.36 9.37 24.52.04 33.9L131.49 256l154.02 154.75c9.34 9.38 9.32 24.54-.04 33.9l-22.67 22.67c-9.37 9.37-24.57 9.37-33.94 0L34.52 272.97c-9.37-9.37-9.37-24.57 0-33.94z\"><\/path><\/svg><\/button><button class=\"stk-block-carousel__button stk-block-carousel__button__next\" aria-label=\"Next slide\"><svg aria-hidden=\"true\" focusable=\"false\" data-prefix=\"fas\" data-icon=\"chevron-right\" class=\"svg-inline--fa fa-chevron-right\" xmlns=\"http:\/\/www.w3.org\/2000\/svg\" viewBox=\"0 0 320 512\" width=\"32\" height=\"32\"><path d=\"M285.476 272.971L91.132 467.314c-9.373 9.373-24.569 9.373-33.941 0l-22.667-22.667c-9.357-9.357-9.375-24.522-.04-33.901L188.505 256 34.484 101.255c-9.335-9.379-9.317-24.544.04-33.901l22.667-22.667c9.373-9.373 24.569-9.373 33.941 0L285.475 239.03c9.373 9.372 9.373 24.568.001 33.941z\"><\/path><\/svg><\/button><\/div><\/div><div class=\"stk-block-carousel__dots\" role=\"list\" data-label=\"Slide %%d\"><\/div><\/div><\/div>\n\n<hr class=\"wp-block-separator has-alpha-channel-opacity\"\/>\n\n<p><strong>Estamos aqu\u00ed para ayudarle, no importa si necesita peluches personalizados para promociones, mu\u00f1ecos de peluche al por mayor o art\u00edculos de marca.<\/strong><\/p>\n\n<h4 class=\"wp-block-heading\"><strong>\u00a1Empecemos a crear tus peluches personalizados!<\/strong><\/h4>\n\n<p><\/p>\n","protected":false},"excerpt":{"rendered":"<p>Su gu\u00eda esencial de juguetes de peluche: Lo que hay que saber PlushToy Factory sabe que la calidad es importante para las empresas cuando se trata de juguetes de peluche. Por eso prestamos especial atenci\u00f3n a nuestros materiales y procesos de producci\u00f3n. Todos los clientes aprecian nuestras opciones de tejidos de felpa ecol\u00f3gicos y nuestro [&hellip;]<\/p>\n","protected":false},"author":1,"featured_media":0,"parent":0,"menu_order":0,"comment_status":"closed","ping_status":"closed","template":"","meta":{"footnotes":""},"class_list":["post-1626","page","type-page","status-publish","hentry"],"blocksy_meta":[],"yoast_head":"<!-- This site is optimized with the Yoast SEO plugin v27.4 - https:\/\/yoast.com\/product\/yoast-seo-wordpress\/ -->\n<title>CONSEJOS DE PELUCHE - Plush Toy Manufacturer|Customized plush toys<\/title>\n<meta name=\"robots\" content=\"index, follow, max-snippet:-1, max-image-preview:large, max-video-preview:-1\" \/>\n<link rel=\"canonical\" href=\"https:\/\/plushtoyfactoryhere.com\/es\/consejos-de-peluche\/\" \/>\n<meta property=\"og:locale\" content=\"es_ES\" \/>\n<meta property=\"og:type\" content=\"article\" \/>\n<meta property=\"og:title\" content=\"CONSEJOS DE PELUCHE - Plush Toy Manufacturer|Customized plush toys\" \/>\n<meta property=\"og:description\" content=\"Su gu\u00eda esencial de juguetes de peluche: Lo que hay que saber PlushToy Factory sabe que la calidad es importante para las empresas cuando se trata de juguetes de peluche. Por eso prestamos especial atenci\u00f3n a nuestros materiales y procesos de producci\u00f3n. Todos los clientes aprecian nuestras opciones de tejidos de felpa ecol\u00f3gicos y nuestro [&hellip;]\" \/>\n<meta property=\"og:url\" content=\"https:\/\/plushtoyfactoryhere.com\/es\/consejos-de-peluche\/\" \/>\n<meta property=\"og:site_name\" content=\"Plush Toy Manufacturer|Customized plush toys\" \/>\n<meta property=\"article:publisher\" content=\"https:\/\/www.facebook.com\/plushtoyfactoryhere\" \/>\n<meta property=\"article:modified_time\" content=\"2025-08-21T20:06:42+00:00\" \/>\n<meta property=\"og:image\" content=\"https:\/\/plushtoyfactoryhere.com\/wp-content\/uploads\/2025\/08\/93.jpg\" \/>\n\t<meta property=\"og:image:width\" content=\"676\" \/>\n\t<meta property=\"og:image:height\" content=\"494\" \/>\n\t<meta property=\"og:image:type\" content=\"image\/jpeg\" \/>\n<meta name=\"twitter:card\" content=\"summary_large_image\" \/>\n<meta name=\"twitter:label1\" content=\"Tiempo de lectura\" \/>\n\t<meta name=\"twitter:data1\" content=\"5 minutos\" \/>\n<script type=\"application\/ld+json\" class=\"yoast-schema-graph\">{\"@context\":\"https:\\\/\\\/schema.org\",\"@graph\":[{\"@type\":\"WebPage\",\"@id\":\"https:\\\/\\\/plushtoyfactoryhere.com\\\/es\\\/consejos-de-peluche\\\/\",\"url\":\"https:\\\/\\\/plushtoyfactoryhere.com\\\/es\\\/consejos-de-peluche\\\/\",\"name\":\"CONSEJOS DE PELUCHE - Plush Toy Manufacturer|Customized plush toys\",\"isPartOf\":{\"@id\":\"https:\\\/\\\/plushtoyfactoryhere.com\\\/es\\\/#website\"},\"primaryImageOfPage\":{\"@id\":\"https:\\\/\\\/plushtoyfactoryhere.com\\\/es\\\/consejos-de-peluche\\\/#primaryimage\"},\"image\":{\"@id\":\"https:\\\/\\\/plushtoyfactoryhere.com\\\/es\\\/consejos-de-peluche\\\/#primaryimage\"},\"thumbnailUrl\":\"https:\\\/\\\/plushtoyfactoryhere.com\\\/wp-content\\\/uploads\\\/2025\\\/08\\\/93.jpg\",\"datePublished\":\"2025-08-20T18:04:53+00:00\",\"dateModified\":\"2025-08-21T20:06:42+00:00\",\"breadcrumb\":{\"@id\":\"https:\\\/\\\/plushtoyfactoryhere.com\\\/es\\\/consejos-de-peluche\\\/#breadcrumb\"},\"inLanguage\":\"es\",\"potentialAction\":[{\"@type\":\"ReadAction\",\"target\":[\"https:\\\/\\\/plushtoyfactoryhere.com\\\/es\\\/consejos-de-peluche\\\/\"]}]},{\"@type\":\"ImageObject\",\"inLanguage\":\"es\",\"@id\":\"https:\\\/\\\/plushtoyfactoryhere.com\\\/es\\\/consejos-de-peluche\\\/#primaryimage\",\"url\":\"https:\\\/\\\/plushtoyfactoryhere.com\\\/wp-content\\\/uploads\\\/2025\\\/08\\\/93.jpg\",\"contentUrl\":\"https:\\\/\\\/plushtoyfactoryhere.com\\\/wp-content\\\/uploads\\\/2025\\\/08\\\/93.jpg\"},{\"@type\":\"BreadcrumbList\",\"@id\":\"https:\\\/\\\/plushtoyfactoryhere.com\\\/es\\\/consejos-de-peluche\\\/#breadcrumb\",\"itemListElement\":[{\"@type\":\"ListItem\",\"position\":1,\"name\":\"Home\",\"item\":\"https:\\\/\\\/plushtoyfactoryhere.com\\\/es\\\/\"},{\"@type\":\"ListItem\",\"position\":2,\"name\":\"CONSEJOS DE PELUCHE\"}]},{\"@type\":\"WebSite\",\"@id\":\"https:\\\/\\\/plushtoyfactoryhere.com\\\/es\\\/#website\",\"url\":\"https:\\\/\\\/plushtoyfactoryhere.com\\\/es\\\/\",\"name\":\"FlushtoyFactory\",\"description\":\"As one of the top custom stuffed manufacturers, we help you design not only a stuffed toy but a product that will capture your audience\u2019s attention and help your brand gain exposure. Our personalized stuffed animals &amp; plush toys stand out as long term and effective promotional items for businesses worldwide.\",\"publisher\":{\"@id\":\"https:\\\/\\\/plushtoyfactoryhere.com\\\/es\\\/#organization\"},\"potentialAction\":[{\"@type\":\"SearchAction\",\"target\":{\"@type\":\"EntryPoint\",\"urlTemplate\":\"https:\\\/\\\/plushtoyfactoryhere.com\\\/es\\\/?s={search_term_string}\"},\"query-input\":{\"@type\":\"PropertyValueSpecification\",\"valueRequired\":true,\"valueName\":\"search_term_string\"}}],\"inLanguage\":\"es\"},{\"@type\":\"Organization\",\"@id\":\"https:\\\/\\\/plushtoyfactoryhere.com\\\/es\\\/#organization\",\"name\":\"Beijing PuYue YiPin Trading Co., Ltd.\",\"alternateName\":\"PuYue YiPin\",\"url\":\"https:\\\/\\\/plushtoyfactoryhere.com\\\/es\\\/\",\"logo\":{\"@type\":\"ImageObject\",\"inLanguage\":\"es\",\"@id\":\"https:\\\/\\\/plushtoyfactoryhere.com\\\/es\\\/#\\\/schema\\\/logo\\\/image\\\/\",\"url\":\"https:\\\/\\\/plushtoyfactoryhere.com\\\/wp-content\\\/uploads\\\/2025\\\/08\\\/logo1.png\",\"contentUrl\":\"https:\\\/\\\/plushtoyfactoryhere.com\\\/wp-content\\\/uploads\\\/2025\\\/08\\\/logo1.png\",\"width\":200,\"height\":200,\"caption\":\"Beijing PuYue YiPin Trading Co., Ltd.\"},\"image\":{\"@id\":\"https:\\\/\\\/plushtoyfactoryhere.com\\\/es\\\/#\\\/schema\\\/logo\\\/image\\\/\"},\"sameAs\":[\"https:\\\/\\\/www.facebook.com\\\/plushtoyfactoryhere\",\"https:\\\/\\\/www.linkedin.com\\\/in\\\/plush-toys-and-leather-case-bag\\\/\"]}]}<\/script>\n<!-- \/ Yoast SEO plugin. -->","yoast_head_json":{"title":"CONSEJOS DE PELUCHE - Plush Toy Manufacturer|Customized plush toys","robots":{"index":"index","follow":"follow","max-snippet":"max-snippet:-1","max-image-preview":"max-image-preview:large","max-video-preview":"max-video-preview:-1"},"canonical":"https:\/\/plushtoyfactoryhere.com\/es\/consejos-de-peluche\/","og_locale":"es_ES","og_type":"article","og_title":"CONSEJOS DE PELUCHE - Plush Toy Manufacturer|Customized plush toys","og_description":"Su gu\u00eda esencial de juguetes de peluche: Lo que hay que saber PlushToy Factory sabe que la calidad es importante para las empresas cuando se trata de juguetes de peluche. Por eso prestamos especial atenci\u00f3n a nuestros materiales y procesos de producci\u00f3n. Todos los clientes aprecian nuestras opciones de tejidos de felpa ecol\u00f3gicos y nuestro [&hellip;]","og_url":"https:\/\/plushtoyfactoryhere.com\/es\/consejos-de-peluche\/","og_site_name":"Plush Toy Manufacturer|Customized plush toys","article_publisher":"https:\/\/www.facebook.com\/plushtoyfactoryhere","article_modified_time":"2025-08-21T20:06:42+00:00","og_image":[{"width":676,"height":494,"url":"https:\/\/plushtoyfactoryhere.com\/wp-content\/uploads\/2025\/08\/93.jpg","type":"image\/jpeg"}],"twitter_card":"summary_large_image","twitter_misc":{"Tiempo de lectura":"5 minutos"},"schema":{"@context":"https:\/\/schema.org","@graph":[{"@type":"WebPage","@id":"https:\/\/plushtoyfactoryhere.com\/es\/consejos-de-peluche\/","url":"https:\/\/plushtoyfactoryhere.com\/es\/consejos-de-peluche\/","name":"CONSEJOS DE PELUCHE - Plush Toy Manufacturer|Customized plush toys","isPartOf":{"@id":"https:\/\/plushtoyfactoryhere.com\/es\/#website"},"primaryImageOfPage":{"@id":"https:\/\/plushtoyfactoryhere.com\/es\/consejos-de-peluche\/#primaryimage"},"image":{"@id":"https:\/\/plushtoyfactoryhere.com\/es\/consejos-de-peluche\/#primaryimage"},"thumbnailUrl":"https:\/\/plushtoyfactoryhere.com\/wp-content\/uploads\/2025\/08\/93.jpg","datePublished":"2025-08-20T18:04:53+00:00","dateModified":"2025-08-21T20:06:42+00:00","breadcrumb":{"@id":"https:\/\/plushtoyfactoryhere.com\/es\/consejos-de-peluche\/#breadcrumb"},"inLanguage":"es","potentialAction":[{"@type":"ReadAction","target":["https:\/\/plushtoyfactoryhere.com\/es\/consejos-de-peluche\/"]}]},{"@type":"ImageObject","inLanguage":"es","@id":"https:\/\/plushtoyfactoryhere.com\/es\/consejos-de-peluche\/#primaryimage","url":"https:\/\/plushtoyfactoryhere.com\/wp-content\/uploads\/2025\/08\/93.jpg","contentUrl":"https:\/\/plushtoyfactoryhere.com\/wp-content\/uploads\/2025\/08\/93.jpg"},{"@type":"BreadcrumbList","@id":"https:\/\/plushtoyfactoryhere.com\/es\/consejos-de-peluche\/#breadcrumb","itemListElement":[{"@type":"ListItem","position":1,"name":"Home","item":"https:\/\/plushtoyfactoryhere.com\/es\/"},{"@type":"ListItem","position":2,"name":"CONSEJOS DE PELUCHE"}]},{"@type":"WebSite","@id":"https:\/\/plushtoyfactoryhere.com\/es\/#website","url":"https:\/\/plushtoyfactoryhere.com\/es\/","name":"FlushtoyFactory","description":"As one of the top custom stuffed manufacturers, we help you design not only a stuffed toy but a product that will capture your audience\u2019s attention and help your brand gain exposure. Our personalized stuffed animals &amp; plush toys stand out as long term and effective promotional items for businesses worldwide.","publisher":{"@id":"https:\/\/plushtoyfactoryhere.com\/es\/#organization"},"potentialAction":[{"@type":"SearchAction","target":{"@type":"EntryPoint","urlTemplate":"https:\/\/plushtoyfactoryhere.com\/es\/?s={search_term_string}"},"query-input":{"@type":"PropertyValueSpecification","valueRequired":true,"valueName":"search_term_string"}}],"inLanguage":"es"},{"@type":"Organization","@id":"https:\/\/plushtoyfactoryhere.com\/es\/#organization","name":"Beijing PuYue YiPin Trading Co., Ltd.","alternateName":"PuYue YiPin","url":"https:\/\/plushtoyfactoryhere.com\/es\/","logo":{"@type":"ImageObject","inLanguage":"es","@id":"https:\/\/plushtoyfactoryhere.com\/es\/#\/schema\/logo\/image\/","url":"https:\/\/plushtoyfactoryhere.com\/wp-content\/uploads\/2025\/08\/logo1.png","contentUrl":"https:\/\/plushtoyfactoryhere.com\/wp-content\/uploads\/2025\/08\/logo1.png","width":200,"height":200,"caption":"Beijing PuYue YiPin Trading Co., Ltd."},"image":{"@id":"https:\/\/plushtoyfactoryhere.com\/es\/#\/schema\/logo\/image\/"},"sameAs":["https:\/\/www.facebook.com\/plushtoyfactoryhere","https:\/\/www.linkedin.com\/in\/plush-toys-and-leather-case-bag\/"]}]}},"_links":{"self":[{"href":"https:\/\/plushtoyfactoryhere.com\/es\/wp-json\/wp\/v2\/pages\/1626","targetHints":{"allow":["GET"]}}],"collection":[{"href":"https:\/\/plushtoyfactoryhere.com\/es\/wp-json\/wp\/v2\/pages"}],"about":[{"href":"https:\/\/plushtoyfactoryhere.com\/es\/wp-json\/wp\/v2\/types\/page"}],"author":[{"embeddable":true,"href":"https:\/\/plushtoyfactoryhere.com\/es\/wp-json\/wp\/v2\/users\/1"}],"replies":[{"embeddable":true,"href":"https:\/\/plushtoyfactoryhere.com\/es\/wp-json\/wp\/v2\/comments?post=1626"}],"version-history":[{"count":1,"href":"https:\/\/plushtoyfactoryhere.com\/es\/wp-json\/wp\/v2\/pages\/1626\/revisions"}],"predecessor-version":[{"id":1628,"href":"https:\/\/plushtoyfactoryhere.com\/es\/wp-json\/wp\/v2\/pages\/1626\/revisions\/1628"}],"wp:attachment":[{"href":"https:\/\/plushtoyfactoryhere.com\/es\/wp-json\/wp\/v2\/media?parent=1626"}],"curies":[{"name":"wp","href":"https:\/\/api.w.org\/{rel}","templated":true}]}}