{"id":1623,"date":"2025-08-19T16:23:02","date_gmt":"2025-08-19T16:23:02","guid":{"rendered":"https:\/\/plushtoyfactoryhere.com\/mantas-de-felpa-personalizadas\/"},"modified":"2025-08-21T20:06:42","modified_gmt":"2025-08-21T20:06:42","slug":"mantas-de-felpa-personalizadas","status":"publish","type":"page","link":"https:\/\/plushtoyfactoryhere.com\/es\/ejemplos\/mantas-de-felpa-personalizadas\/","title":{"rendered":"Mantas de felpa personalizadas"},"content":{"rendered":"\n<h1 class=\"wp-block-heading\"><strong>Mantas de felpa personalizadas al por mayor para empresas internacionales<\/strong><\/h1>\n\n<p>Plushtoy Factory es su socio de confianza en mantas de felpa personalizadas. Durante los \u00faltimos 20 a\u00f1os hemos entregado mantas personalizadas a granel para regalos promocionales, mantas bordadas personalizadas para regalos de empresa o mantas de felpa de marca para ventas al por menor. Todas nuestras mantas personalizadas reflejan los valores de su marca. Suministramos calidad a EE.UU. y a toda Europa.   <\/p>\n\n<figure class=\"wp-block-gallery has-nested-images columns-default is-cropped wp-block-gallery-1 is-layout-flex wp-block-gallery-is-layout-flex\">\n<figure class=\"wp-block-image size-large\"><img loading=\"lazy\" decoding=\"async\" width=\"746\" height=\"711\" data-id=\"1024\" src=\"https:\/\/plushtoyfactoryhere.com\/wp-content\/uploads\/2025\/08\/84.jpg\" alt=\"\" class=\"wp-image-1024\" srcset=\"https:\/\/plushtoyfactoryhere.com\/wp-content\/uploads\/2025\/08\/84.jpg 746w, https:\/\/plushtoyfactoryhere.com\/wp-content\/uploads\/2025\/08\/84-300x286.jpg 300w\" sizes=\"auto, (max-width: 746px) 100vw, 746px\" \/><\/figure>\n\n\n\n<figure class=\"wp-block-image size-large\"><img loading=\"lazy\" decoding=\"async\" width=\"749\" height=\"720\" data-id=\"1023\" src=\"https:\/\/plushtoyfactoryhere.com\/wp-content\/uploads\/2025\/08\/85.jpg\" alt=\"\" class=\"wp-image-1023\" srcset=\"https:\/\/plushtoyfactoryhere.com\/wp-content\/uploads\/2025\/08\/85.jpg 749w, https:\/\/plushtoyfactoryhere.com\/wp-content\/uploads\/2025\/08\/85-300x288.jpg 300w\" sizes=\"auto, (max-width: 749px) 100vw, 749px\" \/><\/figure>\n<\/figure>\n\n<h2 class=\"wp-block-heading\"><strong>Nuestras mantas personalizadas con logotipo destacan: \u00bfPor qu\u00e9?<\/strong><\/h2>\n\n<div class=\"wp-block-cover\" style=\"min-height:317px;aspect-ratio:unset;\"><span aria-hidden=\"true\" class=\"wp-block-cover__background has-palette-color-1-background-color has-background-dim-100 has-background-dim\"><\/span><div class=\"wp-block-cover__inner-container is-layout-constrained wp-block-cover-is-layout-constrained\">\n<h3 class=\"wp-block-heading\"><strong>Adapte sus mantas de felpa sin l\u00edmites<\/strong><\/h3>\n\n\n\n<p>Nuestras mantas de felpa personalizadas est\u00e1n dise\u00f1adas para elevar la presencia de su marca. Puede personalizar cada detalle, desde el tejido y el color hasta el logotipo y el dise\u00f1o. Fabricamos mantas de forro polar personalizadas de alta calidad, mantas de sherpa y muchas m\u00e1s mantas de felpa que las empresas pueden utilizar como art\u00edculos promocionales que reflejen la identidad de su marca.  <\/p>\n\n\n\n<ul class=\"wp-block-list\">\n<li><strong>Bordado y serigraf\u00eda<\/strong><\/li>\n\n\n\n<li><strong>Mantas personalizadas ecol\u00f3gicas<\/strong><\/li>\n\n\n\n<li><strong>Variedad de estilos (desde mantas de lana para picnic hasta mantas de sherpa ultrasuaves)<\/strong><\/li>\n<\/ul>\n<\/div><\/div>\n\n<div class=\"wp-block-cover\" style=\"min-height:342px;aspect-ratio:unset;\"><span aria-hidden=\"true\" class=\"wp-block-cover__background has-palette-color-5-background-color has-background-dim-100 has-background-dim\"><\/span><div class=\"wp-block-cover__inner-container is-layout-constrained wp-block-cover-is-layout-constrained\">\n<div class=\"wp-block-cover\" style=\"min-height:288px;aspect-ratio:unset;\"><span aria-hidden=\"true\" class=\"wp-block-cover__background has-palette-color-5-background-color has-background-dim-100 has-background-dim\"><\/span><div class=\"wp-block-cover__inner-container is-layout-constrained wp-block-cover-is-layout-constrained\">\n<h3 class=\"wp-block-heading\"><strong><span style=\"color: var(--theme-palette-color-4, #0a0500);\" class=\"stk-highlight\">Manta con Logotipo: Pedidos al por mayor<\/span><\/strong><\/h3>\n\n\n\n<p><span style=\"color: var(--theme-palette-color-4, #0a0500);\" class=\"stk-highlight\">Ofrecemos flexibilidad para todo tipo de empresas, tanto si necesita grandes cantidades de mantas personalizadas para promociones a gran escala como si necesita un pedido peque\u00f1o para un evento espec\u00edfico. Puede confiar en nosotros para una producci\u00f3n rentable y unos plazos de entrega r\u00e1pidos. <\/span><\/p>\n\n\n\n<ul class=\"wp-block-list\">\n<li><span style=\"color: var(--theme-palette-color-4, #0a0500);\" class=\"stk-highlight\"><strong>MOQ flexible<\/strong><strong>(desde grandes pedidos a granel<\/strong> hasta <strong>peque\u00f1os pedidos personalizados<\/strong>)<\/span><\/li>\n\n\n\n<li><strong><span style=\"color: var(--theme-palette-color-4, #0a0500);\" class=\"stk-highlight\">Precios reducidos (30% + de ahorro frente a los proveedores occidentales)<\/span><\/strong><\/li>\n\n\n\n<li><strong><span style=\"color: var(--theme-palette-color-4, #0a0500);\" class=\"stk-highlight\">Producci\u00f3n eficaz<\/span><\/strong><\/li>\n<\/ul>\n<\/div><\/div>\n<\/div><\/div>\n\n<div class=\"wp-block-cover\" style=\"min-height:233px;aspect-ratio:unset;\"><span aria-hidden=\"true\" class=\"wp-block-cover__background has-palette-color-1-background-color has-background-dim-100 has-background-dim\"><\/span><div class=\"wp-block-cover__inner-container is-layout-constrained wp-block-cover-is-layout-constrained\">\n<h3 class=\"wp-block-heading\"><strong>Personalizaci\u00f3n de todas las mantas de felpa<\/strong><\/h3>\n\n\n\n<p>Ofrecemos varias opciones de personalizaci\u00f3n para que sus mantas sean exactamente como las imagina.<\/p>\n\n\n\n<ul class=\"wp-block-list\">\n<li><strong>Personalizaci\u00f3n del logotipo<\/strong><strong>(bordado<\/strong>, <strong>serigraf\u00eda<\/strong> o <strong>impresi\u00f3n por sublimaci\u00f3n<\/strong>)<\/li>\n\n\n\n<li><strong>Maquetas 3D en s\u00f3lo 48 horas y prototipos en 15 d\u00edas<\/strong><\/li>\n<\/ul>\n<\/div><\/div>\n\n<div class=\"wp-block-cover\" style=\"min-height:260px;aspect-ratio:unset;\"><span aria-hidden=\"true\" class=\"wp-block-cover__background has-palette-color-5-background-color has-background-dim-100 has-background-dim\"><\/span><div class=\"wp-block-cover__inner-container is-layout-constrained wp-block-cover-is-layout-constrained\">\n<h3 class=\"wp-block-heading\"><strong><span style=\"color: var(--theme-palette-color-4, #0a0500);\" class=\"stk-highlight\">Normas de calidad inflexibles<\/span><\/strong><\/h3>\n\n\n\n<p><span style=\"color: var(--theme-palette-color-4, #0a0500);\" class=\"stk-highlight\">Nos enorgullece ofrecer productos que cumplen las normas m\u00e1s estrictas. Cada manta de felpa personalizada se somete a un riguroso control de calidad para garantizar su consistencia y durabilidad. <\/span><\/p>\n\n\n\n<ul class=\"wp-block-list\">\n<li><strong><span style=\"color: var(--theme-palette-color-4, #0a0500);\" class=\"stk-highlight\">Rigurosas inspecciones AQL 2,5 y certificadas (EN71, CE, CPSIA)<\/span><\/strong><\/li>\n\n\n\n<li><strong><span style=\"color: var(--theme-palette-color-4, #0a0500);\" class=\"stk-highlight\">Mantas de felpa duraderas<\/span><\/strong><\/li>\n<\/ul>\n<\/div><\/div>\n\n<div class=\"wp-block-cover\" style=\"min-height:263px;aspect-ratio:unset;\"><span aria-hidden=\"true\" class=\"wp-block-cover__background has-palette-color-1-background-color has-background-dim-100 has-background-dim\"><\/span><div class=\"wp-block-cover__inner-container is-layout-constrained wp-block-cover-is-layout-constrained\">\n<h3 class=\"wp-block-heading\"><strong>Enviar mantas de felpa con logotipo personalizado a todo el mundo<\/strong><\/h3>\n\n\n\n<p>Enviamos <strong>mantas de felpa personalizadas<\/strong> a empresas de todo el mundo, para que reciba su pedido est\u00e9 donde est\u00e9. Tanto si se encuentra en <strong>EE. UU.<\/strong>, <strong>Reino Unido<\/strong>, <strong>Alemania<\/strong>, <strong>Australia<\/strong> o <strong>Jap\u00f3n<\/strong>, lo tenemos cubierto. <\/p>\n\n\n\n<ul class=\"wp-block-list\">\n<li><strong>Opciones de env\u00edo flexibles (FOB, EXW y preparaci\u00f3n para Amazon FBA)<\/strong><\/li>\n\n\n\n<li><strong>Entrega siempre puntual<\/strong><\/li>\n<\/ul>\n<\/div><\/div>\n\n<h2 class=\"wp-block-heading\"><strong>Mantas promocionales de felpa personalizadas para impactar<\/strong><\/h2>\n\n<h5 class=\"wp-block-heading\"><strong>Mejorar el reconocimiento de marca<\/strong><\/h5>\n\n<p>Las mantas de felpa personalizadas con su logotipo son una forma excelente de promocionar su marca. Util\u00edcelas como regalos de empresa, obsequios promocionales o en ventas al por menor para aumentar su visibilidad. <\/p>\n\n<h5 class=\"wp-block-heading\"><strong>Mejorar el compromiso de los empleados y el aprecio de los clientes<\/strong><\/h5>\n\n<p>Las mantas de felpa personalizadas pueden ayudar a levantar la moral de los empleados y demostrar a sus clientes que se preocupa por ellos. Las mantas de marca de alta calidad dejan una impresi\u00f3n duradera y fomentan la fidelidad. <\/p>\n\n<h5 class=\"wp-block-heading\"><strong>Versatilidad para eventos<\/strong><\/h5>\n\n<p>Desde <strong>ferias comerciales<\/strong> a <strong>eventos corporativos<\/strong>, las mantas de felpa personalizadas son un excelente obsequio. Tambi\u00e9n son perfectas para <strong>colecciones minoristas<\/strong>, ya que le ayudar\u00e1n a destacar en un mercado saturado. <\/p>\n\n<h2 class=\"wp-block-heading\"><strong>C\u00f3mo trabajamos: Su proceso de manta de felpa personalizada en 3 pasos<\/strong><\/h2>\n\n<p>1<strong>.Consulta y dise\u00f1o<\/strong>: Comparta su visi\u00f3n con nosotros. Nuestro equipo le ayudar\u00e1 con las preferencias de dise\u00f1o y le proporcionar\u00e1 <strong>maquetas en 3D<\/strong> para su aprobaci\u00f3n. <\/p>\n\n<p>2<strong>.Creaci\u00f3n de prototipos<\/strong>: Le entregamos una <strong>muestra f\u00edsica<\/strong> de su manta personalizada para asegurarnos de que cumple sus expectativas.<\/p>\n\n<p>3<strong>.Producci\u00f3n y entrega<\/strong>: Una vez aprobadas, comenzaremos la producci\u00f3n en masa y enviaremos sus mantas en un plazo de <strong>30 a 45 d\u00edas<\/strong>, garantizando una entrega puntual.<\/p>\n\n<div class=\"wp-block-cover\" style=\"min-height:327px;aspect-ratio:unset;\"><span aria-hidden=\"true\" class=\"wp-block-cover__background has-palette-color-1-background-color has-background-dim-100 has-background-dim\"><\/span><div class=\"wp-block-cover__inner-container is-layout-constrained wp-block-cover-is-layout-constrained\">\n<h2 class=\"wp-block-heading\"><strong>Testimonios de m\u00e1s de 1 mill\u00f3n de clientes en todo el mundo<\/strong><\/h2>\n\n\n\n<p>Hemos establecido relaciones duraderas con marcas mundiales como IKEA, licenciatarios de Disney, SnuggleSoft y Hugzy Creations. Esto es lo que dicen nuestros clientes: <\/p>\n\n\n\n<ul class=\"wp-block-list\">\n<li><em>\u00abPlushtoy Factory ha entregado sistem\u00e1ticamente nuestras mochilas de felpa a tiempo. La calidad es excepcional y hemos recibido muy buenas opiniones de nuestros clientes.\u00bb &#8211; Anika, Alemania<\/em><\/li>\n\n\n\n<li><em>\u00abRealmente impresionados con su trabajo, nuestros ositos de peluche estaban finamente cosidos y utilizaron tela de alta calidad, a mis clientes les encantan. muchas gracias por su duro trabajo\u00bb. (Emily Grace Johnson, EE.UU.) Objetivo local<\/em><\/li>\n<\/ul>\n<\/div><\/div>\n\n<h2 class=\"wp-block-heading\"><strong>Preguntas frecuentes<\/strong><\/h2>\n\n<h5 class=\"wp-block-heading\">1<strong>.\u00bfCu\u00e1l es la cantidad m\u00ednima de pedido de mantas de felpa personalizadas?<\/strong><\/h5>\n\n<p>Ofrecemos cantidades m\u00ednimas de pedido (MOQ) flexibles, a partir de 500 unidades, y descuentos en cantidades superiores.<\/p>\n\n<h5 class=\"wp-block-heading\">2<strong>.\u00bfCu\u00e1nto se tarda en fabricar mantas de felpa personalizadas?<\/strong><\/h5>\n\n<p>Se tarda unos 15 d\u00edas en la producci\u00f3n de muestras y entre 30 y 45 en la producci\u00f3n a granel, en funci\u00f3n de la cantidad del pedido.<\/p>\n\n<h5 class=\"wp-block-heading\">3<strong>.\u00bfPuedo obtener una muestra antes de hacer un pedido al por mayor?<\/strong><\/h5>\n\n<p>S\u00ed, proporcionamos muestras para su aprobaci\u00f3n antes de proceder a la producci\u00f3n a granel. Las muestras f\u00edsicas suelen estar listas en un plazo de 10 a 15 d\u00edas. <\/p>\n\n<h5 class=\"wp-block-heading\">4<strong>.\u00bfQu\u00e9 certificaciones de seguridad tienen sus mantas de felpa?<\/strong><\/h5>\n\n<p>Todos nuestros productos de felpa cumplen las normas internacionales de seguridad, como las certificaciones EN71, CE y CPSIA.<\/p>\n\n<h5 class=\"wp-block-heading\">5<strong>.\u00bfOfrecen mantas de felpa ecol\u00f3gicas?<\/strong><\/h5>\n\n<p>Por supuesto. Ofrecemos una gama de tejidos seguros y ecol\u00f3gicos para su manta de felpa, incluidos tejidos hipoalerg\u00e9nicos y opciones recicladas. <\/p>\n\n<h2 class=\"wp-block-heading\"><strong>\u00a1Consiga hoy mismo sus mantas de felpa personalizadas!<\/strong><\/h2>\n\n<p>No se preocupe si busca mantas promocionales o mantas bordadas personalizadas al por mayor: tenemos todas las soluciones para su empresa. Nuestra dedicaci\u00f3n a la calidad, la seguridad y el servicio al cliente hace posible nuestro \u00e9xito con marcas l\u00edderes mundiales. <\/p>\n\n<p>P\u00f3ngase en contacto con nosotros hoy mismo para solicitar un presupuesto gratuito y comenzar su viaje de promoci\u00f3n de mantas de felpa personalizadas.<\/p>\n","protected":false},"excerpt":{"rendered":"<p>Mantas de felpa personalizadas al por mayor para empresas internacionales Plushtoy Factory es su socio de confianza en mantas de felpa personalizadas. Durante los \u00faltimos 20 a\u00f1os hemos entregado mantas personalizadas a granel para regalos promocionales, mantas bordadas personalizadas para regalos de empresa o mantas de felpa de marca para ventas al por menor. Todas [&hellip;]<\/p>\n","protected":false},"author":1,"featured_media":0,"parent":1646,"menu_order":0,"comment_status":"closed","ping_status":"closed","template":"","meta":{"footnotes":""},"class_list":["post-1623","page","type-page","status-publish","hentry"],"blocksy_meta":[],"yoast_head":"<!-- This site is optimized with the Yoast SEO plugin v26.6 - https:\/\/yoast.com\/wordpress\/plugins\/seo\/ -->\n<title>Mantas de felpa personalizadas - Plush Toy Manufacturer|Customized plush toys<\/title>\n<meta name=\"robots\" content=\"index, follow, max-snippet:-1, max-image-preview:large, max-video-preview:-1\" \/>\n<link rel=\"canonical\" href=\"https:\/\/plushtoyfactoryhere.com\/es\/ejemplos\/mantas-de-felpa-personalizadas\/\" \/>\n<meta property=\"og:locale\" content=\"es_ES\" \/>\n<meta property=\"og:type\" content=\"article\" \/>\n<meta property=\"og:title\" content=\"Mantas de felpa personalizadas - Plush Toy Manufacturer|Customized plush toys\" \/>\n<meta property=\"og:description\" content=\"Mantas de felpa personalizadas al por mayor para empresas internacionales Plushtoy Factory es su socio de confianza en mantas de felpa personalizadas. Durante los \u00faltimos 20 a\u00f1os hemos entregado mantas personalizadas a granel para regalos promocionales, mantas bordadas personalizadas para regalos de empresa o mantas de felpa de marca para ventas al por menor. Todas [&hellip;]\" \/>\n<meta property=\"og:url\" content=\"https:\/\/plushtoyfactoryhere.com\/es\/ejemplos\/mantas-de-felpa-personalizadas\/\" \/>\n<meta property=\"og:site_name\" content=\"Plush Toy Manufacturer|Customized plush toys\" \/>\n<meta property=\"article:publisher\" content=\"https:\/\/www.facebook.com\/plushtoyfactoryhere\" \/>\n<meta property=\"article:modified_time\" content=\"2025-08-21T20:06:42+00:00\" \/>\n<meta property=\"og:image\" content=\"https:\/\/plushtoyfactoryhere.com\/wp-content\/uploads\/2025\/08\/84.jpg\" \/>\n\t<meta property=\"og:image:width\" content=\"746\" \/>\n\t<meta property=\"og:image:height\" content=\"711\" \/>\n\t<meta property=\"og:image:type\" content=\"image\/jpeg\" \/>\n<meta name=\"twitter:card\" content=\"summary_large_image\" \/>\n<meta name=\"twitter:label1\" content=\"Tiempo de lectura\" \/>\n\t<meta name=\"twitter:data1\" content=\"5 minutos\" \/>\n<script type=\"application\/ld+json\" class=\"yoast-schema-graph\">{\"@context\":\"https:\/\/schema.org\",\"@graph\":[{\"@type\":\"WebPage\",\"@id\":\"https:\/\/plushtoyfactoryhere.com\/es\/ejemplos\/mantas-de-felpa-personalizadas\/\",\"url\":\"https:\/\/plushtoyfactoryhere.com\/es\/ejemplos\/mantas-de-felpa-personalizadas\/\",\"name\":\"Mantas de felpa personalizadas - Plush Toy Manufacturer|Customized plush toys\",\"isPartOf\":{\"@id\":\"https:\/\/plushtoyfactoryhere.com\/es\/#website\"},\"primaryImageOfPage\":{\"@id\":\"https:\/\/plushtoyfactoryhere.com\/es\/ejemplos\/mantas-de-felpa-personalizadas\/#primaryimage\"},\"image\":{\"@id\":\"https:\/\/plushtoyfactoryhere.com\/es\/ejemplos\/mantas-de-felpa-personalizadas\/#primaryimage\"},\"thumbnailUrl\":\"https:\/\/plushtoyfactoryhere.com\/wp-content\/uploads\/2025\/08\/84.jpg\",\"datePublished\":\"2025-08-19T16:23:02+00:00\",\"dateModified\":\"2025-08-21T20:06:42+00:00\",\"breadcrumb\":{\"@id\":\"https:\/\/plushtoyfactoryhere.com\/es\/ejemplos\/mantas-de-felpa-personalizadas\/#breadcrumb\"},\"inLanguage\":\"es\",\"potentialAction\":[{\"@type\":\"ReadAction\",\"target\":[\"https:\/\/plushtoyfactoryhere.com\/es\/ejemplos\/mantas-de-felpa-personalizadas\/\"]}]},{\"@type\":\"ImageObject\",\"inLanguage\":\"es\",\"@id\":\"https:\/\/plushtoyfactoryhere.com\/es\/ejemplos\/mantas-de-felpa-personalizadas\/#primaryimage\",\"url\":\"https:\/\/plushtoyfactoryhere.com\/wp-content\/uploads\/2025\/08\/84.jpg\",\"contentUrl\":\"https:\/\/plushtoyfactoryhere.com\/wp-content\/uploads\/2025\/08\/84.jpg\"},{\"@type\":\"BreadcrumbList\",\"@id\":\"https:\/\/plushtoyfactoryhere.com\/es\/ejemplos\/mantas-de-felpa-personalizadas\/#breadcrumb\",\"itemListElement\":[{\"@type\":\"ListItem\",\"position\":1,\"name\":\"Home\",\"item\":\"https:\/\/plushtoyfactoryhere.com\/es\/\"},{\"@type\":\"ListItem\",\"position\":2,\"name\":\"Mantas de felpa personalizadas\"}]},{\"@type\":\"WebSite\",\"@id\":\"https:\/\/plushtoyfactoryhere.com\/es\/#website\",\"url\":\"https:\/\/plushtoyfactoryhere.com\/es\/\",\"name\":\"FlushtoyFactory\",\"description\":\"As one of the top custom stuffed manufacturers, we help you design not only a stuffed toy but a product that will capture your audience\u2019s attention and help your brand gain exposure. Our personalized stuffed animals &amp; plush toys stand out as long term and effective promotional items for businesses worldwide.\",\"publisher\":{\"@id\":\"https:\/\/plushtoyfactoryhere.com\/es\/#organization\"},\"potentialAction\":[{\"@type\":\"SearchAction\",\"target\":{\"@type\":\"EntryPoint\",\"urlTemplate\":\"https:\/\/plushtoyfactoryhere.com\/es\/?s={search_term_string}\"},\"query-input\":{\"@type\":\"PropertyValueSpecification\",\"valueRequired\":true,\"valueName\":\"search_term_string\"}}],\"inLanguage\":\"es\"},{\"@type\":\"Organization\",\"@id\":\"https:\/\/plushtoyfactoryhere.com\/es\/#organization\",\"name\":\"Beijing PuYue YiPin Trading Co., Ltd.\",\"alternateName\":\"PuYue YiPin\",\"url\":\"https:\/\/plushtoyfactoryhere.com\/es\/\",\"logo\":{\"@type\":\"ImageObject\",\"inLanguage\":\"es\",\"@id\":\"https:\/\/plushtoyfactoryhere.com\/es\/#\/schema\/logo\/image\/\",\"url\":\"https:\/\/plushtoyfactoryhere.com\/wp-content\/uploads\/2025\/08\/logo1.png\",\"contentUrl\":\"https:\/\/plushtoyfactoryhere.com\/wp-content\/uploads\/2025\/08\/logo1.png\",\"width\":200,\"height\":200,\"caption\":\"Beijing PuYue YiPin Trading Co., Ltd.\"},\"image\":{\"@id\":\"https:\/\/plushtoyfactoryhere.com\/es\/#\/schema\/logo\/image\/\"},\"sameAs\":[\"https:\/\/www.facebook.com\/plushtoyfactoryhere\",\"https:\/\/www.linkedin.com\/in\/plush-toys-and-leather-case-bag\/\"]}]}<\/script>\n<!-- \/ Yoast SEO plugin. -->","yoast_head_json":{"title":"Mantas de felpa personalizadas - Plush Toy Manufacturer|Customized plush toys","robots":{"index":"index","follow":"follow","max-snippet":"max-snippet:-1","max-image-preview":"max-image-preview:large","max-video-preview":"max-video-preview:-1"},"canonical":"https:\/\/plushtoyfactoryhere.com\/es\/ejemplos\/mantas-de-felpa-personalizadas\/","og_locale":"es_ES","og_type":"article","og_title":"Mantas de felpa personalizadas - Plush Toy Manufacturer|Customized plush toys","og_description":"Mantas de felpa personalizadas al por mayor para empresas internacionales Plushtoy Factory es su socio de confianza en mantas de felpa personalizadas. Durante los \u00faltimos 20 a\u00f1os hemos entregado mantas personalizadas a granel para regalos promocionales, mantas bordadas personalizadas para regalos de empresa o mantas de felpa de marca para ventas al por menor. Todas [&hellip;]","og_url":"https:\/\/plushtoyfactoryhere.com\/es\/ejemplos\/mantas-de-felpa-personalizadas\/","og_site_name":"Plush Toy Manufacturer|Customized plush toys","article_publisher":"https:\/\/www.facebook.com\/plushtoyfactoryhere","article_modified_time":"2025-08-21T20:06:42+00:00","og_image":[{"width":746,"height":711,"url":"https:\/\/plushtoyfactoryhere.com\/wp-content\/uploads\/2025\/08\/84.jpg","type":"image\/jpeg"}],"twitter_card":"summary_large_image","twitter_misc":{"Tiempo de lectura":"5 minutos"},"schema":{"@context":"https:\/\/schema.org","@graph":[{"@type":"WebPage","@id":"https:\/\/plushtoyfactoryhere.com\/es\/ejemplos\/mantas-de-felpa-personalizadas\/","url":"https:\/\/plushtoyfactoryhere.com\/es\/ejemplos\/mantas-de-felpa-personalizadas\/","name":"Mantas de felpa personalizadas - Plush Toy Manufacturer|Customized plush toys","isPartOf":{"@id":"https:\/\/plushtoyfactoryhere.com\/es\/#website"},"primaryImageOfPage":{"@id":"https:\/\/plushtoyfactoryhere.com\/es\/ejemplos\/mantas-de-felpa-personalizadas\/#primaryimage"},"image":{"@id":"https:\/\/plushtoyfactoryhere.com\/es\/ejemplos\/mantas-de-felpa-personalizadas\/#primaryimage"},"thumbnailUrl":"https:\/\/plushtoyfactoryhere.com\/wp-content\/uploads\/2025\/08\/84.jpg","datePublished":"2025-08-19T16:23:02+00:00","dateModified":"2025-08-21T20:06:42+00:00","breadcrumb":{"@id":"https:\/\/plushtoyfactoryhere.com\/es\/ejemplos\/mantas-de-felpa-personalizadas\/#breadcrumb"},"inLanguage":"es","potentialAction":[{"@type":"ReadAction","target":["https:\/\/plushtoyfactoryhere.com\/es\/ejemplos\/mantas-de-felpa-personalizadas\/"]}]},{"@type":"ImageObject","inLanguage":"es","@id":"https:\/\/plushtoyfactoryhere.com\/es\/ejemplos\/mantas-de-felpa-personalizadas\/#primaryimage","url":"https:\/\/plushtoyfactoryhere.com\/wp-content\/uploads\/2025\/08\/84.jpg","contentUrl":"https:\/\/plushtoyfactoryhere.com\/wp-content\/uploads\/2025\/08\/84.jpg"},{"@type":"BreadcrumbList","@id":"https:\/\/plushtoyfactoryhere.com\/es\/ejemplos\/mantas-de-felpa-personalizadas\/#breadcrumb","itemListElement":[{"@type":"ListItem","position":1,"name":"Home","item":"https:\/\/plushtoyfactoryhere.com\/es\/"},{"@type":"ListItem","position":2,"name":"Mantas de felpa personalizadas"}]},{"@type":"WebSite","@id":"https:\/\/plushtoyfactoryhere.com\/es\/#website","url":"https:\/\/plushtoyfactoryhere.com\/es\/","name":"FlushtoyFactory","description":"As one of the top custom stuffed manufacturers, we help you design not only a stuffed toy but a product that will capture your audience\u2019s attention and help your brand gain exposure. Our personalized stuffed animals &amp; plush toys stand out as long term and effective promotional items for businesses worldwide.","publisher":{"@id":"https:\/\/plushtoyfactoryhere.com\/es\/#organization"},"potentialAction":[{"@type":"SearchAction","target":{"@type":"EntryPoint","urlTemplate":"https:\/\/plushtoyfactoryhere.com\/es\/?s={search_term_string}"},"query-input":{"@type":"PropertyValueSpecification","valueRequired":true,"valueName":"search_term_string"}}],"inLanguage":"es"},{"@type":"Organization","@id":"https:\/\/plushtoyfactoryhere.com\/es\/#organization","name":"Beijing PuYue YiPin Trading Co., Ltd.","alternateName":"PuYue YiPin","url":"https:\/\/plushtoyfactoryhere.com\/es\/","logo":{"@type":"ImageObject","inLanguage":"es","@id":"https:\/\/plushtoyfactoryhere.com\/es\/#\/schema\/logo\/image\/","url":"https:\/\/plushtoyfactoryhere.com\/wp-content\/uploads\/2025\/08\/logo1.png","contentUrl":"https:\/\/plushtoyfactoryhere.com\/wp-content\/uploads\/2025\/08\/logo1.png","width":200,"height":200,"caption":"Beijing PuYue YiPin Trading Co., Ltd."},"image":{"@id":"https:\/\/plushtoyfactoryhere.com\/es\/#\/schema\/logo\/image\/"},"sameAs":["https:\/\/www.facebook.com\/plushtoyfactoryhere","https:\/\/www.linkedin.com\/in\/plush-toys-and-leather-case-bag\/"]}]}},"_links":{"self":[{"href":"https:\/\/plushtoyfactoryhere.com\/es\/wp-json\/wp\/v2\/pages\/1623","targetHints":{"allow":["GET"]}}],"collection":[{"href":"https:\/\/plushtoyfactoryhere.com\/es\/wp-json\/wp\/v2\/pages"}],"about":[{"href":"https:\/\/plushtoyfactoryhere.com\/es\/wp-json\/wp\/v2\/types\/page"}],"author":[{"embeddable":true,"href":"https:\/\/plushtoyfactoryhere.com\/es\/wp-json\/wp\/v2\/users\/1"}],"replies":[{"embeddable":true,"href":"https:\/\/plushtoyfactoryhere.com\/es\/wp-json\/wp\/v2\/comments?post=1623"}],"version-history":[{"count":1,"href":"https:\/\/plushtoyfactoryhere.com\/es\/wp-json\/wp\/v2\/pages\/1623\/revisions"}],"predecessor-version":[{"id":1625,"href":"https:\/\/plushtoyfactoryhere.com\/es\/wp-json\/wp\/v2\/pages\/1623\/revisions\/1625"}],"up":[{"embeddable":true,"href":"https:\/\/plushtoyfactoryhere.com\/es\/wp-json\/wp\/v2\/pages\/1646"}],"wp:attachment":[{"href":"https:\/\/plushtoyfactoryhere.com\/es\/wp-json\/wp\/v2\/media?parent=1623"}],"curies":[{"name":"wp","href":"https:\/\/api.w.org\/{rel}","templated":true}]}}