{"id":1622,"date":"2025-08-20T16:40:32","date_gmt":"2025-08-20T16:40:32","guid":{"rendered":"https:\/\/plushtoyfactoryhere.com\/felpa-de-gato-personalizada\/"},"modified":"2025-08-21T20:06:41","modified_gmt":"2025-08-21T20:06:41","slug":"felpa-de-gato-personalizada","status":"publish","type":"page","link":"https:\/\/plushtoyfactoryhere.com\/es\/ejemplos\/felpa-de-gato-personalizada\/","title":{"rendered":"Felpa de gato personalizada"},"content":{"rendered":"\n<h1 class=\"wp-block-heading\"><strong>Obtenga peluches y juguetes de peluche para gatos personalizados de alta calidad de un mayorista chino internacional  <\/strong><\/h1>\n\n<p>Utilice nuestros <strong>peluches de gato<\/strong> personalizados y <strong>realistas<\/strong> para crear una conexi\u00f3n emocional con sus clientes. As\u00f3ciese con Plushtoy Factory y aproveche nuestros 20 a\u00f1os de experiencia para construir sus <strong>propios peluches de gatitos personal <\/strong>izados con el logotipo de su marca. Al trabajar con m\u00e1s de 1 mill\u00f3n de marcas conocidas como Disney e IKEA, hemos pulido nuestras habilidades lo suficiente como para ofrecer de todo: desde peluches de gatos negros como Coraline hasta peluches del gato de Cheshire.  <\/p>\n\n<h2 class=\"wp-block-heading\"><strong>Servicios b\u00e1sicos<\/strong><\/h2>\n\n<figure class=\"wp-block-table\"><table class=\"has-fixed-layout\"><tbody><tr><td><strong>Aspecto del servicio<\/strong><\/td><td><strong>Detalles<\/strong><\/td><\/tr><tr><td><strong>Tama\u00f1os<\/strong><\/td><td>4-60 pulgadas (10cm-150cm)<\/td><\/tr><tr><td><strong>MOQ<\/strong><\/td><td>Pedidos a partir de 500 unidades<\/td><\/tr><tr><td><strong>Tiempo de producci\u00f3n<\/strong><\/td><td>30-45 d\u00edas (dependiendo de la cantidad pedida)<\/td><\/tr><tr><td><strong>Capacidad anual<\/strong><\/td><td>250000 unidades\/mes<\/td><\/tr><tr><td><strong>Tipo de servicio<\/strong><\/td><td>Personalizaci\u00f3n de f\u00e1brica y venta al por mayor<\/td><\/tr><tr><td><strong>Requisitos de cotizaci\u00f3n<\/strong><\/td><td>Estilo, talla, tejido, cantidad del pedido<\/td><\/tr><\/tbody><\/table><\/figure>\n\n<h2 class=\"wp-block-heading\"><strong>Top ventas Peluches personalizados de gatos que te encantar\u00e1n<\/strong><\/h2>\n\n<div class=\"wp-block-media-text has-media-on-the-right is-stacked-on-mobile\" style=\"grid-template-columns:auto 40%\"><div class=\"wp-block-media-text__content\">\n<p><\/p>\n\n\n\n<p>Cada peluche de gato personalizado combina nuestro arte y precisi\u00f3n. Disfrute de nuestros servicios OEM y ODM para una colaboraci\u00f3n perfecta. <\/p>\n\n\n\n<ul class=\"wp-block-list\">\n<li><strong>lack Soft Toy Cat<\/strong>: Un adorable gato negro de felpa con suave pelaje.<\/li>\n\n\n\n<li><strong>Peluche de gato Coraline<\/strong>: Inspirado en el entra\u00f1able personaje de la pel\u00edcula Coraline.<\/li>\n\n\n\n<li><strong>Peluches de gatos de dibujos animados<\/strong>: Peluches divertidos y extravagantes con dise\u00f1os juguetones.<\/li>\n\n\n\n<li><strong>Peluche Gato Negro<\/strong>: Un cl\u00e1sico peluche de gato negro para todas las edades.<\/li>\n\n\n\n<li><strong>Peluche Gato de Cheshire<\/strong>: Caprichoso peluche del Gato de Cheshire con sonrisa traviesa.<\/li>\n\n\n\n<li><strong>Juguetes para gatos Ratones<\/strong>: Juguetes de peluche ratones para su gato juguet\u00f3n peluches<\/li>\n\n\n\n<li><strong>Peluche del gato Aphmau<\/strong>: Adorable peluche inspirado en Aphmau para fans y coleccionistas.<\/li>\n\n\n\n<li><strong>Peluche<\/strong> de <strong>gato naranja<\/strong>: Brillante y lindo peluche de gato naranja para todas las edades.<\/li>\n\n\n\n<li><strong>Felpa de gato realista<\/strong>: Felpa de gato muy detallada y realista para mayor realismo.<\/li>\n\n\n\n<li><strong>Beanie Baby Gato<\/strong>: Peluche peque\u00f1o y coleccionable con un dise\u00f1o divertido y suave.<\/li>\n\n\n\n<li><strong>Peluche Gato Blanco y Negro<\/strong>: Elegante peluche de gato blanco y negro para todos.<\/li>\n<\/ul>\n<\/div><figure class=\"wp-block-media-text__media\"><img loading=\"lazy\" decoding=\"async\" width=\"771\" height=\"626\" src=\"https:\/\/plushtoyfactoryhere.com\/wp-content\/uploads\/2025\/08\/92.jpg\" alt=\"\" class=\"wp-image-1047 size-full\" srcset=\"https:\/\/plushtoyfactoryhere.com\/wp-content\/uploads\/2025\/08\/92.jpg 771w, https:\/\/plushtoyfactoryhere.com\/wp-content\/uploads\/2025\/08\/92-300x244.jpg 300w, https:\/\/plushtoyfactoryhere.com\/wp-content\/uploads\/2025\/08\/92-768x624.jpg 768w\" sizes=\"auto, (max-width: 771px) 100vw, 771px\" \/><\/figure><\/div>\n\n<div class=\"wp-block-cover\" style=\"min-height:331px;aspect-ratio:unset;\"><span aria-hidden=\"true\" class=\"wp-block-cover__background has-palette-color-1-background-color has-background-dim-100 has-background-dim\"><\/span><div class=\"wp-block-cover__inner-container is-layout-constrained wp-block-cover-is-layout-constrained\">\n<h2 class=\"wp-block-heading\"><strong>El atractivo de nuestros peluches realistas de gatos<\/strong><\/h2>\n\n\n\n<p>Nuestros peluches personalizados para gatos combinan suavidad, calidad y dise\u00f1os \u00fanicos que gustan a clientes de todo el mundo. A continuaci\u00f3n te explicamos por qu\u00e9 son perfectos para tu negocio: <\/p>\n\n\n\n<ul class=\"wp-block-list\">\n<li><strong>Visibilidad de marca<\/strong>: A\u00f1ade tu logotipo a los peluches de gato personalizados para que tu marca destaque.<\/li>\n\n\n\n<li><strong>Dise\u00f1os personalizados<\/strong>: Elige entre varios estilos de gatos: realistas, de dibujos animados o personajes tem\u00e1ticos.<\/li>\n\n\n\n<li><strong>Gran variedad<\/strong>: Desde los cl\u00e1sicos peluches de gato negro hasta los encantadores juguetes para gatitos, ofrecemos numerosas opciones.<\/li>\n\n\n\n<li><strong>Perfecto para eventos<\/strong>: Utiliza peluches de gato para regalos, promociones o marca corporativa en ferias.<\/li>\n<\/ul>\n<\/div><\/div>\n\n<h2 class=\"wp-block-heading\"><strong>Personalice a la perfecci\u00f3n sus mu\u00f1ecos de felpa de gato personalizados al por mayor<\/strong><\/h2>\n\n<p>\u00a1La personalizaci\u00f3n es nuestro punto fuerte! Adapta los detalles de cada peluche coleccionable con tem\u00e1tica de gato para satisfacer tus necesidades espec\u00edficas: <\/p>\n\n<ul class=\"wp-block-list\">\n<li><strong>Dise\u00f1os<\/strong>: Elige entre una gama de peluches para gatos juguetones, realistas o inspirados en los dibujos animados.<\/li>\n\n\n\n<li><strong>Opciones de tama\u00f1o<\/strong>: Si usted necesita un juguete peque\u00f1o gatito o un gato negro de peluche gigante que tenemos cubierto.<\/li>\n\n\n\n<li><strong>Elecci\u00f3n de tejidos<\/strong>: Opta por materiales afelpados, hipoalerg\u00e9nicos o ecol\u00f3gicos que se adapten a tu p\u00fablico.<\/li>\n\n\n\n<li><strong>Marca<\/strong>: A\u00f1ade logotipos bordados, estampados especiales o accesorios \u00fanicos como gorros y bufandas.<\/li>\n<\/ul>\n\n<div class=\"wp-block-cover\" style=\"min-height:291px;aspect-ratio:unset;\"><span aria-hidden=\"true\" class=\"wp-block-cover__background has-palette-color-1-background-color has-background-dim-100 has-background-dim\"><\/span><div class=\"wp-block-cover__inner-container is-layout-constrained wp-block-cover-is-layout-constrained\">\n<h2 class=\"wp-block-heading\"><strong>Crear con precisi\u00f3n peluches de personajes de gatos a granel<\/strong><\/h2>\n\n\n\n<p>Crear peluches para gatos de alta calidad requiere precisi\u00f3n y nosotros hemos perfeccionado el proceso:<\/p>\n\n\n\n<ul class=\"wp-block-list\">\n<li>1<strong>.Dise\u00f1o y prototipo<\/strong>: Env\u00edenos sus ideas y crearemos un render 3D y una muestra f\u00edsica en un plazo de 10-15 d\u00edas laborables.<\/li>\n\n\n\n<li>2<strong>.Producci\u00f3n<\/strong>: Una vez que apruebe la muestra comenzamos la producci\u00f3n en masa. Cada peluche se elabora cuidadosamente para que sea duradero y c\u00f3modo. <\/li>\n\n\n\n<li><strong>Env\u00edos<\/strong>: Ofrecemos env\u00edos globales a lugares como Estados Unidos, Reino Unido, Alemania, Australia y m\u00e1s. Recibir\u00e1 actualizaciones en tiempo real y una experiencia de entrega sin problemas. <\/li>\n<\/ul>\n<\/div><\/div>\n\n<h2 class=\"wp-block-heading\"><strong>La opini\u00f3n de m\u00e1s de un mill\u00f3n de clientes satisfechos<\/strong><\/h2>\n\n<p>Las empresas eligen Plushtoy Factory como su destino para encontrar los mejores peluches y juguetes de felpa para mejorar su marca. Con nuestra experiencia en la fabricaci\u00f3n de juguetes de peluche, hemos demostrado ser los socios m\u00e1s confiables y profesionales para las empresas de todo el mundo. Escuche a aquellos que lo han experimentado.  <\/p>\n\n<div class=\"wp-block-stackable-carousel stk-block-carousel stk--is-slide stk--arrows-justify-space-between stk--arrows-align-center stk-block stk-4ac3472\" data-slides-to-show=\"\" data-block-id=\"4ac3472\"><div class=\"stk-block-carousel__content-wrapper\"><div class=\"stk-row stk-inner-blocks stk-block-content stk-block-carousel__slider-wrapper stk-content-align stk-4ac3472-column\"><div class=\"stk-block-carousel__slider\" role=\"list\" data-autoplay=\"4000\" data-label-slide-of=\"Slide %%d of %%d\">\n<div class=\"wp-block-stackable-column stk-block-column stk-column stk-block stk-ef87d56\" data-v=\"4\" data-block-id=\"ef87d56\"><div class=\"stk-column-wrapper stk-block-column__content stk-container stk-ef87d56-container stk--no-background stk--no-padding\"><div class=\"stk-block-content stk-inner-blocks stk-ef87d56-inner-blocks\">\n<p><em>\u00abHa sido un placer colaborar con la f\u00e1brica Plushtoy. Llevamos tres a\u00f1os trabajando con ellos y siempre hemos recibido nuestros peluches a tiempo. Nuestro gestor de proyectos nos manten\u00eda al corriente de los plazos y la ubicaci\u00f3n de nuestros peluches para que nuestro equipo estuviera informado. Utilizamos nuestros mu\u00f1ecos como obsequio promocional y a los clientes siempre les encantan\u00bb.<\/em><strong><em> (Anika, Alemania) SnuggleSoft Creations<\/em><\/strong><\/p>\n<\/div><\/div><\/div>\n\n\n\n<div class=\"wp-block-stackable-column stk-block-column stk-column stk-block stk-97e730e\" data-v=\"4\" data-block-id=\"97e730e\"><div class=\"stk-column-wrapper stk-block-column__content stk-container stk-97e730e-container stk--no-background stk--no-padding\"><div class=\"stk-block-content stk-inner-blocks stk-97e730e-inner-blocks\">\n<p><em>\u00abNuestros peluches personalizados son siempre un gran \u00e9xito en las ferias comerciales. plush toy factory cre\u00f3 y entreg\u00f3 art\u00edculos promocionales que se ajustaban a nuestra estrategia de marketing de una forma divertida y \u00fanica\u00bb <\/em><strong><em>(James Alexander Smith, EE. UU.) Hugzy<\/em><\/strong><\/p>\n<\/div><\/div><\/div>\n\n\n\n<div class=\"wp-block-stackable-column stk-block-column stk-column stk-block stk-5eb79bf\" data-v=\"4\" data-block-id=\"5eb79bf\"><div class=\"stk-column-wrapper stk-block-column__content stk-container stk-5eb79bf-container stk--no-background stk--no-padding\"><div class=\"stk-block-content stk-inner-blocks stk-5eb79bf-inner-blocks\">\n<p><em>\u00abMe impresion\u00f3 la atenci\u00f3n que prestaron a los plazos y la rapidez con la que se crearon los presupuestos y prototipos. Estaba claro que la entrega a tiempo era una prioridad. Esto fue muy apreciado\u00bb. <\/em><strong><em>(Hiroshi Takahashi, Jap\u00f3n)<\/em><\/strong><\/p>\n<\/div><\/div><\/div>\n<\/div><div class=\"stk-block-carousel__buttons\"><button class=\"stk-block-carousel__button stk-block-carousel__button__prev\" aria-label=\"Previous slide\"><svg aria-hidden=\"true\" focusable=\"false\" data-prefix=\"fas\" data-icon=\"chevron-left\" class=\"svg-inline--fa fa-chevron-left\" xmlns=\"http:\/\/www.w3.org\/2000\/svg\" viewBox=\"0 0 320 512\" width=\"32\" height=\"32\"><path d=\"M34.52 239.03L228.87 44.69c9.37-9.37 24.57-9.37 33.94 0l22.67 22.67c9.36 9.36 9.37 24.52.04 33.9L131.49 256l154.02 154.75c9.34 9.38 9.32 24.54-.04 33.9l-22.67 22.67c-9.37 9.37-24.57 9.37-33.94 0L34.52 272.97c-9.37-9.37-9.37-24.57 0-33.94z\"><\/path><\/svg><\/button><button class=\"stk-block-carousel__button stk-block-carousel__button__next\" aria-label=\"Next slide\"><svg aria-hidden=\"true\" focusable=\"false\" data-prefix=\"fas\" data-icon=\"chevron-right\" class=\"svg-inline--fa fa-chevron-right\" xmlns=\"http:\/\/www.w3.org\/2000\/svg\" viewBox=\"0 0 320 512\" width=\"32\" height=\"32\"><path d=\"M285.476 272.971L91.132 467.314c-9.373 9.373-24.569 9.373-33.941 0l-22.667-22.667c-9.357-9.357-9.375-24.522-.04-33.901L188.505 256 34.484 101.255c-9.335-9.379-9.317-24.544.04-33.901l22.667-22.667c9.373-9.373 24.569-9.373 33.941 0L285.475 239.03c9.373 9.372 9.373 24.568.001 33.941z\"><\/path><\/svg><\/button><\/div><\/div><div class=\"stk-block-carousel__dots\" role=\"list\" data-label=\"Slide %%d\"><\/div><\/div><\/div>\n\n<div class=\"wp-block-cover\" style=\"min-height:609px;aspect-ratio:unset;\"><span aria-hidden=\"true\" class=\"wp-block-cover__background has-palette-color-1-background-color has-background-dim-100 has-background-dim\"><\/span><div class=\"wp-block-cover__inner-container is-layout-constrained wp-block-cover-is-layout-constrained\">\n<h2 class=\"wp-block-heading\"><strong>Preguntas frecuentes<\/strong><\/h2>\n\n\n\n<h5 class=\"wp-block-heading\"><strong>1. \u00bfQu\u00e9 contribuye a la fama de los peluches de gatos hechos en China?<\/strong><\/h5>\n\n\n\n<p>Marcas de juguetes de todo el mundo prefieren fabricar en China. Las ventajas son evidentes: producci\u00f3n m\u00e1s r\u00e1pida, pedidos m\u00ednimos m\u00e1s bajos y mejores precios. <\/p>\n\n\n\n<h5 class=\"wp-block-heading\"><strong>2. \u00bfEs seguro comprar peluches fabricados en China?<\/strong><\/h5>\n\n\n\n<p>Como fabricante de peluches para gatos de confianza en el sector, valoramos la salud de las generaciones futuras. Nuestros peluches se fabrican con materiales seguros certificados y se someten a pruebas exhaustivas en laboratorios de terceros acreditados. No contienen productos qu\u00edmicos nocivos y cumplen todas las normas de importaci\u00f3n.  <\/p>\n\n\n\n<h5 class=\"wp-block-heading\"><strong>3. \u00bfQu\u00e9 normas de seguridad deben cumplir los peluches en EE.UU.?<\/strong><\/h5>\n\n\n\n<p>Para cumplir las normas estadounidenses sobre peluches, los juguetes deben cumplir dos normativas de seguridad: la ASTM F963 (pruebas de propiedades f\u00edsicas y mec\u00e1nicas, inflamabilidad y l\u00edmites de metales pesados y sustancias qu\u00edmicas) y la CPSIA (pruebas para productos destinados a ni\u00f1os menores de 12 a\u00f1os).<\/p>\n\n\n\n<h5 class=\"wp-block-heading\"><strong>4. \u00bfCu\u00e1nto costar\u00e1 producir mi dise\u00f1o personalizado?<\/strong><\/h5>\n\n\n\n<p>El coste var\u00eda en funci\u00f3n de la complejidad del dise\u00f1o, las necesidades de personalizaci\u00f3n para el bordado o la impresi\u00f3n, los materiales utilizados y el volumen de su pedido. Le enviaremos un presupuesto detallado tras estudiar su idea. <\/p>\n<\/div><\/div>\n\n<hr class=\"wp-block-separator has-alpha-channel-opacity\"\/>\n\n<h2 class=\"wp-block-heading\"><strong>Empiece hoy mismo con sus peluches de gato personalizados a granel<\/strong><\/h2>\n\n<p>\u00bfListo para a\u00f1adir un toque de ternura a tu marca? Aumente la presencia de su marca con nuestros peluches personalizados a granel. P\u00f3ngase en contacto con nosotros hoy mismo para iniciar su pedido y causar una impresi\u00f3n duradera.  <\/p>\n\n<p><\/p>\n","protected":false},"excerpt":{"rendered":"<p>Obtenga peluches y juguetes de peluche para gatos personalizados de alta calidad de un mayorista chino internacional Utilice nuestros peluches de gato personalizados y realistas para crear una conexi\u00f3n emocional con sus clientes. As\u00f3ciese con Plushtoy Factory y aproveche nuestros 20 a\u00f1os de experiencia para construir sus propios peluches de gatitos personal izados con el [&hellip;]<\/p>\n","protected":false},"author":1,"featured_media":0,"parent":1646,"menu_order":0,"comment_status":"closed","ping_status":"closed","template":"","meta":{"footnotes":""},"class_list":["post-1622","page","type-page","status-publish","hentry"],"blocksy_meta":[],"yoast_head":"<!-- This site is optimized with the Yoast SEO plugin v26.6 - https:\/\/yoast.com\/wordpress\/plugins\/seo\/ -->\n<title>Felpa de gato personalizada - Plush Toy Manufacturer|Customized plush toys<\/title>\n<meta name=\"robots\" content=\"index, follow, max-snippet:-1, max-image-preview:large, max-video-preview:-1\" \/>\n<link rel=\"canonical\" href=\"https:\/\/plushtoyfactoryhere.com\/es\/ejemplos\/felpa-de-gato-personalizada\/\" \/>\n<meta property=\"og:locale\" content=\"es_ES\" \/>\n<meta property=\"og:type\" content=\"article\" \/>\n<meta property=\"og:title\" content=\"Felpa de gato personalizada - Plush Toy Manufacturer|Customized plush toys\" \/>\n<meta property=\"og:description\" content=\"Obtenga peluches y juguetes de peluche para gatos personalizados de alta calidad de un mayorista chino internacional Utilice nuestros peluches de gato personalizados y realistas para crear una conexi\u00f3n emocional con sus clientes. As\u00f3ciese con Plushtoy Factory y aproveche nuestros 20 a\u00f1os de experiencia para construir sus propios peluches de gatitos personal izados con el [&hellip;]\" \/>\n<meta property=\"og:url\" content=\"https:\/\/plushtoyfactoryhere.com\/es\/ejemplos\/felpa-de-gato-personalizada\/\" \/>\n<meta property=\"og:site_name\" content=\"Plush Toy Manufacturer|Customized plush toys\" \/>\n<meta property=\"article:publisher\" content=\"https:\/\/www.facebook.com\/plushtoyfactoryhere\" \/>\n<meta property=\"article:modified_time\" content=\"2025-08-21T20:06:41+00:00\" \/>\n<meta property=\"og:image\" content=\"https:\/\/plushtoyfactoryhere.com\/wp-content\/uploads\/2025\/08\/92.jpg\" \/>\n\t<meta property=\"og:image:width\" content=\"771\" \/>\n\t<meta property=\"og:image:height\" content=\"626\" \/>\n\t<meta property=\"og:image:type\" content=\"image\/jpeg\" \/>\n<meta name=\"twitter:card\" content=\"summary_large_image\" \/>\n<meta name=\"twitter:label1\" content=\"Tiempo de lectura\" \/>\n\t<meta name=\"twitter:data1\" content=\"6 minutos\" \/>\n<script type=\"application\/ld+json\" class=\"yoast-schema-graph\">{\"@context\":\"https:\/\/schema.org\",\"@graph\":[{\"@type\":\"WebPage\",\"@id\":\"https:\/\/plushtoyfactoryhere.com\/es\/ejemplos\/felpa-de-gato-personalizada\/\",\"url\":\"https:\/\/plushtoyfactoryhere.com\/es\/ejemplos\/felpa-de-gato-personalizada\/\",\"name\":\"Felpa de gato personalizada - Plush Toy Manufacturer|Customized plush toys\",\"isPartOf\":{\"@id\":\"https:\/\/plushtoyfactoryhere.com\/es\/#website\"},\"primaryImageOfPage\":{\"@id\":\"https:\/\/plushtoyfactoryhere.com\/es\/ejemplos\/felpa-de-gato-personalizada\/#primaryimage\"},\"image\":{\"@id\":\"https:\/\/plushtoyfactoryhere.com\/es\/ejemplos\/felpa-de-gato-personalizada\/#primaryimage\"},\"thumbnailUrl\":\"https:\/\/plushtoyfactoryhere.com\/wp-content\/uploads\/2025\/08\/92.jpg\",\"datePublished\":\"2025-08-20T16:40:32+00:00\",\"dateModified\":\"2025-08-21T20:06:41+00:00\",\"breadcrumb\":{\"@id\":\"https:\/\/plushtoyfactoryhere.com\/es\/ejemplos\/felpa-de-gato-personalizada\/#breadcrumb\"},\"inLanguage\":\"es\",\"potentialAction\":[{\"@type\":\"ReadAction\",\"target\":[\"https:\/\/plushtoyfactoryhere.com\/es\/ejemplos\/felpa-de-gato-personalizada\/\"]}]},{\"@type\":\"ImageObject\",\"inLanguage\":\"es\",\"@id\":\"https:\/\/plushtoyfactoryhere.com\/es\/ejemplos\/felpa-de-gato-personalizada\/#primaryimage\",\"url\":\"https:\/\/plushtoyfactoryhere.com\/wp-content\/uploads\/2025\/08\/92.jpg\",\"contentUrl\":\"https:\/\/plushtoyfactoryhere.com\/wp-content\/uploads\/2025\/08\/92.jpg\"},{\"@type\":\"BreadcrumbList\",\"@id\":\"https:\/\/plushtoyfactoryhere.com\/es\/ejemplos\/felpa-de-gato-personalizada\/#breadcrumb\",\"itemListElement\":[{\"@type\":\"ListItem\",\"position\":1,\"name\":\"Home\",\"item\":\"https:\/\/plushtoyfactoryhere.com\/es\/\"},{\"@type\":\"ListItem\",\"position\":2,\"name\":\"Felpa de gato personalizada\"}]},{\"@type\":\"WebSite\",\"@id\":\"https:\/\/plushtoyfactoryhere.com\/es\/#website\",\"url\":\"https:\/\/plushtoyfactoryhere.com\/es\/\",\"name\":\"FlushtoyFactory\",\"description\":\"As one of the top custom stuffed manufacturers, we help you design not only a stuffed toy but a product that will capture your audience\u2019s attention and help your brand gain exposure. Our personalized stuffed animals &amp; plush toys stand out as long term and effective promotional items for businesses worldwide.\",\"publisher\":{\"@id\":\"https:\/\/plushtoyfactoryhere.com\/es\/#organization\"},\"potentialAction\":[{\"@type\":\"SearchAction\",\"target\":{\"@type\":\"EntryPoint\",\"urlTemplate\":\"https:\/\/plushtoyfactoryhere.com\/es\/?s={search_term_string}\"},\"query-input\":{\"@type\":\"PropertyValueSpecification\",\"valueRequired\":true,\"valueName\":\"search_term_string\"}}],\"inLanguage\":\"es\"},{\"@type\":\"Organization\",\"@id\":\"https:\/\/plushtoyfactoryhere.com\/es\/#organization\",\"name\":\"Beijing PuYue YiPin Trading Co., Ltd.\",\"alternateName\":\"PuYue YiPin\",\"url\":\"https:\/\/plushtoyfactoryhere.com\/es\/\",\"logo\":{\"@type\":\"ImageObject\",\"inLanguage\":\"es\",\"@id\":\"https:\/\/plushtoyfactoryhere.com\/es\/#\/schema\/logo\/image\/\",\"url\":\"https:\/\/plushtoyfactoryhere.com\/wp-content\/uploads\/2025\/08\/logo1.png\",\"contentUrl\":\"https:\/\/plushtoyfactoryhere.com\/wp-content\/uploads\/2025\/08\/logo1.png\",\"width\":200,\"height\":200,\"caption\":\"Beijing PuYue YiPin Trading Co., Ltd.\"},\"image\":{\"@id\":\"https:\/\/plushtoyfactoryhere.com\/es\/#\/schema\/logo\/image\/\"},\"sameAs\":[\"https:\/\/www.facebook.com\/plushtoyfactoryhere\",\"https:\/\/www.linkedin.com\/in\/plush-toys-and-leather-case-bag\/\"]}]}<\/script>\n<!-- \/ Yoast SEO plugin. -->","yoast_head_json":{"title":"Felpa de gato personalizada - Plush Toy Manufacturer|Customized plush toys","robots":{"index":"index","follow":"follow","max-snippet":"max-snippet:-1","max-image-preview":"max-image-preview:large","max-video-preview":"max-video-preview:-1"},"canonical":"https:\/\/plushtoyfactoryhere.com\/es\/ejemplos\/felpa-de-gato-personalizada\/","og_locale":"es_ES","og_type":"article","og_title":"Felpa de gato personalizada - Plush Toy Manufacturer|Customized plush toys","og_description":"Obtenga peluches y juguetes de peluche para gatos personalizados de alta calidad de un mayorista chino internacional Utilice nuestros peluches de gato personalizados y realistas para crear una conexi\u00f3n emocional con sus clientes. As\u00f3ciese con Plushtoy Factory y aproveche nuestros 20 a\u00f1os de experiencia para construir sus propios peluches de gatitos personal izados con el [&hellip;]","og_url":"https:\/\/plushtoyfactoryhere.com\/es\/ejemplos\/felpa-de-gato-personalizada\/","og_site_name":"Plush Toy Manufacturer|Customized plush toys","article_publisher":"https:\/\/www.facebook.com\/plushtoyfactoryhere","article_modified_time":"2025-08-21T20:06:41+00:00","og_image":[{"width":771,"height":626,"url":"https:\/\/plushtoyfactoryhere.com\/wp-content\/uploads\/2025\/08\/92.jpg","type":"image\/jpeg"}],"twitter_card":"summary_large_image","twitter_misc":{"Tiempo de lectura":"6 minutos"},"schema":{"@context":"https:\/\/schema.org","@graph":[{"@type":"WebPage","@id":"https:\/\/plushtoyfactoryhere.com\/es\/ejemplos\/felpa-de-gato-personalizada\/","url":"https:\/\/plushtoyfactoryhere.com\/es\/ejemplos\/felpa-de-gato-personalizada\/","name":"Felpa de gato personalizada - Plush Toy Manufacturer|Customized plush toys","isPartOf":{"@id":"https:\/\/plushtoyfactoryhere.com\/es\/#website"},"primaryImageOfPage":{"@id":"https:\/\/plushtoyfactoryhere.com\/es\/ejemplos\/felpa-de-gato-personalizada\/#primaryimage"},"image":{"@id":"https:\/\/plushtoyfactoryhere.com\/es\/ejemplos\/felpa-de-gato-personalizada\/#primaryimage"},"thumbnailUrl":"https:\/\/plushtoyfactoryhere.com\/wp-content\/uploads\/2025\/08\/92.jpg","datePublished":"2025-08-20T16:40:32+00:00","dateModified":"2025-08-21T20:06:41+00:00","breadcrumb":{"@id":"https:\/\/plushtoyfactoryhere.com\/es\/ejemplos\/felpa-de-gato-personalizada\/#breadcrumb"},"inLanguage":"es","potentialAction":[{"@type":"ReadAction","target":["https:\/\/plushtoyfactoryhere.com\/es\/ejemplos\/felpa-de-gato-personalizada\/"]}]},{"@type":"ImageObject","inLanguage":"es","@id":"https:\/\/plushtoyfactoryhere.com\/es\/ejemplos\/felpa-de-gato-personalizada\/#primaryimage","url":"https:\/\/plushtoyfactoryhere.com\/wp-content\/uploads\/2025\/08\/92.jpg","contentUrl":"https:\/\/plushtoyfactoryhere.com\/wp-content\/uploads\/2025\/08\/92.jpg"},{"@type":"BreadcrumbList","@id":"https:\/\/plushtoyfactoryhere.com\/es\/ejemplos\/felpa-de-gato-personalizada\/#breadcrumb","itemListElement":[{"@type":"ListItem","position":1,"name":"Home","item":"https:\/\/plushtoyfactoryhere.com\/es\/"},{"@type":"ListItem","position":2,"name":"Felpa de gato personalizada"}]},{"@type":"WebSite","@id":"https:\/\/plushtoyfactoryhere.com\/es\/#website","url":"https:\/\/plushtoyfactoryhere.com\/es\/","name":"FlushtoyFactory","description":"As one of the top custom stuffed manufacturers, we help you design not only a stuffed toy but a product that will capture your audience\u2019s attention and help your brand gain exposure. Our personalized stuffed animals &amp; plush toys stand out as long term and effective promotional items for businesses worldwide.","publisher":{"@id":"https:\/\/plushtoyfactoryhere.com\/es\/#organization"},"potentialAction":[{"@type":"SearchAction","target":{"@type":"EntryPoint","urlTemplate":"https:\/\/plushtoyfactoryhere.com\/es\/?s={search_term_string}"},"query-input":{"@type":"PropertyValueSpecification","valueRequired":true,"valueName":"search_term_string"}}],"inLanguage":"es"},{"@type":"Organization","@id":"https:\/\/plushtoyfactoryhere.com\/es\/#organization","name":"Beijing PuYue YiPin Trading Co., Ltd.","alternateName":"PuYue YiPin","url":"https:\/\/plushtoyfactoryhere.com\/es\/","logo":{"@type":"ImageObject","inLanguage":"es","@id":"https:\/\/plushtoyfactoryhere.com\/es\/#\/schema\/logo\/image\/","url":"https:\/\/plushtoyfactoryhere.com\/wp-content\/uploads\/2025\/08\/logo1.png","contentUrl":"https:\/\/plushtoyfactoryhere.com\/wp-content\/uploads\/2025\/08\/logo1.png","width":200,"height":200,"caption":"Beijing PuYue YiPin Trading Co., Ltd."},"image":{"@id":"https:\/\/plushtoyfactoryhere.com\/es\/#\/schema\/logo\/image\/"},"sameAs":["https:\/\/www.facebook.com\/plushtoyfactoryhere","https:\/\/www.linkedin.com\/in\/plush-toys-and-leather-case-bag\/"]}]}},"_links":{"self":[{"href":"https:\/\/plushtoyfactoryhere.com\/es\/wp-json\/wp\/v2\/pages\/1622","targetHints":{"allow":["GET"]}}],"collection":[{"href":"https:\/\/plushtoyfactoryhere.com\/es\/wp-json\/wp\/v2\/pages"}],"about":[{"href":"https:\/\/plushtoyfactoryhere.com\/es\/wp-json\/wp\/v2\/types\/page"}],"author":[{"embeddable":true,"href":"https:\/\/plushtoyfactoryhere.com\/es\/wp-json\/wp\/v2\/users\/1"}],"replies":[{"embeddable":true,"href":"https:\/\/plushtoyfactoryhere.com\/es\/wp-json\/wp\/v2\/comments?post=1622"}],"version-history":[{"count":1,"href":"https:\/\/plushtoyfactoryhere.com\/es\/wp-json\/wp\/v2\/pages\/1622\/revisions"}],"predecessor-version":[{"id":1624,"href":"https:\/\/plushtoyfactoryhere.com\/es\/wp-json\/wp\/v2\/pages\/1622\/revisions\/1624"}],"up":[{"embeddable":true,"href":"https:\/\/plushtoyfactoryhere.com\/es\/wp-json\/wp\/v2\/pages\/1646"}],"wp:attachment":[{"href":"https:\/\/plushtoyfactoryhere.com\/es\/wp-json\/wp\/v2\/media?parent=1622"}],"curies":[{"name":"wp","href":"https:\/\/api.w.org\/{rel}","templated":true}]}}