{"id":1619,"date":"2025-08-19T14:49:25","date_gmt":"2025-08-19T14:49:25","guid":{"rendered":"https:\/\/plushtoyfactoryhere.com\/mochila-de-felpa-personalizada\/"},"modified":"2025-08-21T20:06:42","modified_gmt":"2025-08-21T20:06:42","slug":"mochila-de-felpa-personalizada","status":"publish","type":"page","link":"https:\/\/plushtoyfactoryhere.com\/es\/ejemplos\/mochila-de-felpa-personalizada\/","title":{"rendered":"Mochila de felpa personalizada"},"content":{"rendered":"\n<h1 class=\"wp-block-heading\"><strong>Su fabricante de mochilas de felpa personalizadas de confianza en China<\/strong><\/h1>\n\n<p>Plushtoy Factory cuenta con m\u00e1s de 20 a\u00f1os de experiencia en la creaci\u00f3n de mochilas de felpa personalizadas de primera calidad. Dise\u00f1amos y fabricamos mochilas de felpa que se adaptan a diversos mercados, desde mochilas de felpa suaves para ni\u00f1os hasta mochilas corporativas de felpa para mascotas. <\/p>\n\n<p>Como fabricante de juguetes de felpa B2B de confianza, ofrecemos un servicio integral de 360\u00b0, garantizando que se satisfagan sus necesidades desde el dise\u00f1o hasta la entrega. Tanto si desea realizar pedidos de peluches personalizados a granel desde EE. UU., Reino Unido, Alemania o Australia, estaremos encantados de servirle con nuestras producciones de f\u00e1brica de mochilas de peluche seguras y asequibles. <\/p>\n\n<h2 class=\"wp-block-heading\"><strong>Servicios b\u00e1sicos<\/strong><\/h2>\n\n<figure class=\"wp-block-table\"><table class=\"has-fixed-layout\"><tbody><tr><td><strong>Categor\u00eda<\/strong><\/td><td><strong>Detalles<\/strong><\/td><\/tr><tr><td><strong>Servicio<\/strong><\/td><td>Mochilas de peluche personalizadas, bolsas para animales de peluche<\/td><\/tr><tr><td><strong>Materiales disponibles<\/strong><\/td><td>Adem\u00e1s de los tejidos de felpa est\u00e1ndar, las opciones incluyen PU y cuero ecol\u00f3gico\/sostenible.<\/td><\/tr><tr><td><strong>Caracter\u00edsticas de dise\u00f1o<\/strong><\/td><td>Formas de animales, bordados, serigraf\u00eda, impresiones personalizadas y mucho m\u00e1s<\/td><\/tr><tr><td><strong>Cantidad m\u00ednima de pedido<\/strong><\/td><td>500 unidades por modelo; precios al por mayor a partir de 800 unidades<\/td><\/tr><tr><td><strong>Plazo de entrega<\/strong><\/td><td>18-25 d\u00edas laborables tras la aprobaci\u00f3n de la muestra<\/td><\/tr><tr><td><strong>Capacidad de producci\u00f3n<\/strong><\/td><td>Hasta 250.000 piezas al mes<\/td><\/tr><tr><td><strong>Tipo de empresa<\/strong><\/td><td>S\u00f3lo al por mayor<\/td><\/tr><tr><td><strong>Requisitos de cotizaci\u00f3n<\/strong><\/td><td>Indique el tama\u00f1o, la cantidad estimada del pedido y las especificaciones del dise\u00f1o<\/td><\/tr><tr><td><strong>Cumplimiento de las normas de seguridad<\/strong><\/td><td>Todos los productos cumplen la normativa sobre seguridad de los juguetes infantiles de su mercado objetivo.<\/td><\/tr><\/tbody><\/table><\/figure>\n\n<figure class=\"wp-block-gallery has-nested-images columns-default is-cropped wp-block-gallery-1 is-layout-flex wp-block-gallery-is-layout-flex\">\n<figure class=\"wp-block-image size-large\"><img loading=\"lazy\" decoding=\"async\" width=\"755\" height=\"447\" data-id=\"1018\" src=\"https:\/\/plushtoyfactoryhere.com\/wp-content\/uploads\/2025\/08\/82.jpg\" alt=\"\" class=\"wp-image-1018\" srcset=\"https:\/\/plushtoyfactoryhere.com\/wp-content\/uploads\/2025\/08\/82.jpg 755w, https:\/\/plushtoyfactoryhere.com\/wp-content\/uploads\/2025\/08\/82-300x178.jpg 300w\" sizes=\"auto, (max-width: 755px) 100vw, 755px\" \/><\/figure>\n\n\n\n<figure class=\"wp-block-image size-large\"><img loading=\"lazy\" decoding=\"async\" width=\"752\" height=\"441\" data-id=\"1019\" src=\"https:\/\/plushtoyfactoryhere.com\/wp-content\/uploads\/2025\/08\/83.jpg\" alt=\"\" class=\"wp-image-1019\" srcset=\"https:\/\/plushtoyfactoryhere.com\/wp-content\/uploads\/2025\/08\/83.jpg 752w, https:\/\/plushtoyfactoryhere.com\/wp-content\/uploads\/2025\/08\/83-300x176.jpg 300w\" sizes=\"auto, (max-width: 752px) 100vw, 752px\" \/><\/figure>\n<\/figure>\n\n<h2 class=\"wp-block-heading\"><strong>Por qu\u00e9 asociarse con nosotros para pedidos a granel de peluches personalizados<\/strong><\/h2>\n\n<div class=\"wp-block-cover\" style=\"min-height:203px;aspect-ratio:unset;\"><span aria-hidden=\"true\" class=\"wp-block-cover__background has-palette-color-1-background-color has-background-dim-100 has-background-dim\"><\/span><div class=\"wp-block-cover__inner-container is-layout-constrained wp-block-cover-is-layout-constrained\">\n<h3 class=\"wp-block-heading\"><strong>Nuestra experiencia en la creaci\u00f3n de mochilas de personajes al por mayor<\/strong><\/h3>\n\n\n\n<p>Somos un fabricante de juguetes de peluche de primera categor\u00eda situado en el coraz\u00f3n del centro neur\u00e1lgico de juguetes de peluche de China. Nuestra proximidad a los proveedores nos da acceso m\u00e1s inmediato a una de las cadenas de suministro m\u00e1s extensas del mundo, lo que resulta en tiempos de producci\u00f3n m\u00e1s cortos de la mochila de la mascota de la felpa, precios competitivos, y control de calidad superior. <\/p>\n<\/div><\/div>\n\n<h3 class=\"wp-block-heading\"><strong>Utiliza materiales de felpa ecol\u00f3gicos para tus bolsas<\/strong><\/h3>\n\n<p>La seguridad es clave cuando se trata de cualquier cosa para ni\u00f1os. Por eso todas nuestras mochilas blandas de felpa para ni\u00f1os est\u00e1n fabricadas para cumplir las normas internacionales de seguridad, como EN71, CE y CPSIA, lo que las hace adecuadas para cualquier edad. Con las opciones de felpa suave, PU o piel ecol\u00f3gica disponibles, disponemos de materiales flexibles para satisfacer sus necesidades de dise\u00f1o y seguridad de las mochilas de felpa.  <\/p>\n\n<div class=\"wp-block-cover\" style=\"min-height:180px;aspect-ratio:unset;\"><span aria-hidden=\"true\" class=\"wp-block-cover__background has-palette-color-1-background-color has-background-dim-100 has-background-dim\"><\/span><div class=\"wp-block-cover__inner-container is-layout-constrained wp-block-cover-is-layout-constrained\">\n<h3 class=\"wp-block-heading\"><strong>Nuestra enorme capacidad de producci\u00f3n<\/strong><\/h3>\n\n\n\n<p>Con una s\u00f3lida capacidad de producci\u00f3n de hasta 250.000 unidades al mes, podemos atender pedidos a gran escala. Podemos gestionar pedidos personalizados a partir de 500 unidades, con descuentos a partir de 800 unidades. <\/p>\n<\/div><\/div>\n\n<h3 class=\"wp-block-heading\"><strong>Personalizaci\u00f3n para sus mochilas de animales de peluche<\/strong><\/h3>\n\n<p>Nuestra fabricaci\u00f3n de peluches es flexible. Seleccione entre m\u00faltiples opciones de personalizaci\u00f3n como: <\/p>\n\n<ul class=\"wp-block-list\">\n<li><strong>Dise\u00f1o<\/strong>: Ajusta las formas de los animales de tu bolsa. Selecciona distintos personajes de dibujos animados o prueba dise\u00f1os a medida seg\u00fan el tema de tu negocio. <\/li>\n\n\n\n<li><strong>Marca<\/strong>: Personal\u00edcelo para incluir el logotipo de su empresa en forma de bordado, serigraf\u00eda o etiqueta colgante.<\/li>\n\n\n\n<li><strong>Opciones de tama\u00f1o<\/strong>: Tanto si busca peque\u00f1os art\u00edculos promocionales como grandes peluches blandos personalizados, podemos adaptarnos a cualquier tama\u00f1o.<\/li>\n\n\n\n<li><strong>Accesorios<\/strong>: Ofrecemos opciones como bolsillos adicionales, cremalleras o correas ajustables para mejorar la funcionalidad.<\/li>\n<\/ul>\n\n<div class=\"wp-block-cover\" style=\"min-height:311px;aspect-ratio:unset;\"><span aria-hidden=\"true\" class=\"wp-block-cover__background has-palette-color-1-background-color has-background-dim-100 has-background-dim\"><\/span><div class=\"wp-block-cover__inner-container is-layout-constrained wp-block-cover-is-layout-constrained\">\n<h3 class=\"wp-block-heading\"><strong>Entrega r\u00e1pida de mochilas de felpa al por mayor<\/strong><\/h3>\n\n\n\n<p>Entendemos que el tiempo es crucial en los negocios. Nuestros r\u00e1pidos plazos de entrega incluyen: <\/p>\n\n\n\n<ul class=\"wp-block-list\">\n<li><strong>Prototipo<\/strong>: 10-15 d\u00edas laborables para muestras f\u00edsicas y renders 3D.<\/li>\n\n\n\n<li><strong>Producci\u00f3n<\/strong>: 30-45 d\u00edas para la producci\u00f3n en serie de mochilas personalizadas para ni\u00f1os tras la aprobaci\u00f3n del prototipo.<\/li>\n\n\n\n<li><strong>Env\u00edos<\/strong>: Env\u00edo a todo el mundo, incluidas opciones a\u00e9reas, mar\u00edtimas y expr\u00e9s, con seguimiento fiable.<\/li>\n<\/ul>\n\n\n\n<p>Proporcionamos t\u00e9rminos flexibles para el env\u00edo incluyendo FOB, EXW, y la preparaci\u00f3n de Amazon FBA.<\/p>\n<\/div><\/div>\n\n<h2 class=\"wp-block-heading\"><strong>Su camino hacia las soluciones de felpa personalizadas en 3 sencillos pasos<\/strong><\/h2>\n\n<h3 class=\"wp-block-heading\"><strong>1\ufe0f. Pedir presupuesto <\/strong><\/h3>\n\n<p>Env\u00edenos su dise\u00f1o de Producci\u00f3n de Juguetes de Peluche y la cantidad de producto deseada y le enviaremos un presupuesto formal en 24 horas. Nuestro personal revisar\u00e1 materiales, mano de obra, log\u00edstica y todos los detalles para tener el precio m\u00e1s competitivo que se ajuste a sus necesidades. <\/p>\n\n<h3 class=\"wp-block-heading\"><strong>2\ufe0f. Crear prototipo <\/strong><\/h3>\n\n<p>Una vez aprobado el presupuesto, empezamos a crear su prototipo. Recibir\u00e1 una vista previa digital y una muestra f\u00edsica para su aprobaci\u00f3n. Ofrecemos hasta 2 rondas de revisiones para asegurarnos de que quede perfecto.  <\/p>\n\n<h2 class=\"wp-block-heading\"><strong>3\ufe0f. Producci\u00f3n en serie y entrega <\/strong><\/h2>\n\n<p>Una vez aprobado el prototipo, iniciamos la producci\u00f3n en serie de Peluches personalizados al por mayor. Nuestro equipo de control de calidad se asegura de que cada producto cumpla sus especificaciones y las normas de seguridad mundiales. A continuaci\u00f3n, le enviamos directamente sus mochilas de felpa personalizadas.  <\/p>\n\n<div class=\"wp-block-cover\" style=\"min-height:299px;aspect-ratio:unset;\"><span aria-hidden=\"true\" class=\"wp-block-cover__background has-palette-color-1-background-color has-background-dim-100 has-background-dim\"><\/span><div class=\"wp-block-cover__inner-container is-layout-constrained wp-block-cover-is-layout-constrained\">\n<h2 class=\"wp-block-heading\"><strong>Escuche a nuestros m\u00e1s de 1 mill\u00f3n de clientes satisfechos en todo el mundo<\/strong><\/h2>\n\n\n\n<p>Hemos establecido relaciones duraderas con marcas mundiales como IKEA, licenciatarios de Disney y SnuggleSoft Creations. Esto es lo que dicen nuestros clientes: <\/p>\n\n\n\n<ul class=\"wp-block-list\">\n<li>\u00abPlushtoy Factory ha entregado sistem\u00e1ticamente nuestras mochilas de felpa a tiempo. La calidad es excepcional y hemos recibido muy buenas opiniones de nuestros clientes.\u00bb &#8211; Anika, Alemania<\/li>\n\n\n\n<li><em>\u00abRealmente impresionados con su trabajo, nuestros ositos de peluche estaban finamente cosidos y utilizaron tela de alta calidad, a mis clientes les encantan. muchas gracias por su duro trabajo\u00bb. (Emily Grace Johnson, EE.UU.) Objetivo local<\/em><\/li>\n<\/ul>\n<\/div><\/div>\n\n<h2 class=\"wp-block-heading\"><strong>\u00bfTiene preguntas? Tenemos respuestas <\/strong><\/h2>\n\n<h5 class=\"wp-block-heading\">1<strong>.\u00bfCu\u00e1l es la cantidad m\u00ednima de pedido de mochilas rellenas de animales personalizadas?<\/strong><\/h5>\n\n<p>Tenemos un MOQ (cantidad m\u00ednima de pedido) bajo de 500 piezas por estilo para darle flexibilidad a la hora de realizar sus pedidos al por mayor.<\/p>\n\n<h5 class=\"wp-block-heading\">2<strong>.\u00bfCu\u00e1nto tiempo se tarda en producir mochilas de felpa a granel?<\/strong><\/h5>\n\n<p>Se tarda unos 15 d\u00edas en la producci\u00f3n de muestras y entre 30 y 45 en la producci\u00f3n a granel, en funci\u00f3n de la cantidad del pedido.<\/p>\n\n<h5 class=\"wp-block-heading\">3<strong>.\u00bfPuedo obtener una muestra antes de hacer un pedido al por mayor?<\/strong><\/h5>\n\n<p>S\u00ed, podemos ofrecer un prototipo al cliente antes de la producci\u00f3n en serie.<\/p>\n\n<h5 class=\"wp-block-heading\">4<strong>.\u00bfQu\u00e9 certificaciones de seguridad tienen sus bolsas de felpa?<\/strong><\/h5>\n\n<p>Todos nuestros peluches cumplen las normas internacionales de seguridad, como las certificaciones EN71, CE y CPSIA.<\/p>\n\n<h5 class=\"wp-block-heading\">5<strong>.\u00bfOfrecen mochilas de peluche personalizadas con logotipos o dise\u00f1os?<\/strong><\/h5>\n\n<p>S\u00ed, fabricamos bolsas de peluches personalizadas con logotipo, bordado y serigraf\u00eda para satisfacer sus requisitos de marca.<\/p>\n\n<h5 class=\"wp-block-heading\">6<strong>.\u00bfOfrecen mochilas de felpa ecol\u00f3gicas?<\/strong><\/h5>\n\n<p>Por supuesto. Ofrecemos una amplia gama de tejidos seguros y ecol\u00f3gicos para tus mochilas de felpa personalizadas, incluidos tejidos hipoalerg\u00e9nicos y opciones recicladas. <\/p>\n\n<h5 class=\"wp-block-heading\">7<strong>.\u00bfCu\u00e1les son sus condiciones de pago?<\/strong><\/h5>\n\n<p>Requerimos un dep\u00f3sito del 30% para iniciar la producci\u00f3n, y el 70% restante antes del env\u00edo.<\/p>\n\n<h2 class=\"wp-block-heading\"><strong>\u00a1Consiga hoy mismo sus mochilas de felpa personalizadas!<\/strong><\/h2>\n\n<p>No se preocupe si busca bolsas promocionales, mochilas de peluche o mochilas de peluche para ni\u00f1os: tenemos todas las soluciones para su empresa. Nuestra dedicaci\u00f3n a la calidad, la seguridad y el servicio al cliente hace posible nuestro \u00e9xito con marcas l\u00edderes mundiales. <\/p>\n\n<p>P\u00f3ngase en contacto con nosotros hoy mismo para solicitar un presupuesto gratuito y comenzar su viaje con mochilas de felpa personalizadas.<\/p>\n\n<p><\/p>\n","protected":false},"excerpt":{"rendered":"<p>Su fabricante de mochilas de felpa personalizadas de confianza en China Plushtoy Factory cuenta con m\u00e1s de 20 a\u00f1os de experiencia en la creaci\u00f3n de mochilas de felpa personalizadas de primera calidad. Dise\u00f1amos y fabricamos mochilas de felpa que se adaptan a diversos mercados, desde mochilas de felpa suaves para ni\u00f1os hasta mochilas corporativas de [&hellip;]<\/p>\n","protected":false},"author":1,"featured_media":0,"parent":1646,"menu_order":0,"comment_status":"closed","ping_status":"closed","template":"","meta":{"footnotes":""},"class_list":["post-1619","page","type-page","status-publish","hentry"],"blocksy_meta":[],"yoast_head":"<!-- This site is optimized with the Yoast SEO plugin v26.6 - https:\/\/yoast.com\/wordpress\/plugins\/seo\/ -->\n<title>Mochila de felpa personalizada - Plush Toy Manufacturer|Customized plush toys<\/title>\n<meta name=\"robots\" content=\"index, follow, max-snippet:-1, max-image-preview:large, max-video-preview:-1\" \/>\n<link rel=\"canonical\" href=\"https:\/\/plushtoyfactoryhere.com\/es\/ejemplos\/mochila-de-felpa-personalizada\/\" \/>\n<meta property=\"og:locale\" content=\"es_ES\" \/>\n<meta property=\"og:type\" content=\"article\" \/>\n<meta property=\"og:title\" content=\"Mochila de felpa personalizada - Plush Toy Manufacturer|Customized plush toys\" \/>\n<meta property=\"og:description\" content=\"Su fabricante de mochilas de felpa personalizadas de confianza en China Plushtoy Factory cuenta con m\u00e1s de 20 a\u00f1os de experiencia en la creaci\u00f3n de mochilas de felpa personalizadas de primera calidad. Dise\u00f1amos y fabricamos mochilas de felpa que se adaptan a diversos mercados, desde mochilas de felpa suaves para ni\u00f1os hasta mochilas corporativas de [&hellip;]\" \/>\n<meta property=\"og:url\" content=\"https:\/\/plushtoyfactoryhere.com\/es\/ejemplos\/mochila-de-felpa-personalizada\/\" \/>\n<meta property=\"og:site_name\" content=\"Plush Toy Manufacturer|Customized plush toys\" \/>\n<meta property=\"article:publisher\" content=\"https:\/\/www.facebook.com\/plushtoyfactoryhere\" \/>\n<meta property=\"article:modified_time\" content=\"2025-08-21T20:06:42+00:00\" \/>\n<meta property=\"og:image\" content=\"https:\/\/plushtoyfactoryhere.com\/wp-content\/uploads\/2025\/08\/82.jpg\" \/>\n\t<meta property=\"og:image:width\" content=\"755\" \/>\n\t<meta property=\"og:image:height\" content=\"447\" \/>\n\t<meta property=\"og:image:type\" content=\"image\/jpeg\" \/>\n<meta name=\"twitter:card\" content=\"summary_large_image\" \/>\n<meta name=\"twitter:label1\" content=\"Tiempo de lectura\" \/>\n\t<meta name=\"twitter:data1\" content=\"6 minutos\" \/>\n<script type=\"application\/ld+json\" class=\"yoast-schema-graph\">{\"@context\":\"https:\/\/schema.org\",\"@graph\":[{\"@type\":\"WebPage\",\"@id\":\"https:\/\/plushtoyfactoryhere.com\/es\/ejemplos\/mochila-de-felpa-personalizada\/\",\"url\":\"https:\/\/plushtoyfactoryhere.com\/es\/ejemplos\/mochila-de-felpa-personalizada\/\",\"name\":\"Mochila de felpa personalizada - Plush Toy Manufacturer|Customized plush toys\",\"isPartOf\":{\"@id\":\"https:\/\/plushtoyfactoryhere.com\/es\/#website\"},\"primaryImageOfPage\":{\"@id\":\"https:\/\/plushtoyfactoryhere.com\/es\/ejemplos\/mochila-de-felpa-personalizada\/#primaryimage\"},\"image\":{\"@id\":\"https:\/\/plushtoyfactoryhere.com\/es\/ejemplos\/mochila-de-felpa-personalizada\/#primaryimage\"},\"thumbnailUrl\":\"https:\/\/plushtoyfactoryhere.com\/wp-content\/uploads\/2025\/08\/82.jpg\",\"datePublished\":\"2025-08-19T14:49:25+00:00\",\"dateModified\":\"2025-08-21T20:06:42+00:00\",\"breadcrumb\":{\"@id\":\"https:\/\/plushtoyfactoryhere.com\/es\/ejemplos\/mochila-de-felpa-personalizada\/#breadcrumb\"},\"inLanguage\":\"es\",\"potentialAction\":[{\"@type\":\"ReadAction\",\"target\":[\"https:\/\/plushtoyfactoryhere.com\/es\/ejemplos\/mochila-de-felpa-personalizada\/\"]}]},{\"@type\":\"ImageObject\",\"inLanguage\":\"es\",\"@id\":\"https:\/\/plushtoyfactoryhere.com\/es\/ejemplos\/mochila-de-felpa-personalizada\/#primaryimage\",\"url\":\"https:\/\/plushtoyfactoryhere.com\/wp-content\/uploads\/2025\/08\/82.jpg\",\"contentUrl\":\"https:\/\/plushtoyfactoryhere.com\/wp-content\/uploads\/2025\/08\/82.jpg\"},{\"@type\":\"BreadcrumbList\",\"@id\":\"https:\/\/plushtoyfactoryhere.com\/es\/ejemplos\/mochila-de-felpa-personalizada\/#breadcrumb\",\"itemListElement\":[{\"@type\":\"ListItem\",\"position\":1,\"name\":\"Home\",\"item\":\"https:\/\/plushtoyfactoryhere.com\/es\/\"},{\"@type\":\"ListItem\",\"position\":2,\"name\":\"Mochila de felpa personalizada\"}]},{\"@type\":\"WebSite\",\"@id\":\"https:\/\/plushtoyfactoryhere.com\/es\/#website\",\"url\":\"https:\/\/plushtoyfactoryhere.com\/es\/\",\"name\":\"FlushtoyFactory\",\"description\":\"As one of the top custom stuffed manufacturers, we help you design not only a stuffed toy but a product that will capture your audience\u2019s attention and help your brand gain exposure. Our personalized stuffed animals &amp; plush toys stand out as long term and effective promotional items for businesses worldwide.\",\"publisher\":{\"@id\":\"https:\/\/plushtoyfactoryhere.com\/es\/#organization\"},\"potentialAction\":[{\"@type\":\"SearchAction\",\"target\":{\"@type\":\"EntryPoint\",\"urlTemplate\":\"https:\/\/plushtoyfactoryhere.com\/es\/?s={search_term_string}\"},\"query-input\":{\"@type\":\"PropertyValueSpecification\",\"valueRequired\":true,\"valueName\":\"search_term_string\"}}],\"inLanguage\":\"es\"},{\"@type\":\"Organization\",\"@id\":\"https:\/\/plushtoyfactoryhere.com\/es\/#organization\",\"name\":\"Beijing PuYue YiPin Trading Co., Ltd.\",\"alternateName\":\"PuYue YiPin\",\"url\":\"https:\/\/plushtoyfactoryhere.com\/es\/\",\"logo\":{\"@type\":\"ImageObject\",\"inLanguage\":\"es\",\"@id\":\"https:\/\/plushtoyfactoryhere.com\/es\/#\/schema\/logo\/image\/\",\"url\":\"https:\/\/plushtoyfactoryhere.com\/wp-content\/uploads\/2025\/08\/logo1.png\",\"contentUrl\":\"https:\/\/plushtoyfactoryhere.com\/wp-content\/uploads\/2025\/08\/logo1.png\",\"width\":200,\"height\":200,\"caption\":\"Beijing PuYue YiPin Trading Co., Ltd.\"},\"image\":{\"@id\":\"https:\/\/plushtoyfactoryhere.com\/es\/#\/schema\/logo\/image\/\"},\"sameAs\":[\"https:\/\/www.facebook.com\/plushtoyfactoryhere\",\"https:\/\/www.linkedin.com\/in\/plush-toys-and-leather-case-bag\/\"]}]}<\/script>\n<!-- \/ Yoast SEO plugin. -->","yoast_head_json":{"title":"Mochila de felpa personalizada - Plush Toy Manufacturer|Customized plush toys","robots":{"index":"index","follow":"follow","max-snippet":"max-snippet:-1","max-image-preview":"max-image-preview:large","max-video-preview":"max-video-preview:-1"},"canonical":"https:\/\/plushtoyfactoryhere.com\/es\/ejemplos\/mochila-de-felpa-personalizada\/","og_locale":"es_ES","og_type":"article","og_title":"Mochila de felpa personalizada - Plush Toy Manufacturer|Customized plush toys","og_description":"Su fabricante de mochilas de felpa personalizadas de confianza en China Plushtoy Factory cuenta con m\u00e1s de 20 a\u00f1os de experiencia en la creaci\u00f3n de mochilas de felpa personalizadas de primera calidad. Dise\u00f1amos y fabricamos mochilas de felpa que se adaptan a diversos mercados, desde mochilas de felpa suaves para ni\u00f1os hasta mochilas corporativas de [&hellip;]","og_url":"https:\/\/plushtoyfactoryhere.com\/es\/ejemplos\/mochila-de-felpa-personalizada\/","og_site_name":"Plush Toy Manufacturer|Customized plush toys","article_publisher":"https:\/\/www.facebook.com\/plushtoyfactoryhere","article_modified_time":"2025-08-21T20:06:42+00:00","og_image":[{"width":755,"height":447,"url":"https:\/\/plushtoyfactoryhere.com\/wp-content\/uploads\/2025\/08\/82.jpg","type":"image\/jpeg"}],"twitter_card":"summary_large_image","twitter_misc":{"Tiempo de lectura":"6 minutos"},"schema":{"@context":"https:\/\/schema.org","@graph":[{"@type":"WebPage","@id":"https:\/\/plushtoyfactoryhere.com\/es\/ejemplos\/mochila-de-felpa-personalizada\/","url":"https:\/\/plushtoyfactoryhere.com\/es\/ejemplos\/mochila-de-felpa-personalizada\/","name":"Mochila de felpa personalizada - Plush Toy Manufacturer|Customized plush toys","isPartOf":{"@id":"https:\/\/plushtoyfactoryhere.com\/es\/#website"},"primaryImageOfPage":{"@id":"https:\/\/plushtoyfactoryhere.com\/es\/ejemplos\/mochila-de-felpa-personalizada\/#primaryimage"},"image":{"@id":"https:\/\/plushtoyfactoryhere.com\/es\/ejemplos\/mochila-de-felpa-personalizada\/#primaryimage"},"thumbnailUrl":"https:\/\/plushtoyfactoryhere.com\/wp-content\/uploads\/2025\/08\/82.jpg","datePublished":"2025-08-19T14:49:25+00:00","dateModified":"2025-08-21T20:06:42+00:00","breadcrumb":{"@id":"https:\/\/plushtoyfactoryhere.com\/es\/ejemplos\/mochila-de-felpa-personalizada\/#breadcrumb"},"inLanguage":"es","potentialAction":[{"@type":"ReadAction","target":["https:\/\/plushtoyfactoryhere.com\/es\/ejemplos\/mochila-de-felpa-personalizada\/"]}]},{"@type":"ImageObject","inLanguage":"es","@id":"https:\/\/plushtoyfactoryhere.com\/es\/ejemplos\/mochila-de-felpa-personalizada\/#primaryimage","url":"https:\/\/plushtoyfactoryhere.com\/wp-content\/uploads\/2025\/08\/82.jpg","contentUrl":"https:\/\/plushtoyfactoryhere.com\/wp-content\/uploads\/2025\/08\/82.jpg"},{"@type":"BreadcrumbList","@id":"https:\/\/plushtoyfactoryhere.com\/es\/ejemplos\/mochila-de-felpa-personalizada\/#breadcrumb","itemListElement":[{"@type":"ListItem","position":1,"name":"Home","item":"https:\/\/plushtoyfactoryhere.com\/es\/"},{"@type":"ListItem","position":2,"name":"Mochila de felpa personalizada"}]},{"@type":"WebSite","@id":"https:\/\/plushtoyfactoryhere.com\/es\/#website","url":"https:\/\/plushtoyfactoryhere.com\/es\/","name":"FlushtoyFactory","description":"As one of the top custom stuffed manufacturers, we help you design not only a stuffed toy but a product that will capture your audience\u2019s attention and help your brand gain exposure. Our personalized stuffed animals &amp; plush toys stand out as long term and effective promotional items for businesses worldwide.","publisher":{"@id":"https:\/\/plushtoyfactoryhere.com\/es\/#organization"},"potentialAction":[{"@type":"SearchAction","target":{"@type":"EntryPoint","urlTemplate":"https:\/\/plushtoyfactoryhere.com\/es\/?s={search_term_string}"},"query-input":{"@type":"PropertyValueSpecification","valueRequired":true,"valueName":"search_term_string"}}],"inLanguage":"es"},{"@type":"Organization","@id":"https:\/\/plushtoyfactoryhere.com\/es\/#organization","name":"Beijing PuYue YiPin Trading Co., Ltd.","alternateName":"PuYue YiPin","url":"https:\/\/plushtoyfactoryhere.com\/es\/","logo":{"@type":"ImageObject","inLanguage":"es","@id":"https:\/\/plushtoyfactoryhere.com\/es\/#\/schema\/logo\/image\/","url":"https:\/\/plushtoyfactoryhere.com\/wp-content\/uploads\/2025\/08\/logo1.png","contentUrl":"https:\/\/plushtoyfactoryhere.com\/wp-content\/uploads\/2025\/08\/logo1.png","width":200,"height":200,"caption":"Beijing PuYue YiPin Trading Co., Ltd."},"image":{"@id":"https:\/\/plushtoyfactoryhere.com\/es\/#\/schema\/logo\/image\/"},"sameAs":["https:\/\/www.facebook.com\/plushtoyfactoryhere","https:\/\/www.linkedin.com\/in\/plush-toys-and-leather-case-bag\/"]}]}},"_links":{"self":[{"href":"https:\/\/plushtoyfactoryhere.com\/es\/wp-json\/wp\/v2\/pages\/1619","targetHints":{"allow":["GET"]}}],"collection":[{"href":"https:\/\/plushtoyfactoryhere.com\/es\/wp-json\/wp\/v2\/pages"}],"about":[{"href":"https:\/\/plushtoyfactoryhere.com\/es\/wp-json\/wp\/v2\/types\/page"}],"author":[{"embeddable":true,"href":"https:\/\/plushtoyfactoryhere.com\/es\/wp-json\/wp\/v2\/users\/1"}],"replies":[{"embeddable":true,"href":"https:\/\/plushtoyfactoryhere.com\/es\/wp-json\/wp\/v2\/comments?post=1619"}],"version-history":[{"count":1,"href":"https:\/\/plushtoyfactoryhere.com\/es\/wp-json\/wp\/v2\/pages\/1619\/revisions"}],"predecessor-version":[{"id":1621,"href":"https:\/\/plushtoyfactoryhere.com\/es\/wp-json\/wp\/v2\/pages\/1619\/revisions\/1621"}],"up":[{"embeddable":true,"href":"https:\/\/plushtoyfactoryhere.com\/es\/wp-json\/wp\/v2\/pages\/1646"}],"wp:attachment":[{"href":"https:\/\/plushtoyfactoryhere.com\/es\/wp-json\/wp\/v2\/media?parent=1619"}],"curies":[{"name":"wp","href":"https:\/\/api.w.org\/{rel}","templated":true}]}}