{"id":1618,"date":"2025-08-20T15:58:21","date_gmt":"2025-08-20T15:58:21","guid":{"rendered":"https:\/\/plushtoyfactoryhere.com\/peluche-personalizado-my-little-pony\/"},"modified":"2025-08-21T20:06:41","modified_gmt":"2025-08-21T20:06:41","slug":"peluche-personalizado-my-little-pony","status":"publish","type":"page","link":"https:\/\/plushtoyfactoryhere.com\/es\/ejemplos\/peluche-personalizado-my-little-pony\/","title":{"rendered":"Peluche personalizado My Little Pony"},"content":{"rendered":"\n<h2 class=\"wp-block-heading\"><strong>Mayorista de Juguetes de Peluche de My Little Pony: De China a todo el mundo<\/strong><\/h2>\n\n<p>Experimente la fabricaci\u00f3n de peluches personalizados de My Little Pony de primera clase que captura a la perfecci\u00f3n la magia y el encanto de estos ic\u00f3nicos personajes. Durante los \u00faltimos 20 a\u00f1os Plushtoy Factory ha estado sirviendo a empresas internacionales con detallados, suaves y adorables juguetes de peluche y peluches personalizados. <\/p>\n\n<p>\u00bfNo quieres aprovechar estas mu\u00f1ecas de felpa de alta calidad para traer una sonrisa a la cara de cualquier fan? Entonces prueba nuestros peluches creados My Little Pony Princesa Twilight Sparkle o My Little Pony Rainbow Dash para venta al por menor, regalos o promociones y causa una impresi\u00f3n duradera en tus clientes. <\/p>\n\n<h2 class=\"wp-block-heading\"><strong>Servicios b\u00e1sicos<\/strong><\/h2>\n\n<div class=\"wp-block-media-text has-media-on-the-right is-stacked-on-mobile\"><div class=\"wp-block-media-text__content\">\n<p><\/p>\n\n\n\n<figure class=\"wp-block-table\"><table class=\"has-fixed-layout\"><tbody><tr><td><strong>Aspecto del servicio<\/strong><\/td><td><strong>Detalles<\/strong><\/td><\/tr><tr><td><strong>Tama\u00f1os<\/strong><\/td><td>4-60 pulgadas (10cm-150cm)<\/td><\/tr><tr><td><strong>MOQ<\/strong><\/td><td>Pedidos a partir de 500 unidades<\/td><\/tr><tr><td><strong>Tiempo de producci\u00f3n<\/strong><\/td><td>30-45 d\u00edas (dependiendo de la cantidad pedida)<\/td><\/tr><tr><td><strong>Capacidad anual<\/strong><\/td><td>250000 unidades\/mes<\/td><\/tr><tr><td><strong>Tipo de servicio<\/strong><\/td><td>Personalizaci\u00f3n de f\u00e1brica y venta al por mayor<\/td><\/tr><tr><td><strong>Requisitos de cotizaci\u00f3n<\/strong><\/td><td>Estilo, talla, tejido, cantidad del pedido<\/td><\/tr><\/tbody><\/table><\/figure>\n<\/div><figure class=\"wp-block-media-text__media\"><img loading=\"lazy\" decoding=\"async\" width=\"790\" height=\"686\" src=\"https:\/\/plushtoyfactoryhere.com\/wp-content\/uploads\/2025\/08\/91.jpg\" alt=\"\" class=\"wp-image-1043 size-full\" srcset=\"https:\/\/plushtoyfactoryhere.com\/wp-content\/uploads\/2025\/08\/91.jpg 790w, https:\/\/plushtoyfactoryhere.com\/wp-content\/uploads\/2025\/08\/91-300x261.jpg 300w, https:\/\/plushtoyfactoryhere.com\/wp-content\/uploads\/2025\/08\/91-768x667.jpg 768w\" sizes=\"auto, (max-width: 790px) 100vw, 790px\" \/><\/figure><\/div>\n\n<div class=\"wp-block-cover\" style=\"min-height:296px;aspect-ratio:unset;\"><span aria-hidden=\"true\" class=\"wp-block-cover__background has-palette-color-1-background-color has-background-dim-100 has-background-dim\"><\/span><div class=\"wp-block-cover__inner-container is-layout-constrained wp-block-cover-is-layout-constrained\">\n<h2 class=\"wp-block-heading\"><strong>Nuestro peluche Pinkie Pie de My Little Pony destaca porque<\/strong><\/h2>\n\n\n\n<ul class=\"wp-block-list\">\n<li><strong>Artesan\u00eda de personajes ic\u00f3nicos<\/strong>: Creamos versiones de peluche de todos los personajes favoritos de My Little Pony: Pinkie Pie, Fluttershy, Luna y muchos m\u00e1s. Cada personaje se elabora con cuidado y atenci\u00f3n al detalle para que su personalidad cobre vida. <\/li>\n\n\n\n<li><strong>Personalizaci\u00f3n completa<\/strong>: Ya sea a\u00f1adiendo bordados, serigraf\u00edas o incluso funciones interactivas como m\u00f3dulos de voz, sus opciones de dise\u00f1o son ilimitadas.<\/li>\n\n\n\n<li><strong>Materiales ecol\u00f3gicos<\/strong>: Nuestros peluches est\u00e1n fabricados con materiales respetuosos con el medio ambiente, por lo que puedes estar seguro de que son seguros para los ni\u00f1os y el planeta.<\/li>\n\n\n\n<li><strong>Perfecto para promociones y venta al por menor<\/strong>: Personaliza los peluches de My Little Pony para tu negocio, ya sea para eventos, ventas al por menor o como parte de una promoci\u00f3n de marca.<\/li>\n<\/ul>\n<\/div><\/div>\n\n<h2 class=\"wp-block-heading\"><strong>Creamos Peluches Fluttershy My Little Pony Personalizados. Aqu\u00ed es c\u00f3mo: <\/strong><\/h2>\n\n<p>Con nuestro sencillo proceso tus sue\u00f1os de peluche de My Little Pony est\u00e1n a un paso de hacerse realidad<\/p>\n\n<ul class=\"wp-block-list\">\n<li><strong>Paso 1: Consulta de dise\u00f1o personalizado<\/strong>: Comparta sus preferencias de dise\u00f1o, incluido el tama\u00f1o, el material y cualquier caracter\u00edstica de personalizaci\u00f3n. Nuestro equipo de dise\u00f1o trabajar\u00e1 estrechamente con usted para perfeccionar sus ideas. <\/li>\n\n\n\n<li><strong>Paso 2: Creaci\u00f3n de prototipos<\/strong>: Proporcionamos previsualizaciones digitales y prototipos f\u00edsicos para asegurarnos de que cada detalle es de su satisfacci\u00f3n. En esta fase pueden realizarse ajustes antes de proceder a la producci\u00f3n en serie. <\/li>\n\n\n\n<li><strong>Paso 3: Producci\u00f3n en serie y entrega<\/strong>: Una vez aprobada, procedemos a la producci\u00f3n en masa. Garantizamos la entrega a tiempo, tanto si necesita peluches a granel para la venta al por menor como para una campa\u00f1a promocional a gran escala. <\/li>\n<\/ul>\n\n<div class=\"wp-block-cover\" style=\"min-height:268px;aspect-ratio:unset;\"><span aria-hidden=\"true\" class=\"wp-block-cover__background has-palette-color-1-background-color has-background-dim-100 has-background-dim\"><\/span><div class=\"wp-block-cover__inner-container is-layout-constrained wp-block-cover-is-layout-constrained\">\n<h2 class=\"wp-block-heading\"><strong>Razones para pedir nuestros juguetes de peluche de My Little Pony<\/strong><\/h2>\n\n\n\n<ul class=\"wp-block-list\">\n<li><strong>Poder de marca<\/strong>: Los peluches personalizados de My Little Pony son una forma fant\u00e1stica de reforzar el reconocimiento de tu marca. Su base de fans es enorme y garantiza un amplio alcance para tus esfuerzos promocionales. <\/li>\n\n\n\n<li><strong>Fabricaci\u00f3n de alta calidad<\/strong>: Nuestros peluches se someten a estrictos controles de calidad y cumplen con las normas de seguridad mundiales (EN71, CPSIA, ASTM).<\/li>\n\n\n\n<li><strong>Precios asequibles por volumen<\/strong>: Haga sus pedidos al por mayor para obtener la m\u00e1xima rentabilidad, con cantidades m\u00ednimas a partir de 500 unidades por modelo.<\/li>\n\n\n\n<li>Plazos <strong>de entrega r\u00e1pidos<\/strong>: ofrecemos servicios r\u00e1pidos de creaci\u00f3n de prototipos con plazos de entrega que oscilan entre 30 y 45 d\u00edas para pedidos grandes.<\/li>\n<\/ul>\n<\/div><\/div>\n\n<h2 class=\"wp-block-heading\"><strong>Opiniones de m\u00e1s de 1 mill\u00f3n de clientes satisfechos<\/strong><\/h2>\n\n<p>Las empresas eligen Plushtoy Factory como su destino para encontrar los mejores peluches y juguetes de felpa para mejorar su marca. Con nuestra experiencia en la fabricaci\u00f3n de juguetes de peluche, hemos demostrado ser los socios m\u00e1s confiables y profesionales para las empresas de todo el mundo. Escuche a aquellos que lo han experimentado.  <\/p>\n\n<div class=\"wp-block-stackable-carousel stk-block-carousel stk--is-slide stk--arrows-justify-space-between stk--arrows-align-center stk-block stk-40d9a3e\" data-slides-to-show=\"\" data-block-id=\"40d9a3e\"><div class=\"stk-block-carousel__content-wrapper\"><div class=\"stk-row stk-inner-blocks stk-block-content stk-block-carousel__slider-wrapper stk-content-align stk-40d9a3e-column\"><div class=\"stk-block-carousel__slider\" role=\"list\" data-autoplay=\"4000\" data-label-slide-of=\"Slide %%d of %%d\">\n<div class=\"wp-block-stackable-column stk-block-column stk-column stk-block stk-7d791cf\" data-v=\"4\" data-block-id=\"7d791cf\"><div class=\"stk-column-wrapper stk-block-column__content stk-container stk-7d791cf-container stk--no-background stk--no-padding\"><div class=\"stk-block-content stk-inner-blocks stk-7d791cf-inner-blocks\">\n<p><em>\u00abHa sido un placer colaborar con la f\u00e1brica Plushtoy. Llevamos tres a\u00f1os trabajando con ellos y siempre hemos recibido nuestros peluches a tiempo. Nuestro gestor de proyectos nos manten\u00eda al corriente de los plazos y la ubicaci\u00f3n de nuestros peluches para que nuestro equipo estuviera informado. Utilizamos nuestros mu\u00f1ecos como obsequio promocional y a los clientes siempre les encantan\u00bb.<\/em><strong><em> (Anika, Alemania) SnuggleSoft Creations<\/em><\/strong><\/p>\n<\/div><\/div><\/div>\n\n\n\n<div class=\"wp-block-stackable-column stk-block-column stk-column stk-block stk-4a41afd\" data-v=\"4\" data-block-id=\"4a41afd\"><div class=\"stk-column-wrapper stk-block-column__content stk-container stk-4a41afd-container stk--no-background stk--no-padding\"><div class=\"stk-block-content stk-inner-blocks stk-4a41afd-inner-blocks\">\n<p><em>\u00abNuestros peluches personalizados son siempre un gran \u00e9xito en las ferias comerciales. plush toy factory cre\u00f3 y entreg\u00f3 art\u00edculos promocionales que se ajustaban a nuestra estrategia de marketing de una forma divertida y \u00fanica\u00bb <\/em><strong><em>(James Alexander Smith, EE. UU.) Hugzy<\/em><\/strong><\/p>\n<\/div><\/div><\/div>\n\n\n\n<div class=\"wp-block-stackable-column stk-block-column stk-column stk-block stk-a20e086\" data-v=\"4\" data-block-id=\"a20e086\"><div class=\"stk-column-wrapper stk-block-column__content stk-container stk-a20e086-container stk--no-background stk--no-padding\"><div class=\"stk-block-content stk-inner-blocks stk-a20e086-inner-blocks\">\n<p><em>\u00abMe impresion\u00f3 la atenci\u00f3n que prestaron a los plazos y la rapidez con la que se crearon los presupuestos y prototipos. Estaba claro que la entrega a tiempo era una prioridad. Esto fue muy apreciado\u00bb. <\/em><strong><em>(Hiroshi Takahashi, Jap\u00f3n)<\/em><\/strong><\/p>\n<\/div><\/div><\/div>\n<\/div><div class=\"stk-block-carousel__buttons\"><button class=\"stk-block-carousel__button stk-block-carousel__button__prev\" aria-label=\"Previous slide\"><svg aria-hidden=\"true\" focusable=\"false\" data-prefix=\"fas\" data-icon=\"chevron-left\" class=\"svg-inline--fa fa-chevron-left\" xmlns=\"http:\/\/www.w3.org\/2000\/svg\" viewBox=\"0 0 320 512\" width=\"32\" height=\"32\"><path d=\"M34.52 239.03L228.87 44.69c9.37-9.37 24.57-9.37 33.94 0l22.67 22.67c9.36 9.36 9.37 24.52.04 33.9L131.49 256l154.02 154.75c9.34 9.38 9.32 24.54-.04 33.9l-22.67 22.67c-9.37 9.37-24.57 9.37-33.94 0L34.52 272.97c-9.37-9.37-9.37-24.57 0-33.94z\"><\/path><\/svg><\/button><button class=\"stk-block-carousel__button stk-block-carousel__button__next\" aria-label=\"Next slide\"><svg aria-hidden=\"true\" focusable=\"false\" data-prefix=\"fas\" data-icon=\"chevron-right\" class=\"svg-inline--fa fa-chevron-right\" xmlns=\"http:\/\/www.w3.org\/2000\/svg\" viewBox=\"0 0 320 512\" width=\"32\" height=\"32\"><path d=\"M285.476 272.971L91.132 467.314c-9.373 9.373-24.569 9.373-33.941 0l-22.667-22.667c-9.357-9.357-9.375-24.522-.04-33.901L188.505 256 34.484 101.255c-9.335-9.379-9.317-24.544.04-33.901l22.667-22.667c9.373-9.373 24.569-9.373 33.941 0L285.475 239.03c9.373 9.372 9.373 24.568.001 33.941z\"><\/path><\/svg><\/button><\/div><\/div><div class=\"stk-block-carousel__dots\" role=\"list\" data-label=\"Slide %%d\"><\/div><\/div><\/div>\n\n<div class=\"wp-block-cover\"><span aria-hidden=\"true\" class=\"wp-block-cover__background has-palette-color-1-background-color has-background-dim-100 has-background-dim\"><\/span><div class=\"wp-block-cover__inner-container is-layout-constrained wp-block-cover-is-layout-constrained\">\n<p class=\"has-text-align-center has-large-font-size\"><\/p>\n\n\n\n<h2 class=\"wp-block-heading\"><strong>Preguntas frecuentes<\/strong><\/h2>\n\n\n\n<h5 class=\"wp-block-heading\"><strong>1. \u00bfPor qu\u00e9 son tan famosos los peluches hechos en China?<\/strong><\/h5>\n\n\n\n<p>La mayor\u00eda de las marcas de juguetes del mundo optan por producir y ensamblar en China porque la fabricaci\u00f3n de juguetes en este pa\u00eds ofrece muchas ventajas \u00fanicas, como plazos de producci\u00f3n r\u00e1pidos, requisitos de pedido m\u00ednimo reducidos y precios m\u00e1s asequibles.<\/p>\n\n\n\n<h5 class=\"wp-block-heading\"><strong>2. \u00bfEs seguro comprar peluches fabricados en China?<\/strong><\/h5>\n\n\n\n<p>Como fabricante de larga tradici\u00f3n en este sector, damos prioridad a la salud de las generaciones futuras. Todos nuestros peluches se fabrican con materiales certificados y seguros, y se someten a pruebas independientes en un laboratorio acreditado. Nuestros productos no contienen sustancias qu\u00edmicas y cumplen todos los requisitos para la importaci\u00f3n.  <\/p>\n\n\n\n<h5 class=\"wp-block-heading\"><strong>3. \u00bfQu\u00e9 normas de seguridad deben cumplir los peluches en EE.UU.?<\/strong><\/h5>\n\n\n\n<p>Para cumplir las normas estadounidenses sobre peluches, los juguetes deben cumplir dos normativas de seguridad: la ASTM F963 (pruebas de propiedades f\u00edsicas y mec\u00e1nicas, inflamabilidad y l\u00edmites de metales pesados y sustancias qu\u00edmicas) y la CPSIA (pruebas para productos destinados a ni\u00f1os menores de 12 a\u00f1os).<\/p>\n\n\n\n<h5 class=\"wp-block-heading\"><strong>4. \u00bfCu\u00e1nto costar\u00e1 producir mi dise\u00f1o personalizado?<\/strong><\/h5>\n\n\n\n<p>El coste var\u00eda en funci\u00f3n de la complejidad del dise\u00f1o, las necesidades de personalizaci\u00f3n para el bordado o la impresi\u00f3n, los materiales utilizados y el volumen de su pedido. Le enviaremos un presupuesto detallado tras estudiar su idea. <\/p>\n<\/div><\/div>\n\n<hr class=\"wp-block-separator has-alpha-channel-opacity\"\/>\n\n<p>\u00bfPor qu\u00e9 est\u00e1s retrasando la fabricaci\u00f3n de peluches personalizados de My Little Pony que har\u00e1 las delicias de los fans? Estamos aqu\u00ed para ayudarle, no importa si necesita peluches personalizados para promociones, mu\u00f1ecos de peluche al por mayor o art\u00edculos de marca. <\/p>\n\n<p><strong>\u00a1Empecemos a crear tu peluche personalizado de My Little Pony hoy mismo!<\/strong><\/p>\n\n<p><\/p>\n","protected":false},"excerpt":{"rendered":"<p>Mayorista de Juguetes de Peluche de My Little Pony: De China a todo el mundo Experimente la fabricaci\u00f3n de peluches personalizados de My Little Pony de primera clase que captura a la perfecci\u00f3n la magia y el encanto de estos ic\u00f3nicos personajes. Durante los \u00faltimos 20 a\u00f1os Plushtoy Factory ha estado sirviendo a empresas internacionales [&hellip;]<\/p>\n","protected":false},"author":1,"featured_media":0,"parent":1646,"menu_order":0,"comment_status":"closed","ping_status":"closed","template":"","meta":{"footnotes":""},"class_list":["post-1618","page","type-page","status-publish","hentry"],"blocksy_meta":[],"yoast_head":"<!-- This site is optimized with the Yoast SEO plugin v26.6 - https:\/\/yoast.com\/wordpress\/plugins\/seo\/ -->\n<title>Peluche personalizado My Little Pony - Plush Toy Manufacturer|Customized plush toys<\/title>\n<meta name=\"robots\" content=\"index, follow, max-snippet:-1, max-image-preview:large, max-video-preview:-1\" \/>\n<link rel=\"canonical\" href=\"https:\/\/plushtoyfactoryhere.com\/es\/ejemplos\/peluche-personalizado-my-little-pony\/\" \/>\n<meta property=\"og:locale\" content=\"es_ES\" \/>\n<meta property=\"og:type\" content=\"article\" \/>\n<meta property=\"og:title\" content=\"Peluche personalizado My Little Pony - Plush Toy Manufacturer|Customized plush toys\" \/>\n<meta property=\"og:description\" content=\"Mayorista de Juguetes de Peluche de My Little Pony: De China a todo el mundo Experimente la fabricaci\u00f3n de peluches personalizados de My Little Pony de primera clase que captura a la perfecci\u00f3n la magia y el encanto de estos ic\u00f3nicos personajes. Durante los \u00faltimos 20 a\u00f1os Plushtoy Factory ha estado sirviendo a empresas internacionales [&hellip;]\" \/>\n<meta property=\"og:url\" content=\"https:\/\/plushtoyfactoryhere.com\/es\/ejemplos\/peluche-personalizado-my-little-pony\/\" \/>\n<meta property=\"og:site_name\" content=\"Plush Toy Manufacturer|Customized plush toys\" \/>\n<meta property=\"article:publisher\" content=\"https:\/\/www.facebook.com\/plushtoyfactoryhere\" \/>\n<meta property=\"article:modified_time\" content=\"2025-08-21T20:06:41+00:00\" \/>\n<meta property=\"og:image\" content=\"https:\/\/plushtoyfactoryhere.com\/wp-content\/uploads\/2025\/08\/91.jpg\" \/>\n\t<meta property=\"og:image:width\" content=\"790\" \/>\n\t<meta property=\"og:image:height\" content=\"686\" \/>\n\t<meta property=\"og:image:type\" content=\"image\/jpeg\" \/>\n<meta name=\"twitter:card\" content=\"summary_large_image\" \/>\n<meta name=\"twitter:label1\" content=\"Tiempo de lectura\" \/>\n\t<meta name=\"twitter:data1\" content=\"6 minutos\" \/>\n<script type=\"application\/ld+json\" class=\"yoast-schema-graph\">{\"@context\":\"https:\/\/schema.org\",\"@graph\":[{\"@type\":\"WebPage\",\"@id\":\"https:\/\/plushtoyfactoryhere.com\/es\/ejemplos\/peluche-personalizado-my-little-pony\/\",\"url\":\"https:\/\/plushtoyfactoryhere.com\/es\/ejemplos\/peluche-personalizado-my-little-pony\/\",\"name\":\"Peluche personalizado My Little Pony - Plush Toy Manufacturer|Customized plush toys\",\"isPartOf\":{\"@id\":\"https:\/\/plushtoyfactoryhere.com\/es\/#website\"},\"primaryImageOfPage\":{\"@id\":\"https:\/\/plushtoyfactoryhere.com\/es\/ejemplos\/peluche-personalizado-my-little-pony\/#primaryimage\"},\"image\":{\"@id\":\"https:\/\/plushtoyfactoryhere.com\/es\/ejemplos\/peluche-personalizado-my-little-pony\/#primaryimage\"},\"thumbnailUrl\":\"https:\/\/plushtoyfactoryhere.com\/wp-content\/uploads\/2025\/08\/91.jpg\",\"datePublished\":\"2025-08-20T15:58:21+00:00\",\"dateModified\":\"2025-08-21T20:06:41+00:00\",\"breadcrumb\":{\"@id\":\"https:\/\/plushtoyfactoryhere.com\/es\/ejemplos\/peluche-personalizado-my-little-pony\/#breadcrumb\"},\"inLanguage\":\"es\",\"potentialAction\":[{\"@type\":\"ReadAction\",\"target\":[\"https:\/\/plushtoyfactoryhere.com\/es\/ejemplos\/peluche-personalizado-my-little-pony\/\"]}]},{\"@type\":\"ImageObject\",\"inLanguage\":\"es\",\"@id\":\"https:\/\/plushtoyfactoryhere.com\/es\/ejemplos\/peluche-personalizado-my-little-pony\/#primaryimage\",\"url\":\"https:\/\/plushtoyfactoryhere.com\/wp-content\/uploads\/2025\/08\/91.jpg\",\"contentUrl\":\"https:\/\/plushtoyfactoryhere.com\/wp-content\/uploads\/2025\/08\/91.jpg\"},{\"@type\":\"BreadcrumbList\",\"@id\":\"https:\/\/plushtoyfactoryhere.com\/es\/ejemplos\/peluche-personalizado-my-little-pony\/#breadcrumb\",\"itemListElement\":[{\"@type\":\"ListItem\",\"position\":1,\"name\":\"Home\",\"item\":\"https:\/\/plushtoyfactoryhere.com\/es\/\"},{\"@type\":\"ListItem\",\"position\":2,\"name\":\"Peluche personalizado My Little Pony\"}]},{\"@type\":\"WebSite\",\"@id\":\"https:\/\/plushtoyfactoryhere.com\/es\/#website\",\"url\":\"https:\/\/plushtoyfactoryhere.com\/es\/\",\"name\":\"FlushtoyFactory\",\"description\":\"As one of the top custom stuffed manufacturers, we help you design not only a stuffed toy but a product that will capture your audience\u2019s attention and help your brand gain exposure. Our personalized stuffed animals &amp; plush toys stand out as long term and effective promotional items for businesses worldwide.\",\"publisher\":{\"@id\":\"https:\/\/plushtoyfactoryhere.com\/es\/#organization\"},\"potentialAction\":[{\"@type\":\"SearchAction\",\"target\":{\"@type\":\"EntryPoint\",\"urlTemplate\":\"https:\/\/plushtoyfactoryhere.com\/es\/?s={search_term_string}\"},\"query-input\":{\"@type\":\"PropertyValueSpecification\",\"valueRequired\":true,\"valueName\":\"search_term_string\"}}],\"inLanguage\":\"es\"},{\"@type\":\"Organization\",\"@id\":\"https:\/\/plushtoyfactoryhere.com\/es\/#organization\",\"name\":\"Beijing PuYue YiPin Trading Co., Ltd.\",\"alternateName\":\"PuYue YiPin\",\"url\":\"https:\/\/plushtoyfactoryhere.com\/es\/\",\"logo\":{\"@type\":\"ImageObject\",\"inLanguage\":\"es\",\"@id\":\"https:\/\/plushtoyfactoryhere.com\/es\/#\/schema\/logo\/image\/\",\"url\":\"https:\/\/plushtoyfactoryhere.com\/wp-content\/uploads\/2025\/08\/logo1.png\",\"contentUrl\":\"https:\/\/plushtoyfactoryhere.com\/wp-content\/uploads\/2025\/08\/logo1.png\",\"width\":200,\"height\":200,\"caption\":\"Beijing PuYue YiPin Trading Co., Ltd.\"},\"image\":{\"@id\":\"https:\/\/plushtoyfactoryhere.com\/es\/#\/schema\/logo\/image\/\"},\"sameAs\":[\"https:\/\/www.facebook.com\/plushtoyfactoryhere\",\"https:\/\/www.linkedin.com\/in\/plush-toys-and-leather-case-bag\/\"]}]}<\/script>\n<!-- \/ Yoast SEO plugin. -->","yoast_head_json":{"title":"Peluche personalizado My Little Pony - Plush Toy Manufacturer|Customized plush toys","robots":{"index":"index","follow":"follow","max-snippet":"max-snippet:-1","max-image-preview":"max-image-preview:large","max-video-preview":"max-video-preview:-1"},"canonical":"https:\/\/plushtoyfactoryhere.com\/es\/ejemplos\/peluche-personalizado-my-little-pony\/","og_locale":"es_ES","og_type":"article","og_title":"Peluche personalizado My Little Pony - Plush Toy Manufacturer|Customized plush toys","og_description":"Mayorista de Juguetes de Peluche de My Little Pony: De China a todo el mundo Experimente la fabricaci\u00f3n de peluches personalizados de My Little Pony de primera clase que captura a la perfecci\u00f3n la magia y el encanto de estos ic\u00f3nicos personajes. Durante los \u00faltimos 20 a\u00f1os Plushtoy Factory ha estado sirviendo a empresas internacionales [&hellip;]","og_url":"https:\/\/plushtoyfactoryhere.com\/es\/ejemplos\/peluche-personalizado-my-little-pony\/","og_site_name":"Plush Toy Manufacturer|Customized plush toys","article_publisher":"https:\/\/www.facebook.com\/plushtoyfactoryhere","article_modified_time":"2025-08-21T20:06:41+00:00","og_image":[{"width":790,"height":686,"url":"https:\/\/plushtoyfactoryhere.com\/wp-content\/uploads\/2025\/08\/91.jpg","type":"image\/jpeg"}],"twitter_card":"summary_large_image","twitter_misc":{"Tiempo de lectura":"6 minutos"},"schema":{"@context":"https:\/\/schema.org","@graph":[{"@type":"WebPage","@id":"https:\/\/plushtoyfactoryhere.com\/es\/ejemplos\/peluche-personalizado-my-little-pony\/","url":"https:\/\/plushtoyfactoryhere.com\/es\/ejemplos\/peluche-personalizado-my-little-pony\/","name":"Peluche personalizado My Little Pony - Plush Toy Manufacturer|Customized plush toys","isPartOf":{"@id":"https:\/\/plushtoyfactoryhere.com\/es\/#website"},"primaryImageOfPage":{"@id":"https:\/\/plushtoyfactoryhere.com\/es\/ejemplos\/peluche-personalizado-my-little-pony\/#primaryimage"},"image":{"@id":"https:\/\/plushtoyfactoryhere.com\/es\/ejemplos\/peluche-personalizado-my-little-pony\/#primaryimage"},"thumbnailUrl":"https:\/\/plushtoyfactoryhere.com\/wp-content\/uploads\/2025\/08\/91.jpg","datePublished":"2025-08-20T15:58:21+00:00","dateModified":"2025-08-21T20:06:41+00:00","breadcrumb":{"@id":"https:\/\/plushtoyfactoryhere.com\/es\/ejemplos\/peluche-personalizado-my-little-pony\/#breadcrumb"},"inLanguage":"es","potentialAction":[{"@type":"ReadAction","target":["https:\/\/plushtoyfactoryhere.com\/es\/ejemplos\/peluche-personalizado-my-little-pony\/"]}]},{"@type":"ImageObject","inLanguage":"es","@id":"https:\/\/plushtoyfactoryhere.com\/es\/ejemplos\/peluche-personalizado-my-little-pony\/#primaryimage","url":"https:\/\/plushtoyfactoryhere.com\/wp-content\/uploads\/2025\/08\/91.jpg","contentUrl":"https:\/\/plushtoyfactoryhere.com\/wp-content\/uploads\/2025\/08\/91.jpg"},{"@type":"BreadcrumbList","@id":"https:\/\/plushtoyfactoryhere.com\/es\/ejemplos\/peluche-personalizado-my-little-pony\/#breadcrumb","itemListElement":[{"@type":"ListItem","position":1,"name":"Home","item":"https:\/\/plushtoyfactoryhere.com\/es\/"},{"@type":"ListItem","position":2,"name":"Peluche personalizado My Little Pony"}]},{"@type":"WebSite","@id":"https:\/\/plushtoyfactoryhere.com\/es\/#website","url":"https:\/\/plushtoyfactoryhere.com\/es\/","name":"FlushtoyFactory","description":"As one of the top custom stuffed manufacturers, we help you design not only a stuffed toy but a product that will capture your audience\u2019s attention and help your brand gain exposure. Our personalized stuffed animals &amp; plush toys stand out as long term and effective promotional items for businesses worldwide.","publisher":{"@id":"https:\/\/plushtoyfactoryhere.com\/es\/#organization"},"potentialAction":[{"@type":"SearchAction","target":{"@type":"EntryPoint","urlTemplate":"https:\/\/plushtoyfactoryhere.com\/es\/?s={search_term_string}"},"query-input":{"@type":"PropertyValueSpecification","valueRequired":true,"valueName":"search_term_string"}}],"inLanguage":"es"},{"@type":"Organization","@id":"https:\/\/plushtoyfactoryhere.com\/es\/#organization","name":"Beijing PuYue YiPin Trading Co., Ltd.","alternateName":"PuYue YiPin","url":"https:\/\/plushtoyfactoryhere.com\/es\/","logo":{"@type":"ImageObject","inLanguage":"es","@id":"https:\/\/plushtoyfactoryhere.com\/es\/#\/schema\/logo\/image\/","url":"https:\/\/plushtoyfactoryhere.com\/wp-content\/uploads\/2025\/08\/logo1.png","contentUrl":"https:\/\/plushtoyfactoryhere.com\/wp-content\/uploads\/2025\/08\/logo1.png","width":200,"height":200,"caption":"Beijing PuYue YiPin Trading Co., Ltd."},"image":{"@id":"https:\/\/plushtoyfactoryhere.com\/es\/#\/schema\/logo\/image\/"},"sameAs":["https:\/\/www.facebook.com\/plushtoyfactoryhere","https:\/\/www.linkedin.com\/in\/plush-toys-and-leather-case-bag\/"]}]}},"_links":{"self":[{"href":"https:\/\/plushtoyfactoryhere.com\/es\/wp-json\/wp\/v2\/pages\/1618","targetHints":{"allow":["GET"]}}],"collection":[{"href":"https:\/\/plushtoyfactoryhere.com\/es\/wp-json\/wp\/v2\/pages"}],"about":[{"href":"https:\/\/plushtoyfactoryhere.com\/es\/wp-json\/wp\/v2\/types\/page"}],"author":[{"embeddable":true,"href":"https:\/\/plushtoyfactoryhere.com\/es\/wp-json\/wp\/v2\/users\/1"}],"replies":[{"embeddable":true,"href":"https:\/\/plushtoyfactoryhere.com\/es\/wp-json\/wp\/v2\/comments?post=1618"}],"version-history":[{"count":1,"href":"https:\/\/plushtoyfactoryhere.com\/es\/wp-json\/wp\/v2\/pages\/1618\/revisions"}],"predecessor-version":[{"id":1620,"href":"https:\/\/plushtoyfactoryhere.com\/es\/wp-json\/wp\/v2\/pages\/1618\/revisions\/1620"}],"up":[{"embeddable":true,"href":"https:\/\/plushtoyfactoryhere.com\/es\/wp-json\/wp\/v2\/pages\/1646"}],"wp:attachment":[{"href":"https:\/\/plushtoyfactoryhere.com\/es\/wp-json\/wp\/v2\/media?parent=1618"}],"curies":[{"name":"wp","href":"https:\/\/api.w.org\/{rel}","templated":true}]}}