{"id":1615,"date":"2025-08-19T13:37:16","date_gmt":"2025-08-19T13:37:16","guid":{"rendered":"https:\/\/plushtoyfactoryhere.com\/peluche-mario-personalizado\/"},"modified":"2025-08-21T20:06:41","modified_gmt":"2025-08-21T20:06:41","slug":"peluche-mario-personalizado","status":"publish","type":"page","link":"https:\/\/plushtoyfactoryhere.com\/es\/ejemplos\/peluche-mario-personalizado\/","title":{"rendered":"Peluche Mario personalizado"},"content":{"rendered":"\n<h1 class=\"wp-block-heading\"><strong>Peluches de Mario a granel hechos a medida para empresas de todo el mundo<\/strong><\/h1>\n\n<p>A\u00f1ada nostalgia y atractivo a su marca con peluches de Mario personalizados. Como una de las principales empresas de peluches B2B, nos centramos en ofrecer peluches de Super Mario personalizados de primera calidad que se adapten a los requisitos de su marca. <\/p>\n\n<h2 class=\"wp-block-heading\"><strong>Servicios b\u00e1sicos<\/strong><\/h2>\n\n<figure class=\"wp-block-table\"><table class=\"has-fixed-layout\"><tbody><tr><td><strong>Aspecto del servicio<\/strong><\/td><td><strong>Detalles<\/strong><\/td><\/tr><tr><td><strong>Tama\u00f1os<\/strong><\/td><td>4-60 pulgadas (10cm-150cm)<\/td><\/tr><tr><td><strong>MOQ<\/strong><\/td><td>Pedidos a partir de 500 unidades<\/td><\/tr><tr><td><strong>Tiempo de producci\u00f3n<\/strong><\/td><td>30-45 d\u00edas (dependiendo de la cantidad pedida)<\/td><\/tr><tr><td><strong>Capacidad anual<\/strong><\/td><td>250000 unidades\/mes<\/td><\/tr><tr><td><strong>Tipo de servicio<\/strong><\/td><td>Personalizaci\u00f3n de f\u00e1brica y venta al por mayor<\/td><\/tr><tr><td><strong>Requisitos de cotizaci\u00f3n<\/strong><\/td><td>Estilo, talla, tejido, cantidad del pedido<\/td><\/tr><\/tbody><\/table><\/figure>\n\n<figure class=\"wp-block-image aligncenter size-full is-resized\"><img loading=\"lazy\" decoding=\"async\" width=\"791\" height=\"798\" src=\"https:\/\/plushtoyfactoryhere.com\/wp-content\/uploads\/2025\/08\/81.jpg\" alt=\"\" class=\"wp-image-1014\" style=\"width:1123px;height:auto\" srcset=\"https:\/\/plushtoyfactoryhere.com\/wp-content\/uploads\/2025\/08\/81.jpg 791w, https:\/\/plushtoyfactoryhere.com\/wp-content\/uploads\/2025\/08\/81-297x300.jpg 297w, https:\/\/plushtoyfactoryhere.com\/wp-content\/uploads\/2025\/08\/81-150x150.jpg 150w, https:\/\/plushtoyfactoryhere.com\/wp-content\/uploads\/2025\/08\/81-768x775.jpg 768w\" sizes=\"auto, (max-width: 791px) 100vw, 791px\" \/><\/figure>\n\n<div class=\"wp-block-cover\" style=\"min-height:295px;aspect-ratio:unset;\"><span aria-hidden=\"true\" class=\"wp-block-cover__background has-palette-color-1-background-color has-background-dim-100 has-background-dim\"><\/span><div class=\"wp-block-cover__inner-container is-layout-constrained wp-block-cover-is-layout-constrained\">\n<h2 class=\"wp-block-heading\"><strong>Peluches de Super Mario para el \u00e9xito de su marca<\/strong><\/h2>\n\n\n\n<p>Nuestros peluches de Mario son algo m\u00e1s que compa\u00f1eros suaves: son poderosas herramientas de marca. He aqu\u00ed por qu\u00e9: <\/p>\n\n\n\n<ul class=\"wp-block-list\">\n<li><strong>Reconocimiento de marca<\/strong>: A\u00f1ade tu logotipo a los peluches de Super Mario para aumentar la visibilidad de tu marca y fidelizar a tus clientes.<\/li>\n\n\n\n<li><strong>Aplicaciones vers\u00e1tiles<\/strong>: Una idea \u00fanica y eficaz para promociones, regalos, comercios y eventos especiales.<\/li>\n\n\n\n<li><strong>Atractivo mundial<\/strong>: Estos personajes tan queridos atraen a un p\u00fablico m\u00e1s amplio. Adem\u00e1s de a los ni\u00f1os, a los adultos de todo el mundo les encantan los peluches gigantes de Mario porque les recuerdan su dulce infancia. <\/li>\n<\/ul>\n<\/div><\/div>\n\n<div class=\"wp-block-cover\" style=\"min-height:321px;aspect-ratio:unset;\"><span aria-hidden=\"true\" class=\"wp-block-cover__background has-palette-color-5-background-color has-background-dim-100 has-background-dim\"><\/span><div class=\"wp-block-cover__inner-container is-layout-constrained wp-block-cover-is-layout-constrained\">\n<h2 class=\"wp-block-heading\"><strong>Personaliza los peluches de tus personajes de Mario<\/strong><\/h2>\n\n\n\n<p>Aqu\u00ed tenemos varias formas de hacer que tus peluches de Mario sean diferentes:<\/p>\n\n\n\n<ul class=\"wp-block-list\">\n<li><strong>Variaciones de tama\u00f1o<\/strong>: Nuestras ofertas Incluyen una variedad de kits, de 5 pulgadas a 60 pulgadas peluches para satisfacer las necesidades de todos.<\/li>\n\n\n\n<li><strong>Elecci\u00f3n de tejidos<\/strong>: Elija la tela de su elecci\u00f3n de vell\u00f3n coral, piel de conejo de imitaci\u00f3n, minky, velboa, hipoalerg\u00e9nico a m\u00e1s materiales ecol\u00f3gicos.<\/li>\n\n\n\n<li><strong>Opciones de personalizaci\u00f3n<\/strong>: Personaliza tu mu\u00f1eco de peluche Mario con logotipos bordados, dise\u00f1os impresos u otras prendas seg\u00fan las necesidades de tu empresa.<\/li>\n\n\n\n<li><strong>Accesorios<\/strong>: A\u00f1ade sombreros exclusivos, pajaritas, etiquetas colgantes, gafas o cambia el color de los ojos o incluso incluye m\u00f3dulos de voz para que tus peluches promocionales de Mario sean m\u00e1s interactivos.<\/li>\n<\/ul>\n<\/div><\/div>\n\n<div class=\"wp-block-cover\" style=\"min-height:294px;aspect-ratio:unset;\"><span aria-hidden=\"true\" class=\"wp-block-cover__background has-palette-color-1-background-color has-background-dim-100 has-background-dim\"><\/span><div class=\"wp-block-cover__inner-container is-layout-constrained wp-block-cover-is-layout-constrained\">\n<h2 class=\"wp-block-heading\"><strong>Nuestro proceso de fabricaci\u00f3n de peluches de Mario<\/strong><\/h2>\n\n\n\n<p>Llevamos m\u00e1s de 20 a\u00f1os en el negocio y garantizamos que todo va sobre ruedas en t\u00e9rminos de producci\u00f3n:<\/p>\n\n\n\n<ul class=\"wp-block-list\">\n<li>1<strong>.Dise\u00f1o y prototipo<\/strong>: Env\u00edenos sus ideas. Fabricaremos una representaci\u00f3n 3D y una muestra f\u00edsica en el plazo de 10-15 d\u00edas laborables y se la enviaremos. <\/li>\n\n\n\n<li>2<strong>.Producci\u00f3n<\/strong>: Una vez aprobado, pasamos a la producci\u00f3n en masa para garantizar el m\u00e1ximo nivel de calidad y consistencia. La producci\u00f3n en masa de los peluches de Mario puede tardar entre 30 y 45 d\u00edas en funci\u00f3n de la cantidad solicitada. <\/li>\n\n\n\n<li>3<strong>.Entrega<\/strong>: Ofrecemos opciones de env\u00edo globales, incluida la preparaci\u00f3n de Amazon FBA, con seguimiento en tiempo real.<\/li>\n<\/ul>\n<\/div><\/div>\n\n<div class=\"wp-block-cover\" style=\"min-height:323px;aspect-ratio:unset;\"><span aria-hidden=\"true\" class=\"wp-block-cover__background has-palette-color-5-background-color has-background-dim-100 has-background-dim\"><\/span><div class=\"wp-block-cover__inner-container is-layout-constrained wp-block-cover-is-layout-constrained\">\n<h2 class=\"wp-block-heading\"><strong><span style=\"color: var(--theme-palette-color-4, #0a0500);\" class=\"stk-highlight\">Proveedor mayorista de juguetes de peluche personalizados de confianza para marcas mundiales<\/span><\/strong><\/h2>\n\n\n\n<p><span style=\"color: var(--theme-palette-color-4, #0a0500);\" class=\"stk-highlight\">Nuestro compromiso con las estrictas inspecciones AQL 2.5 nos ha hecho merecedores de la confianza de empresas de renombre como<\/span><\/p>\n\n\n\n<ul class=\"wp-block-list\">\n<li><strong><span style=\"color: var(--theme-palette-color-4, #0a0500);\" class=\"stk-highlight\">IKEA<\/span><\/strong><\/li>\n\n\n\n<li><strong><span style=\"color: var(--theme-palette-color-4, #0a0500);\" class=\"stk-highlight\">Licenciatarios Disney<\/span><\/strong><\/li>\n\n\n\n<li><strong><span style=\"color: var(--theme-palette-color-4, #0a0500);\" class=\"stk-highlight\">Creaciones SnuggleSoft<\/span><\/strong><\/li>\n\n\n\n<li><strong><span style=\"color: var(--theme-palette-color-4, #0a0500);\" class=\"stk-highlight\">Hugzy<\/span><\/strong><\/li>\n\n\n\n<li><strong><span style=\"color: var(--theme-palette-color-4, #0a0500);\" class=\"stk-highlight\">Objetivo local<\/span><\/strong><\/li>\n<\/ul>\n<\/div><\/div>\n\n<h2 class=\"wp-block-heading\"><strong>Esto es lo que dicen nuestros clientes sobre nuestros peluches personalizados<\/strong><\/h2>\n\n<div class=\"wp-block-stackable-carousel stk-block-carousel stk--is-slide stk--arrows-justify-space-between stk--arrows-align-center stk-block stk-5af4772\" data-slides-to-show=\"\" data-block-id=\"5af4772\"><div class=\"stk-block-carousel__content-wrapper\"><div class=\"stk-row stk-inner-blocks stk-block-content stk-block-carousel__slider-wrapper stk-content-align stk-5af4772-column\"><div class=\"stk-block-carousel__slider\" role=\"list\" data-autoplay=\"4000\" data-label-slide-of=\"Slide %%d of %%d\">\n<div class=\"wp-block-stackable-column stk-block-column stk-column stk-block stk-3a60289\" data-v=\"4\" data-block-id=\"3a60289\"><div class=\"stk-column-wrapper stk-block-column__content stk-container stk-3a60289-container stk--no-background stk--no-padding\"><div class=\"stk-block-content stk-inner-blocks stk-3a60289-inner-blocks\">\n<p><em>\u00abHa sido un placer colaborar con la f\u00e1brica Plushtoy. Llevamos tres a\u00f1os trabajando con ellos y siempre hemos recibido nuestros peluches a tiempo. Nuestro gestor de proyectos nos manten\u00eda al corriente de los plazos y la ubicaci\u00f3n de nuestros peluches para que nuestro equipo estuviera informado. Utilizamos nuestros mu\u00f1ecos como obsequio promocional y a los clientes siempre les encantan\u00bb.<\/em><strong><em> (Anika, Alemania) SnuggleSoft Creations<\/em><\/strong><\/p>\n<\/div><\/div><\/div>\n\n\n\n<div class=\"wp-block-stackable-column stk-block-column stk-column stk-block stk-2f93f8c\" data-v=\"4\" data-block-id=\"2f93f8c\"><div class=\"stk-column-wrapper stk-block-column__content stk-container stk-2f93f8c-container stk--no-background stk--no-padding\"><div class=\"stk-block-content stk-inner-blocks stk-2f93f8c-inner-blocks\">\n<p><em>\u00abNuestros peluches personalizados son siempre un gran \u00e9xito en las ferias comerciales. plush toy factory cre\u00f3 y entreg\u00f3 art\u00edculos promocionales que se ajustaban a nuestra estrategia de marketing de una forma divertida y \u00fanica\u00bb <\/em><strong><em>(James Alexander Smith, EE. UU.) Hugzy<\/em><\/strong><\/p>\n<\/div><\/div><\/div>\n\n\n\n<div class=\"wp-block-stackable-column stk-block-column stk-column stk-block stk-4b9db1b\" data-v=\"4\" data-block-id=\"4b9db1b\"><div class=\"stk-column-wrapper stk-block-column__content stk-container stk-4b9db1b-container stk--no-background stk--no-padding\"><div class=\"stk-block-content stk-inner-blocks stk-4b9db1b-inner-blocks\">\n<p><em>\u00abMe impresion\u00f3 la atenci\u00f3n que prestaron a los plazos y la rapidez con la que se crearon los presupuestos y prototipos. Estaba claro que la entrega a tiempo era una prioridad. Esto fue muy apreciado\u00bb. <\/em><strong><em>(Hiroshi Takahashi, Jap\u00f3n)<\/em><\/strong><\/p>\n<\/div><\/div><\/div>\n<\/div><div class=\"stk-block-carousel__buttons\"><button class=\"stk-block-carousel__button stk-block-carousel__button__prev\" aria-label=\"Previous slide\"><svg aria-hidden=\"true\" focusable=\"false\" data-prefix=\"fas\" data-icon=\"chevron-left\" class=\"svg-inline--fa fa-chevron-left\" xmlns=\"http:\/\/www.w3.org\/2000\/svg\" viewBox=\"0 0 320 512\" width=\"32\" height=\"32\"><path d=\"M34.52 239.03L228.87 44.69c9.37-9.37 24.57-9.37 33.94 0l22.67 22.67c9.36 9.36 9.37 24.52.04 33.9L131.49 256l154.02 154.75c9.34 9.38 9.32 24.54-.04 33.9l-22.67 22.67c-9.37 9.37-24.57 9.37-33.94 0L34.52 272.97c-9.37-9.37-9.37-24.57 0-33.94z\"><\/path><\/svg><\/button><button class=\"stk-block-carousel__button stk-block-carousel__button__next\" aria-label=\"Next slide\"><svg aria-hidden=\"true\" focusable=\"false\" data-prefix=\"fas\" data-icon=\"chevron-right\" class=\"svg-inline--fa fa-chevron-right\" xmlns=\"http:\/\/www.w3.org\/2000\/svg\" viewBox=\"0 0 320 512\" width=\"32\" height=\"32\"><path d=\"M285.476 272.971L91.132 467.314c-9.373 9.373-24.569 9.373-33.941 0l-22.667-22.667c-9.357-9.357-9.375-24.522-.04-33.901L188.505 256 34.484 101.255c-9.335-9.379-9.317-24.544.04-33.901l22.667-22.667c9.373-9.373 24.569-9.373 33.941 0L285.475 239.03c9.373 9.372 9.373 24.568.001 33.941z\"><\/path><\/svg><\/button><\/div><\/div><div class=\"stk-block-carousel__dots\" role=\"list\" data-label=\"Slide %%d\"><\/div><\/div><\/div>\n\n<div class=\"wp-block-cover\" style=\"min-height:318px;aspect-ratio:unset;\"><span aria-hidden=\"true\" class=\"wp-block-cover__background has-palette-color-1-background-color has-background-dim-100 has-background-dim\"><\/span><div class=\"wp-block-cover__inner-container is-layout-constrained wp-block-cover-is-layout-constrained\">\n<h2 class=\"wp-block-heading\"><strong>D\u00e9 el primer paso hacia la excelencia en felpa personalizada<\/strong><\/h2>\n\n\n\n<p>Emprende hoy mismo el viaje de tu peluche personalizado de Mario:<\/p>\n\n\n\n<ul class=\"wp-block-list\">\n<li><strong>Solicite un presupuesto<\/strong>: Proporcione su dise\u00f1o y cantidad; reciba un presupuesto detallado en 24 horas.<\/li>\n\n\n\n<li><strong>Hacer un pedido<\/strong>: Con un pedido m\u00ednimo de 500 unidades, atendemos a empresas de todos los tama\u00f1os.<\/li>\n\n\n\n<li><strong>Recibe tus peluches<\/strong>: Disfruta de peluches de Mario personalizados y de alta calidad entregados en la puerta de tu casa.<\/li>\n<\/ul>\n\n\n\n<p>Eleve su marca con nuestros peluches personalizados de Mario. P\u00f3ngase en contacto con nosotros hoy mismo para hacer realidad su visi\u00f3n. <\/p>\n<\/div><\/div>\n\n<h2 class=\"wp-block-heading\"><strong>Preguntas frecuentes<\/strong><\/h2>\n\n<h5 class=\"wp-block-heading\">1<strong>.\u00bfC\u00f3mo puedo presentar mi dise\u00f1o o mis ideas para la producci\u00f3n?<\/strong><\/h5>\n\n<p>Puede enviarnos sus dise\u00f1os o cualquier imagen por correo electr\u00f3nico o WhatsApp. Evaluaremos su concepto y le enviaremos un presupuesto personalizado y un plazo para el proyecto. Si necesitas ayuda estaremos disponibles 24\/7 para ayudarte.  <\/p>\n\n<h5 class=\"wp-block-heading\">2<strong>.\u00bfPuedo poner el nombre o el logotipo de mi empresa en mi peluche personalizado?<\/strong><\/h5>\n\n<p>Por supuesto. Ofrecemos bordados personalizados, serigraf\u00edas u otras opciones de personalizaci\u00f3n y le permitimos a\u00f1adir el nombre o logotipo de su empresa a sus peluches. Disponemos de cosidos sin costuras y personalizaci\u00f3n de etiquetas y colgantes para que el logotipo de su marca ocupe un lugar destacado.  <\/p>\n\n<h5 class=\"wp-block-heading\">3<strong>.\u00bfCu\u00e1nto tardar\u00e9 en recibir mis peluches personalizados?<\/strong><\/h5>\n\n<p>Una vez aprobado el prototipo, podemos realizar la producci\u00f3n en serie para que est\u00e9 listo en 30-45 d\u00edas. Si los necesita antes, podemos acelerar el proceso. <\/p>\n\n<h5 class=\"wp-block-heading\">4<strong>.\u00bfCu\u00e1nto cuesta el env\u00edo?<\/strong><\/h5>\n\n<p>Los gastos de env\u00edo var\u00edan en funci\u00f3n del tama\u00f1o del pedido y de su lugar de residencia. Los presupuestos de env\u00edo se basan en FOB o EXW. Sin embargo, podemos proporcionar preparaci\u00f3n Amazon FBA si es necesario. Podemos ayudar a encontrar la opci\u00f3n m\u00e1s asequible para usted.   <\/p>\n","protected":false},"excerpt":{"rendered":"<p>Peluches de Mario a granel hechos a medida para empresas de todo el mundo A\u00f1ada nostalgia y atractivo a su marca con peluches de Mario personalizados. Como una de las principales empresas de peluches B2B, nos centramos en ofrecer peluches de Super Mario personalizados de primera calidad que se adapten a los requisitos de su [&hellip;]<\/p>\n","protected":false},"author":1,"featured_media":0,"parent":1646,"menu_order":0,"comment_status":"closed","ping_status":"closed","template":"","meta":{"footnotes":""},"class_list":["post-1615","page","type-page","status-publish","hentry"],"blocksy_meta":[],"yoast_head":"<!-- This site is optimized with the Yoast SEO plugin v26.6 - https:\/\/yoast.com\/wordpress\/plugins\/seo\/ -->\n<title>Peluche Mario personalizado - Plush Toy Manufacturer|Customized plush toys<\/title>\n<meta name=\"robots\" content=\"index, follow, max-snippet:-1, max-image-preview:large, max-video-preview:-1\" \/>\n<link rel=\"canonical\" href=\"https:\/\/plushtoyfactoryhere.com\/es\/ejemplos\/peluche-mario-personalizado\/\" \/>\n<meta property=\"og:locale\" content=\"es_ES\" \/>\n<meta property=\"og:type\" content=\"article\" \/>\n<meta property=\"og:title\" content=\"Peluche Mario personalizado - Plush Toy Manufacturer|Customized plush toys\" \/>\n<meta property=\"og:description\" content=\"Peluches de Mario a granel hechos a medida para empresas de todo el mundo A\u00f1ada nostalgia y atractivo a su marca con peluches de Mario personalizados. Como una de las principales empresas de peluches B2B, nos centramos en ofrecer peluches de Super Mario personalizados de primera calidad que se adapten a los requisitos de su [&hellip;]\" \/>\n<meta property=\"og:url\" content=\"https:\/\/plushtoyfactoryhere.com\/es\/ejemplos\/peluche-mario-personalizado\/\" \/>\n<meta property=\"og:site_name\" content=\"Plush Toy Manufacturer|Customized plush toys\" \/>\n<meta property=\"article:publisher\" content=\"https:\/\/www.facebook.com\/plushtoyfactoryhere\" \/>\n<meta property=\"article:modified_time\" content=\"2025-08-21T20:06:41+00:00\" \/>\n<meta property=\"og:image\" content=\"https:\/\/plushtoyfactoryhere.com\/wp-content\/uploads\/2025\/08\/81.jpg\" \/>\n\t<meta property=\"og:image:width\" content=\"791\" \/>\n\t<meta property=\"og:image:height\" content=\"798\" \/>\n\t<meta property=\"og:image:type\" content=\"image\/jpeg\" \/>\n<meta name=\"twitter:card\" content=\"summary_large_image\" \/>\n<meta name=\"twitter:label1\" content=\"Tiempo de lectura\" \/>\n\t<meta name=\"twitter:data1\" content=\"5 minutos\" \/>\n<script type=\"application\/ld+json\" class=\"yoast-schema-graph\">{\"@context\":\"https:\/\/schema.org\",\"@graph\":[{\"@type\":\"WebPage\",\"@id\":\"https:\/\/plushtoyfactoryhere.com\/es\/ejemplos\/peluche-mario-personalizado\/\",\"url\":\"https:\/\/plushtoyfactoryhere.com\/es\/ejemplos\/peluche-mario-personalizado\/\",\"name\":\"Peluche Mario personalizado - Plush Toy Manufacturer|Customized plush toys\",\"isPartOf\":{\"@id\":\"https:\/\/plushtoyfactoryhere.com\/es\/#website\"},\"primaryImageOfPage\":{\"@id\":\"https:\/\/plushtoyfactoryhere.com\/es\/ejemplos\/peluche-mario-personalizado\/#primaryimage\"},\"image\":{\"@id\":\"https:\/\/plushtoyfactoryhere.com\/es\/ejemplos\/peluche-mario-personalizado\/#primaryimage\"},\"thumbnailUrl\":\"https:\/\/plushtoyfactoryhere.com\/wp-content\/uploads\/2025\/08\/81.jpg\",\"datePublished\":\"2025-08-19T13:37:16+00:00\",\"dateModified\":\"2025-08-21T20:06:41+00:00\",\"breadcrumb\":{\"@id\":\"https:\/\/plushtoyfactoryhere.com\/es\/ejemplos\/peluche-mario-personalizado\/#breadcrumb\"},\"inLanguage\":\"es\",\"potentialAction\":[{\"@type\":\"ReadAction\",\"target\":[\"https:\/\/plushtoyfactoryhere.com\/es\/ejemplos\/peluche-mario-personalizado\/\"]}]},{\"@type\":\"ImageObject\",\"inLanguage\":\"es\",\"@id\":\"https:\/\/plushtoyfactoryhere.com\/es\/ejemplos\/peluche-mario-personalizado\/#primaryimage\",\"url\":\"https:\/\/plushtoyfactoryhere.com\/wp-content\/uploads\/2025\/08\/81.jpg\",\"contentUrl\":\"https:\/\/plushtoyfactoryhere.com\/wp-content\/uploads\/2025\/08\/81.jpg\"},{\"@type\":\"BreadcrumbList\",\"@id\":\"https:\/\/plushtoyfactoryhere.com\/es\/ejemplos\/peluche-mario-personalizado\/#breadcrumb\",\"itemListElement\":[{\"@type\":\"ListItem\",\"position\":1,\"name\":\"Home\",\"item\":\"https:\/\/plushtoyfactoryhere.com\/es\/\"},{\"@type\":\"ListItem\",\"position\":2,\"name\":\"Peluche Mario personalizado\"}]},{\"@type\":\"WebSite\",\"@id\":\"https:\/\/plushtoyfactoryhere.com\/es\/#website\",\"url\":\"https:\/\/plushtoyfactoryhere.com\/es\/\",\"name\":\"FlushtoyFactory\",\"description\":\"As one of the top custom stuffed manufacturers, we help you design not only a stuffed toy but a product that will capture your audience\u2019s attention and help your brand gain exposure. Our personalized stuffed animals &amp; plush toys stand out as long term and effective promotional items for businesses worldwide.\",\"publisher\":{\"@id\":\"https:\/\/plushtoyfactoryhere.com\/es\/#organization\"},\"potentialAction\":[{\"@type\":\"SearchAction\",\"target\":{\"@type\":\"EntryPoint\",\"urlTemplate\":\"https:\/\/plushtoyfactoryhere.com\/es\/?s={search_term_string}\"},\"query-input\":{\"@type\":\"PropertyValueSpecification\",\"valueRequired\":true,\"valueName\":\"search_term_string\"}}],\"inLanguage\":\"es\"},{\"@type\":\"Organization\",\"@id\":\"https:\/\/plushtoyfactoryhere.com\/es\/#organization\",\"name\":\"Beijing PuYue YiPin Trading Co., Ltd.\",\"alternateName\":\"PuYue YiPin\",\"url\":\"https:\/\/plushtoyfactoryhere.com\/es\/\",\"logo\":{\"@type\":\"ImageObject\",\"inLanguage\":\"es\",\"@id\":\"https:\/\/plushtoyfactoryhere.com\/es\/#\/schema\/logo\/image\/\",\"url\":\"https:\/\/plushtoyfactoryhere.com\/wp-content\/uploads\/2025\/08\/logo1.png\",\"contentUrl\":\"https:\/\/plushtoyfactoryhere.com\/wp-content\/uploads\/2025\/08\/logo1.png\",\"width\":200,\"height\":200,\"caption\":\"Beijing PuYue YiPin Trading Co., Ltd.\"},\"image\":{\"@id\":\"https:\/\/plushtoyfactoryhere.com\/es\/#\/schema\/logo\/image\/\"},\"sameAs\":[\"https:\/\/www.facebook.com\/plushtoyfactoryhere\",\"https:\/\/www.linkedin.com\/in\/plush-toys-and-leather-case-bag\/\"]}]}<\/script>\n<!-- \/ Yoast SEO plugin. -->","yoast_head_json":{"title":"Peluche Mario personalizado - Plush Toy Manufacturer|Customized plush toys","robots":{"index":"index","follow":"follow","max-snippet":"max-snippet:-1","max-image-preview":"max-image-preview:large","max-video-preview":"max-video-preview:-1"},"canonical":"https:\/\/plushtoyfactoryhere.com\/es\/ejemplos\/peluche-mario-personalizado\/","og_locale":"es_ES","og_type":"article","og_title":"Peluche Mario personalizado - Plush Toy Manufacturer|Customized plush toys","og_description":"Peluches de Mario a granel hechos a medida para empresas de todo el mundo A\u00f1ada nostalgia y atractivo a su marca con peluches de Mario personalizados. Como una de las principales empresas de peluches B2B, nos centramos en ofrecer peluches de Super Mario personalizados de primera calidad que se adapten a los requisitos de su [&hellip;]","og_url":"https:\/\/plushtoyfactoryhere.com\/es\/ejemplos\/peluche-mario-personalizado\/","og_site_name":"Plush Toy Manufacturer|Customized plush toys","article_publisher":"https:\/\/www.facebook.com\/plushtoyfactoryhere","article_modified_time":"2025-08-21T20:06:41+00:00","og_image":[{"width":791,"height":798,"url":"https:\/\/plushtoyfactoryhere.com\/wp-content\/uploads\/2025\/08\/81.jpg","type":"image\/jpeg"}],"twitter_card":"summary_large_image","twitter_misc":{"Tiempo de lectura":"5 minutos"},"schema":{"@context":"https:\/\/schema.org","@graph":[{"@type":"WebPage","@id":"https:\/\/plushtoyfactoryhere.com\/es\/ejemplos\/peluche-mario-personalizado\/","url":"https:\/\/plushtoyfactoryhere.com\/es\/ejemplos\/peluche-mario-personalizado\/","name":"Peluche Mario personalizado - Plush Toy Manufacturer|Customized plush toys","isPartOf":{"@id":"https:\/\/plushtoyfactoryhere.com\/es\/#website"},"primaryImageOfPage":{"@id":"https:\/\/plushtoyfactoryhere.com\/es\/ejemplos\/peluche-mario-personalizado\/#primaryimage"},"image":{"@id":"https:\/\/plushtoyfactoryhere.com\/es\/ejemplos\/peluche-mario-personalizado\/#primaryimage"},"thumbnailUrl":"https:\/\/plushtoyfactoryhere.com\/wp-content\/uploads\/2025\/08\/81.jpg","datePublished":"2025-08-19T13:37:16+00:00","dateModified":"2025-08-21T20:06:41+00:00","breadcrumb":{"@id":"https:\/\/plushtoyfactoryhere.com\/es\/ejemplos\/peluche-mario-personalizado\/#breadcrumb"},"inLanguage":"es","potentialAction":[{"@type":"ReadAction","target":["https:\/\/plushtoyfactoryhere.com\/es\/ejemplos\/peluche-mario-personalizado\/"]}]},{"@type":"ImageObject","inLanguage":"es","@id":"https:\/\/plushtoyfactoryhere.com\/es\/ejemplos\/peluche-mario-personalizado\/#primaryimage","url":"https:\/\/plushtoyfactoryhere.com\/wp-content\/uploads\/2025\/08\/81.jpg","contentUrl":"https:\/\/plushtoyfactoryhere.com\/wp-content\/uploads\/2025\/08\/81.jpg"},{"@type":"BreadcrumbList","@id":"https:\/\/plushtoyfactoryhere.com\/es\/ejemplos\/peluche-mario-personalizado\/#breadcrumb","itemListElement":[{"@type":"ListItem","position":1,"name":"Home","item":"https:\/\/plushtoyfactoryhere.com\/es\/"},{"@type":"ListItem","position":2,"name":"Peluche Mario personalizado"}]},{"@type":"WebSite","@id":"https:\/\/plushtoyfactoryhere.com\/es\/#website","url":"https:\/\/plushtoyfactoryhere.com\/es\/","name":"FlushtoyFactory","description":"As one of the top custom stuffed manufacturers, we help you design not only a stuffed toy but a product that will capture your audience\u2019s attention and help your brand gain exposure. Our personalized stuffed animals &amp; plush toys stand out as long term and effective promotional items for businesses worldwide.","publisher":{"@id":"https:\/\/plushtoyfactoryhere.com\/es\/#organization"},"potentialAction":[{"@type":"SearchAction","target":{"@type":"EntryPoint","urlTemplate":"https:\/\/plushtoyfactoryhere.com\/es\/?s={search_term_string}"},"query-input":{"@type":"PropertyValueSpecification","valueRequired":true,"valueName":"search_term_string"}}],"inLanguage":"es"},{"@type":"Organization","@id":"https:\/\/plushtoyfactoryhere.com\/es\/#organization","name":"Beijing PuYue YiPin Trading Co., Ltd.","alternateName":"PuYue YiPin","url":"https:\/\/plushtoyfactoryhere.com\/es\/","logo":{"@type":"ImageObject","inLanguage":"es","@id":"https:\/\/plushtoyfactoryhere.com\/es\/#\/schema\/logo\/image\/","url":"https:\/\/plushtoyfactoryhere.com\/wp-content\/uploads\/2025\/08\/logo1.png","contentUrl":"https:\/\/plushtoyfactoryhere.com\/wp-content\/uploads\/2025\/08\/logo1.png","width":200,"height":200,"caption":"Beijing PuYue YiPin Trading Co., Ltd."},"image":{"@id":"https:\/\/plushtoyfactoryhere.com\/es\/#\/schema\/logo\/image\/"},"sameAs":["https:\/\/www.facebook.com\/plushtoyfactoryhere","https:\/\/www.linkedin.com\/in\/plush-toys-and-leather-case-bag\/"]}]}},"_links":{"self":[{"href":"https:\/\/plushtoyfactoryhere.com\/es\/wp-json\/wp\/v2\/pages\/1615","targetHints":{"allow":["GET"]}}],"collection":[{"href":"https:\/\/plushtoyfactoryhere.com\/es\/wp-json\/wp\/v2\/pages"}],"about":[{"href":"https:\/\/plushtoyfactoryhere.com\/es\/wp-json\/wp\/v2\/types\/page"}],"author":[{"embeddable":true,"href":"https:\/\/plushtoyfactoryhere.com\/es\/wp-json\/wp\/v2\/users\/1"}],"replies":[{"embeddable":true,"href":"https:\/\/plushtoyfactoryhere.com\/es\/wp-json\/wp\/v2\/comments?post=1615"}],"version-history":[{"count":1,"href":"https:\/\/plushtoyfactoryhere.com\/es\/wp-json\/wp\/v2\/pages\/1615\/revisions"}],"predecessor-version":[{"id":1617,"href":"https:\/\/plushtoyfactoryhere.com\/es\/wp-json\/wp\/v2\/pages\/1615\/revisions\/1617"}],"up":[{"embeddable":true,"href":"https:\/\/plushtoyfactoryhere.com\/es\/wp-json\/wp\/v2\/pages\/1646"}],"wp:attachment":[{"href":"https:\/\/plushtoyfactoryhere.com\/es\/wp-json\/wp\/v2\/media?parent=1615"}],"curies":[{"name":"wp","href":"https:\/\/api.w.org\/{rel}","templated":true}]}}