{"id":1614,"date":"2025-08-20T15:19:47","date_gmt":"2025-08-20T15:19:47","guid":{"rendered":"https:\/\/plushtoyfactoryhere.com\/almohada-de-felpa-personalizada\/"},"modified":"2025-08-21T20:06:41","modified_gmt":"2025-08-21T20:06:41","slug":"almohada-de-felpa-personalizada","status":"publish","type":"page","link":"https:\/\/plushtoyfactoryhere.com\/es\/almohada-de-felpa-personalizada\/","title":{"rendered":"Almohada de felpa personalizada"},"content":{"rendered":"\n<h1 class=\"wp-block-heading\"><strong>Fabricante l\u00edder en China de almohadas de felpa personalizadas al por mayor<\/strong><\/h1>\n\n<p>Las almohadas de felpa personalizadas son ideales para promociones, branding o venta al por menor. Con m\u00e1s de 20 a\u00f1os de experiencia en el suministro de felpa OEM y la fabricaci\u00f3n de felpa ODM, Plushtoy Factory se especializa en la creaci\u00f3n de dise\u00f1os personalizados de felpa, almohadas de felpa personalizadas y animales de peluche de felpa para la venta al por mayor. La calidad es nuestra prioridad.  <\/p>\n\n<h3 class=\"wp-block-heading\"><strong>Almohadas de felpa de animales para todas las necesidades<\/strong><\/h3>\n\n<p>Explore una amplia gama de dise\u00f1os de almohadas de peluche, incluidas almohadas de peluche personalizadas y almohadas de peluche personalizadas con nuestras ofertas \u00fanicas:<\/p>\n\n<figure class=\"wp-block-table\"><table class=\"has-fixed-layout\"><tbody><tr><td><strong>Categor\u00eda<\/strong><\/td><td><strong>Detalles<\/strong><\/td><\/tr><tr><td><strong>Tallas disponibles<\/strong><\/td><td>4 pulgadas a 20 pulgadas<\/td><\/tr><tr><td><strong>MOQ<\/strong><\/td><td>S\u00f3lo 500 unidades por modelo<\/td><\/tr><tr><td><strong>Plazo de entrega<\/strong><\/td><td>18-25 d\u00edas laborables<\/td><\/tr><tr><td><strong>Capacidad de producci\u00f3n<\/strong><\/td><td>250.000 piezas al mes<\/td><\/tr><tr><td><strong>Opciones de personalizaci\u00f3n<\/strong><\/td><td>Serigraf\u00eda, bordado, transferencia t\u00e9rmica<\/td><\/tr><\/tbody><\/table><\/figure>\n\n<figure class=\"wp-block-gallery has-nested-images columns-default is-cropped wp-block-gallery-1 is-layout-flex wp-block-gallery-is-layout-flex\">\n<figure class=\"wp-block-image size-large\"><img loading=\"lazy\" decoding=\"async\" width=\"789\" height=\"751\" data-id=\"1038\" src=\"https:\/\/plushtoyfactoryhere.com\/wp-content\/uploads\/2025\/08\/89.jpg\" alt=\"\" class=\"wp-image-1038\" srcset=\"https:\/\/plushtoyfactoryhere.com\/wp-content\/uploads\/2025\/08\/89.jpg 789w, https:\/\/plushtoyfactoryhere.com\/wp-content\/uploads\/2025\/08\/89-300x286.jpg 300w, https:\/\/plushtoyfactoryhere.com\/wp-content\/uploads\/2025\/08\/89-768x731.jpg 768w\" sizes=\"auto, (max-width: 789px) 100vw, 789px\" \/><\/figure>\n\n\n\n<figure class=\"wp-block-image size-large\"><img loading=\"lazy\" decoding=\"async\" width=\"666\" height=\"589\" data-id=\"1039\" src=\"https:\/\/plushtoyfactoryhere.com\/wp-content\/uploads\/2025\/08\/90.jpg\" alt=\"\" class=\"wp-image-1039\" srcset=\"https:\/\/plushtoyfactoryhere.com\/wp-content\/uploads\/2025\/08\/90.jpg 666w, https:\/\/plushtoyfactoryhere.com\/wp-content\/uploads\/2025\/08\/90-300x265.jpg 300w\" sizes=\"auto, (max-width: 666px) 100vw, 666px\" \/><\/figure>\n<\/figure>\n\n<div class=\"wp-block-cover\" style=\"min-height:338px;aspect-ratio:unset;\"><span aria-hidden=\"true\" class=\"wp-block-cover__background has-palette-color-1-background-color has-background-dim-100 has-background-dim\"><\/span><div class=\"wp-block-cover__inner-container is-layout-constrained wp-block-cover-is-layout-constrained\">\n<h3 class=\"wp-block-heading\"><strong>Plushtoy Factory es su proveedor de almohadas de peluche a granel: He aqu\u00ed por qu\u00e9<\/strong><\/h3>\n\n\n\n<p>Gracias a su experiencia en la fabricaci\u00f3n de peluches, la f\u00e1brica Plushtoy garantiza productos de primera calidad que cumplen rigurosas normas de seguridad. As\u00ed es como nos convertimos en un socio de confianza para empresas de todo el mundo <\/p>\n\n\n\n<ul class=\"wp-block-list\">\n<li><strong>Libertad de personalizaci\u00f3n<\/strong>: Peluches de vaca, almohadas de unicornio e incluso almohadas personalizadas de animales de peluche drag\u00f3n: \u00a1nuestras ideas, nuestras creaciones!<\/li>\n\n\n\n<li><strong>Rapidez y eficacia<\/strong>: Los prototipos est\u00e1n listos en s\u00f3lo 7 a 10 d\u00edas y la producci\u00f3n en serie en 30-45 d\u00edas. Sin embargo, la duraci\u00f3n puede variar en funci\u00f3n de la cantidad y los dise\u00f1os solicitados. <\/li>\n\n\n\n<li><strong>La seguridad es lo primero<\/strong>: Todos nuestros peluches se someten a las pruebas ASTM y CPSIA para los mercados estadounidenses y EN71 para las normas europeas.<\/li>\n\n\n\n<li><strong>Entrega puntual<\/strong>: Cuente con nosotros para una entrega consistente y confiable desde Estados Unidos a Europa.<\/li>\n<\/ul>\n<\/div><\/div>\n\n<h3 class=\"wp-block-heading\"><strong>Nuestros juguetes artesanales de peluche est\u00e1n a s\u00f3lo 3 pasos de usted<\/strong><\/h3>\n\n<p>1<strong>.Obtenga un presupuesto<\/strong>: Facil\u00edtenos sus ideas de dise\u00f1o, tama\u00f1o y cantidad del pedido. Le daremos una estimaci\u00f3n r\u00e1pidamente. <\/p>\n\n<p>2<strong>.Creaci\u00f3n de prototipos<\/strong>: Enviamos una muestra f\u00edsica para su aprobaci\u00f3n, asegur\u00e1ndonos de que cada detalle sea perfecto.<\/p>\n\n<p>3<strong>.Producci\u00f3n a granel<\/strong>: Despu\u00e9s de la aprobaci\u00f3n final comenzamos a fabricar su pedido, con actualizaciones en tiempo real y entrega a tiempo.<\/p>\n\n<h2 class=\"wp-block-heading\"><strong>Opiniones de nuestros m\u00e1s de 1 mill\u00f3n de clientes satisfechos en todo el mundo<\/strong><\/h2>\n\n<p>Hemos establecido relaciones duraderas con marcas mundiales como IKEA, licenciatarios de Disney, SnuggleSoft y Hugzy Creations. Esto es lo que dicen nuestros clientes: <\/p>\n\n<div class=\"wp-block-stackable-carousel stk-block-carousel stk--is-slide stk--arrows-justify-space-between stk--arrows-align-center stk-block stk-acad72b\" data-slides-to-show=\"\" data-block-id=\"acad72b\"><div class=\"stk-block-carousel__content-wrapper\"><div class=\"stk-row stk-inner-blocks stk-block-content stk-block-carousel__slider-wrapper stk-content-align stk-acad72b-column\"><div class=\"stk-block-carousel__slider\" role=\"list\" data-autoplay=\"4000\" data-label-slide-of=\"Slide %%d of %%d\">\n<div class=\"wp-block-stackable-column stk-block-column stk-column stk-block stk-f8fec01\" data-v=\"4\" data-block-id=\"f8fec01\"><div class=\"stk-column-wrapper stk-block-column__content stk-container stk-f8fec01-container stk--no-background stk--no-padding\"><div class=\"stk-block-content stk-inner-blocks stk-f8fec01-inner-blocks\">\n<p><em>\u00abEl prototipo qued\u00f3 perfecto a la primera. Nuestro peluche de Sonic result\u00f3 incluso mejor de lo esperado. R\u00e1pidos, amables y en su punto\u00bb.<\/em><em><br\/><\/em> <strong>&#8211; Jennifer R., EE.UU.<\/strong><strong><\/strong><\/p>\n<\/div><\/div><\/div>\n\n\n\n<div class=\"wp-block-stackable-column stk-block-column stk-column stk-block stk-219d4de\" data-v=\"4\" data-block-id=\"219d4de\"><div class=\"stk-column-wrapper stk-block-column__content stk-container stk-219d4de-container stk--no-background stk--no-padding\"><div class=\"stk-block-content stk-inner-blocks stk-219d4de-inner-blocks\">\n<p><em>\u00abHemos pedido m\u00e1s de 100.000 unidades en 3 a\u00f1os. Esta f\u00e1brica de peluches nunca decepciona. Fiable y receptiva\u00bb.<\/em><em><br\/><\/em> <strong>&#8211; Kenji T., Jap\u00f3n<\/strong><strong><\/strong><\/p>\n<\/div><\/div><\/div>\n\n\n\n<div class=\"wp-block-stackable-column stk-block-column stk-column stk-block stk-5a0f886\" data-v=\"4\" data-block-id=\"5a0f886\"><div class=\"stk-column-wrapper stk-block-column__content stk-container stk-5a0f886-container stk--no-background stk--no-padding\"><div class=\"stk-block-content stk-inner-blocks stk-5a0f886-inner-blocks\">\n<p><em>\u00abConvirtieron a nuestra mascota en el peluche m\u00e1s mono del mundo. \u00bfCalidad, rapidez y servicio? 10\/10.\u00bb<\/em><em><br\/><\/em> <strong>&#8211; Elena M., Espa\u00f1a<\/strong><\/p>\n<\/div><\/div><\/div>\n<\/div><div class=\"stk-block-carousel__buttons\"><button class=\"stk-block-carousel__button stk-block-carousel__button__prev\" aria-label=\"Previous slide\"><svg aria-hidden=\"true\" focusable=\"false\" data-prefix=\"fas\" data-icon=\"chevron-left\" class=\"svg-inline--fa fa-chevron-left\" xmlns=\"http:\/\/www.w3.org\/2000\/svg\" viewBox=\"0 0 320 512\" width=\"32\" height=\"32\"><path d=\"M34.52 239.03L228.87 44.69c9.37-9.37 24.57-9.37 33.94 0l22.67 22.67c9.36 9.36 9.37 24.52.04 33.9L131.49 256l154.02 154.75c9.34 9.38 9.32 24.54-.04 33.9l-22.67 22.67c-9.37 9.37-24.57 9.37-33.94 0L34.52 272.97c-9.37-9.37-9.37-24.57 0-33.94z\"><\/path><\/svg><\/button><button class=\"stk-block-carousel__button stk-block-carousel__button__next\" aria-label=\"Next slide\"><svg aria-hidden=\"true\" focusable=\"false\" data-prefix=\"fas\" data-icon=\"chevron-right\" class=\"svg-inline--fa fa-chevron-right\" xmlns=\"http:\/\/www.w3.org\/2000\/svg\" viewBox=\"0 0 320 512\" width=\"32\" height=\"32\"><path d=\"M285.476 272.971L91.132 467.314c-9.373 9.373-24.569 9.373-33.941 0l-22.667-22.667c-9.357-9.357-9.375-24.522-.04-33.901L188.505 256 34.484 101.255c-9.335-9.379-9.317-24.544.04-33.901l22.667-22.667c9.373-9.373 24.569-9.373 33.941 0L285.475 239.03c9.373 9.372 9.373 24.568.001 33.941z\"><\/path><\/svg><\/button><\/div><\/div><div class=\"stk-block-carousel__dots\" role=\"list\" data-label=\"Slide %%d\"><\/div><\/div><\/div>\n\n<div class=\"wp-block-cover\" style=\"min-height:524px;aspect-ratio:unset;\"><span aria-hidden=\"true\" class=\"wp-block-cover__background has-palette-color-1-background-color has-background-dim-100 has-background-dim\"><\/span><div class=\"wp-block-cover__inner-container is-layout-constrained wp-block-cover-is-layout-constrained\">\n<h2 class=\"wp-block-heading\"><strong>Preguntas frecuentes<\/strong><\/h2>\n\n\n\n<h5 class=\"wp-block-heading\">1<strong>.\u00bfQu\u00e9 informaci\u00f3n necesita para empezar?<\/strong><\/h5>\n\n\n\n<p>S\u00f3lo tiene que enviar su dise\u00f1o, tama\u00f1o y cantidad del pedido. Si desea alg\u00fan dise\u00f1o de felpa personalizado espec\u00edfico, facil\u00edtenos bocetos o im\u00e1genes. <\/p>\n\n\n\n<h5 class=\"wp-block-heading\">2<strong>.\u00bfPuedo ver un prototipo antes de la producci\u00f3n en serie?<\/strong><\/h5>\n\n\n\n<p>S\u00ed. Enviaremos una muestra f\u00edsica para su aprobaci\u00f3n antes de iniciar la producci\u00f3n completa. <\/p>\n\n\n\n<h5 class=\"wp-block-heading\">3<strong>.\u00bfCu\u00e1nto tardar\u00e9 en recibir mi pedido?<\/strong><\/h5>\n\n\n\n<p>Dependiendo del m\u00e9todo de env\u00edo, el env\u00edo urgente tarda 5 7 d\u00edas, mientras que el transporte mar\u00edtimo puede tardar hasta 30 35 d\u00edas.<\/p>\n\n\n\n<h5 class=\"wp-block-heading\">4<strong>.\u00bfOfrecen pruebas de seguridad para peluches?<\/strong><\/h5>\n\n\n\n<p>  Por supuesto. Nuestros peluches cumplen normas internacionales como ASTM, CPSIA y EN71. <\/p>\n<\/div><\/div>\n\n<hr class=\"wp-block-separator has-alpha-channel-opacity\"\/>\n\n<h2 class=\"wp-block-heading\"><strong>Perm\u00edtanos comenzar hoy mismo la fabricaci\u00f3n de su almohada de felpa personalizada.<\/strong><\/h2>\n\n<p>Plushtoy Factory es el lugar donde encontrar almohadas y peluches personalizados. Ya sea para promocionar una marca, crear mascotas o hacer regalos personalizados, estamos aqu\u00ed para ayudarle. \u00a1P\u00f3ngase en contacto con nosotros ahora para comenzar su viaje de peluche!  <\/p>\n\n<p><\/p>\n","protected":false},"excerpt":{"rendered":"<p>Fabricante l\u00edder en China de almohadas de felpa personalizadas al por mayor Las almohadas de felpa personalizadas son ideales para promociones, branding o venta al por menor. Con m\u00e1s de 20 a\u00f1os de experiencia en el suministro de felpa OEM y la fabricaci\u00f3n de felpa ODM, Plushtoy Factory se especializa en la creaci\u00f3n de dise\u00f1os [&hellip;]<\/p>\n","protected":false},"author":1,"featured_media":0,"parent":0,"menu_order":0,"comment_status":"closed","ping_status":"closed","template":"","meta":{"footnotes":""},"class_list":["post-1614","page","type-page","status-publish","hentry"],"blocksy_meta":[],"yoast_head":"<!-- This site is optimized with the Yoast SEO plugin v27.4 - https:\/\/yoast.com\/product\/yoast-seo-wordpress\/ -->\n<title>Almohada de felpa personalizada - Plush Toy Manufacturer|Customized plush toys<\/title>\n<meta name=\"robots\" content=\"index, follow, max-snippet:-1, max-image-preview:large, max-video-preview:-1\" \/>\n<link rel=\"canonical\" href=\"https:\/\/plushtoyfactoryhere.com\/es\/almohada-de-felpa-personalizada\/\" \/>\n<meta property=\"og:locale\" content=\"es_ES\" \/>\n<meta property=\"og:type\" content=\"article\" \/>\n<meta property=\"og:title\" content=\"Almohada de felpa personalizada - Plush Toy Manufacturer|Customized plush toys\" \/>\n<meta property=\"og:description\" content=\"Fabricante l\u00edder en China de almohadas de felpa personalizadas al por mayor Las almohadas de felpa personalizadas son ideales para promociones, branding o venta al por menor. Con m\u00e1s de 20 a\u00f1os de experiencia en el suministro de felpa OEM y la fabricaci\u00f3n de felpa ODM, Plushtoy Factory se especializa en la creaci\u00f3n de dise\u00f1os [&hellip;]\" \/>\n<meta property=\"og:url\" content=\"https:\/\/plushtoyfactoryhere.com\/es\/almohada-de-felpa-personalizada\/\" \/>\n<meta property=\"og:site_name\" content=\"Plush Toy Manufacturer|Customized plush toys\" \/>\n<meta property=\"article:publisher\" content=\"https:\/\/www.facebook.com\/plushtoyfactoryhere\" \/>\n<meta property=\"article:modified_time\" content=\"2025-08-21T20:06:41+00:00\" \/>\n<meta property=\"og:image\" content=\"https:\/\/plushtoyfactoryhere.com\/wp-content\/uploads\/2025\/08\/89.jpg\" \/>\n\t<meta property=\"og:image:width\" content=\"789\" \/>\n\t<meta property=\"og:image:height\" content=\"751\" \/>\n\t<meta property=\"og:image:type\" content=\"image\/jpeg\" \/>\n<meta name=\"twitter:card\" content=\"summary_large_image\" \/>\n<meta name=\"twitter:label1\" content=\"Tiempo de lectura\" \/>\n\t<meta name=\"twitter:data1\" content=\"3 minutos\" \/>\n<script type=\"application\/ld+json\" class=\"yoast-schema-graph\">{\"@context\":\"https:\\\/\\\/schema.org\",\"@graph\":[{\"@type\":\"WebPage\",\"@id\":\"https:\\\/\\\/plushtoyfactoryhere.com\\\/es\\\/almohada-de-felpa-personalizada\\\/\",\"url\":\"https:\\\/\\\/plushtoyfactoryhere.com\\\/es\\\/almohada-de-felpa-personalizada\\\/\",\"name\":\"Almohada de felpa personalizada - Plush Toy Manufacturer|Customized plush toys\",\"isPartOf\":{\"@id\":\"https:\\\/\\\/plushtoyfactoryhere.com\\\/es\\\/#website\"},\"primaryImageOfPage\":{\"@id\":\"https:\\\/\\\/plushtoyfactoryhere.com\\\/es\\\/almohada-de-felpa-personalizada\\\/#primaryimage\"},\"image\":{\"@id\":\"https:\\\/\\\/plushtoyfactoryhere.com\\\/es\\\/almohada-de-felpa-personalizada\\\/#primaryimage\"},\"thumbnailUrl\":\"https:\\\/\\\/plushtoyfactoryhere.com\\\/wp-content\\\/uploads\\\/2025\\\/08\\\/89.jpg\",\"datePublished\":\"2025-08-20T15:19:47+00:00\",\"dateModified\":\"2025-08-21T20:06:41+00:00\",\"breadcrumb\":{\"@id\":\"https:\\\/\\\/plushtoyfactoryhere.com\\\/es\\\/almohada-de-felpa-personalizada\\\/#breadcrumb\"},\"inLanguage\":\"es\",\"potentialAction\":[{\"@type\":\"ReadAction\",\"target\":[\"https:\\\/\\\/plushtoyfactoryhere.com\\\/es\\\/almohada-de-felpa-personalizada\\\/\"]}]},{\"@type\":\"ImageObject\",\"inLanguage\":\"es\",\"@id\":\"https:\\\/\\\/plushtoyfactoryhere.com\\\/es\\\/almohada-de-felpa-personalizada\\\/#primaryimage\",\"url\":\"https:\\\/\\\/plushtoyfactoryhere.com\\\/wp-content\\\/uploads\\\/2025\\\/08\\\/89.jpg\",\"contentUrl\":\"https:\\\/\\\/plushtoyfactoryhere.com\\\/wp-content\\\/uploads\\\/2025\\\/08\\\/89.jpg\"},{\"@type\":\"BreadcrumbList\",\"@id\":\"https:\\\/\\\/plushtoyfactoryhere.com\\\/es\\\/almohada-de-felpa-personalizada\\\/#breadcrumb\",\"itemListElement\":[{\"@type\":\"ListItem\",\"position\":1,\"name\":\"Home\",\"item\":\"https:\\\/\\\/plushtoyfactoryhere.com\\\/es\\\/\"},{\"@type\":\"ListItem\",\"position\":2,\"name\":\"Almohada de felpa personalizada\"}]},{\"@type\":\"WebSite\",\"@id\":\"https:\\\/\\\/plushtoyfactoryhere.com\\\/es\\\/#website\",\"url\":\"https:\\\/\\\/plushtoyfactoryhere.com\\\/es\\\/\",\"name\":\"FlushtoyFactory\",\"description\":\"As one of the top custom stuffed manufacturers, we help you design not only a stuffed toy but a product that will capture your audience\u2019s attention and help your brand gain exposure. Our personalized stuffed animals &amp; plush toys stand out as long term and effective promotional items for businesses worldwide.\",\"publisher\":{\"@id\":\"https:\\\/\\\/plushtoyfactoryhere.com\\\/es\\\/#organization\"},\"potentialAction\":[{\"@type\":\"SearchAction\",\"target\":{\"@type\":\"EntryPoint\",\"urlTemplate\":\"https:\\\/\\\/plushtoyfactoryhere.com\\\/es\\\/?s={search_term_string}\"},\"query-input\":{\"@type\":\"PropertyValueSpecification\",\"valueRequired\":true,\"valueName\":\"search_term_string\"}}],\"inLanguage\":\"es\"},{\"@type\":\"Organization\",\"@id\":\"https:\\\/\\\/plushtoyfactoryhere.com\\\/es\\\/#organization\",\"name\":\"Beijing PuYue YiPin Trading Co., Ltd.\",\"alternateName\":\"PuYue YiPin\",\"url\":\"https:\\\/\\\/plushtoyfactoryhere.com\\\/es\\\/\",\"logo\":{\"@type\":\"ImageObject\",\"inLanguage\":\"es\",\"@id\":\"https:\\\/\\\/plushtoyfactoryhere.com\\\/es\\\/#\\\/schema\\\/logo\\\/image\\\/\",\"url\":\"https:\\\/\\\/plushtoyfactoryhere.com\\\/wp-content\\\/uploads\\\/2025\\\/08\\\/logo1.png\",\"contentUrl\":\"https:\\\/\\\/plushtoyfactoryhere.com\\\/wp-content\\\/uploads\\\/2025\\\/08\\\/logo1.png\",\"width\":200,\"height\":200,\"caption\":\"Beijing PuYue YiPin Trading Co., Ltd.\"},\"image\":{\"@id\":\"https:\\\/\\\/plushtoyfactoryhere.com\\\/es\\\/#\\\/schema\\\/logo\\\/image\\\/\"},\"sameAs\":[\"https:\\\/\\\/www.facebook.com\\\/plushtoyfactoryhere\",\"https:\\\/\\\/www.linkedin.com\\\/in\\\/plush-toys-and-leather-case-bag\\\/\"]}]}<\/script>\n<!-- \/ Yoast SEO plugin. -->","yoast_head_json":{"title":"Almohada de felpa personalizada - Plush Toy Manufacturer|Customized plush toys","robots":{"index":"index","follow":"follow","max-snippet":"max-snippet:-1","max-image-preview":"max-image-preview:large","max-video-preview":"max-video-preview:-1"},"canonical":"https:\/\/plushtoyfactoryhere.com\/es\/almohada-de-felpa-personalizada\/","og_locale":"es_ES","og_type":"article","og_title":"Almohada de felpa personalizada - Plush Toy Manufacturer|Customized plush toys","og_description":"Fabricante l\u00edder en China de almohadas de felpa personalizadas al por mayor Las almohadas de felpa personalizadas son ideales para promociones, branding o venta al por menor. Con m\u00e1s de 20 a\u00f1os de experiencia en el suministro de felpa OEM y la fabricaci\u00f3n de felpa ODM, Plushtoy Factory se especializa en la creaci\u00f3n de dise\u00f1os [&hellip;]","og_url":"https:\/\/plushtoyfactoryhere.com\/es\/almohada-de-felpa-personalizada\/","og_site_name":"Plush Toy Manufacturer|Customized plush toys","article_publisher":"https:\/\/www.facebook.com\/plushtoyfactoryhere","article_modified_time":"2025-08-21T20:06:41+00:00","og_image":[{"width":789,"height":751,"url":"https:\/\/plushtoyfactoryhere.com\/wp-content\/uploads\/2025\/08\/89.jpg","type":"image\/jpeg"}],"twitter_card":"summary_large_image","twitter_misc":{"Tiempo de lectura":"3 minutos"},"schema":{"@context":"https:\/\/schema.org","@graph":[{"@type":"WebPage","@id":"https:\/\/plushtoyfactoryhere.com\/es\/almohada-de-felpa-personalizada\/","url":"https:\/\/plushtoyfactoryhere.com\/es\/almohada-de-felpa-personalizada\/","name":"Almohada de felpa personalizada - Plush Toy Manufacturer|Customized plush toys","isPartOf":{"@id":"https:\/\/plushtoyfactoryhere.com\/es\/#website"},"primaryImageOfPage":{"@id":"https:\/\/plushtoyfactoryhere.com\/es\/almohada-de-felpa-personalizada\/#primaryimage"},"image":{"@id":"https:\/\/plushtoyfactoryhere.com\/es\/almohada-de-felpa-personalizada\/#primaryimage"},"thumbnailUrl":"https:\/\/plushtoyfactoryhere.com\/wp-content\/uploads\/2025\/08\/89.jpg","datePublished":"2025-08-20T15:19:47+00:00","dateModified":"2025-08-21T20:06:41+00:00","breadcrumb":{"@id":"https:\/\/plushtoyfactoryhere.com\/es\/almohada-de-felpa-personalizada\/#breadcrumb"},"inLanguage":"es","potentialAction":[{"@type":"ReadAction","target":["https:\/\/plushtoyfactoryhere.com\/es\/almohada-de-felpa-personalizada\/"]}]},{"@type":"ImageObject","inLanguage":"es","@id":"https:\/\/plushtoyfactoryhere.com\/es\/almohada-de-felpa-personalizada\/#primaryimage","url":"https:\/\/plushtoyfactoryhere.com\/wp-content\/uploads\/2025\/08\/89.jpg","contentUrl":"https:\/\/plushtoyfactoryhere.com\/wp-content\/uploads\/2025\/08\/89.jpg"},{"@type":"BreadcrumbList","@id":"https:\/\/plushtoyfactoryhere.com\/es\/almohada-de-felpa-personalizada\/#breadcrumb","itemListElement":[{"@type":"ListItem","position":1,"name":"Home","item":"https:\/\/plushtoyfactoryhere.com\/es\/"},{"@type":"ListItem","position":2,"name":"Almohada de felpa personalizada"}]},{"@type":"WebSite","@id":"https:\/\/plushtoyfactoryhere.com\/es\/#website","url":"https:\/\/plushtoyfactoryhere.com\/es\/","name":"FlushtoyFactory","description":"As one of the top custom stuffed manufacturers, we help you design not only a stuffed toy but a product that will capture your audience\u2019s attention and help your brand gain exposure. Our personalized stuffed animals &amp; plush toys stand out as long term and effective promotional items for businesses worldwide.","publisher":{"@id":"https:\/\/plushtoyfactoryhere.com\/es\/#organization"},"potentialAction":[{"@type":"SearchAction","target":{"@type":"EntryPoint","urlTemplate":"https:\/\/plushtoyfactoryhere.com\/es\/?s={search_term_string}"},"query-input":{"@type":"PropertyValueSpecification","valueRequired":true,"valueName":"search_term_string"}}],"inLanguage":"es"},{"@type":"Organization","@id":"https:\/\/plushtoyfactoryhere.com\/es\/#organization","name":"Beijing PuYue YiPin Trading Co., Ltd.","alternateName":"PuYue YiPin","url":"https:\/\/plushtoyfactoryhere.com\/es\/","logo":{"@type":"ImageObject","inLanguage":"es","@id":"https:\/\/plushtoyfactoryhere.com\/es\/#\/schema\/logo\/image\/","url":"https:\/\/plushtoyfactoryhere.com\/wp-content\/uploads\/2025\/08\/logo1.png","contentUrl":"https:\/\/plushtoyfactoryhere.com\/wp-content\/uploads\/2025\/08\/logo1.png","width":200,"height":200,"caption":"Beijing PuYue YiPin Trading Co., Ltd."},"image":{"@id":"https:\/\/plushtoyfactoryhere.com\/es\/#\/schema\/logo\/image\/"},"sameAs":["https:\/\/www.facebook.com\/plushtoyfactoryhere","https:\/\/www.linkedin.com\/in\/plush-toys-and-leather-case-bag\/"]}]}},"_links":{"self":[{"href":"https:\/\/plushtoyfactoryhere.com\/es\/wp-json\/wp\/v2\/pages\/1614","targetHints":{"allow":["GET"]}}],"collection":[{"href":"https:\/\/plushtoyfactoryhere.com\/es\/wp-json\/wp\/v2\/pages"}],"about":[{"href":"https:\/\/plushtoyfactoryhere.com\/es\/wp-json\/wp\/v2\/types\/page"}],"author":[{"embeddable":true,"href":"https:\/\/plushtoyfactoryhere.com\/es\/wp-json\/wp\/v2\/users\/1"}],"replies":[{"embeddable":true,"href":"https:\/\/plushtoyfactoryhere.com\/es\/wp-json\/wp\/v2\/comments?post=1614"}],"version-history":[{"count":1,"href":"https:\/\/plushtoyfactoryhere.com\/es\/wp-json\/wp\/v2\/pages\/1614\/revisions"}],"predecessor-version":[{"id":1616,"href":"https:\/\/plushtoyfactoryhere.com\/es\/wp-json\/wp\/v2\/pages\/1614\/revisions\/1616"}],"wp:attachment":[{"href":"https:\/\/plushtoyfactoryhere.com\/es\/wp-json\/wp\/v2\/media?parent=1614"}],"curies":[{"name":"wp","href":"https:\/\/api.w.org\/{rel}","templated":true}]}}