{"id":1610,"date":"2025-08-18T16:35:16","date_gmt":"2025-08-18T16:35:16","guid":{"rendered":"https:\/\/plushtoyfactoryhere.com\/peluche-hello-kitty-personalizado\/"},"modified":"2025-08-21T20:06:37","modified_gmt":"2025-08-21T20:06:37","slug":"peluche-hello-kitty-personalizado","status":"publish","type":"page","link":"https:\/\/plushtoyfactoryhere.com\/es\/ejemplos\/peluche-hello-kitty-personalizado\/","title":{"rendered":"Peluche Hello Kitty personalizado"},"content":{"rendered":"\n<h1 class=\"wp-block-heading\"><strong>Proveedor mayorista de peluches personalizados de Hello Kitty para empresas internacionales<\/strong><\/h1>\n\n<p>En Plushtoy Factory fabricamos peluches de Hello Kitty que hacen las delicias de los fans de todo el mundo. Nuestro servicio de peluches personalizados al por mayor abarca Estados Unidos, Reino Unido, Australia, Alemania, Jap\u00f3n y otros pa\u00edses. Combinamos la experiencia B2B con una d\u00e9cada de experiencia en la fabricaci\u00f3n de peluches personalizados para ofrecer productos impecables.  <\/p>\n\n<p>Deleita a los fans con nuestras creaciones de peluche de Hello Kitty. Combinamos el encanto con la precisi\u00f3n en cada puntada. As\u00f3ciate con un distribuidor mayorista l\u00edder de peluches personalizados de Hello Kitty para ampliar tu oferta en todo el mundo.  <\/p>\n\n<h2 class=\"wp-block-heading\"><strong>Especificaciones de producci\u00f3n de nuestra f\u00e1brica de juguetes de felpa<\/strong><\/h2>\n\n<figure class=\"wp-block-table\"><table class=\"has-fixed-layout\"><tbody><tr><td><strong>Caracter\u00edstica<\/strong><\/td><td><strong>Especificaci\u00f3n<\/strong><\/td><\/tr><tr><td><strong>Tama\u00f1os<\/strong><\/td><td>4\u2033 &#8211; 20\u2033<\/td><\/tr><tr><td><strong>MOQ<\/strong><\/td><td>500 unidades (el precio se rompe a partir de 1.000 unidades)<\/td><\/tr><tr><td><strong>Plazo de entrega<\/strong><\/td><td>18-25 d\u00edas laborables<\/td><\/tr><tr><td><strong>Capacidad mensual<\/strong><\/td><td>250.000 unidades<\/td><\/tr><tr><td><strong>Modelo de negocio<\/strong><\/td><td>Proveedor al por mayor de peluches de Hello Kitty<\/td><\/tr><tr><td><strong>Mercados de exportaci\u00f3n<\/strong><\/td><td>Estados Unidos, Reino Unido, Australia, Alemania, Jap\u00f3n<\/td><\/tr><\/tbody><\/table><\/figure>\n\n<figure class=\"wp-block-gallery has-nested-images columns-default is-cropped wp-block-gallery-1 is-layout-flex wp-block-gallery-is-layout-flex\">\n<figure class=\"wp-block-image size-large\"><img loading=\"lazy\" decoding=\"async\" width=\"751\" height=\"536\" data-id=\"1004\" src=\"https:\/\/plushtoyfactoryhere.com\/wp-content\/uploads\/2025\/08\/77.jpg\" alt=\"\" class=\"wp-image-1004\" srcset=\"https:\/\/plushtoyfactoryhere.com\/wp-content\/uploads\/2025\/08\/77.jpg 751w, https:\/\/plushtoyfactoryhere.com\/wp-content\/uploads\/2025\/08\/77-300x214.jpg 300w\" sizes=\"auto, (max-width: 751px) 100vw, 751px\" \/><\/figure>\n\n\n\n<figure class=\"wp-block-image size-large\"><img loading=\"lazy\" decoding=\"async\" width=\"734\" height=\"402\" data-id=\"1005\" src=\"https:\/\/plushtoyfactoryhere.com\/wp-content\/uploads\/2025\/08\/78.jpg\" alt=\"\" class=\"wp-image-1005\" srcset=\"https:\/\/plushtoyfactoryhere.com\/wp-content\/uploads\/2025\/08\/78.jpg 734w, https:\/\/plushtoyfactoryhere.com\/wp-content\/uploads\/2025\/08\/78-300x164.jpg 300w\" sizes=\"auto, (max-width: 734px) 100vw, 734px\" \/><\/figure>\n<\/figure>\n\n<div class=\"wp-block-cover\" style=\"min-height:465px;aspect-ratio:unset;\"><span aria-hidden=\"true\" class=\"wp-block-cover__background has-palette-color-1-background-color has-background-dim-100 has-background-dim\"><\/span><div class=\"wp-block-cover__inner-container is-layout-constrained wp-block-cover-is-layout-constrained\">\n<h2 class=\"wp-block-heading\"><strong>Nuestros Peluches Hello Kitty al por mayor: Ofertas B2B<\/strong><\/h2>\n\n\n\n<p>Mezcle y combine dise\u00f1os para satisfacer sus necesidades de peluches personalizados al por mayor. Cada dise\u00f1o refleja nuestra experiencia en juguetes de peluche personalizados. Tambi\u00e9n puedes solicitar variaciones tem\u00e1ticas como el peluche de sirena de Hello Kitty.  <\/p>\n\n\n\n<ul class=\"wp-block-list\">\n<li><strong>Peluche Hello Kitty grande<\/strong> para expositores<\/li>\n\n\n\n<li><strong>Mu\u00f1eco de peluche Hello Kitty<\/strong> con ojos bordados<\/li>\n\n\n\n<li><strong>Hello Kitty Llavero de felpa<\/strong> para promociones<\/li>\n\n\n\n<li><strong>Peluche Hello Kitty Dinosaurio<\/strong> con escamas en colores pastel<\/li>\n\n\n\n<li><strong>Hello Kitty and Friends Peluches<\/strong> multipersonaje<\/li>\n\n\n\n<li><strong>Hello Kitty Navidad Peluche<\/strong> conjuntos festivos<\/li>\n\n\n\n<li><strong>Peluche Hello Kitty rosa<\/strong> en suave tejido minky<\/li>\n\n\n\n<li><strong>Peluche de Pascua Hello Kitty<\/strong> dise\u00f1os en tonos pastel<\/li>\n\n\n\n<li><strong>Peluche Hello Kitty Sleeping<\/strong> listo para los abrazos antes de dormir<\/li>\n<\/ul>\n<\/div><\/div>\n\n<div class=\"wp-block-cover\"><span aria-hidden=\"true\" class=\"wp-block-cover__background has-palette-color-5-background-color has-background-dim-100 has-background-dim\"><\/span><div class=\"wp-block-cover__inner-container is-layout-constrained wp-block-cover-is-layout-constrained\">\n<p class=\"has-text-align-center has-large-font-size\"><\/p>\n\n\n\n<h2 class=\"wp-block-heading\"><strong><span style=\"color: var(--theme-palette-color-4, #0a0500);\" class=\"stk-highlight\">Sus opciones de tejidos y caracter\u00edsticas de felpa exclusivas<\/span><\/strong><\/h2>\n\n\n\n<ul class=\"wp-block-list\">\n<li><span style=\"color: var(--theme-palette-color-4, #0a0500);\" class=\"stk-highlight\"><strong>Terciopelo de pelo corto<\/strong> para colores suaves y vibrantes<\/span><\/li>\n\n\n\n<li><span style=\"color: var(--theme-palette-color-4, #0a0500);\" class=\"stk-highlight\"><strong>Forro polar Minky<\/strong> para mayor suavidad y durabilidad<\/span><\/li>\n\n\n\n<li><span style=\"color: var(--theme-palette-color-4, #0a0500);\" class=\"stk-highlight\"><strong>Detalles de pana<\/strong> en las orejas y los lazos<\/span><\/li>\n\n\n\n<li><span style=\"color: var(--theme-palette-color-4, #0a0500);\" class=\"stk-highlight\"><strong>Relleno de poli\u00e9ster<\/strong> ecol\u00f3gico para unos mimos seguros<\/span><\/li>\n\n\n\n<li><span style=\"color: var(--theme-palette-color-4, #0a0500);\" class=\"stk-highlight\"><strong>Bordado personalizado<\/strong> con su logotipo o eslogan<\/span><\/li>\n<\/ul>\n\n\n\n<p><span style=\"color: var(--theme-palette-color-4, #0a0500);\" class=\"stk-highlight\">Tambi\u00e9n disfrutar\u00e1 de opciones como los detalles de peluche cosidos y los m\u00f3dulos de sonido.<\/span><\/p>\n<\/div><\/div>\n\n<div class=\"wp-block-cover\" style=\"min-height:269px;aspect-ratio:unset;\"><span aria-hidden=\"true\" class=\"wp-block-cover__background has-palette-color-1-background-color has-background-dim-100 has-background-dim\"><\/span><div class=\"wp-block-cover__inner-container is-layout-constrained wp-block-cover-is-layout-constrained\">\n<h2 class=\"wp-block-heading\"><strong>Somos el socio mayorista de juguetes de peluche preferido en EE.UU.<\/strong><\/h2>\n\n\n\n<ul class=\"wp-block-list\">\n<li><strong>Alcance mundial<\/strong>: Somos un proveedor mayorista de Hello Kitty de peluche personalizado que sirve a todo el mundo.<\/li>\n\n\n\n<li><strong>Personalizaci\u00f3n total<\/strong>: Personalice telas, atuendos y etiquetas: ideal para <strong>ideas promocionales personalizadas<\/strong>.<\/li>\n\n\n\n<li><strong>Control de calidad<\/strong>: Los rigurosos controles a cada paso garantizan peluches seguros y duraderos.<\/li>\n\n\n\n<li><strong>Precios competitivos<\/strong>: Los pedidos al por mayor desbloquean descuentos escalonados para una contrataci\u00f3n rentable.<\/li>\n\n\n\n<li><strong>Asistencia dedicada<\/strong>: Tu gu\u00eda de peluches a medida te asiste desde el dise\u00f1o hasta la entrega.<\/li>\n<\/ul>\n<\/div><\/div>\n\n<h2 class=\"wp-block-heading\"><strong>Opiniones reales de nuestros clientes satisfechos<\/strong><\/h2>\n\n<div class=\"wp-block-stackable-carousel stk-block-carousel stk--is-slide stk--arrows-justify-space-between stk--arrows-align-center stk-block stk-68a117b\" data-slides-to-show=\"\" data-block-id=\"68a117b\"><div class=\"stk-block-carousel__content-wrapper\"><div class=\"stk-row stk-inner-blocks stk-block-content stk-block-carousel__slider-wrapper stk-content-align stk-68a117b-column\"><div class=\"stk-block-carousel__slider\" role=\"list\" data-autoplay=\"4000\" data-label-slide-of=\"Slide %%d of %%d\">\n<div class=\"wp-block-stackable-column stk-block-column stk-column stk-block stk-44d2541\" data-v=\"4\" data-block-id=\"44d2541\"><div class=\"stk-column-wrapper stk-block-column__content stk-container stk-44d2541-container stk--no-background stk--no-padding\"><div class=\"stk-block-content stk-inner-blocks stk-44d2541-inner-blocks\">\n<p><em>\u00abEl prototipo qued\u00f3 perfecto a la primera. Nuestro peluche de Sonic result\u00f3 incluso mejor de lo esperado. R\u00e1pidos, amables y en su punto\u00bb.<\/em><em><br\/><\/em> <strong>&#8211; Jennifer R., EE.UU.<\/strong><strong><\/strong><\/p>\n<\/div><\/div><\/div>\n\n\n\n<div class=\"wp-block-stackable-column stk-block-column stk-column stk-block stk-c274dde\" data-v=\"4\" data-block-id=\"c274dde\"><div class=\"stk-column-wrapper stk-block-column__content stk-container stk-c274dde-container stk--no-background stk--no-padding\"><div class=\"stk-block-content stk-inner-blocks stk-c274dde-inner-blocks\">\n<p><em>\u00abHemos pedido m\u00e1s de 100.000 unidades en 3 a\u00f1os. Esta f\u00e1brica de peluches nunca decepciona. Fiable y receptiva\u00bb.<\/em><em><br\/><\/em> <strong>&#8211; Kenji T., Jap\u00f3n<\/strong><strong><\/strong><\/p>\n<\/div><\/div><\/div>\n\n\n\n<div class=\"wp-block-stackable-column stk-block-column stk-column stk-block stk-b3ecc73\" data-v=\"4\" data-block-id=\"b3ecc73\"><div class=\"stk-column-wrapper stk-block-column__content stk-container stk-b3ecc73-container stk--no-background stk--no-padding\"><div class=\"stk-block-content stk-inner-blocks stk-b3ecc73-inner-blocks\">\n<p><em>\u00abConvirtieron a nuestra mascota en el peluche m\u00e1s mono del mundo. \u00bfCalidad, rapidez y servicio? 10\/10.\u00bb<\/em><em><br\/><\/em> <strong>&#8211; Elena M., Espa\u00f1a<\/strong><\/p>\n<\/div><\/div><\/div>\n<\/div><div class=\"stk-block-carousel__buttons\"><button class=\"stk-block-carousel__button stk-block-carousel__button__prev\" aria-label=\"Previous slide\"><svg aria-hidden=\"true\" focusable=\"false\" data-prefix=\"fas\" data-icon=\"chevron-left\" class=\"svg-inline--fa fa-chevron-left\" xmlns=\"http:\/\/www.w3.org\/2000\/svg\" viewBox=\"0 0 320 512\" width=\"32\" height=\"32\"><path d=\"M34.52 239.03L228.87 44.69c9.37-9.37 24.57-9.37 33.94 0l22.67 22.67c9.36 9.36 9.37 24.52.04 33.9L131.49 256l154.02 154.75c9.34 9.38 9.32 24.54-.04 33.9l-22.67 22.67c-9.37 9.37-24.57 9.37-33.94 0L34.52 272.97c-9.37-9.37-9.37-24.57 0-33.94z\"><\/path><\/svg><\/button><button class=\"stk-block-carousel__button stk-block-carousel__button__next\" aria-label=\"Next slide\"><svg aria-hidden=\"true\" focusable=\"false\" data-prefix=\"fas\" data-icon=\"chevron-right\" class=\"svg-inline--fa fa-chevron-right\" xmlns=\"http:\/\/www.w3.org\/2000\/svg\" viewBox=\"0 0 320 512\" width=\"32\" height=\"32\"><path d=\"M285.476 272.971L91.132 467.314c-9.373 9.373-24.569 9.373-33.941 0l-22.667-22.667c-9.357-9.357-9.375-24.522-.04-33.901L188.505 256 34.484 101.255c-9.335-9.379-9.317-24.544.04-33.901l22.667-22.667c9.373-9.373 24.569-9.373 33.941 0L285.475 239.03c9.373 9.372 9.373 24.568.001 33.941z\"><\/path><\/svg><\/button><\/div><\/div><div class=\"stk-block-carousel__dots\" role=\"list\" data-label=\"Slide %%d\"><\/div><\/div><\/div>\n\n<h2 class=\"wp-block-heading\"><strong>Peluches y preguntas frecuentes<\/strong><\/h2>\n\n<h5 class=\"wp-block-heading\">1<strong>.\u00bfCu\u00e1nto dura la felpa?<\/strong><\/h5>\n\n<p>Un peluche bien cuidado permanece suave de 3 a 5 a\u00f1os. L\u00e1velo a mano con cuidado y d\u00e9jelo secar al aire al abrigo del sol. <\/p>\n\n<h5 class=\"wp-block-heading\">2<strong>.\u00bfPuedo a\u00f1adir mi logotipo a los peluches de Hello Kitty?<\/strong><\/h5>\n\n<p>S\u00ed. Ofrecemos impresi\u00f3n y bordado en trajes y etiquetas. <\/p>\n\n<h5 class=\"wp-block-heading\">3<strong>.\u00bfFabrican peluches de Hello Kitty estilo \u00abconstruye un oso\u00bb?<\/strong><\/h5>\n\n<p>Por supuesto. Admitimos la combinaci\u00f3n de piezas para personalizar la construcci\u00f3n de un oso. <\/p>\n\n<h5 class=\"wp-block-heading\">4<strong>. \u00bfQu\u00e9 suele llevar Hello Kitty?<\/strong><\/h5>\n\n<p>Hello Kitty lleva un lazo rojo en la oreja izquierda. Lo combina con un vestido sencillo. Ese ic\u00f3nico lazo sigue siendo su accesorio caracter\u00edstico.  <\/p>\n\n<h5 class=\"wp-block-heading\">5<strong>.\u00bfQu\u00e9 pruebas garantizan la seguridad de la felpa?<\/strong><\/h5>\n\n<p>Realizamos pruebas de seguridad CE, CPSIA y EN71 con laboratorios de terceros.<\/p>\n\n<h5 class=\"wp-block-heading\">6<strong>.\u00bfC\u00f3mo puedo pedir una muestra antes de la producci\u00f3n en serie?<\/strong><\/h5>\n\n<p>S\u00f3lo tiene que solicitar un prototipo. Se lo enviaremos en un plazo de 10-15 d\u00edas para que lo apruebe. <\/p>\n\n<h5 class=\"wp-block-heading\">7<strong>.\u00bfCu\u00e1nto pesa un peluche de Hello Kitty?<\/strong><\/h5>\n\n<p>Los tama\u00f1os cambian de peso. Un peluche de Hello Kitty de 20 cm pesa unos 150-200 g. Los m\u00e1s grandes o detallados alcanzan los 400 g.  <\/p>\n\n<p><\/p>\n","protected":false},"excerpt":{"rendered":"<p>Proveedor mayorista de peluches personalizados de Hello Kitty para empresas internacionales En Plushtoy Factory fabricamos peluches de Hello Kitty que hacen las delicias de los fans de todo el mundo. Nuestro servicio de peluches personalizados al por mayor abarca Estados Unidos, Reino Unido, Australia, Alemania, Jap\u00f3n y otros pa\u00edses. Combinamos la experiencia B2B con una [&hellip;]<\/p>\n","protected":false},"author":1,"featured_media":0,"parent":1646,"menu_order":0,"comment_status":"closed","ping_status":"closed","template":"","meta":{"footnotes":""},"class_list":["post-1610","page","type-page","status-publish","hentry"],"blocksy_meta":[],"yoast_head":"<!-- This site is optimized with the Yoast SEO plugin v26.6 - https:\/\/yoast.com\/wordpress\/plugins\/seo\/ -->\n<title>Peluche Hello Kitty personalizado - Plush Toy Manufacturer|Customized plush toys<\/title>\n<meta name=\"robots\" content=\"index, follow, max-snippet:-1, max-image-preview:large, max-video-preview:-1\" \/>\n<link rel=\"canonical\" href=\"https:\/\/plushtoyfactoryhere.com\/es\/ejemplos\/peluche-hello-kitty-personalizado\/\" \/>\n<meta property=\"og:locale\" content=\"es_ES\" \/>\n<meta property=\"og:type\" content=\"article\" \/>\n<meta property=\"og:title\" content=\"Peluche Hello Kitty personalizado - Plush Toy Manufacturer|Customized plush toys\" \/>\n<meta property=\"og:description\" content=\"Proveedor mayorista de peluches personalizados de Hello Kitty para empresas internacionales En Plushtoy Factory fabricamos peluches de Hello Kitty que hacen las delicias de los fans de todo el mundo. Nuestro servicio de peluches personalizados al por mayor abarca Estados Unidos, Reino Unido, Australia, Alemania, Jap\u00f3n y otros pa\u00edses. Combinamos la experiencia B2B con una [&hellip;]\" \/>\n<meta property=\"og:url\" content=\"https:\/\/plushtoyfactoryhere.com\/es\/ejemplos\/peluche-hello-kitty-personalizado\/\" \/>\n<meta property=\"og:site_name\" content=\"Plush Toy Manufacturer|Customized plush toys\" \/>\n<meta property=\"article:publisher\" content=\"https:\/\/www.facebook.com\/plushtoyfactoryhere\" \/>\n<meta property=\"article:modified_time\" content=\"2025-08-21T20:06:37+00:00\" \/>\n<meta property=\"og:image\" content=\"https:\/\/plushtoyfactoryhere.com\/wp-content\/uploads\/2025\/08\/77.jpg\" \/>\n\t<meta property=\"og:image:width\" content=\"751\" \/>\n\t<meta property=\"og:image:height\" content=\"536\" \/>\n\t<meta property=\"og:image:type\" content=\"image\/jpeg\" \/>\n<meta name=\"twitter:card\" content=\"summary_large_image\" \/>\n<meta name=\"twitter:label1\" content=\"Tiempo de lectura\" \/>\n\t<meta name=\"twitter:data1\" content=\"4 minutos\" \/>\n<script type=\"application\/ld+json\" class=\"yoast-schema-graph\">{\"@context\":\"https:\/\/schema.org\",\"@graph\":[{\"@type\":\"WebPage\",\"@id\":\"https:\/\/plushtoyfactoryhere.com\/es\/ejemplos\/peluche-hello-kitty-personalizado\/\",\"url\":\"https:\/\/plushtoyfactoryhere.com\/es\/ejemplos\/peluche-hello-kitty-personalizado\/\",\"name\":\"Peluche Hello Kitty personalizado - Plush Toy Manufacturer|Customized plush toys\",\"isPartOf\":{\"@id\":\"https:\/\/plushtoyfactoryhere.com\/es\/#website\"},\"primaryImageOfPage\":{\"@id\":\"https:\/\/plushtoyfactoryhere.com\/es\/ejemplos\/peluche-hello-kitty-personalizado\/#primaryimage\"},\"image\":{\"@id\":\"https:\/\/plushtoyfactoryhere.com\/es\/ejemplos\/peluche-hello-kitty-personalizado\/#primaryimage\"},\"thumbnailUrl\":\"https:\/\/plushtoyfactoryhere.com\/wp-content\/uploads\/2025\/08\/77.jpg\",\"datePublished\":\"2025-08-18T16:35:16+00:00\",\"dateModified\":\"2025-08-21T20:06:37+00:00\",\"breadcrumb\":{\"@id\":\"https:\/\/plushtoyfactoryhere.com\/es\/ejemplos\/peluche-hello-kitty-personalizado\/#breadcrumb\"},\"inLanguage\":\"es\",\"potentialAction\":[{\"@type\":\"ReadAction\",\"target\":[\"https:\/\/plushtoyfactoryhere.com\/es\/ejemplos\/peluche-hello-kitty-personalizado\/\"]}]},{\"@type\":\"ImageObject\",\"inLanguage\":\"es\",\"@id\":\"https:\/\/plushtoyfactoryhere.com\/es\/ejemplos\/peluche-hello-kitty-personalizado\/#primaryimage\",\"url\":\"https:\/\/plushtoyfactoryhere.com\/wp-content\/uploads\/2025\/08\/77.jpg\",\"contentUrl\":\"https:\/\/plushtoyfactoryhere.com\/wp-content\/uploads\/2025\/08\/77.jpg\"},{\"@type\":\"BreadcrumbList\",\"@id\":\"https:\/\/plushtoyfactoryhere.com\/es\/ejemplos\/peluche-hello-kitty-personalizado\/#breadcrumb\",\"itemListElement\":[{\"@type\":\"ListItem\",\"position\":1,\"name\":\"Home\",\"item\":\"https:\/\/plushtoyfactoryhere.com\/es\/\"},{\"@type\":\"ListItem\",\"position\":2,\"name\":\"Peluche Hello Kitty personalizado\"}]},{\"@type\":\"WebSite\",\"@id\":\"https:\/\/plushtoyfactoryhere.com\/es\/#website\",\"url\":\"https:\/\/plushtoyfactoryhere.com\/es\/\",\"name\":\"FlushtoyFactory\",\"description\":\"As one of the top custom stuffed manufacturers, we help you design not only a stuffed toy but a product that will capture your audience\u2019s attention and help your brand gain exposure. Our personalized stuffed animals &amp; plush toys stand out as long term and effective promotional items for businesses worldwide.\",\"publisher\":{\"@id\":\"https:\/\/plushtoyfactoryhere.com\/es\/#organization\"},\"potentialAction\":[{\"@type\":\"SearchAction\",\"target\":{\"@type\":\"EntryPoint\",\"urlTemplate\":\"https:\/\/plushtoyfactoryhere.com\/es\/?s={search_term_string}\"},\"query-input\":{\"@type\":\"PropertyValueSpecification\",\"valueRequired\":true,\"valueName\":\"search_term_string\"}}],\"inLanguage\":\"es\"},{\"@type\":\"Organization\",\"@id\":\"https:\/\/plushtoyfactoryhere.com\/es\/#organization\",\"name\":\"Beijing PuYue YiPin Trading Co., Ltd.\",\"alternateName\":\"PuYue YiPin\",\"url\":\"https:\/\/plushtoyfactoryhere.com\/es\/\",\"logo\":{\"@type\":\"ImageObject\",\"inLanguage\":\"es\",\"@id\":\"https:\/\/plushtoyfactoryhere.com\/es\/#\/schema\/logo\/image\/\",\"url\":\"https:\/\/plushtoyfactoryhere.com\/wp-content\/uploads\/2025\/08\/logo1.png\",\"contentUrl\":\"https:\/\/plushtoyfactoryhere.com\/wp-content\/uploads\/2025\/08\/logo1.png\",\"width\":200,\"height\":200,\"caption\":\"Beijing PuYue YiPin Trading Co., Ltd.\"},\"image\":{\"@id\":\"https:\/\/plushtoyfactoryhere.com\/es\/#\/schema\/logo\/image\/\"},\"sameAs\":[\"https:\/\/www.facebook.com\/plushtoyfactoryhere\",\"https:\/\/www.linkedin.com\/in\/plush-toys-and-leather-case-bag\/\"]}]}<\/script>\n<!-- \/ Yoast SEO plugin. -->","yoast_head_json":{"title":"Peluche Hello Kitty personalizado - Plush Toy Manufacturer|Customized plush toys","robots":{"index":"index","follow":"follow","max-snippet":"max-snippet:-1","max-image-preview":"max-image-preview:large","max-video-preview":"max-video-preview:-1"},"canonical":"https:\/\/plushtoyfactoryhere.com\/es\/ejemplos\/peluche-hello-kitty-personalizado\/","og_locale":"es_ES","og_type":"article","og_title":"Peluche Hello Kitty personalizado - Plush Toy Manufacturer|Customized plush toys","og_description":"Proveedor mayorista de peluches personalizados de Hello Kitty para empresas internacionales En Plushtoy Factory fabricamos peluches de Hello Kitty que hacen las delicias de los fans de todo el mundo. Nuestro servicio de peluches personalizados al por mayor abarca Estados Unidos, Reino Unido, Australia, Alemania, Jap\u00f3n y otros pa\u00edses. Combinamos la experiencia B2B con una [&hellip;]","og_url":"https:\/\/plushtoyfactoryhere.com\/es\/ejemplos\/peluche-hello-kitty-personalizado\/","og_site_name":"Plush Toy Manufacturer|Customized plush toys","article_publisher":"https:\/\/www.facebook.com\/plushtoyfactoryhere","article_modified_time":"2025-08-21T20:06:37+00:00","og_image":[{"width":751,"height":536,"url":"https:\/\/plushtoyfactoryhere.com\/wp-content\/uploads\/2025\/08\/77.jpg","type":"image\/jpeg"}],"twitter_card":"summary_large_image","twitter_misc":{"Tiempo de lectura":"4 minutos"},"schema":{"@context":"https:\/\/schema.org","@graph":[{"@type":"WebPage","@id":"https:\/\/plushtoyfactoryhere.com\/es\/ejemplos\/peluche-hello-kitty-personalizado\/","url":"https:\/\/plushtoyfactoryhere.com\/es\/ejemplos\/peluche-hello-kitty-personalizado\/","name":"Peluche Hello Kitty personalizado - Plush Toy Manufacturer|Customized plush toys","isPartOf":{"@id":"https:\/\/plushtoyfactoryhere.com\/es\/#website"},"primaryImageOfPage":{"@id":"https:\/\/plushtoyfactoryhere.com\/es\/ejemplos\/peluche-hello-kitty-personalizado\/#primaryimage"},"image":{"@id":"https:\/\/plushtoyfactoryhere.com\/es\/ejemplos\/peluche-hello-kitty-personalizado\/#primaryimage"},"thumbnailUrl":"https:\/\/plushtoyfactoryhere.com\/wp-content\/uploads\/2025\/08\/77.jpg","datePublished":"2025-08-18T16:35:16+00:00","dateModified":"2025-08-21T20:06:37+00:00","breadcrumb":{"@id":"https:\/\/plushtoyfactoryhere.com\/es\/ejemplos\/peluche-hello-kitty-personalizado\/#breadcrumb"},"inLanguage":"es","potentialAction":[{"@type":"ReadAction","target":["https:\/\/plushtoyfactoryhere.com\/es\/ejemplos\/peluche-hello-kitty-personalizado\/"]}]},{"@type":"ImageObject","inLanguage":"es","@id":"https:\/\/plushtoyfactoryhere.com\/es\/ejemplos\/peluche-hello-kitty-personalizado\/#primaryimage","url":"https:\/\/plushtoyfactoryhere.com\/wp-content\/uploads\/2025\/08\/77.jpg","contentUrl":"https:\/\/plushtoyfactoryhere.com\/wp-content\/uploads\/2025\/08\/77.jpg"},{"@type":"BreadcrumbList","@id":"https:\/\/plushtoyfactoryhere.com\/es\/ejemplos\/peluche-hello-kitty-personalizado\/#breadcrumb","itemListElement":[{"@type":"ListItem","position":1,"name":"Home","item":"https:\/\/plushtoyfactoryhere.com\/es\/"},{"@type":"ListItem","position":2,"name":"Peluche Hello Kitty personalizado"}]},{"@type":"WebSite","@id":"https:\/\/plushtoyfactoryhere.com\/es\/#website","url":"https:\/\/plushtoyfactoryhere.com\/es\/","name":"FlushtoyFactory","description":"As one of the top custom stuffed manufacturers, we help you design not only a stuffed toy but a product that will capture your audience\u2019s attention and help your brand gain exposure. Our personalized stuffed animals &amp; plush toys stand out as long term and effective promotional items for businesses worldwide.","publisher":{"@id":"https:\/\/plushtoyfactoryhere.com\/es\/#organization"},"potentialAction":[{"@type":"SearchAction","target":{"@type":"EntryPoint","urlTemplate":"https:\/\/plushtoyfactoryhere.com\/es\/?s={search_term_string}"},"query-input":{"@type":"PropertyValueSpecification","valueRequired":true,"valueName":"search_term_string"}}],"inLanguage":"es"},{"@type":"Organization","@id":"https:\/\/plushtoyfactoryhere.com\/es\/#organization","name":"Beijing PuYue YiPin Trading Co., Ltd.","alternateName":"PuYue YiPin","url":"https:\/\/plushtoyfactoryhere.com\/es\/","logo":{"@type":"ImageObject","inLanguage":"es","@id":"https:\/\/plushtoyfactoryhere.com\/es\/#\/schema\/logo\/image\/","url":"https:\/\/plushtoyfactoryhere.com\/wp-content\/uploads\/2025\/08\/logo1.png","contentUrl":"https:\/\/plushtoyfactoryhere.com\/wp-content\/uploads\/2025\/08\/logo1.png","width":200,"height":200,"caption":"Beijing PuYue YiPin Trading Co., Ltd."},"image":{"@id":"https:\/\/plushtoyfactoryhere.com\/es\/#\/schema\/logo\/image\/"},"sameAs":["https:\/\/www.facebook.com\/plushtoyfactoryhere","https:\/\/www.linkedin.com\/in\/plush-toys-and-leather-case-bag\/"]}]}},"_links":{"self":[{"href":"https:\/\/plushtoyfactoryhere.com\/es\/wp-json\/wp\/v2\/pages\/1610","targetHints":{"allow":["GET"]}}],"collection":[{"href":"https:\/\/plushtoyfactoryhere.com\/es\/wp-json\/wp\/v2\/pages"}],"about":[{"href":"https:\/\/plushtoyfactoryhere.com\/es\/wp-json\/wp\/v2\/types\/page"}],"author":[{"embeddable":true,"href":"https:\/\/plushtoyfactoryhere.com\/es\/wp-json\/wp\/v2\/users\/1"}],"replies":[{"embeddable":true,"href":"https:\/\/plushtoyfactoryhere.com\/es\/wp-json\/wp\/v2\/comments?post=1610"}],"version-history":[{"count":1,"href":"https:\/\/plushtoyfactoryhere.com\/es\/wp-json\/wp\/v2\/pages\/1610\/revisions"}],"predecessor-version":[{"id":1611,"href":"https:\/\/plushtoyfactoryhere.com\/es\/wp-json\/wp\/v2\/pages\/1610\/revisions\/1611"}],"up":[{"embeddable":true,"href":"https:\/\/plushtoyfactoryhere.com\/es\/wp-json\/wp\/v2\/pages\/1646"}],"wp:attachment":[{"href":"https:\/\/plushtoyfactoryhere.com\/es\/wp-json\/wp\/v2\/media?parent=1610"}],"curies":[{"name":"wp","href":"https:\/\/api.w.org\/{rel}","templated":true}]}}