{"id":1606,"date":"2025-08-18T15:44:27","date_gmt":"2025-08-18T15:44:27","guid":{"rendered":"https:\/\/plushtoyfactoryhere.com\/peluche-sonic-personalizado\/"},"modified":"2025-08-21T20:06:36","modified_gmt":"2025-08-21T20:06:36","slug":"peluche-sonic-personalizado","status":"publish","type":"page","link":"https:\/\/plushtoyfactoryhere.com\/es\/peluche-sonic-personalizado\/","title":{"rendered":"Peluche Sonic personalizado"},"content":{"rendered":"\n<h1 class=\"wp-block-heading\"><strong>China Mayorista Metal Sonic Peluche Fabricante y Proveedor<\/strong><\/h1>\n\n<p>Mejore su mercanc\u00eda con nuestra experiencia como fabricante de peluches personalizados de Sonic. Ofrecemos vibrantes peluches personalizados de Sonic cl\u00e1sico, los dise\u00f1os favoritos de los fans de todo el mundo. Nuestra experiencia abarca peluches cl\u00e1sicos de Sonic, superpeluches de Sonic e incluso ediciones piratas de peluches met\u00e1licos de Sonic. Con m\u00e1s de dos d\u00e9cadas de experiencia en la fabricaci\u00f3n de peluches, transformamos los personajes m\u00e1s queridos en recuerdos abrazables.   <\/p>\n\n<h2 class=\"wp-block-heading\"><strong>Nuestra producci\u00f3n de peluches<\/strong><\/h2>\n\n<figure class=\"wp-block-table\"><table class=\"has-fixed-layout\"><tbody><tr><td><strong>Caracter\u00edstica<\/strong><\/td><td><strong>Detalles<\/strong><\/td><\/tr><tr><td><strong>Tama\u00f1os<\/strong><\/td><td>4\u2033 &#8211; 20\u2033<\/td><\/tr><tr><td><strong>MOQ<\/strong><\/td><td>500 unidades (el precio se rompe a partir de 1.000 unidades)<\/td><\/tr><tr><td><strong>Turnaround<\/strong><\/td><td>18-25 d\u00edas laborables<\/td><\/tr><tr><td><strong>Capacidad<\/strong><\/td><td>250.000 unidades\/mes<\/td><\/tr><tr><td><strong>Tipo de empresa<\/strong><\/td><td>S\u00f3lo venta al por mayor de peluches s\u00f3nicos<\/td><\/tr><\/tbody><\/table><\/figure>\n\n<figure class=\"wp-block-gallery has-nested-images columns-default is-cropped wp-block-gallery-1 is-layout-flex wp-block-gallery-is-layout-flex\">\n<figure class=\"wp-block-image size-large\"><img loading=\"lazy\" decoding=\"async\" width=\"460\" height=\"795\" data-id=\"998\" src=\"https:\/\/plushtoyfactoryhere.com\/wp-content\/uploads\/2025\/08\/73.jpg\" alt=\"\" class=\"wp-image-998\" srcset=\"https:\/\/plushtoyfactoryhere.com\/wp-content\/uploads\/2025\/08\/73.jpg 460w, https:\/\/plushtoyfactoryhere.com\/wp-content\/uploads\/2025\/08\/73-174x300.jpg 174w\" sizes=\"auto, (max-width: 460px) 100vw, 460px\" \/><\/figure>\n\n\n\n<figure class=\"wp-block-image size-large\"><img loading=\"lazy\" decoding=\"async\" width=\"474\" height=\"826\" data-id=\"999\" src=\"https:\/\/plushtoyfactoryhere.com\/wp-content\/uploads\/2025\/08\/74.jpg\" alt=\"\" class=\"wp-image-999\" srcset=\"https:\/\/plushtoyfactoryhere.com\/wp-content\/uploads\/2025\/08\/74.jpg 474w, https:\/\/plushtoyfactoryhere.com\/wp-content\/uploads\/2025\/08\/74-172x300.jpg 172w\" sizes=\"auto, (max-width: 474px) 100vw, 474px\" \/><\/figure>\n\n\n\n<figure class=\"wp-block-image size-large\"><img loading=\"lazy\" decoding=\"async\" width=\"526\" height=\"806\" data-id=\"1000\" src=\"https:\/\/plushtoyfactoryhere.com\/wp-content\/uploads\/2025\/08\/75.jpg\" alt=\"\" class=\"wp-image-1000\" srcset=\"https:\/\/plushtoyfactoryhere.com\/wp-content\/uploads\/2025\/08\/75.jpg 526w, https:\/\/plushtoyfactoryhere.com\/wp-content\/uploads\/2025\/08\/75-196x300.jpg 196w\" sizes=\"auto, (max-width: 526px) 100vw, 526px\" \/><\/figure>\n<\/figure>\n\n<div class=\"wp-block-cover\" style=\"min-height:272px;aspect-ratio:unset;\"><span aria-hidden=\"true\" class=\"wp-block-cover__background has-palette-color-1-background-color has-background-dim-100 has-background-dim\"><\/span><div class=\"wp-block-cover__inner-container is-layout-constrained wp-block-cover-is-layout-constrained\">\n<h2 class=\"wp-block-heading\"><strong>Nuestra oferta de peluches s\u00f3nicos a granel<\/strong><\/h2>\n\n\n\n<ul class=\"wp-block-list\">\n<li><strong>Peluches de Sonic the Hedgehog<\/strong> en colores vibrantes<\/li>\n\n\n\n<li><strong>Peluche Sonic cl\u00e1sico<\/strong> con logo bordado<\/li>\n\n\n\n<li><strong>Peluche Super Sonic<\/strong> con detalles de hilo met\u00e1lico<\/li>\n\n\n\n<li><strong>Peluche Shin Sonic<\/strong> para coleccionistas y superfans<\/li>\n\n\n\n<li>R\u00e9plicas de <strong>peluches Sonic de metal<\/strong> y ediciones de contrabando<\/li>\n<\/ul>\n<\/div><\/div>\n\n<div class=\"wp-block-cover\" style=\"min-height:272px;aspect-ratio:unset;\"><span aria-hidden=\"true\" class=\"wp-block-cover__background has-palette-color-5-background-color has-background-dim-100 has-background-dim\"><\/span><div class=\"wp-block-cover__inner-container is-layout-constrained wp-block-cover-is-layout-constrained\">\n<h2 class=\"wp-block-heading\"><strong><span style=\"color: var(--theme-palette-color-4, #0a0500);\" class=\"stk-highlight\">Somos el mejor proveedor de felpa s\u00f3nica de EE.UU.: He aqu\u00ed por qu\u00e9<\/span><\/strong><\/h2>\n\n\n\n<ul class=\"wp-block-list\">\n<li><span style=\"color: var(--theme-palette-color-4, #0a0500);\" class=\"stk-highlight\"><strong>Personalizaci\u00f3n total<\/strong>: A\u00f1ade costuras, logotipos o accesorios.<\/span><\/li>\n\n\n\n<li><span style=\"color: var(--theme-palette-color-4, #0a0500);\" class=\"stk-highlight\"><strong>Opciones de marca<\/strong>: Cree juguetes de peluche s\u00f3nicos con logotipo para promociones.<\/span><\/li>\n\n\n\n<li><span style=\"color: var(--theme-palette-color-4, #0a0500);\" class=\"stk-highlight\"><strong>Ideas promocionales personalizadas<\/strong>: Perfectas para eventos, comercios y regalos.<\/span><\/li>\n\n\n\n<li><span style=\"color: var(--theme-palette-color-4, #0a0500);\" class=\"stk-highlight\"><strong>Garant\u00eda de calidad<\/strong>: Cada pieza supera rigurosas pruebas de seguridad.<\/span><\/li>\n\n\n\n<li><span style=\"color: var(--theme-palette-color-4, #0a0500);\" class=\"stk-highlight\"><strong>Entrega fiable<\/strong>: Env\u00edo puntual para cumplir sus plazos.<\/span><\/li>\n<\/ul>\n<\/div><\/div>\n\n<h2 class=\"wp-block-heading\"><strong>La opini\u00f3n de m\u00e1s de un mill\u00f3n de clientes satisfechos<\/strong><\/h2>\n\n<p>Las empresas eligen Plushtoy Factory como su destino para encontrar los mejores peluches y juguetes de felpa para mejorar su marca. Con nuestra experiencia en la fabricaci\u00f3n de juguetes de peluche, hemos demostrado ser los socios m\u00e1s confiables y profesionales para las empresas de todo el mundo. Escuche a aquellos que lo han experimentado.  <\/p>\n\n<div class=\"wp-block-stackable-carousel stk-block-carousel stk--is-slide stk--arrows-justify-space-between stk--arrows-align-center stk-block stk-5894054\" data-slides-to-show=\"\" data-block-id=\"5894054\"><div class=\"stk-block-carousel__content-wrapper\"><div class=\"stk-row stk-inner-blocks stk-block-content stk-block-carousel__slider-wrapper stk-content-align stk-5894054-column\"><div class=\"stk-block-carousel__slider\" role=\"list\" data-autoplay=\"4000\" data-label-slide-of=\"Slide %%d of %%d\">\n<div class=\"wp-block-stackable-column stk-block-column stk-column stk-block stk-949f697\" data-v=\"4\" data-block-id=\"949f697\"><div class=\"stk-column-wrapper stk-block-column__content stk-container stk-949f697-container stk--no-background stk--no-padding\"><div class=\"stk-block-content stk-inner-blocks stk-949f697-inner-blocks\">\n<p><em>\u00abHa sido un placer colaborar con la f\u00e1brica Plushtoy. Llevamos tres a\u00f1os trabajando con ellos y siempre hemos recibido nuestros peluches a tiempo. Nuestro gestor de proyectos nos manten\u00eda al corriente de los plazos y la ubicaci\u00f3n de nuestros peluches para que nuestro equipo estuviera informado. Utilizamos nuestros mu\u00f1ecos como obsequio promocional y a los clientes siempre les encantan\u00bb.<\/em><strong><em> (Anika, Alemania) SnuggleSoft Creations<\/em><\/strong><\/p>\n<\/div><\/div><\/div>\n\n\n\n<div class=\"wp-block-stackable-column stk-block-column stk-column stk-block stk-e47f2e6\" data-v=\"4\" data-block-id=\"e47f2e6\"><div class=\"stk-column-wrapper stk-block-column__content stk-container stk-e47f2e6-container stk--no-background stk--no-padding\"><div class=\"stk-block-content stk-inner-blocks stk-e47f2e6-inner-blocks\">\n<p><em>\u00abNuestros peluches personalizados son siempre un gran \u00e9xito en las ferias comerciales. plush toy factory cre\u00f3 y entreg\u00f3 art\u00edculos promocionales que se ajustaban a nuestra estrategia de marketing de una forma divertida y \u00fanica\u00bb <\/em><strong><em>(James Alexander Smith, EE. UU.) Hugzy<\/em><\/strong><\/p>\n<\/div><\/div><\/div>\n\n\n\n<div class=\"wp-block-stackable-column stk-block-column stk-column stk-block stk-25a43a5\" data-v=\"4\" data-block-id=\"25a43a5\"><div class=\"stk-column-wrapper stk-block-column__content stk-container stk-25a43a5-container stk--no-background stk--no-padding\"><div class=\"stk-block-content stk-inner-blocks stk-25a43a5-inner-blocks\">\n<p><em>\u00abMe impresion\u00f3 la atenci\u00f3n que prestaron a los plazos y la rapidez con la que se crearon los presupuestos y prototipos. Estaba claro que la entrega a tiempo era una prioridad. Esto fue muy apreciado\u00bb. <\/em><strong><em>(Hiroshi Takahashi, Jap\u00f3n)<\/em><\/strong><\/p>\n<\/div><\/div><\/div>\n<\/div><div class=\"stk-block-carousel__buttons\"><button class=\"stk-block-carousel__button stk-block-carousel__button__prev\" aria-label=\"Previous slide\"><svg aria-hidden=\"true\" focusable=\"false\" data-prefix=\"fas\" data-icon=\"chevron-left\" class=\"svg-inline--fa fa-chevron-left\" xmlns=\"http:\/\/www.w3.org\/2000\/svg\" viewBox=\"0 0 320 512\" width=\"32\" height=\"32\"><path d=\"M34.52 239.03L228.87 44.69c9.37-9.37 24.57-9.37 33.94 0l22.67 22.67c9.36 9.36 9.37 24.52.04 33.9L131.49 256l154.02 154.75c9.34 9.38 9.32 24.54-.04 33.9l-22.67 22.67c-9.37 9.37-24.57 9.37-33.94 0L34.52 272.97c-9.37-9.37-9.37-24.57 0-33.94z\"><\/path><\/svg><\/button><button class=\"stk-block-carousel__button stk-block-carousel__button__next\" aria-label=\"Next slide\"><svg aria-hidden=\"true\" focusable=\"false\" data-prefix=\"fas\" data-icon=\"chevron-right\" class=\"svg-inline--fa fa-chevron-right\" xmlns=\"http:\/\/www.w3.org\/2000\/svg\" viewBox=\"0 0 320 512\" width=\"32\" height=\"32\"><path d=\"M285.476 272.971L91.132 467.314c-9.373 9.373-24.569 9.373-33.941 0l-22.667-22.667c-9.357-9.357-9.375-24.522-.04-33.901L188.505 256 34.484 101.255c-9.335-9.379-9.317-24.544.04-33.901l22.667-22.667c9.373-9.373 24.569-9.373 33.941 0L285.475 239.03c9.373 9.372 9.373 24.568.001 33.941z\"><\/path><\/svg><\/button><\/div><\/div><div class=\"stk-block-carousel__dots\" role=\"list\" data-label=\"Slide %%d\"><\/div><\/div><\/div>\n\n<div class=\"wp-block-cover\" style=\"min-height:813px;aspect-ratio:unset;\"><span aria-hidden=\"true\" class=\"wp-block-cover__background has-palette-color-1-background-color has-background-dim-100 has-background-dim\"><\/span><div class=\"wp-block-cover__inner-container is-layout-constrained wp-block-cover-is-layout-constrained\">\n<h2 class=\"wp-block-heading\"><strong>Preguntas frecuentes<\/strong><\/h2>\n\n\n\n<h5 class=\"wp-block-heading\">1<strong>.\u00bfCu\u00e1l es el peluche de Sonic m\u00e1s raro?<\/strong><\/h5>\n\n\n\n<p>El escurridizo peluche prototipo de Sonic \u00abPrimera edici\u00f3n\u00bb de 1993 es el m\u00e1s raro. Rara vez aparece en una subasta. <\/p>\n\n\n\n<h5 class=\"wp-block-heading\">2<strong>.\u00bfPuedo solicitar poses espec\u00edficas de personajes de Sonic?<\/strong><\/h5>\n\n\n\n<p>S\u00ed, puede especificar referencias de postura en su material gr\u00e1fico y nuestro equipo ajustar\u00e1 el patr\u00f3n para que coincida con la postura deseada.<\/p>\n\n\n\n<h5 class=\"wp-block-heading\">3<strong>. \u00bfQu\u00e9 telas hay disponibles para los peluches de Sonic?<\/strong><\/h5>\n\n\n\n<p>Ofrecemos una amplia gama de tejidos de felpa -desde la corta y aterciopelada piel sint\u00e9tica hasta el supersuave vis\u00f3n-, cada uno de los cuales ha sido sometido a pruebas de solidez del color y durabilidad.<\/p>\n\n\n\n<h5 class=\"wp-block-heading\">4<strong>.\u00bfProduces variaciones de Super Sonic o Metal Sonic?<\/strong><\/h5>\n\n\n\n<p>Por supuesto. Si lo deseas, podemos fabricar peluches <strong>de Super Sonic<\/strong> con pinchos dorados o <strong>peluches de Metal Sonic<\/strong> con tejidos met\u00e1licos. <\/p>\n\n\n\n<h5 class=\"wp-block-heading\">5<strong>.\u00bfQu\u00e9 m\u00e9todos de env\u00edo ofrecen para pedidos al por mayor?<\/strong><\/h5>\n\n\n\n<p>Hacemos env\u00edos por mar, aire y mensajer\u00eda urgente. Puede elegir la opci\u00f3n m\u00e1s rentable en funci\u00f3n del volumen y el plazo de entrega. <\/p>\n\n\n\n<h2 class=\"wp-block-heading\"><strong>Dise\u00f1o y asistencia de peluches a medida<\/strong><\/h2>\n\n\n\n<p>Nos encargamos de todos los detalles como su fabricante de peluches personalizados. Desde la confecci\u00f3n de peluches a medida hasta los dise\u00f1os de peluches personalizados, nuestro equipo garantiza la precisi\u00f3n. Pedidos a granel de Sonic peluches vienen con precios transparentes y opciones de pago seguras.  <\/p>\n<\/div><\/div>\n\n<p><\/p>\n","protected":false},"excerpt":{"rendered":"<p>China Mayorista Metal Sonic Peluche Fabricante y Proveedor Mejore su mercanc\u00eda con nuestra experiencia como fabricante de peluches personalizados de Sonic. Ofrecemos vibrantes peluches personalizados de Sonic cl\u00e1sico, los dise\u00f1os favoritos de los fans de todo el mundo. Nuestra experiencia abarca peluches cl\u00e1sicos de Sonic, superpeluches de Sonic e incluso ediciones piratas de peluches met\u00e1licos [&hellip;]<\/p>\n","protected":false},"author":1,"featured_media":0,"parent":0,"menu_order":0,"comment_status":"closed","ping_status":"closed","template":"","meta":{"footnotes":""},"class_list":["post-1606","page","type-page","status-publish","hentry"],"blocksy_meta":[],"yoast_head":"<!-- This site is optimized with the Yoast SEO plugin v26.6 - https:\/\/yoast.com\/wordpress\/plugins\/seo\/ -->\n<title>Peluche Sonic personalizado - Plush Toy Manufacturer|Customized plush toys<\/title>\n<meta name=\"robots\" content=\"index, follow, max-snippet:-1, max-image-preview:large, max-video-preview:-1\" \/>\n<link rel=\"canonical\" href=\"https:\/\/plushtoyfactoryhere.com\/es\/peluche-sonic-personalizado\/\" \/>\n<meta property=\"og:locale\" content=\"es_ES\" \/>\n<meta property=\"og:type\" content=\"article\" \/>\n<meta property=\"og:title\" content=\"Peluche Sonic personalizado - Plush Toy Manufacturer|Customized plush toys\" \/>\n<meta property=\"og:description\" content=\"China Mayorista Metal Sonic Peluche Fabricante y Proveedor Mejore su mercanc\u00eda con nuestra experiencia como fabricante de peluches personalizados de Sonic. Ofrecemos vibrantes peluches personalizados de Sonic cl\u00e1sico, los dise\u00f1os favoritos de los fans de todo el mundo. Nuestra experiencia abarca peluches cl\u00e1sicos de Sonic, superpeluches de Sonic e incluso ediciones piratas de peluches met\u00e1licos [&hellip;]\" \/>\n<meta property=\"og:url\" content=\"https:\/\/plushtoyfactoryhere.com\/es\/peluche-sonic-personalizado\/\" \/>\n<meta property=\"og:site_name\" content=\"Plush Toy Manufacturer|Customized plush toys\" \/>\n<meta property=\"article:publisher\" content=\"https:\/\/www.facebook.com\/plushtoyfactoryhere\" \/>\n<meta property=\"article:modified_time\" content=\"2025-08-21T20:06:36+00:00\" \/>\n<meta property=\"og:image\" content=\"https:\/\/plushtoyfactoryhere.com\/wp-content\/uploads\/2025\/08\/73.jpg\" \/>\n\t<meta property=\"og:image:width\" content=\"460\" \/>\n\t<meta property=\"og:image:height\" content=\"795\" \/>\n\t<meta property=\"og:image:type\" content=\"image\/jpeg\" \/>\n<meta name=\"twitter:card\" content=\"summary_large_image\" \/>\n<meta name=\"twitter:label1\" content=\"Tiempo de lectura\" \/>\n\t<meta name=\"twitter:data1\" content=\"3 minutos\" \/>\n<script type=\"application\/ld+json\" class=\"yoast-schema-graph\">{\"@context\":\"https:\/\/schema.org\",\"@graph\":[{\"@type\":\"WebPage\",\"@id\":\"https:\/\/plushtoyfactoryhere.com\/es\/peluche-sonic-personalizado\/\",\"url\":\"https:\/\/plushtoyfactoryhere.com\/es\/peluche-sonic-personalizado\/\",\"name\":\"Peluche Sonic personalizado - Plush Toy Manufacturer|Customized plush toys\",\"isPartOf\":{\"@id\":\"https:\/\/plushtoyfactoryhere.com\/es\/#website\"},\"primaryImageOfPage\":{\"@id\":\"https:\/\/plushtoyfactoryhere.com\/es\/peluche-sonic-personalizado\/#primaryimage\"},\"image\":{\"@id\":\"https:\/\/plushtoyfactoryhere.com\/es\/peluche-sonic-personalizado\/#primaryimage\"},\"thumbnailUrl\":\"https:\/\/plushtoyfactoryhere.com\/wp-content\/uploads\/2025\/08\/73.jpg\",\"datePublished\":\"2025-08-18T15:44:27+00:00\",\"dateModified\":\"2025-08-21T20:06:36+00:00\",\"breadcrumb\":{\"@id\":\"https:\/\/plushtoyfactoryhere.com\/es\/peluche-sonic-personalizado\/#breadcrumb\"},\"inLanguage\":\"es\",\"potentialAction\":[{\"@type\":\"ReadAction\",\"target\":[\"https:\/\/plushtoyfactoryhere.com\/es\/peluche-sonic-personalizado\/\"]}]},{\"@type\":\"ImageObject\",\"inLanguage\":\"es\",\"@id\":\"https:\/\/plushtoyfactoryhere.com\/es\/peluche-sonic-personalizado\/#primaryimage\",\"url\":\"https:\/\/plushtoyfactoryhere.com\/wp-content\/uploads\/2025\/08\/73.jpg\",\"contentUrl\":\"https:\/\/plushtoyfactoryhere.com\/wp-content\/uploads\/2025\/08\/73.jpg\"},{\"@type\":\"BreadcrumbList\",\"@id\":\"https:\/\/plushtoyfactoryhere.com\/es\/peluche-sonic-personalizado\/#breadcrumb\",\"itemListElement\":[{\"@type\":\"ListItem\",\"position\":1,\"name\":\"Home\",\"item\":\"https:\/\/plushtoyfactoryhere.com\/es\/\"},{\"@type\":\"ListItem\",\"position\":2,\"name\":\"Peluche Sonic personalizado\"}]},{\"@type\":\"WebSite\",\"@id\":\"https:\/\/plushtoyfactoryhere.com\/es\/#website\",\"url\":\"https:\/\/plushtoyfactoryhere.com\/es\/\",\"name\":\"FlushtoyFactory\",\"description\":\"As one of the top custom stuffed manufacturers, we help you design not only a stuffed toy but a product that will capture your audience\u2019s attention and help your brand gain exposure. Our personalized stuffed animals &amp; plush toys stand out as long term and effective promotional items for businesses worldwide.\",\"publisher\":{\"@id\":\"https:\/\/plushtoyfactoryhere.com\/es\/#organization\"},\"potentialAction\":[{\"@type\":\"SearchAction\",\"target\":{\"@type\":\"EntryPoint\",\"urlTemplate\":\"https:\/\/plushtoyfactoryhere.com\/es\/?s={search_term_string}\"},\"query-input\":{\"@type\":\"PropertyValueSpecification\",\"valueRequired\":true,\"valueName\":\"search_term_string\"}}],\"inLanguage\":\"es\"},{\"@type\":\"Organization\",\"@id\":\"https:\/\/plushtoyfactoryhere.com\/es\/#organization\",\"name\":\"Beijing PuYue YiPin Trading Co., Ltd.\",\"alternateName\":\"PuYue YiPin\",\"url\":\"https:\/\/plushtoyfactoryhere.com\/es\/\",\"logo\":{\"@type\":\"ImageObject\",\"inLanguage\":\"es\",\"@id\":\"https:\/\/plushtoyfactoryhere.com\/es\/#\/schema\/logo\/image\/\",\"url\":\"https:\/\/plushtoyfactoryhere.com\/wp-content\/uploads\/2025\/08\/logo1.png\",\"contentUrl\":\"https:\/\/plushtoyfactoryhere.com\/wp-content\/uploads\/2025\/08\/logo1.png\",\"width\":200,\"height\":200,\"caption\":\"Beijing PuYue YiPin Trading Co., Ltd.\"},\"image\":{\"@id\":\"https:\/\/plushtoyfactoryhere.com\/es\/#\/schema\/logo\/image\/\"},\"sameAs\":[\"https:\/\/www.facebook.com\/plushtoyfactoryhere\",\"https:\/\/www.linkedin.com\/in\/plush-toys-and-leather-case-bag\/\"]}]}<\/script>\n<!-- \/ Yoast SEO plugin. -->","yoast_head_json":{"title":"Peluche Sonic personalizado - Plush Toy Manufacturer|Customized plush toys","robots":{"index":"index","follow":"follow","max-snippet":"max-snippet:-1","max-image-preview":"max-image-preview:large","max-video-preview":"max-video-preview:-1"},"canonical":"https:\/\/plushtoyfactoryhere.com\/es\/peluche-sonic-personalizado\/","og_locale":"es_ES","og_type":"article","og_title":"Peluche Sonic personalizado - Plush Toy Manufacturer|Customized plush toys","og_description":"China Mayorista Metal Sonic Peluche Fabricante y Proveedor Mejore su mercanc\u00eda con nuestra experiencia como fabricante de peluches personalizados de Sonic. Ofrecemos vibrantes peluches personalizados de Sonic cl\u00e1sico, los dise\u00f1os favoritos de los fans de todo el mundo. Nuestra experiencia abarca peluches cl\u00e1sicos de Sonic, superpeluches de Sonic e incluso ediciones piratas de peluches met\u00e1licos [&hellip;]","og_url":"https:\/\/plushtoyfactoryhere.com\/es\/peluche-sonic-personalizado\/","og_site_name":"Plush Toy Manufacturer|Customized plush toys","article_publisher":"https:\/\/www.facebook.com\/plushtoyfactoryhere","article_modified_time":"2025-08-21T20:06:36+00:00","og_image":[{"width":460,"height":795,"url":"https:\/\/plushtoyfactoryhere.com\/wp-content\/uploads\/2025\/08\/73.jpg","type":"image\/jpeg"}],"twitter_card":"summary_large_image","twitter_misc":{"Tiempo de lectura":"3 minutos"},"schema":{"@context":"https:\/\/schema.org","@graph":[{"@type":"WebPage","@id":"https:\/\/plushtoyfactoryhere.com\/es\/peluche-sonic-personalizado\/","url":"https:\/\/plushtoyfactoryhere.com\/es\/peluche-sonic-personalizado\/","name":"Peluche Sonic personalizado - Plush Toy Manufacturer|Customized plush toys","isPartOf":{"@id":"https:\/\/plushtoyfactoryhere.com\/es\/#website"},"primaryImageOfPage":{"@id":"https:\/\/plushtoyfactoryhere.com\/es\/peluche-sonic-personalizado\/#primaryimage"},"image":{"@id":"https:\/\/plushtoyfactoryhere.com\/es\/peluche-sonic-personalizado\/#primaryimage"},"thumbnailUrl":"https:\/\/plushtoyfactoryhere.com\/wp-content\/uploads\/2025\/08\/73.jpg","datePublished":"2025-08-18T15:44:27+00:00","dateModified":"2025-08-21T20:06:36+00:00","breadcrumb":{"@id":"https:\/\/plushtoyfactoryhere.com\/es\/peluche-sonic-personalizado\/#breadcrumb"},"inLanguage":"es","potentialAction":[{"@type":"ReadAction","target":["https:\/\/plushtoyfactoryhere.com\/es\/peluche-sonic-personalizado\/"]}]},{"@type":"ImageObject","inLanguage":"es","@id":"https:\/\/plushtoyfactoryhere.com\/es\/peluche-sonic-personalizado\/#primaryimage","url":"https:\/\/plushtoyfactoryhere.com\/wp-content\/uploads\/2025\/08\/73.jpg","contentUrl":"https:\/\/plushtoyfactoryhere.com\/wp-content\/uploads\/2025\/08\/73.jpg"},{"@type":"BreadcrumbList","@id":"https:\/\/plushtoyfactoryhere.com\/es\/peluche-sonic-personalizado\/#breadcrumb","itemListElement":[{"@type":"ListItem","position":1,"name":"Home","item":"https:\/\/plushtoyfactoryhere.com\/es\/"},{"@type":"ListItem","position":2,"name":"Peluche Sonic personalizado"}]},{"@type":"WebSite","@id":"https:\/\/plushtoyfactoryhere.com\/es\/#website","url":"https:\/\/plushtoyfactoryhere.com\/es\/","name":"FlushtoyFactory","description":"As one of the top custom stuffed manufacturers, we help you design not only a stuffed toy but a product that will capture your audience\u2019s attention and help your brand gain exposure. Our personalized stuffed animals &amp; plush toys stand out as long term and effective promotional items for businesses worldwide.","publisher":{"@id":"https:\/\/plushtoyfactoryhere.com\/es\/#organization"},"potentialAction":[{"@type":"SearchAction","target":{"@type":"EntryPoint","urlTemplate":"https:\/\/plushtoyfactoryhere.com\/es\/?s={search_term_string}"},"query-input":{"@type":"PropertyValueSpecification","valueRequired":true,"valueName":"search_term_string"}}],"inLanguage":"es"},{"@type":"Organization","@id":"https:\/\/plushtoyfactoryhere.com\/es\/#organization","name":"Beijing PuYue YiPin Trading Co., Ltd.","alternateName":"PuYue YiPin","url":"https:\/\/plushtoyfactoryhere.com\/es\/","logo":{"@type":"ImageObject","inLanguage":"es","@id":"https:\/\/plushtoyfactoryhere.com\/es\/#\/schema\/logo\/image\/","url":"https:\/\/plushtoyfactoryhere.com\/wp-content\/uploads\/2025\/08\/logo1.png","contentUrl":"https:\/\/plushtoyfactoryhere.com\/wp-content\/uploads\/2025\/08\/logo1.png","width":200,"height":200,"caption":"Beijing PuYue YiPin Trading Co., Ltd."},"image":{"@id":"https:\/\/plushtoyfactoryhere.com\/es\/#\/schema\/logo\/image\/"},"sameAs":["https:\/\/www.facebook.com\/plushtoyfactoryhere","https:\/\/www.linkedin.com\/in\/plush-toys-and-leather-case-bag\/"]}]}},"_links":{"self":[{"href":"https:\/\/plushtoyfactoryhere.com\/es\/wp-json\/wp\/v2\/pages\/1606","targetHints":{"allow":["GET"]}}],"collection":[{"href":"https:\/\/plushtoyfactoryhere.com\/es\/wp-json\/wp\/v2\/pages"}],"about":[{"href":"https:\/\/plushtoyfactoryhere.com\/es\/wp-json\/wp\/v2\/types\/page"}],"author":[{"embeddable":true,"href":"https:\/\/plushtoyfactoryhere.com\/es\/wp-json\/wp\/v2\/users\/1"}],"replies":[{"embeddable":true,"href":"https:\/\/plushtoyfactoryhere.com\/es\/wp-json\/wp\/v2\/comments?post=1606"}],"version-history":[{"count":1,"href":"https:\/\/plushtoyfactoryhere.com\/es\/wp-json\/wp\/v2\/pages\/1606\/revisions"}],"predecessor-version":[{"id":1608,"href":"https:\/\/plushtoyfactoryhere.com\/es\/wp-json\/wp\/v2\/pages\/1606\/revisions\/1608"}],"wp:attachment":[{"href":"https:\/\/plushtoyfactoryhere.com\/es\/wp-json\/wp\/v2\/media?parent=1606"}],"curies":[{"name":"wp","href":"https:\/\/api.w.org\/{rel}","templated":true}]}}