{"id":1599,"date":"2025-08-12T14:39:20","date_gmt":"2025-08-12T14:39:20","guid":{"rendered":"https:\/\/plushtoyfactoryhere.com\/opciones-comunes-de-tejido\/"},"modified":"2025-08-21T20:06:34","modified_gmt":"2025-08-21T20:06:34","slug":"opciones-comunes-de-tejido","status":"publish","type":"page","link":"https:\/\/plushtoyfactoryhere.com\/es\/opciones-comunes-de-tejido\/","title":{"rendered":"Opciones comunes de tejido"},"content":{"rendered":"\n<h1 class=\"wp-block-heading\"><strong>Telas para juguetes de peluche: Elija el material adecuado para sus creaciones personalizadas<\/strong><\/h1>\n\n<p><strong>Como fabricantes de peluches personalizados, ofrecemos una gran variedad de materiales que garantizan tanto la calidad como la seguridad. Aqu\u00ed tienes un desglose de los materiales de peluche m\u00e1s populares utilizados en la fabricaci\u00f3n de peluches personalizados: <\/strong><\/p>\n\n<div class=\"wp-block-media-text has-media-on-the-right is-stacked-on-mobile\" style=\"grid-template-columns:auto 24%\"><div class=\"wp-block-media-text__content\">\n<p><\/p>\n\n\n\n<h2 class=\"wp-block-heading\"><strong>Polar Coral<\/strong><\/h2>\n\n\n\n<p>Es un tejido muy suave, ideal para peluches. Conocido por su tacto suave, el vell\u00f3n de coral se utiliza mucho para fabricar peluches para los m\u00e1s peque\u00f1os. Su calidez y suavidad lo convierten en una excelente opci\u00f3n para hacer peluches a medida al por mayor.  <\/p>\n<\/div><figure class=\"wp-block-media-text__media\"><img loading=\"lazy\" decoding=\"async\" width=\"640\" height=\"640\" src=\"https:\/\/plushtoyfactoryhere.com\/wp-content\/uploads\/2025\/08\/shanhu1.jpg\" alt=\"\" class=\"wp-image-939 size-full\" srcset=\"https:\/\/plushtoyfactoryhere.com\/wp-content\/uploads\/2025\/08\/shanhu1.jpg 640w, https:\/\/plushtoyfactoryhere.com\/wp-content\/uploads\/2025\/08\/shanhu1-300x300.jpg 300w, https:\/\/plushtoyfactoryhere.com\/wp-content\/uploads\/2025\/08\/shanhu1-150x150.jpg 150w\" sizes=\"auto, (max-width: 640px) 100vw, 640px\" \/><\/figure><\/div>\n\n<div class=\"wp-block-media-text is-stacked-on-mobile\" style=\"grid-template-columns:26% auto\"><figure class=\"wp-block-media-text__media\"><img loading=\"lazy\" decoding=\"async\" width=\"574\" height=\"574\" src=\"https:\/\/plushtoyfactoryhere.com\/wp-content\/uploads\/2025\/08\/tumao2.jpg\" alt=\"\" class=\"wp-image-940 size-full\" srcset=\"https:\/\/plushtoyfactoryhere.com\/wp-content\/uploads\/2025\/08\/tumao2.jpg 574w, https:\/\/plushtoyfactoryhere.com\/wp-content\/uploads\/2025\/08\/tumao2-300x300.jpg 300w, https:\/\/plushtoyfactoryhere.com\/wp-content\/uploads\/2025\/08\/tumao2-150x150.jpg 150w\" sizes=\"auto, (max-width: 574px) 100vw, 574px\" \/><\/figure><div class=\"wp-block-media-text__content\">\n<p><\/p>\n\n\n\n<h2 class=\"wp-block-heading\"><strong>Piel sint\u00e9tica de conejo<\/strong><\/h2>\n\n\n\n<p>Esta hermosa imitaci\u00f3n de piel de conejo es la alternativa perfecta a los productos de origen animal. Se utiliza mejor en juguetes de felpa de alta calidad que necesitan tener una sensaci\u00f3n suave a la mano y dar a su producto el toque de tela de felpa de lujo. <\/p>\n<\/div><\/div>\n\n<div class=\"wp-block-media-text has-media-on-the-right is-stacked-on-mobile\" style=\"grid-template-columns:auto 26%\"><div class=\"wp-block-media-text__content\">\n<p><\/p>\n\n\n\n<h2 class=\"wp-block-heading\"><strong>Minky<\/strong><\/h2>\n\n\n\n<p>Uno de los materiales de felpa suave m\u00e1s solicitados, el \u00abminky\u00bb, es un tejido que da la sensaci\u00f3n de estar abrazado a una nube. Ideal para peluches. Est\u00e1 disponible en muchos colores y estampados y es uno de los peluches m\u00e1s populares entre los ni\u00f1os.  <\/p>\n<\/div><figure class=\"wp-block-media-text__media\"><img loading=\"lazy\" decoding=\"async\" width=\"750\" height=\"750\" src=\"https:\/\/plushtoyfactoryhere.com\/wp-content\/uploads\/2025\/08\/chaorou3.jpg\" alt=\"\" class=\"wp-image-941 size-full\" srcset=\"https:\/\/plushtoyfactoryhere.com\/wp-content\/uploads\/2025\/08\/chaorou3.jpg 750w, https:\/\/plushtoyfactoryhere.com\/wp-content\/uploads\/2025\/08\/chaorou3-300x300.jpg 300w, https:\/\/plushtoyfactoryhere.com\/wp-content\/uploads\/2025\/08\/chaorou3-150x150.jpg 150w\" sizes=\"auto, (max-width: 750px) 100vw, 750px\" \/><\/figure><\/div>\n\n<div class=\"wp-block-media-text is-stacked-on-mobile\" style=\"grid-template-columns:27% auto\"><figure class=\"wp-block-media-text__media\"><img loading=\"lazy\" decoding=\"async\" width=\"781\" height=\"781\" src=\"https:\/\/plushtoyfactoryhere.com\/wp-content\/uploads\/2025\/08\/tianerong4.jpg\" alt=\"\" class=\"wp-image-942 size-full\" srcset=\"https:\/\/plushtoyfactoryhere.com\/wp-content\/uploads\/2025\/08\/tianerong4.jpg 781w, https:\/\/plushtoyfactoryhere.com\/wp-content\/uploads\/2025\/08\/tianerong4-300x300.jpg 300w, https:\/\/plushtoyfactoryhere.com\/wp-content\/uploads\/2025\/08\/tianerong4-150x150.jpg 150w, https:\/\/plushtoyfactoryhere.com\/wp-content\/uploads\/2025\/08\/tianerong4-768x768.jpg 768w\" sizes=\"auto, (max-width: 781px) 100vw, 781px\" \/><\/figure><div class=\"wp-block-media-text__content\">\n<p><\/p>\n\n\n\n<h2 class=\"wp-block-heading\"><strong>Velboa y Velour<\/strong><\/h2>\n\n\n\n<p>Velboa es un tejido de felpa conocido por su calidad duradera. Se utiliza sobre todo para fabricar peluches. Adem\u00e1s, el terciopelo proporciona una textura suave y aterciopelada. Estos materiales tambi\u00e9n son duraderos y se sienten lujosos al tacto. Esto los hace perfectos para la fabricaci\u00f3n de peluches a medida.    <\/p>\n<\/div><\/div>\n\n<div class=\"wp-block-media-text has-media-on-the-right is-stacked-on-mobile\" style=\"grid-template-columns:auto 27%\"><div class=\"wp-block-media-text__content\">\n<p><\/p>\n\n\n\n<h2 class=\"wp-block-heading\"><strong>Tejidos ecol\u00f3gicos e hipoalerg\u00e9nicos<\/strong><\/h2>\n\n\n\n<p>Ofrecemos un tejido de felpa hipoalerg\u00e9nico especial para los clientes que buscan materiales seguros. Estos materiales ecol\u00f3gicos garantizan que sus juguetes no solo sean seguros, sino tambi\u00e9n suaves con la piel, cumpliendo las normas de ensayo de seguridad de los juguetes (Intertek y SGS). <\/p>\n<\/div><figure class=\"wp-block-media-text__media\"><img loading=\"lazy\" decoding=\"async\" width=\"750\" height=\"750\" src=\"https:\/\/plushtoyfactoryhere.com\/wp-content\/uploads\/2025\/08\/huanbao5.jpg\" alt=\"\" class=\"wp-image-943 size-full\" srcset=\"https:\/\/plushtoyfactoryhere.com\/wp-content\/uploads\/2025\/08\/huanbao5.jpg 750w, https:\/\/plushtoyfactoryhere.com\/wp-content\/uploads\/2025\/08\/huanbao5-300x300.jpg 300w, https:\/\/plushtoyfactoryhere.com\/wp-content\/uploads\/2025\/08\/huanbao5-150x150.jpg 150w\" sizes=\"auto, (max-width: 750px) 100vw, 750px\" \/><\/figure><\/div>\n\n<h2 class=\"wp-block-heading has-text-align-center\"><strong>Comprendemos la importancia de la selecci\u00f3n de tejidos<\/strong><\/h2>\n\n<p>El tipo de tejido adecuado realzar\u00e1 la suavidad, resistencia y aspecto de estos juguetes. Tanto si pide peluches personalizados al por mayor como si s\u00f3lo quiere comprobar una muestra de peluche personalizado, le garantizamos que todos los materiales utilizados en la personalizaci\u00f3n de peluches cumplen las normas de seguridad de los peluches y son materiales de peluche certificados. Esto es lo que nos hace especiales:  <\/p>\n\n<ul class=\"wp-block-list\">\n<li><strong>Si tiene opciones de color espec\u00edficas, ofrecemos colores personalizados para que podamos adaptarnos a su visi\u00f3n y hacer sus juguetes tal y como los imagin\u00f3.<\/strong><\/li>\n\n\n\n<li><strong>Damos prioridad a la seguridad y a las condiciones medioambientales. Por eso, toda nuestra producci\u00f3n de felpa personalizada est\u00e1 dise\u00f1ada para cumplir las normas de calidad mundiales. <\/strong><\/li>\n\n\n\n<li><strong>Tambi\u00e9n podemos ofrecerle muestrarios de tejidos para peluches, para que elija el tipo de material que mejor se adapte a sus necesidades.<\/strong><\/li>\n<\/ul>\n\n<h4 class=\"wp-block-heading has-text-align-center\"><strong><em>P\u00f3ngase en contacto con nosotros para informarse sobre nuestras lujosas selecciones de tejidos y comience hoy mismo a dise\u00f1ar su obra maestra de felpa personalizada.<\/em><\/strong><\/h4>\n\n<div class=\"wp-block-contact-form-7-contact-form-selector\">[contact-form-7 id=\u00bbe33270e\u00bb title=\u00bbFormulario de contacto 1&#8243;]<\/div>\n\n<p><\/p>\n","protected":false},"excerpt":{"rendered":"<p>Telas para juguetes de peluche: Elija el material adecuado para sus creaciones personalizadas Como fabricantes de peluches personalizados, ofrecemos una gran variedad de materiales que garantizan tanto la calidad como la seguridad. Aqu\u00ed tienes un desglose de los materiales de peluche m\u00e1s populares utilizados en la fabricaci\u00f3n de peluches personalizados: Polar Coral Es un tejido [&hellip;]<\/p>\n","protected":false},"author":1,"featured_media":0,"parent":0,"menu_order":0,"comment_status":"closed","ping_status":"closed","template":"","meta":{"footnotes":""},"class_list":["post-1599","page","type-page","status-publish","hentry"],"blocksy_meta":[],"yoast_head":"<!-- This site is optimized with the Yoast SEO plugin v27.4 - https:\/\/yoast.com\/product\/yoast-seo-wordpress\/ -->\n<title>Opciones comunes de tejido - Plush Toy Manufacturer|Customized plush toys<\/title>\n<meta name=\"robots\" content=\"index, follow, max-snippet:-1, max-image-preview:large, max-video-preview:-1\" \/>\n<link rel=\"canonical\" href=\"https:\/\/plushtoyfactoryhere.com\/es\/opciones-comunes-de-tejido\/\" \/>\n<meta property=\"og:locale\" content=\"es_ES\" \/>\n<meta property=\"og:type\" content=\"article\" \/>\n<meta property=\"og:title\" content=\"Opciones comunes de tejido - Plush Toy Manufacturer|Customized plush toys\" \/>\n<meta property=\"og:description\" content=\"Telas para juguetes de peluche: Elija el material adecuado para sus creaciones personalizadas Como fabricantes de peluches personalizados, ofrecemos una gran variedad de materiales que garantizan tanto la calidad como la seguridad. Aqu\u00ed tienes un desglose de los materiales de peluche m\u00e1s populares utilizados en la fabricaci\u00f3n de peluches personalizados: Polar Coral Es un tejido [&hellip;]\" \/>\n<meta property=\"og:url\" content=\"https:\/\/plushtoyfactoryhere.com\/es\/opciones-comunes-de-tejido\/\" \/>\n<meta property=\"og:site_name\" content=\"Plush Toy Manufacturer|Customized plush toys\" \/>\n<meta property=\"article:publisher\" content=\"https:\/\/www.facebook.com\/plushtoyfactoryhere\" \/>\n<meta property=\"article:modified_time\" content=\"2025-08-21T20:06:34+00:00\" \/>\n<meta property=\"og:image\" content=\"https:\/\/plushtoyfactoryhere.com\/wp-content\/uploads\/2025\/08\/shanhu1.jpg\" \/>\n\t<meta property=\"og:image:width\" content=\"640\" \/>\n\t<meta property=\"og:image:height\" content=\"640\" \/>\n\t<meta property=\"og:image:type\" content=\"image\/jpeg\" \/>\n<meta name=\"twitter:card\" content=\"summary_large_image\" \/>\n<meta name=\"twitter:label1\" content=\"Tiempo de lectura\" \/>\n\t<meta name=\"twitter:data1\" content=\"3 minutos\" \/>\n<script type=\"application\/ld+json\" class=\"yoast-schema-graph\">{\"@context\":\"https:\\\/\\\/schema.org\",\"@graph\":[{\"@type\":\"WebPage\",\"@id\":\"https:\\\/\\\/plushtoyfactoryhere.com\\\/es\\\/opciones-comunes-de-tejido\\\/\",\"url\":\"https:\\\/\\\/plushtoyfactoryhere.com\\\/es\\\/opciones-comunes-de-tejido\\\/\",\"name\":\"Opciones comunes de tejido - Plush Toy Manufacturer|Customized plush toys\",\"isPartOf\":{\"@id\":\"https:\\\/\\\/plushtoyfactoryhere.com\\\/es\\\/#website\"},\"primaryImageOfPage\":{\"@id\":\"https:\\\/\\\/plushtoyfactoryhere.com\\\/es\\\/opciones-comunes-de-tejido\\\/#primaryimage\"},\"image\":{\"@id\":\"https:\\\/\\\/plushtoyfactoryhere.com\\\/es\\\/opciones-comunes-de-tejido\\\/#primaryimage\"},\"thumbnailUrl\":\"https:\\\/\\\/plushtoyfactoryhere.com\\\/wp-content\\\/uploads\\\/2025\\\/08\\\/shanhu1.jpg\",\"datePublished\":\"2025-08-12T14:39:20+00:00\",\"dateModified\":\"2025-08-21T20:06:34+00:00\",\"breadcrumb\":{\"@id\":\"https:\\\/\\\/plushtoyfactoryhere.com\\\/es\\\/opciones-comunes-de-tejido\\\/#breadcrumb\"},\"inLanguage\":\"es\",\"potentialAction\":[{\"@type\":\"ReadAction\",\"target\":[\"https:\\\/\\\/plushtoyfactoryhere.com\\\/es\\\/opciones-comunes-de-tejido\\\/\"]}]},{\"@type\":\"ImageObject\",\"inLanguage\":\"es\",\"@id\":\"https:\\\/\\\/plushtoyfactoryhere.com\\\/es\\\/opciones-comunes-de-tejido\\\/#primaryimage\",\"url\":\"https:\\\/\\\/plushtoyfactoryhere.com\\\/wp-content\\\/uploads\\\/2025\\\/08\\\/shanhu1.jpg\",\"contentUrl\":\"https:\\\/\\\/plushtoyfactoryhere.com\\\/wp-content\\\/uploads\\\/2025\\\/08\\\/shanhu1.jpg\"},{\"@type\":\"BreadcrumbList\",\"@id\":\"https:\\\/\\\/plushtoyfactoryhere.com\\\/es\\\/opciones-comunes-de-tejido\\\/#breadcrumb\",\"itemListElement\":[{\"@type\":\"ListItem\",\"position\":1,\"name\":\"Home\",\"item\":\"https:\\\/\\\/plushtoyfactoryhere.com\\\/es\\\/\"},{\"@type\":\"ListItem\",\"position\":2,\"name\":\"Opciones comunes de tejido\"}]},{\"@type\":\"WebSite\",\"@id\":\"https:\\\/\\\/plushtoyfactoryhere.com\\\/es\\\/#website\",\"url\":\"https:\\\/\\\/plushtoyfactoryhere.com\\\/es\\\/\",\"name\":\"FlushtoyFactory\",\"description\":\"As one of the top custom stuffed manufacturers, we help you design not only a stuffed toy but a product that will capture your audience\u2019s attention and help your brand gain exposure. Our personalized stuffed animals &amp; plush toys stand out as long term and effective promotional items for businesses worldwide.\",\"publisher\":{\"@id\":\"https:\\\/\\\/plushtoyfactoryhere.com\\\/es\\\/#organization\"},\"potentialAction\":[{\"@type\":\"SearchAction\",\"target\":{\"@type\":\"EntryPoint\",\"urlTemplate\":\"https:\\\/\\\/plushtoyfactoryhere.com\\\/es\\\/?s={search_term_string}\"},\"query-input\":{\"@type\":\"PropertyValueSpecification\",\"valueRequired\":true,\"valueName\":\"search_term_string\"}}],\"inLanguage\":\"es\"},{\"@type\":\"Organization\",\"@id\":\"https:\\\/\\\/plushtoyfactoryhere.com\\\/es\\\/#organization\",\"name\":\"Beijing PuYue YiPin Trading Co., Ltd.\",\"alternateName\":\"PuYue YiPin\",\"url\":\"https:\\\/\\\/plushtoyfactoryhere.com\\\/es\\\/\",\"logo\":{\"@type\":\"ImageObject\",\"inLanguage\":\"es\",\"@id\":\"https:\\\/\\\/plushtoyfactoryhere.com\\\/es\\\/#\\\/schema\\\/logo\\\/image\\\/\",\"url\":\"https:\\\/\\\/plushtoyfactoryhere.com\\\/wp-content\\\/uploads\\\/2025\\\/08\\\/logo1.png\",\"contentUrl\":\"https:\\\/\\\/plushtoyfactoryhere.com\\\/wp-content\\\/uploads\\\/2025\\\/08\\\/logo1.png\",\"width\":200,\"height\":200,\"caption\":\"Beijing PuYue YiPin Trading Co., Ltd.\"},\"image\":{\"@id\":\"https:\\\/\\\/plushtoyfactoryhere.com\\\/es\\\/#\\\/schema\\\/logo\\\/image\\\/\"},\"sameAs\":[\"https:\\\/\\\/www.facebook.com\\\/plushtoyfactoryhere\",\"https:\\\/\\\/www.linkedin.com\\\/in\\\/plush-toys-and-leather-case-bag\\\/\"]}]}<\/script>\n<!-- \/ Yoast SEO plugin. -->","yoast_head_json":{"title":"Opciones comunes de tejido - Plush Toy Manufacturer|Customized plush toys","robots":{"index":"index","follow":"follow","max-snippet":"max-snippet:-1","max-image-preview":"max-image-preview:large","max-video-preview":"max-video-preview:-1"},"canonical":"https:\/\/plushtoyfactoryhere.com\/es\/opciones-comunes-de-tejido\/","og_locale":"es_ES","og_type":"article","og_title":"Opciones comunes de tejido - Plush Toy Manufacturer|Customized plush toys","og_description":"Telas para juguetes de peluche: Elija el material adecuado para sus creaciones personalizadas Como fabricantes de peluches personalizados, ofrecemos una gran variedad de materiales que garantizan tanto la calidad como la seguridad. Aqu\u00ed tienes un desglose de los materiales de peluche m\u00e1s populares utilizados en la fabricaci\u00f3n de peluches personalizados: Polar Coral Es un tejido [&hellip;]","og_url":"https:\/\/plushtoyfactoryhere.com\/es\/opciones-comunes-de-tejido\/","og_site_name":"Plush Toy Manufacturer|Customized plush toys","article_publisher":"https:\/\/www.facebook.com\/plushtoyfactoryhere","article_modified_time":"2025-08-21T20:06:34+00:00","og_image":[{"width":640,"height":640,"url":"https:\/\/plushtoyfactoryhere.com\/wp-content\/uploads\/2025\/08\/shanhu1.jpg","type":"image\/jpeg"}],"twitter_card":"summary_large_image","twitter_misc":{"Tiempo de lectura":"3 minutos"},"schema":{"@context":"https:\/\/schema.org","@graph":[{"@type":"WebPage","@id":"https:\/\/plushtoyfactoryhere.com\/es\/opciones-comunes-de-tejido\/","url":"https:\/\/plushtoyfactoryhere.com\/es\/opciones-comunes-de-tejido\/","name":"Opciones comunes de tejido - Plush Toy Manufacturer|Customized plush toys","isPartOf":{"@id":"https:\/\/plushtoyfactoryhere.com\/es\/#website"},"primaryImageOfPage":{"@id":"https:\/\/plushtoyfactoryhere.com\/es\/opciones-comunes-de-tejido\/#primaryimage"},"image":{"@id":"https:\/\/plushtoyfactoryhere.com\/es\/opciones-comunes-de-tejido\/#primaryimage"},"thumbnailUrl":"https:\/\/plushtoyfactoryhere.com\/wp-content\/uploads\/2025\/08\/shanhu1.jpg","datePublished":"2025-08-12T14:39:20+00:00","dateModified":"2025-08-21T20:06:34+00:00","breadcrumb":{"@id":"https:\/\/plushtoyfactoryhere.com\/es\/opciones-comunes-de-tejido\/#breadcrumb"},"inLanguage":"es","potentialAction":[{"@type":"ReadAction","target":["https:\/\/plushtoyfactoryhere.com\/es\/opciones-comunes-de-tejido\/"]}]},{"@type":"ImageObject","inLanguage":"es","@id":"https:\/\/plushtoyfactoryhere.com\/es\/opciones-comunes-de-tejido\/#primaryimage","url":"https:\/\/plushtoyfactoryhere.com\/wp-content\/uploads\/2025\/08\/shanhu1.jpg","contentUrl":"https:\/\/plushtoyfactoryhere.com\/wp-content\/uploads\/2025\/08\/shanhu1.jpg"},{"@type":"BreadcrumbList","@id":"https:\/\/plushtoyfactoryhere.com\/es\/opciones-comunes-de-tejido\/#breadcrumb","itemListElement":[{"@type":"ListItem","position":1,"name":"Home","item":"https:\/\/plushtoyfactoryhere.com\/es\/"},{"@type":"ListItem","position":2,"name":"Opciones comunes de tejido"}]},{"@type":"WebSite","@id":"https:\/\/plushtoyfactoryhere.com\/es\/#website","url":"https:\/\/plushtoyfactoryhere.com\/es\/","name":"FlushtoyFactory","description":"As one of the top custom stuffed manufacturers, we help you design not only a stuffed toy but a product that will capture your audience\u2019s attention and help your brand gain exposure. Our personalized stuffed animals &amp; plush toys stand out as long term and effective promotional items for businesses worldwide.","publisher":{"@id":"https:\/\/plushtoyfactoryhere.com\/es\/#organization"},"potentialAction":[{"@type":"SearchAction","target":{"@type":"EntryPoint","urlTemplate":"https:\/\/plushtoyfactoryhere.com\/es\/?s={search_term_string}"},"query-input":{"@type":"PropertyValueSpecification","valueRequired":true,"valueName":"search_term_string"}}],"inLanguage":"es"},{"@type":"Organization","@id":"https:\/\/plushtoyfactoryhere.com\/es\/#organization","name":"Beijing PuYue YiPin Trading Co., Ltd.","alternateName":"PuYue YiPin","url":"https:\/\/plushtoyfactoryhere.com\/es\/","logo":{"@type":"ImageObject","inLanguage":"es","@id":"https:\/\/plushtoyfactoryhere.com\/es\/#\/schema\/logo\/image\/","url":"https:\/\/plushtoyfactoryhere.com\/wp-content\/uploads\/2025\/08\/logo1.png","contentUrl":"https:\/\/plushtoyfactoryhere.com\/wp-content\/uploads\/2025\/08\/logo1.png","width":200,"height":200,"caption":"Beijing PuYue YiPin Trading Co., Ltd."},"image":{"@id":"https:\/\/plushtoyfactoryhere.com\/es\/#\/schema\/logo\/image\/"},"sameAs":["https:\/\/www.facebook.com\/plushtoyfactoryhere","https:\/\/www.linkedin.com\/in\/plush-toys-and-leather-case-bag\/"]}]}},"_links":{"self":[{"href":"https:\/\/plushtoyfactoryhere.com\/es\/wp-json\/wp\/v2\/pages\/1599","targetHints":{"allow":["GET"]}}],"collection":[{"href":"https:\/\/plushtoyfactoryhere.com\/es\/wp-json\/wp\/v2\/pages"}],"about":[{"href":"https:\/\/plushtoyfactoryhere.com\/es\/wp-json\/wp\/v2\/types\/page"}],"author":[{"embeddable":true,"href":"https:\/\/plushtoyfactoryhere.com\/es\/wp-json\/wp\/v2\/users\/1"}],"replies":[{"embeddable":true,"href":"https:\/\/plushtoyfactoryhere.com\/es\/wp-json\/wp\/v2\/comments?post=1599"}],"version-history":[{"count":1,"href":"https:\/\/plushtoyfactoryhere.com\/es\/wp-json\/wp\/v2\/pages\/1599\/revisions"}],"predecessor-version":[{"id":1601,"href":"https:\/\/plushtoyfactoryhere.com\/es\/wp-json\/wp\/v2\/pages\/1599\/revisions\/1601"}],"wp:attachment":[{"href":"https:\/\/plushtoyfactoryhere.com\/es\/wp-json\/wp\/v2\/media?parent=1599"}],"curies":[{"name":"wp","href":"https:\/\/api.w.org\/{rel}","templated":true}]}}